{"id":7859,"date":"2024-07-04T14:24:58","date_gmt":"2024-07-04T06:24:58","guid":{"rendered":"https:\/\/pecpets.com\/?post_type=product&#038;p=7859"},"modified":"2024-10-30T09:02:39","modified_gmt":"2024-10-30T01:02:39","slug":"airline-approved-travel-pet-carrier","status":"publish","type":"product","link":"https:\/\/pecpets.com\/de\/product\/airline-approved-travel-pet-carrier\/","title":{"rendered":"Von der Fluggesellschaft genehmigter Haustiertransporter f\u00fcr die Reise"},"content":{"rendered":"<h2 title=\"Faltbare Hundetasche Atmungsaktives Mesh Haustier Umh\u00e4ngetasche f\u00fcr kleine Haustier Hund Katzen\" data-immersive-translate-walked=\"1c928421-2e42-4cd3-8754-5404553c0af5\" data-immersive-translate-paragraph=\"1\" data-spm-anchor-id=\"a2700.details.0.i35.4f6757d4w4zNZA\">Luxus High-Quality Airline genehmigt Travel Pet Carrier - Gro\u00dfhandel von Fabrik<\/h2>\n<p>Erleben Sie den Gipfel der Bequemlichkeit und des Luxus mit unserem hochwertigen, von der Fluggesellschaft zugelassenen Reisetieranh\u00e4nger. Perfekt f\u00fcr Flugreisen und Stadtspazierg\u00e4nge konzipiert, kombiniert dieser Tiertransporter Funktionalit\u00e4t und Eleganz. Erh\u00e4ltlich f\u00fcr den Gro\u00dfhandel direkt von unserer Fabrik, bietet es un\u00fcbertroffene Qualit\u00e4t und wettbewerbsf\u00e4hige Preise.<\/p>\n<table style=\"border-collapse: collapse; background-color: #ffffff; width: 329px; height: 273px;\" border=\"1\">\n<tbody>\n<tr>\n<td style=\"font-family: Verdana, Arial, Helvetica, sans-serif; font-size: 12px; color: #000000; margin: 8px; width: 187px; text-align: center;\"><span style=\"line-height: 21px; font-size: 14px;\">Produkte Name<\/span><\/td>\n<td style=\"font-family: Verdana, Arial, Helvetica, sans-serif; font-size: 12px; color: #000000; margin: 8px; width: 526px; text-align: center;\"><span style=\"font-size: 14px;\">Haustiertransporter<\/span><\/td>\n<\/tr>\n<tr>\n<td style=\"font-family: Verdana, Arial, Helvetica, sans-serif; font-size: 12px; color: #000000; margin: 8px; width: 187px; text-align: center;\"><span style=\"line-height: 21px; font-size: 14px;\">Artikel Nr.<\/span><\/td>\n<td style=\"font-family: Verdana, Arial, Helvetica, sans-serif; font-size: 12px; color: #000000; margin: 8px; width: 526px; text-align: center;\"><span style=\"line-height: 21px; font-size: 14px;\">P-C2037<\/span><\/td>\n<\/tr>\n<tr>\n<td style=\"font-family: Verdana, Arial, Helvetica, sans-serif; font-size: 12px; color: #000000; margin: 8px; width: 187px; text-align: center;\"><span style=\"line-height: 21px; color: #333333; font-family: Arial, Helvetica; font-size: 14px; font-style: normal; font-weight: 400; background-color: #ffffff; float: none; display: inline !important;\">Material<\/span><\/td>\n<td style=\"font-family: Verdana, Arial, Helvetica, sans-serif; font-size: 12px; color: #000000; margin: 8px; width: 526px; text-align: center;\"><span style=\"color: #333333; font-family: Helvetica,Tahoma,Arial; font-size: 12px; font-style: normal; font-weight: 400; background-color: #fcfcfc; display: inline !important; float: none;\">Oxford-Gewebe<\/span><\/td>\n<\/tr>\n<tr>\n<td style=\"font-family: Verdana, Arial, Helvetica, sans-serif; font-size: 12px; color: #000000; margin: 8px; width: 187px; text-align: center;\"><span style=\"line-height: 21px; font-size: 14px;\">\u00a0Gr\u00f6\u00dfe<\/span><\/td>\n<td style=\"margin: 8px; width: 526px; text-align: center;\"><span style=\"color: #222222; font-family: Helvetica, Tahoma, Arial;\"><span style=\"font-size: 14px;\">Ma\u00dfgeschneiderte Gr\u00f6\u00dfe<\/span><\/span><\/td>\n<\/tr>\n<tr>\n<td style=\"font-family: Verdana, Arial, Helvetica, sans-serif; font-size: 12px; color: #000000; margin: 8px; width: 187px; text-align: center;\"><span style=\"line-height: 21px; font-size: 14px;\">\u00a0Farbe<\/span><\/td>\n<td style=\"font-family: Verdana, Arial, Helvetica, sans-serif; font-size: 12px; color: #000000; margin: 8px; width: 526px; text-align: center;\"><span style=\"font-size: 14px;\">Kundenspezifische Farbe<\/span><\/td>\n<\/tr>\n<tr>\n<td style=\"font-family: Verdana, Arial, Helvetica, sans-serif; font-size: 12px; color: #000000; margin: 8px; width: 187px; text-align: center;\"><span style=\"line-height: 21px; font-size: 14px;\">\u00a0<span style=\"line-height: 21px; color: #333333; font-family: Arial, Helvetica; font-size: 14px; font-style: normal; font-weight: 400; background-color: #ffffff; float: none; display: inline !important;\">Tierart<\/span><\/span><\/td>\n<td style=\"font-family: Verdana, Arial, Helvetica, sans-serif; font-size: 12px; color: #000000; margin: 8px; width: 526px; text-align: center;\"><span style=\"line-height: 21px; font-size: 14px;\">\u00a0Alle Hund<\/span><\/td>\n<\/tr>\n<tr>\n<td style=\"font-family: Verdana, Arial, Helvetica, sans-serif; font-size: 12px; color: #000000; margin: 8px; width: 187px; text-align: center;\"><span style=\"line-height: 21px; font-size: 14px;\">\u00a0<span style=\"line-height: 21px; color: #333333; font-family: Arial, Helvetica; font-size: 14px; font-style: normal; font-weight: 400; background-color: #ffffff; float: none; display: inline !important;\">Lieferfrist<\/span><\/span><\/td>\n<td style=\"font-family: Verdana, Arial, Helvetica, sans-serif; font-size: 12px; color: #000000; margin: 8px; width: 526px; text-align: center;\"><span style=\"line-height: 21px; font-size: 14px;\"><span style=\"line-height: 21px; color: #000000; font-family: Verdana, Arial, Helvetica, sans-serif; font-size: 14px; font-style: normal; font-weight: 400; background-color: #ffffff; float: none; display: inline !important;\">1-5 Tage f\u00fcr kleine Mengen auf dem Luftweg und 30-35 Tage f\u00fcr gro\u00dfe Mengen auf dem Seeweg<\/span>\u00a0<\/span><\/td>\n<\/tr>\n<tr>\n<td style=\"font-family: Verdana, Arial, Helvetica, sans-serif; font-size: 12px; color: #000000; margin: 8px; width: 187px; text-align: center;\"><span style=\"line-height: 21px; font-size: 14px;\">\u00a0<span style=\"line-height: 21px; color: #333333; font-family: Arial, Helvetica; font-size: 14px; font-style: normal; font-weight: 400; background-color: #ffffff; float: none; display: inline !important;\">Hafen der Verschiffung<\/span><\/span><\/td>\n<td style=\"font-family: Verdana, Arial, Helvetica, sans-serif; font-size: 12px; color: #000000; margin: 8px; width: 526px; text-align: center;\"><span style=\"line-height: 21px; font-size: 14px;\">Xiamen\u00a0<\/span><\/td>\n<\/tr>\n<tr>\n<td style=\"font-family: Verdana, Arial, Helvetica, sans-serif; font-size: 12px; color: #000000; margin: 8px; width: 187px; text-align: center;\"><span style=\"line-height: 21px; font-size: 14px;\">\u00a0<span style=\"line-height: 21px; color: #333333; font-family: Arial, Helvetica; font-size: 14px; font-style: normal; font-weight: 400; background-color: #ffffff; float: none; display: inline !important;\">OEM\/ODM<\/span><\/span><\/td>\n<td style=\"font-family: Verdana, Arial, Helvetica, sans-serif; font-size: 12px; color: #000000; margin: 8px; width: 526px; text-align: center;\"><span style=\"line-height: 21px; font-size: 14px;\">\u00a0<span style=\"line-height: 21px; color: #333333; font-family: Arial, Helvetica; font-size: 14px; font-style: normal; font-weight: 400; background-color: #ffffff; float: none; display: inline !important;\">Verf\u00fcgbar<\/span><\/span><\/td>\n<\/tr>\n<tr>\n<td style=\"font-family: Verdana, Arial, Helvetica, sans-serif; font-size: 12px; color: #000000; margin: 8px; width: 187px; text-align: center;\"><span style=\"line-height: 21px; font-size: 14px;\">\u00a0<span style=\"line-height: 21px; color: #333333; font-family: Arial, Helvetica; font-size: 14px; font-style: normal; font-weight: 400; background-color: #ffffff; float: none; display: inline !important;\">Paket<\/span><\/span><\/td>\n<td style=\"font-family: Verdana, Arial, Helvetica, sans-serif; font-size: 12px; color: #000000; margin: 8px; width: 526px; text-align: center;\"><span style=\"line-height: 21px; font-size: 14px;\"><span style=\"line-height: 21px; color: #333333; font-family: Arial, Helvetica; font-size: 14px; font-style: normal; font-weight: 400; background-color: #ffffff; float: none; display: inline !important;\">Jedes St\u00fcck verpackt in einem PPB und dann in einem Karton oder nach Bedarf<\/span><\/span><\/td>\n<\/tr>\n<\/tbody>\n<\/table>\n<h4>Wesentliche Merkmale:<\/h4>\n<ul>\n<li><strong>Airline-gepr\u00fcftes Design<\/strong>: Entspricht den Vorschriften der Fluggesellschaften und gew\u00e4hrleistet eine problemlose Reise mit Ihrem Haustier.<\/li>\n<li><strong>Hochwertige Konstruktion<\/strong>: Hergestellt aus hochwertigen, langlebigen Materialien f\u00fcr lang anhaltenden Gebrauch und Komfort.<\/li>\n<li><strong>Luxus und Stil<\/strong>: Elegantes Design, das dem anspruchsvollen Geschmack moderner Haustierbesitzer gerecht wird.<\/li>\n<li><strong>Atmungsaktiv und komfortabel<\/strong>: Atmungsaktive Mesh-Eins\u00e4tze und eine gepolsterte Innenseite sorgen f\u00fcr den Komfort Ihres Haustiers.<\/li>\n<li><strong>Bequem und praktisch<\/strong>: Mit mehreren Aufbewahrungstaschen und verstellbaren Riemen f\u00fcr einfaches Tragen und Organisieren.<\/li>\n<li><strong>Verf\u00fcgbarkeit im Gro\u00dfhandel<\/strong>: Werksdirektpreise f\u00fcr Gro\u00dfauftr\u00e4ge, die hohe Qualit\u00e4tsstandards zu wettbewerbsf\u00e4higen Preisen gew\u00e4hrleisten.<\/li>\n<\/ul>\n<h3>Ideal f\u00fcr:<\/h3>\n<ul>\n<li>Haustierbesitzer, die einen zuverl\u00e4ssigen und eleganten Tiertransporter f\u00fcr Flugreisen und Stadtspazierg\u00e4nge suchen.<\/li>\n<li>Einzel- und Gro\u00dfh\u00e4ndler, die hochwertige, luxuri\u00f6se Heimtiertransporter zu Direktpreisen suchen.<\/li>\n<li>Unternehmen, die ihren Kunden hochwertiges Reisezubeh\u00f6r f\u00fcr Haustiere anbieten wollen.<\/li>\n<\/ul>\n<p>Sorgen Sie f\u00fcr eine bequeme und stilvolle Reise f\u00fcr Ihr Haustier mit unseren hochwertigen Airline Approved Travel <span style=\"color: #ff0000;\"><a style=\"color: #ff0000;\" href=\"https:\/\/pecpets.com\/de\/produktkategorie\/pet-bed\/\" target=\"_blank\" rel=\"noopener\">Haustiertransporter<\/a><\/span>. Wenden Sie sich noch heute an uns, wenn Sie Fragen zum Gro\u00dfhandel und zu Direktpreisen haben.<\/p>","protected":false},"excerpt":{"rendered":"<h2><strong><b>Gro\u00dfhandel Airline genehmigt Travel Pet Carrier<\/b><\/strong><\/h2>\n<p>Entdecken Sie den von der Fluggesellschaft zugelassenen Haustiertransporter f\u00fcr unterwegs.<\/p>\n<p>Mit unseren hochwertigen Designs bleiben Ihre Haustiere stilvoll.<\/p>","protected":false},"featured_media":7863,"template":"","meta":{"_seopress_robots_primary_cat":"none","_seopress_titles_title":"Pet Carrier: Airline Approved Travel Pet Carrier","_seopress_titles_desc":"Explore Airline Approved Travel Pet Carrier. Our travel dog carriers are waterproof, available for wholesale directly from the factory.","_seopress_robots_index":"","_uag_custom_page_level_css":""},"product_brand":[],"product_cat":[15,368],"product_tag":[],"class_list":{"0":"post-7859","1":"product","2":"type-product","3":"status-publish","4":"has-post-thumbnail","6":"product_cat-pet-carrier","7":"product_cat-travel-dog-carriers","9":"first","10":"instock","11":"shipping-taxable","12":"product-type-simple"},"uagb_featured_image_src":{"full":["https:\/\/pecpets.com\/wp-content\/uploads\/2024\/07\/\u8be6\u60c5-06-3.jpg",800,800,false],"thumbnail":["https:\/\/pecpets.com\/wp-content\/uploads\/2024\/07\/\u8be6\u60c5-06-3-150x150.jpg",150,150,true],"medium":["https:\/\/pecpets.com\/wp-content\/uploads\/2024\/07\/\u8be6\u60c5-06-3-300x300.jpg",300,300,true],"medium_large":["https:\/\/pecpets.com\/wp-content\/uploads\/2024\/07\/\u8be6\u60c5-06-3-768x768.jpg",768,768,true],"large":["https:\/\/pecpets.com\/wp-content\/uploads\/2024\/07\/\u8be6\u60c5-06-3.jpg",800,800,false],"1536x1536":["https:\/\/pecpets.com\/wp-content\/uploads\/2024\/07\/\u8be6\u60c5-06-3.jpg",800,800,false],"2048x2048":["https:\/\/pecpets.com\/wp-content\/uploads\/2024\/07\/\u8be6\u60c5-06-3.jpg",800,800,false],"trp-custom-language-flag":["https:\/\/pecpets.com\/wp-content\/uploads\/2024\/07\/\u8be6\u60c5-06-3.jpg",12,12,false],"woocommerce_thumbnail":["https:\/\/pecpets.com\/wp-content\/uploads\/2024\/07\/\u8be6\u60c5-06-3-300x300.jpg",300,300,true],"woocommerce_single":["https:\/\/pecpets.com\/wp-content\/uploads\/2024\/07\/\u8be6\u60c5-06-3-600x600.jpg",600,600,true],"woocommerce_gallery_thumbnail":["https:\/\/pecpets.com\/wp-content\/uploads\/2024\/07\/\u8be6\u60c5-06-3-100x100.jpg",100,100,true]},"uagb_author_info":{"display_name":"Lawrence\u00a0\u52b3\u4f26\u65af","author_link":"https:\/\/pecpets.com\/de\/author\/"},"uagb_comment_info":0,"uagb_excerpt":"Wholesale Airline Approved Travel Pet Carrier Discover Airline Approved Travel Pet Carrier. Keep your pets stylish with our high-quality designs.","_links":{"self":[{"href":"https:\/\/pecpets.com\/de\/wp-json\/wp\/v2\/product\/7859","targetHints":{"allow":["GET"]}}],"collection":[{"href":"https:\/\/pecpets.com\/de\/wp-json\/wp\/v2\/product"}],"about":[{"href":"https:\/\/pecpets.com\/de\/wp-json\/wp\/v2\/types\/product"}],"wp:featuredmedia":[{"embeddable":true,"href":"https:\/\/pecpets.com\/de\/wp-json\/wp\/v2\/media\/7863"}],"wp:attachment":[{"href":"https:\/\/pecpets.com\/de\/wp-json\/wp\/v2\/media?parent=7859"}],"wp:term":[{"taxonomy":"product_brand","embeddable":true,"href":"https:\/\/pecpets.com\/de\/wp-json\/wp\/v2\/product_brand?post=7859"},{"taxonomy":"product_cat","embeddable":true,"href":"https:\/\/pecpets.com\/de\/wp-json\/wp\/v2\/product_cat?post=7859"},{"taxonomy":"product_tag","embeddable":true,"href":"https:\/\/pecpets.com\/de\/wp-json\/wp\/v2\/product_tag?post=7859"}],"curies":[{"name":"wp","href":"https:\/\/api.w.org\/{rel}","templated":true}]}}