{"id":8461,"date":"2024-07-11T14:09:24","date_gmt":"2024-07-11T06:09:24","guid":{"rendered":"https:\/\/pecpets.com\/?post_type=product&#038;p=8461"},"modified":"2025-08-20T17:21:21","modified_gmt":"2025-08-20T09:21:21","slug":"blank-large-clothes-for-dogs","status":"publish","type":"product","link":"https:\/\/pecpets.com\/de\/product\/blank-large-clothes-for-dogs\/","title":{"rendered":"Blank Gro\u00dfe Kleidung f\u00fcr Hunde"},"content":{"rendered":"<h2 data-immersive-translate-walked=\"f36f68ab-127d-4e10-955b-f6ada5d45339\">Blank Large Clothes For Dogs | High-Quality Pet Apparel and Dog Clothes Wholesale from Factory<\/h2>\n<h3>Beschreibung:<\/h3>\n<p>Wir stellen unsere Blank Large Kleidung f\u00fcr Hunde vor, die ideale Bekleidung f\u00fcr Haustiere, die auf Komfort und Vielseitigkeit ausgelegt ist.<\/p>\n<p>Diese Hundekleidung, die sich perfekt f\u00fcr die individuelle Gestaltung oder f\u00fcr den Alltag eignet, wird aus hochwertigen Materialien hergestellt, um Haltbarkeit und Komfort zu gew\u00e4hrleisten. Erh\u00e4ltlich f\u00fcr den Gro\u00dfhandel direkt von unserer Fabrik, bieten sie \u00fcberlegene Qualit\u00e4t und wettbewerbsf\u00e4hige Preise.<\/p>\n<table style=\"height: 269px;\" width=\"287\">\n<tbody>\n<tr>\n<td width=\"137\"><span style=\"color: #333333;\">Produktname<\/span><\/td>\n<td width=\"151\"><span style=\"color: #333333;\">Haustier-Kleidung<\/span><\/td>\n<\/tr>\n<tr>\n<td><span style=\"color: #333333;\">Artikel Nr.<\/span><\/td>\n<td><span style=\"color: #333333;\">P-C2203<\/span><\/td>\n<\/tr>\n<tr>\n<td><span style=\"color: #333333;\">Material<\/span><\/td>\n<td>Baumwolle, Polyester, Vlies<\/td>\n<\/tr>\n<tr>\n<td><span style=\"color: #333333;\">\u00a0Gr\u00f6\u00dfe und Farbe<\/span><\/td>\n<td><span style=\"color: #333333;\">Kundenspezifisch<\/span><\/td>\n<\/tr>\n<tr>\n<td><span style=\"color: #333333;\">\u00a0Lieferfrist<\/span><\/td>\n<td><span style=\"color: #333333;\">1 - 5 Tage f\u00fcr kleine Mengen auf dem Luftweg und 30 - 35 Tage f\u00fcr gro\u00dfe Mengen auf dem Seeweg<\/span><\/td>\n<\/tr>\n<\/tbody>\n<\/table>\n<h4>Wesentliche Merkmale:<\/h4>\n<ul>\n<li><strong>Hochwertiger Stoff<\/strong>: Hergestellt aus weichen, strapazierf\u00e4higen Materialien, die f\u00fcr Komfort und lang anhaltenden Tragekomfort sorgen.<\/li>\n<li><strong>Perfekt f\u00fcr Anpassungen<\/strong>: Blanko-Design, ideal f\u00fcr die Personalisierung, f\u00fcr Logos, Designs oder Branding.<\/li>\n<li><strong>Bequeme Passform<\/strong>: Entworfen, um gro\u00dfen Hunden bequem zu passen, mit einfach zu tragenden Eigenschaften.<\/li>\n<li><strong>Vielseitiger Einsatz<\/strong>: Geeignet f\u00fcr den Alltag, besondere Anl\u00e4sse oder Werbeveranstaltungen.<\/li>\n<li><strong>Leicht zu reinigen<\/strong>: Maschinenwaschbar und pflegeleicht, bequem f\u00fcr Haustierbesitzer.<\/li>\n<li><strong>Stilvoll und praktisch<\/strong>: Kombiniert Funktionalit\u00e4t mit einem schlanken, leeren Design.<\/li>\n<li><strong>Verf\u00fcgbarkeit im Gro\u00dfhandel<\/strong>: Direkt aus der Fabrik, mit gleichbleibender Qualit\u00e4t und kosteng\u00fcnstigen Preisen f\u00fcr Gro\u00dfbestellungen.<\/li>\n<\/ul>\n<h3>Ideal f\u00fcr:<\/h3>\n<ul>\n<li>Tierhalter suchen nach hochwertiger, unbedruckter Kleidung f\u00fcr ihre gro\u00dfen Hunde.<\/li>\n<li>Einzel- und Gro\u00dfh\u00e4ndler, die hochwertige Hundebekleidung zu Direktpreisen suchen.<\/li>\n<li>Unternehmen, die individuell gestaltbare Heimtierbekleidung f\u00fcr Marken- oder Werbezwecke anbieten wollen.<\/li>\n<\/ul>\n<p>R\u00fcsten Sie Ihre Haustierbekleidungskollektion mit unserer vielseitigen Blank Large Clothes for Dogs aus.<\/p>\n<p>Kontaktieren Sie uns noch heute f\u00fcr <span style=\"color: #ff0000;\"><a style=\"color: #ff0000;\" href=\"https:\/\/pecpets.com\/de\/produktkategorie\/pet-clothing\/\" target=\"_blank\" rel=\"noopener\">Gro\u00dfhandelsanfragen<\/a><\/span> und Fabrikdirektpreise.<\/p>","protected":false},"excerpt":{"rendered":"<h2><strong><b>Gro\u00dfhandel Blank gro\u00dfe Kleidung f\u00fcr Hunde<\/b><\/strong><\/h2>\n<p>Entdecken Sie Blank Large Clothes for Dogs.<\/p>\n<p>Mit unseren hochwertigen Designs bleiben Ihre Haustiere stilvoll.<\/p>\n<h3><\/h3>","protected":false},"featured_media":8467,"template":"","meta":{"_seopress_robots_primary_cat":"none","_seopress_titles_title":"Pet Clothes: Blank Large Clothes For Dogs - Manufacturers","_seopress_titles_desc":"Explore our Blank Large Clothes For Dogs, including pet halloween Costumes. Shop wholesale pet clothes from the factory for unbeatable prices and quality","_seopress_robots_index":"","_seopress_analysis_target_kw":"Pet Transformer Cos Costumes,Blank Large Clothes For Dogs","_uag_custom_page_level_css":""},"product_brand":[],"product_cat":[364,23,389],"product_tag":[],"class_list":{"0":"post-8461","1":"product","2":"type-product","3":"status-publish","4":"has-post-thumbnail","6":"product_cat-basic-dog-clothing","7":"product_cat-pet-clothing","8":"product_cat-pet-hoodies","10":"first","11":"instock","12":"shipping-taxable","13":"product-type-simple"},"uagb_featured_image_src":{"full":["https:\/\/pecpets.com\/wp-content\/uploads\/2024\/07\/Blank-Large-Clothes-For-Dogs6.jpeg",1000,1000,false],"thumbnail":["https:\/\/pecpets.com\/wp-content\/uploads\/2024\/07\/Blank-Large-Clothes-For-Dogs6-150x150.jpeg",150,150,true],"medium":["https:\/\/pecpets.com\/wp-content\/uploads\/2024\/07\/Blank-Large-Clothes-For-Dogs6-300x300.jpeg",300,300,true],"medium_large":["https:\/\/pecpets.com\/wp-content\/uploads\/2024\/07\/Blank-Large-Clothes-For-Dogs6-768x768.jpeg",768,768,true],"large":["https:\/\/pecpets.com\/wp-content\/uploads\/2024\/07\/Blank-Large-Clothes-For-Dogs6.jpeg",800,800,false],"1536x1536":["https:\/\/pecpets.com\/wp-content\/uploads\/2024\/07\/Blank-Large-Clothes-For-Dogs6.jpeg",1000,1000,false],"2048x2048":["https:\/\/pecpets.com\/wp-content\/uploads\/2024\/07\/Blank-Large-Clothes-For-Dogs6.jpeg",1000,1000,false],"trp-custom-language-flag":["https:\/\/pecpets.com\/wp-content\/uploads\/2024\/07\/Blank-Large-Clothes-For-Dogs6-12x12.jpeg",12,12,true],"woocommerce_thumbnail":["https:\/\/pecpets.com\/wp-content\/uploads\/2024\/07\/Blank-Large-Clothes-For-Dogs6-300x300.jpeg",300,300,true],"woocommerce_single":["https:\/\/pecpets.com\/wp-content\/uploads\/2024\/07\/Blank-Large-Clothes-For-Dogs6-600x600.jpeg",600,600,true],"woocommerce_gallery_thumbnail":["https:\/\/pecpets.com\/wp-content\/uploads\/2024\/07\/Blank-Large-Clothes-For-Dogs6-100x100.jpeg",100,100,true]},"uagb_author_info":{"display_name":"Lawrence\u00a0\u52b3\u4f26\u65af","author_link":"https:\/\/pecpets.com\/de\/author\/"},"uagb_comment_info":0,"uagb_excerpt":"Wholesale Blank Large Clothes For Dogs Discover Blank Large Clothes For Dogs. Keep your pets stylish with our high-quality designs.","_links":{"self":[{"href":"https:\/\/pecpets.com\/de\/wp-json\/wp\/v2\/product\/8461","targetHints":{"allow":["GET"]}}],"collection":[{"href":"https:\/\/pecpets.com\/de\/wp-json\/wp\/v2\/product"}],"about":[{"href":"https:\/\/pecpets.com\/de\/wp-json\/wp\/v2\/types\/product"}],"wp:featuredmedia":[{"embeddable":true,"href":"https:\/\/pecpets.com\/de\/wp-json\/wp\/v2\/media\/8467"}],"wp:attachment":[{"href":"https:\/\/pecpets.com\/de\/wp-json\/wp\/v2\/media?parent=8461"}],"wp:term":[{"taxonomy":"product_brand","embeddable":true,"href":"https:\/\/pecpets.com\/de\/wp-json\/wp\/v2\/product_brand?post=8461"},{"taxonomy":"product_cat","embeddable":true,"href":"https:\/\/pecpets.com\/de\/wp-json\/wp\/v2\/product_cat?post=8461"},{"taxonomy":"product_tag","embeddable":true,"href":"https:\/\/pecpets.com\/de\/wp-json\/wp\/v2\/product_tag?post=8461"}],"curies":[{"name":"wp","href":"https:\/\/api.w.org\/{rel}","templated":true}]}}