{"id":8515,"date":"2024-07-11T17:00:45","date_gmt":"2024-07-11T09:00:45","guid":{"rendered":"https:\/\/pecpets.com\/?post_type=product&#038;p=8515"},"modified":"2024-10-29T09:40:36","modified_gmt":"2024-10-29T01:40:36","slug":"plush-cat-coat-fleece-hoodies","status":"publish","type":"product","link":"https:\/\/pecpets.com\/de\/product\/plush-cat-coat-fleece-hoodies\/","title":{"rendered":"Pl\u00fcsch-Katzenmantel Fleece-Hoodies"},"content":{"rendered":"<h2 data-immersive-translate-walked=\"f36f68ab-127d-4e10-955b-f6ada5d45339\">Pl\u00fcsch-Katzenmantel Fleece-Kapuzenpullover - Hochwertige Haustier-Bekleidung und Hundekleidung Gro\u00dfhandel von Fabrik<\/h2>\n<h3>Beschreibung:<\/h3>\n<p>Wir stellen unsere Pl\u00fcsch-Katzenmantel-Fleece-Kapuzenpullover vor, das Nonplusultra an hochwertiger Haustierbekleidung, die Ihre Katzenfreunde warm und stilvoll h\u00e4lt. Diese Kapuzenpullover bieten Komfort, W\u00e4rme und einen Hauch von Luxus und sind die perfekte Erg\u00e4nzung f\u00fcr jede Haustiergarderobe. Sie sind f\u00fcr den Gro\u00dfhandel direkt von unserer Fabrik erh\u00e4ltlich und garantieren au\u00dfergew\u00f6hnliche Qualit\u00e4t und wettbewerbsf\u00e4hige Preise, ideal f\u00fcr Unternehmen, die ihr Produktangebot erweitern m\u00f6chten.<\/p>\n<table style=\"border-collapse: collapse; background-color: #ffffff; width: 332px; height: 258px;\" border=\"1\">\n<tbody>\n<tr>\n<td style=\"font-family: Verdana, Arial, Helvetica, sans-serif; font-size: 12px; color: #000000; margin: 8px; width: 187px; text-align: center;\"><span style=\"line-height: 21px; font-size: 14px;\">Produkte Name<\/span><\/td>\n<td style=\"font-family: Verdana, Arial, Helvetica, sans-serif; font-size: 12px; color: #000000; margin: 8px; width: 526px; text-align: center;\"><span style=\"font-size: 14px;\">Haustier-Kust\u00fcme<\/span><\/td>\n<\/tr>\n<tr>\n<td style=\"font-family: Verdana, Arial, Helvetica, sans-serif; font-size: 12px; color: #000000; margin: 8px; width: 187px; text-align: center;\"><span style=\"line-height: 21px; font-size: 14px;\">Artikel Nr.<\/span><\/td>\n<td style=\"font-family: Verdana, Arial, Helvetica, sans-serif; font-size: 12px; color: #000000; margin: 8px; width: 526px; text-align: center;\"><span style=\"line-height: 21px; font-size: 14px;\">P-C2001<\/span><\/td>\n<\/tr>\n<tr>\n<td style=\"font-family: Verdana, Arial, Helvetica, sans-serif; font-size: 12px; color: #000000; margin: 8px; width: 187px; text-align: center;\"><span style=\"line-height: 21px; color: #333333; font-family: Arial, Helvetica; font-size: 14px; font-style: normal; font-weight: 400; background-color: #ffffff; float: none; display: inline !important;\">Material<\/span><\/td>\n<td style=\"font-family: Verdana, Arial, Helvetica, sans-serif; font-size: 12px; color: #000000; margin: 8px; width: 526px; text-align: center;\">Baumwolle, Polyester<\/td>\n<\/tr>\n<tr>\n<td style=\"font-family: Verdana, Arial, Helvetica, sans-serif; font-size: 12px; color: #000000; margin: 8px; width: 187px; text-align: center;\"><span style=\"line-height: 21px; font-size: 14px;\">\u00a0Gr\u00f6\u00dfe<\/span><\/td>\n<td style=\"font-family: Verdana, Arial, Helvetica, sans-serif; font-size: 12px; color: #000000; margin: 8px; width: 526px; text-align: center;\"><span style=\"font-size: 14px;\">Benutzerdefinierte Gr\u00f6\u00dfe<\/span><\/td>\n<\/tr>\n<tr>\n<td style=\"font-family: Verdana, Arial, Helvetica, sans-serif; font-size: 12px; color: #000000; margin: 8px; width: 187px; text-align: center;\"><span style=\"line-height: 21px; font-size: 14px;\">\u00a0Farbe<\/span><\/td>\n<td style=\"font-family: Verdana, Arial, Helvetica, sans-serif; font-size: 12px; color: #000000; margin: 8px; width: 526px; text-align: center;\"><span style=\"line-height: 21px; font-size: 14px;\">Benutzerdefinierte Farbe\u00a0<\/span><\/td>\n<\/tr>\n<tr>\n<td style=\"font-family: Verdana, Arial, Helvetica, sans-serif; font-size: 12px; color: #000000; margin: 8px; width: 187px; text-align: center;\"><span style=\"line-height: 21px; font-size: 14px;\">\u00a0<span style=\"line-height: 21px; color: #333333; font-family: Arial, Helvetica; font-size: 14px; font-style: normal; font-weight: 400; background-color: #ffffff; float: none; display: inline !important;\">Tierart<\/span><\/span><\/td>\n<td style=\"font-family: Verdana, Arial, Helvetica, sans-serif; font-size: 12px; color: #000000; margin: 8px; width: 526px; text-align: center;\"><span style=\"line-height: 21px; font-size: 14px;\">\u00a0Alle Hund<\/span><\/td>\n<\/tr>\n<tr>\n<td style=\"font-family: Verdana, Arial, Helvetica, sans-serif; font-size: 12px; color: #000000; margin: 8px; width: 187px; text-align: center;\"><span style=\"line-height: 21px; font-size: 14px;\">\u00a0<span style=\"line-height: 21px; color: #333333; font-family: Arial, Helvetica; font-size: 14px; font-style: normal; font-weight: 400; background-color: #ffffff; float: none; display: inline !important;\">Lieferfrist<\/span><\/span><\/td>\n<td style=\"font-family: Verdana, Arial, Helvetica, sans-serif; font-size: 12px; color: #000000; margin: 8px; width: 526px; text-align: center;\"><span style=\"line-height: 21px; font-size: 14px;\"><span style=\"line-height: 21px; color: #000000; font-family: Verdana, Arial, Helvetica, sans-serif; font-size: 14px; font-style: normal; font-weight: 400; background-color: #ffffff; float: none; display: inline !important;\">1-5 Tage f\u00fcr kleine Mengen auf dem Luftweg und 30-35 Tage f\u00fcr gro\u00dfe Mengen auf dem Seeweg<\/span>\u00a0<\/span><\/td>\n<\/tr>\n<tr>\n<td style=\"font-family: Verdana, Arial, Helvetica, sans-serif; font-size: 12px; color: #000000; margin: 8px; width: 187px; text-align: center;\"><span style=\"line-height: 21px; font-size: 14px;\">\u00a0<span style=\"line-height: 21px; color: #333333; font-family: Arial, Helvetica; font-size: 14px; font-style: normal; font-weight: 400; background-color: #ffffff; float: none; display: inline !important;\">Hafen der Verschiffung<\/span><\/span><\/td>\n<td style=\"font-family: Verdana, Arial, Helvetica, sans-serif; font-size: 12px; color: #000000; margin: 8px; width: 526px; text-align: center;\"><span style=\"line-height: 21px; font-size: 14px;\">Xiamen\u00a0<\/span><\/td>\n<\/tr>\n<tr>\n<td style=\"font-family: Verdana, Arial, Helvetica, sans-serif; font-size: 12px; color: #000000; margin: 8px; width: 187px; text-align: center;\"><span style=\"line-height: 21px; font-size: 14px;\">\u00a0<span style=\"line-height: 21px; color: #333333; font-family: Arial, Helvetica; font-size: 14px; font-style: normal; font-weight: 400; background-color: #ffffff; float: none; display: inline !important;\">OEM\/ODM<\/span><\/span><\/td>\n<td style=\"font-family: Verdana, Arial, Helvetica, sans-serif; font-size: 12px; color: #000000; margin: 8px; width: 526px; text-align: center;\"><span style=\"line-height: 21px; font-size: 14px;\">\u00a0<span style=\"line-height: 21px; color: #333333; font-family: Arial, Helvetica; font-size: 14px; font-style: normal; font-weight: 400; background-color: #ffffff; float: none; display: inline !important;\">Verf\u00fcgbar<\/span><\/span><\/td>\n<\/tr>\n<tr>\n<td style=\"font-family: Verdana, Arial, Helvetica, sans-serif; font-size: 12px; color: #000000; margin: 8px; width: 187px; text-align: center;\"><span style=\"line-height: 21px; font-size: 14px;\">\u00a0<span style=\"line-height: 21px; color: #333333; font-family: Arial, Helvetica; font-size: 14px; font-style: normal; font-weight: 400; background-color: #ffffff; float: none; display: inline !important;\">Paket<\/span><\/span><\/td>\n<td style=\"font-family: Verdana, Arial, Helvetica, sans-serif; font-size: 12px; color: #000000; margin: 8px; width: 526px; text-align: center;\"><span style=\"line-height: 21px; font-size: 14px;\"><span style=\"line-height: 21px; color: #333333; font-family: Arial, Helvetica; font-size: 14px; font-style: normal; font-weight: 400; background-color: #ffffff; float: none; display: inline !important;\">Jedes St\u00fcck verpackt in einem PPB und dann in einem Karton oder nach Bedarf<\/span><\/span><\/td>\n<\/tr>\n<\/tbody>\n<\/table>\n<h4>Wesentliche Merkmale:<\/h4>\n<ul>\n<li><strong>Luxuri\u00f6ser Pl\u00fcsch-Stoff<\/strong>: Hergestellt aus weichem, hochwertigem Fleece, das f\u00fcr W\u00e4rme und Komfort sorgt.<\/li>\n<li><strong>Stylish Design<\/strong>: Elegantes und gem\u00fctliches Design, das Ihre Katze auffallen l\u00e4sst.<\/li>\n<li><strong>Bequeme Passform<\/strong>: Der bequeme Kapuzenpullover f\u00fcr Katzen ist einfach zu tragen.<\/li>\n<li><strong>Langlebige Konstruktion<\/strong>: Hochwertige Materialien und Verarbeitung gew\u00e4hrleisten eine lange Nutzungsdauer.<\/li>\n<li><strong>Leicht zu reinigen<\/strong>: Maschinenwaschbar und pflegeleicht, praktisch f\u00fcr Haustierbesitzer.<\/li>\n<li><strong>Stilvoll und praktisch<\/strong>: Kombiniert Funktionalit\u00e4t mit luxuri\u00f6sem Aussehen und ist damit ein unverzichtbares Element in jeder Haustiergarderobe.<\/li>\n<li><strong>Verf\u00fcgbarkeit im Gro\u00dfhandel<\/strong>: Direkt ab Werk, was eine gleichbleibende Qualit\u00e4t und kosteng\u00fcnstige Preise bei Gro\u00dfbestellungen gew\u00e4hrleistet.<\/li>\n<\/ul>\n<h3>Ideal f\u00fcr:<\/h3>\n<ul>\n<li>Tierhalter, die ein hochwertiges, pl\u00fcschiges Fell f\u00fcr ihre Katzen suchen.<\/li>\n<li>Einzel- und Gro\u00dfh\u00e4ndler, die hochwertige Heimtierbekleidung zu Direktpreisen suchen.<\/li>\n<li>Unternehmen, die luxuri\u00f6se und funktionelle Heimtierbekleidung f\u00fcr ihre Kunden anbieten wollen.<\/li>\n<\/ul>\n<p>Werten Sie Ihre Produktlinie mit unseren Pl\u00fcsch-Katzenmantel-Fleece-Hoodies auf. Kontaktieren Sie uns heute f\u00fcr <span style=\"color: #ff0000;\"><a style=\"color: #ff0000;\" href=\"https:\/\/pecpets.com\/de\/produktkategorie\/pet-clothing\/\" target=\"_blank\" rel=\"noopener\">Gro\u00dfhandelsanfragen<\/a><\/span> und Fabrikdirektpreise.<\/p>","protected":false},"excerpt":{"rendered":"<h2><strong><b>Gro\u00dfhandel Pl\u00fcsch Katze Mantel Fleece Hoodies<\/b><\/strong><\/h2>\n<p>Entdecken Sie Pl\u00fcsch-Katzenmantel Fleece-Hoodies.<\/p>\n<p>Mit unseren hochwertigen Designs bleiben Ihre Haustiere stilvoll.<\/p>","protected":false},"featured_media":8519,"template":"","meta":{"_seopress_robots_primary_cat":"none","_seopress_titles_title":"Pet Clothes: Plush Cat Coat Fleece Hoodies - Manufacturers","_seopress_titles_desc":"Explore Plush Cat Coat Fleece Hoodies, including pet halloween Costumes. Shop wholesale pet clothes from the factory for unbeatable prices and quality","_seopress_robots_index":"","_uag_custom_page_level_css":""},"product_brand":[],"product_cat":[365,23,328],"product_tag":[],"class_list":{"0":"post-8515","1":"product","2":"type-product","3":"status-publish","4":"has-post-thumbnail","6":"product_cat-functional-dog-clothing","7":"product_cat-pet-clothing","8":"product_cat-pet-costumes","10":"first","11":"instock","12":"shipping-taxable","13":"product-type-simple"},"uagb_featured_image_src":{"full":["https:\/\/pecpets.com\/wp-content\/uploads\/2024\/07\/Plush-Cat-Coat-Fleece-Hoodies4.jpeg",800,800,false],"thumbnail":["https:\/\/pecpets.com\/wp-content\/uploads\/2024\/07\/Plush-Cat-Coat-Fleece-Hoodies4-150x150.jpeg",150,150,true],"medium":["https:\/\/pecpets.com\/wp-content\/uploads\/2024\/07\/Plush-Cat-Coat-Fleece-Hoodies4-300x300.jpeg",300,300,true],"medium_large":["https:\/\/pecpets.com\/wp-content\/uploads\/2024\/07\/Plush-Cat-Coat-Fleece-Hoodies4-768x768.jpeg",768,768,true],"large":["https:\/\/pecpets.com\/wp-content\/uploads\/2024\/07\/Plush-Cat-Coat-Fleece-Hoodies4.jpeg",800,800,false],"1536x1536":["https:\/\/pecpets.com\/wp-content\/uploads\/2024\/07\/Plush-Cat-Coat-Fleece-Hoodies4.jpeg",800,800,false],"2048x2048":["https:\/\/pecpets.com\/wp-content\/uploads\/2024\/07\/Plush-Cat-Coat-Fleece-Hoodies4.jpeg",800,800,false],"trp-custom-language-flag":["https:\/\/pecpets.com\/wp-content\/uploads\/2024\/07\/Plush-Cat-Coat-Fleece-Hoodies4-12x12.jpeg",12,12,true],"woocommerce_thumbnail":["https:\/\/pecpets.com\/wp-content\/uploads\/2024\/07\/Plush-Cat-Coat-Fleece-Hoodies4-300x300.jpeg",300,300,true],"woocommerce_single":["https:\/\/pecpets.com\/wp-content\/uploads\/2024\/07\/Plush-Cat-Coat-Fleece-Hoodies4-600x600.jpeg",600,600,true],"woocommerce_gallery_thumbnail":["https:\/\/pecpets.com\/wp-content\/uploads\/2024\/07\/Plush-Cat-Coat-Fleece-Hoodies4-100x100.jpeg",100,100,true]},"uagb_author_info":{"display_name":"Lawrence\u00a0\u52b3\u4f26\u65af","author_link":"https:\/\/pecpets.com\/de\/author\/"},"uagb_comment_info":0,"uagb_excerpt":"Wholesale Plush Cat Coat Fleece Hoodies Discover Plush Cat Coat Fleece Hoodies. Keep your pets stylish with our high-quality designs.","_links":{"self":[{"href":"https:\/\/pecpets.com\/de\/wp-json\/wp\/v2\/product\/8515","targetHints":{"allow":["GET"]}}],"collection":[{"href":"https:\/\/pecpets.com\/de\/wp-json\/wp\/v2\/product"}],"about":[{"href":"https:\/\/pecpets.com\/de\/wp-json\/wp\/v2\/types\/product"}],"wp:featuredmedia":[{"embeddable":true,"href":"https:\/\/pecpets.com\/de\/wp-json\/wp\/v2\/media\/8519"}],"wp:attachment":[{"href":"https:\/\/pecpets.com\/de\/wp-json\/wp\/v2\/media?parent=8515"}],"wp:term":[{"taxonomy":"product_brand","embeddable":true,"href":"https:\/\/pecpets.com\/de\/wp-json\/wp\/v2\/product_brand?post=8515"},{"taxonomy":"product_cat","embeddable":true,"href":"https:\/\/pecpets.com\/de\/wp-json\/wp\/v2\/product_cat?post=8515"},{"taxonomy":"product_tag","embeddable":true,"href":"https:\/\/pecpets.com\/de\/wp-json\/wp\/v2\/product_tag?post=8515"}],"curies":[{"name":"wp","href":"https:\/\/api.w.org\/{rel}","templated":true}]}}