{"id":11962,"date":"2024-09-19T17:43:35","date_gmt":"2024-09-19T09:43:35","guid":{"rendered":"https:\/\/pecpets.com\/?post_type=product&#038;p=11962"},"modified":"2024-10-23T17:40:45","modified_gmt":"2024-10-23T09:40:45","slug":"waterproof-stormsuit-warm-pet-dog-clothing","status":"publish","type":"product","link":"https:\/\/pecpets.com\/es\/product\/waterproof-stormsuit-warm-pet-dog-clothing\/","title":{"rendered":"Stormsuit impermeable Ropa de abrigo para perros"},"content":{"rendered":"<h2>Mayorista Stormsuit impermeable c\u00e1lida ropa para perros de mascotas - Directo de f\u00e1brica de viaje Dog Carriers y Accesorios<\/h2>\n<table style=\"border-collapse: collapse; background-color: #ffffff; width: 332px; height: 312px;\" border=\"1\">\n<tbody>\n<tr>\n<td style=\"font-family: Verdana, Arial, Helvetica, sans-serif; font-size: 12px; color: #000000; margin: 8px; width: 187px; text-align: center;\"><span style=\"line-height: 21px; font-size: 14px;\">Nombre del producto<\/span><\/td>\n<td style=\"font-family: Verdana, Arial, Helvetica, sans-serif; font-size: 12px; color: #000000; margin: 8px; width: 526px; text-align: center;\">Abrigo para mascotas<\/td>\n<\/tr>\n<tr>\n<td style=\"font-family: Verdana, Arial, Helvetica, sans-serif; font-size: 12px; color: #000000; margin: 8px; width: 187px; text-align: center;\"><span style=\"line-height: 21px; font-size: 14px;\">N\u00ba de art\u00edculo<\/span><\/td>\n<td style=\"font-family: Verdana, Arial, Helvetica, sans-serif; font-size: 12px; color: #000000; margin: 8px; width: 526px; text-align: center;\"><span style=\"line-height: 21px; font-size: 14px;\">P-C2014<\/span><\/td>\n<\/tr>\n<tr>\n<td style=\"font-family: Verdana, Arial, Helvetica, sans-serif; font-size: 12px; color: #000000; margin: 8px; width: 187px; text-align: center;\"><span style=\"line-height: 21px; color: #333333; font-family: Arial, Helvetica; font-size: 14px; font-style: normal; font-weight: 400; background-color: #ffffff; float: none; display: inline !important;\">Material<\/span><\/td>\n<td style=\"font-family: Verdana, Arial, Helvetica, sans-serif; font-size: 12px; color: #000000; margin: 8px; width: 526px; text-align: center;\">Algod\u00f3n, poli\u00e9ster, ramio<\/td>\n<\/tr>\n<tr>\n<td style=\"font-family: Verdana, Arial, Helvetica, sans-serif; font-size: 12px; color: #000000; margin: 8px; width: 187px; text-align: center;\"><span style=\"line-height: 21px; font-size: 14px;\">\u00a0Talla<\/span><\/td>\n<td style=\"font-family: Verdana, Arial, Helvetica, sans-serif; font-size: 12px; color: #000000; margin: 8px; width: 526px; text-align: center;\"><span style=\"font-size: 14px;\">Tama\u00f1o personalizado<\/span><\/td>\n<\/tr>\n<tr>\n<td style=\"font-family: Verdana, Arial, Helvetica, sans-serif; font-size: 12px; color: #000000; margin: 8px; width: 187px; text-align: center;\"><span style=\"line-height: 21px; font-size: 14px;\">\u00a0Color<\/span><\/td>\n<td style=\"font-family: Verdana, Arial, Helvetica, sans-serif; font-size: 12px; color: #000000; margin: 8px; width: 526px; text-align: center;\"><span style=\"line-height: 21px; font-size: 14px;\">Color personalizado\u00a0<\/span><\/td>\n<\/tr>\n<tr>\n<td style=\"font-family: Verdana, Arial, Helvetica, sans-serif; font-size: 12px; color: #000000; margin: 8px; width: 187px; text-align: center;\"><span style=\"line-height: 21px; font-size: 14px;\">\u00a0<span style=\"line-height: 21px; color: #333333; font-family: Arial, Helvetica; font-size: 14px; font-style: normal; font-weight: 400; background-color: #ffffff; float: none; display: inline !important;\">Tipo de mascota<\/span><\/span><\/td>\n<td style=\"font-family: Verdana, Arial, Helvetica, sans-serif; font-size: 12px; color: #000000; margin: 8px; width: 526px; text-align: center;\"><span style=\"line-height: 21px; font-size: 14px;\">\u00a0Todos los perros<\/span><\/td>\n<\/tr>\n<tr>\n<td style=\"font-family: Verdana, Arial, Helvetica, sans-serif; font-size: 12px; color: #000000; margin: 8px; width: 187px; text-align: center;\"><span style=\"line-height: 21px; font-size: 14px;\">\u00a0<span style=\"line-height: 21px; color: #333333; font-family: Arial, Helvetica; font-size: 14px; font-style: normal; font-weight: 400; background-color: #ffffff; float: none; display: inline !important;\">Plazo de entrega<\/span><\/span><\/td>\n<td style=\"font-family: Verdana, Arial, Helvetica, sans-serif; font-size: 12px; color: #000000; margin: 8px; width: 526px; text-align: center;\"><span style=\"line-height: 21px; font-size: 14px;\"><span style=\"line-height: 21px; color: #000000; font-family: Verdana, Arial, Helvetica, sans-serif; font-size: 14px; font-style: normal; font-weight: 400; background-color: #ffffff; float: none; display: inline !important;\">1-5 d\u00edas para peque\u00f1as cantidades por v\u00eda a\u00e9rea y 30-35 d\u00edas para grandes cantidades por v\u00eda mar\u00edtima<\/span>\u00a0<\/span><\/td>\n<\/tr>\n<tr>\n<td style=\"font-family: Verdana, Arial, Helvetica, sans-serif; font-size: 12px; color: #000000; margin: 8px; width: 187px; text-align: center;\"><span style=\"line-height: 21px; font-size: 14px;\">\u00a0<span style=\"line-height: 21px; color: #333333; font-family: Arial, Helvetica; font-size: 14px; font-style: normal; font-weight: 400; background-color: #ffffff; float: none; display: inline !important;\">Puerto de embarque<\/span><\/span><\/td>\n<td style=\"font-family: Verdana, Arial, Helvetica, sans-serif; font-size: 12px; color: #000000; margin: 8px; width: 526px; text-align: center;\"><span style=\"line-height: 21px; font-size: 14px;\">Xiamen\u00a0<\/span><\/td>\n<\/tr>\n<tr>\n<td style=\"font-family: Verdana, Arial, Helvetica, sans-serif; font-size: 12px; color: #000000; margin: 8px; width: 187px; text-align: center;\"><span style=\"line-height: 21px; font-size: 14px;\">\u00a0<span style=\"line-height: 21px; color: #333333; font-family: Arial, Helvetica; font-size: 14px; font-style: normal; font-weight: 400; background-color: #ffffff; float: none; display: inline !important;\">OEM\/ODM<\/span><\/span><\/td>\n<td style=\"font-family: Verdana, Arial, Helvetica, sans-serif; font-size: 12px; color: #000000; margin: 8px; width: 526px; text-align: center;\"><span style=\"line-height: 21px; font-size: 14px;\">\u00a0<span style=\"line-height: 21px; color: #333333; font-family: Arial, Helvetica; font-size: 14px; font-style: normal; font-weight: 400; background-color: #ffffff; float: none; display: inline !important;\">Disponible<\/span><\/span><\/td>\n<\/tr>\n<tr>\n<td style=\"font-family: Verdana, Arial, Helvetica, sans-serif; font-size: 12px; color: #000000; margin: 8px; width: 187px; text-align: center;\"><span style=\"line-height: 21px; font-size: 14px;\">\u00a0<span style=\"line-height: 21px; color: #333333; font-family: Arial, Helvetica; font-size: 14px; font-style: normal; font-weight: 400; background-color: #ffffff; float: none; display: inline !important;\">Paquete<\/span><\/span><\/td>\n<td style=\"font-family: Verdana, Arial, Helvetica, sans-serif; font-size: 12px; color: #000000; margin: 8px; width: 526px; text-align: center;\"><span style=\"line-height: 21px; font-size: 14px;\"><span style=\"line-height: 21px; color: #333333; font-family: Arial, Helvetica; font-size: 14px; font-style: normal; font-weight: 400; background-color: #ffffff; float: none; display: inline !important;\">Cada uno embalado en un PPB luego en cart\u00f3n o seg\u00fan sea necesario<\/span><\/span><\/td>\n<\/tr>\n<\/tbody>\n<\/table>\n<p>Prepare a su mascota para las aventuras invernales con nuestros abrigos OEM\/ODM Winter Pet Outdoor Apparel, dise\u00f1ados para proporcionar calor, comodidad y estilo durante los meses m\u00e1s fr\u00edos. Estos abrigos son perfectos para las mascotas que aman el aire libre y necesitan protecci\u00f3n adicional contra los elementos. Como f\u00e1brica mayorista l\u00edder, ofrecemos opciones de personalizaci\u00f3n para estos abrigos de alta calidad para mascotas, garantizando que satisfagan las necesidades espec\u00edficas de su negocio y sus clientes.<\/p>\n<p><strong>Caracter\u00edsticas principales:<\/strong><\/p>\n<ul>\n<li><strong>Servicio OEM\/ODM personalizable:<\/strong>\u00a0Colabore con nuestro equipo para crear un dise\u00f1o exclusivo o a\u00f1ada el logotipo de su marca a estos abrigos de invierno para mascotas.<\/li>\n<li><strong>Dise\u00f1o preparado para el invierno:<\/strong>\u00a0Espec\u00edficamente dise\u00f1ado para soportar las bajas temperaturas y proteger a las mascotas de las inclemencias del invierno.<\/li>\n<li><strong>Duradero e impermeable:<\/strong>\u00a0Fabricado con materiales duraderos que tambi\u00e9n son impermeables, lo que garantiza que las mascotas permanezcan secas y c\u00f3modas.<\/li>\n<li><strong>Transpirable y c\u00e1lido:<\/strong>\u00a0Su dise\u00f1o transpirable y aislante mantiene a las mascotas calientes sin sobrecalentarlas.<\/li>\n<li><strong>Venta al por mayor y directa de f\u00e1brica:<\/strong>\u00a0Disponible para su compra al por mayor directamente en nuestra f\u00e1brica, lo que garantiza la calidad y la rentabilidad.<\/li>\n<\/ul>\n<p><strong>Ventajas para los minoristas:<\/strong><\/p>\n<ul>\n<li><strong>Precios al por mayor:<\/strong>\u00a0Benef\u00edciese de los precios directos de f\u00e1brica, que le permiten ofrecer ropa de alta calidad para mascotas a precios competitivos.<\/li>\n<li><strong>Opciones de personalizaci\u00f3n:<\/strong>\u00a0Ofrezca a sus clientes un producto personalizado con opciones de personalizaci\u00f3n que reflejen su estilo.<\/li>\n<li><strong>Garant\u00eda de calidad:<\/strong>\u00a0Cada abrigo se fabrica cumpliendo rigurosas normas de calidad, lo que garantiza su durabilidad y funcionalidad.<\/li>\n<li><strong>Env\u00edo eficiente:<\/strong>\u00a0Conf\u00ede en nuestra eficiente cadena de suministro para la entrega puntual de sus pedidos al por mayor, manteniendo su inventario bien surtido.<\/li>\n<\/ul>\n<p><strong>Mejore su oferta de ropa para mascotas con nuestros abrigos de invierno OEM\/ODM para mascotas, perfectos para los minoristas que desean ofrecer ropa funcional y a la moda para mascotas.<\/strong> P\u00f3ngase en contacto con nosotros hoy mismo para explorar nuestras oportunidades de venta al por mayor y dar un toque de lujo al vestuario de invierno de su mascota.<\/p>","protected":false},"excerpt":{"rendered":"<h2>Transportines y accesorios de viaje directos de f\u00e1brica<\/h2>\n<p>Explorar OEMODM Invierno Mascota Ropa al aire libre Abrigo.<\/p>\n<p>Tienda <span style=\"color: #ff0000;\"><a style=\"color: #ff0000;\" href=\"https:\/\/pecpets.com\/es\/categoria-de-productos\/pet-clothing\/\" target=\"_blank\" rel=\"noopener\">venta al por mayor de ropa para mascotas<\/a><\/span> de f\u00e1brica a precios y calidad inmejorables.<\/p>","protected":false},"featured_media":11990,"template":"","meta":{"_seopress_robots_primary_cat":"none","_seopress_titles_title":"Waterproof Stormsuit Warm Pet Dog Clothing","_seopress_titles_desc":"Explore Waterproof Stormsuit Warm Pet Dog Clothing. Shop wholesale pet clothes from the factory for unbeatable prices and quality.","_seopress_robots_index":"","_uag_custom_page_level_css":""},"product_brand":[],"product_cat":[364,342,23],"product_tag":[],"class_list":{"0":"post-11962","1":"product","2":"type-product","3":"status-publish","4":"has-post-thumbnail","6":"product_cat-basic-dog-clothing","7":"product_cat-pet-coat","8":"product_cat-pet-clothing","10":"first","11":"instock","12":"shipping-taxable","13":"product-type-simple"},"uagb_featured_image_src":{"full":["https:\/\/pecpets.com\/wp-content\/uploads\/2024\/09\/75eb1b8d-fd3e-4737-bf37-f1d23f28944a.jpeg",800,800,false],"thumbnail":["https:\/\/pecpets.com\/wp-content\/uploads\/2024\/09\/75eb1b8d-fd3e-4737-bf37-f1d23f28944a-150x150.jpeg",150,150,true],"medium":["https:\/\/pecpets.com\/wp-content\/uploads\/2024\/09\/75eb1b8d-fd3e-4737-bf37-f1d23f28944a-300x300.jpeg",300,300,true],"medium_large":["https:\/\/pecpets.com\/wp-content\/uploads\/2024\/09\/75eb1b8d-fd3e-4737-bf37-f1d23f28944a-768x768.jpeg",768,768,true],"large":["https:\/\/pecpets.com\/wp-content\/uploads\/2024\/09\/75eb1b8d-fd3e-4737-bf37-f1d23f28944a.jpeg",800,800,false],"1536x1536":["https:\/\/pecpets.com\/wp-content\/uploads\/2024\/09\/75eb1b8d-fd3e-4737-bf37-f1d23f28944a.jpeg",800,800,false],"2048x2048":["https:\/\/pecpets.com\/wp-content\/uploads\/2024\/09\/75eb1b8d-fd3e-4737-bf37-f1d23f28944a.jpeg",800,800,false],"trp-custom-language-flag":["https:\/\/pecpets.com\/wp-content\/uploads\/2024\/09\/75eb1b8d-fd3e-4737-bf37-f1d23f28944a-12x12.jpeg",12,12,true],"woocommerce_thumbnail":["https:\/\/pecpets.com\/wp-content\/uploads\/2024\/09\/75eb1b8d-fd3e-4737-bf37-f1d23f28944a-300x300.jpeg",300,300,true],"woocommerce_single":["https:\/\/pecpets.com\/wp-content\/uploads\/2024\/09\/75eb1b8d-fd3e-4737-bf37-f1d23f28944a-600x600.jpeg",600,600,true],"woocommerce_gallery_thumbnail":["https:\/\/pecpets.com\/wp-content\/uploads\/2024\/09\/75eb1b8d-fd3e-4737-bf37-f1d23f28944a-100x100.jpeg",100,100,true]},"uagb_author_info":{"display_name":"Lawrence\u00a0\u52b3\u4f26\u65af","author_link":"https:\/\/pecpets.com\/es\/author\/"},"uagb_comment_info":0,"uagb_excerpt":"Factory Direct Travel Dog Carriers and Accessories Explore OEMODM Winter Pet Outdoor Apparel Coat. Shop wholesale pet clothes from the factory for unbeatable prices and quality.","_links":{"self":[{"href":"https:\/\/pecpets.com\/es\/wp-json\/wp\/v2\/product\/11962","targetHints":{"allow":["GET"]}}],"collection":[{"href":"https:\/\/pecpets.com\/es\/wp-json\/wp\/v2\/product"}],"about":[{"href":"https:\/\/pecpets.com\/es\/wp-json\/wp\/v2\/types\/product"}],"wp:featuredmedia":[{"embeddable":true,"href":"https:\/\/pecpets.com\/es\/wp-json\/wp\/v2\/media\/11990"}],"wp:attachment":[{"href":"https:\/\/pecpets.com\/es\/wp-json\/wp\/v2\/media?parent=11962"}],"wp:term":[{"taxonomy":"product_brand","embeddable":true,"href":"https:\/\/pecpets.com\/es\/wp-json\/wp\/v2\/product_brand?post=11962"},{"taxonomy":"product_cat","embeddable":true,"href":"https:\/\/pecpets.com\/es\/wp-json\/wp\/v2\/product_cat?post=11962"},{"taxonomy":"product_tag","embeddable":true,"href":"https:\/\/pecpets.com\/es\/wp-json\/wp\/v2\/product_tag?post=11962"}],"curies":[{"name":"wp","href":"https:\/\/api.w.org\/{rel}","templated":true}]}}