{"id":22147,"date":"2026-01-28T17:38:25","date_gmt":"2026-01-28T09:38:25","guid":{"rendered":"https:\/\/pecpets.com\/?post_type=product&#038;p=22147"},"modified":"2026-01-28T18:08:33","modified_gmt":"2026-01-28T10:08:33","slug":"fleece-dog-coats","status":"publish","type":"product","link":"https:\/\/pecpets.com\/es\/product\/fleece-dog-coats\/","title":{"rendered":"Abrigos de lana para perros"},"content":{"rendered":"<h3>Fabricante de ropa para mascotas | F\u00e1brica de chaquetas impermeables | Abrigos de forro polar premium para perros<\/h3>\n<p data-start=\"328\" data-end=\"803\">\u00bfBusca abrigos de forro polar de alta calidad para a\u00f1adir a su colecci\u00f3n de ropa de invierno para mascotas?<\/p>\n<p data-start=\"328\" data-end=\"803\">Como fabricante de ropa para mascotas y f\u00e1brica de chaquetas impermeables de confianza en China, nos especializamos en la producci\u00f3n de dise\u00f1os de forro polar duraderos, elegantes y c\u00e1lidos.<\/p>\n<p data-start=\"328\" data-end=\"803\">Desde pedidos a granel de abrigos para perros hasta soluciones OEM, ODM y de marca propia personalizadas para abrigos para perros, nuestra f\u00e1brica ofrece un apoyo fiable a marcas, minoristas y distribuidores de todo el mundo.<\/p>\n<p data-start=\"805\" data-end=\"1253\">Como empresa profesional de abrigos para perros, gestionamos todo el proceso, desde el aprovisionamiento de tejidos y el dise\u00f1o hasta la exportaci\u00f3n y entrega de los abrigos.<\/p>\n<p data-start=\"805\" data-end=\"1253\">Con a\u00f1os de experiencia como fabricante l\u00edder de Abrigos para perros en China, nuestro equipo garantiza una calidad constante, precios competitivos y env\u00edos puntuales.<\/p>\n<p data-start=\"805\" data-end=\"1253\">Si busca una f\u00e1brica de Abrigos para perros, un proveedor de Abrigos para perros, un vendedor de Abrigos para perros o un mayorista de Abrigos para perros, somos su socio integral.<\/p>\n<p data-start=\"1255\" data-end=\"1295\">\u2705 <strong>Por qu\u00e9 elegir nuestros abrigos de lana para perros<\/strong>:<\/p>\n<ul data-start=\"1296\" data-end=\"1668\">\n<li data-start=\"1296\" data-end=\"1373\">\n<p data-start=\"1298\" data-end=\"1373\">F\u00e1brica experta en abrigos para perros especializada en dise\u00f1os de forro polar e impermeables<\/p>\n<\/li>\n<li data-start=\"1374\" data-end=\"1424\">\n<p data-start=\"1376\" data-end=\"1424\">MOQs flexibles para la producci\u00f3n a granel de Dog Coat<\/p>\n<\/li>\n<li data-start=\"1425\" data-end=\"1496\">\n<p data-start=\"1427\" data-end=\"1496\">Personalizaci\u00f3n OEM\/ODM completa del abrigo para perros con marca privada<\/p>\n<\/li>\n<li data-start=\"1497\" data-end=\"1570\">\n<p data-start=\"1499\" data-end=\"1570\">Log\u00edstica de exportaci\u00f3n mundial sin fisuras de Dog Coat China<\/p>\n<\/li>\n<li data-start=\"1571\" data-end=\"1668\">\n<p data-start=\"1573\" data-end=\"1668\">Con la confianza de minoristas internacionales, boutiques y grandes mayoristas de abrigos para perros.<\/p>\n<\/li>\n<\/ul>\n<p data-start=\"1670\" data-end=\"1966\">Nuestros abrigos de forro polar para perros cuentan con un forro polar suave al tacto, correas ajustables para un ajuste seguro y tejidos resistentes a la intemperie que mantienen a las mascotas calientes y c\u00f3modas.<\/p>\n<p data-start=\"1670\" data-end=\"1966\">Dise\u00f1ados para la moda y la funcionalidad, estos abrigos son ideales para todos los segmentos del mercado, desde las l\u00edneas m\u00e1s econ\u00f3micas hasta las colecciones premium.<\/p>\n<p data-start=\"1968\" data-end=\"2152\">As\u00f3ciese con nosotros hoy mismo para obtener Abrigos de vell\u00f3n para perros directamente de un fabricante fiable de Abrigos para perros en China y haga crecer su negocio con proveedores de confianza de Abrigos para perros en todo el mundo.<\/p>","protected":false},"excerpt":{"rendered":"<h2>Venta al por mayor Abrigos de lana para perros<\/h2>\n<ul>\n<li>Esta chaqueta reversible tiene una capucha con cord\u00f3n extra\u00edble con el estampado Original Peanuts por un lado y beige liso por el otro.<\/li>\n<li>Esta chaqueta cuenta con suave Sherpa para mayor calidez y comodidad acogedora.<\/li>\n<li>El elegante exterior estampado es de microfibra afelpada.<\/li>\n<li>Esta chaqueta est\u00e1 confeccionada con poli\u00e9ster 100% para ofrecer un atractivo pr\u00e1ctico y comodidad.<\/li>\n<li>Para su comodidad, esta chaqueta cuenta con una abertura en la espalda para facilitar la colocaci\u00f3n de la correa.<\/li>\n<\/ul>\n<table width=\"288\">\n<tbody>\n<tr>\n<td width=\"137\"><span style=\"color: #333333;\">Nombre del producto<\/span><\/td>\n<td width=\"151\"><span style=\"color: #333333;\">Ropa para mascotas<\/span><\/td>\n<\/tr>\n<tr>\n<td><span style=\"color: #333333;\">N\u00ba de art\u00edculo<\/span><\/td>\n<td><span style=\"color: #333333;\">P-C3004<\/span><\/td>\n<\/tr>\n<tr>\n<td><span style=\"color: #333333;\">Material<\/span><\/td>\n<td>Algod\u00f3n, poli\u00e9ster, vell\u00f3n<\/td>\n<\/tr>\n<tr>\n<td><span style=\"color: #333333;\">\u00a0Tama\u00f1o y color<\/span><\/td>\n<td><span style=\"color: #333333;\">Personalizado<\/span><\/td>\n<\/tr>\n<tr>\n<td><span style=\"color: #333333;\">\u00a0Plazo de entrega<\/span><\/td>\n<td><span style=\"color: #333333;\">1- 5 d\u00edas para peque\u00f1as cantidades por v\u00eda a\u00e9rea y 30- 35 d\u00edas para grandes cantidades por v\u00eda mar\u00edtima<\/span><\/td>\n<\/tr>\n<\/tbody>\n<\/table>","protected":false},"featured_media":22152,"template":"","meta":{"_seopress_robots_primary_cat":"none","_seopress_titles_title":"Wholesale Fleece Dog Coats\u200b\u200b | ODM & OEM Solutions","_seopress_titles_desc":"As Fleece Dog Coats China Factory, we design premium knitwear for pets worldwide. Bulk orders, OEM services. Request free cozy samples today!","_seopress_robots_index":"","_seopress_analysis_target_kw":"Fleece Dog Coats\u200b","_uag_custom_page_level_css":""},"product_brand":[],"product_cat":[364,342,23],"product_tag":[],"class_list":{"0":"post-22147","1":"product","2":"type-product","3":"status-publish","4":"has-post-thumbnail","6":"product_cat-basic-dog-clothing","7":"product_cat-pet-coat","8":"product_cat-pet-clothing","10":"first","11":"instock","12":"shipping-taxable","13":"product-type-simple"},"uagb_featured_image_src":{"full":["https:\/\/pecpets.com\/wp-content\/uploads\/2025\/09\/9ecbe2c8-80d3-4ed6-96b0-92d81cd3e010.jpeg",1200,1200,false],"thumbnail":["https:\/\/pecpets.com\/wp-content\/uploads\/2025\/09\/9ecbe2c8-80d3-4ed6-96b0-92d81cd3e010-150x150.jpeg",150,150,true],"medium":["https:\/\/pecpets.com\/wp-content\/uploads\/2025\/09\/9ecbe2c8-80d3-4ed6-96b0-92d81cd3e010-300x300.jpeg",300,300,true],"medium_large":["https:\/\/pecpets.com\/wp-content\/uploads\/2025\/09\/9ecbe2c8-80d3-4ed6-96b0-92d81cd3e010-768x768.jpeg",768,768,true],"large":["https:\/\/pecpets.com\/wp-content\/uploads\/2025\/09\/9ecbe2c8-80d3-4ed6-96b0-92d81cd3e010-1024x1024.jpeg",800,800,true],"1536x1536":["https:\/\/pecpets.com\/wp-content\/uploads\/2025\/09\/9ecbe2c8-80d3-4ed6-96b0-92d81cd3e010.jpeg",1200,1200,false],"2048x2048":["https:\/\/pecpets.com\/wp-content\/uploads\/2025\/09\/9ecbe2c8-80d3-4ed6-96b0-92d81cd3e010.jpeg",1200,1200,false],"trp-custom-language-flag":["https:\/\/pecpets.com\/wp-content\/uploads\/2025\/09\/9ecbe2c8-80d3-4ed6-96b0-92d81cd3e010-12x12.jpeg",12,12,true],"woocommerce_thumbnail":["https:\/\/pecpets.com\/wp-content\/uploads\/2025\/09\/9ecbe2c8-80d3-4ed6-96b0-92d81cd3e010-300x300.jpeg",300,300,true],"woocommerce_single":["https:\/\/pecpets.com\/wp-content\/uploads\/2025\/09\/9ecbe2c8-80d3-4ed6-96b0-92d81cd3e010-600x600.jpeg",600,600,true],"woocommerce_gallery_thumbnail":["https:\/\/pecpets.com\/wp-content\/uploads\/2025\/09\/9ecbe2c8-80d3-4ed6-96b0-92d81cd3e010-100x100.jpeg",100,100,true]},"uagb_author_info":{"display_name":"Lawrence\u00a0\u52b3\u4f26\u65af","author_link":"https:\/\/pecpets.com\/es\/author\/"},"uagb_comment_info":0,"uagb_excerpt":"Wholesale Fleece Dog Coats\u200b This reversible jacket has a removable drawstring hood with the Original Peanuts print on one side and solid beige on the other. This jacket features soft Sherpa for added warmth and cozy comfort. The stylish, patterned exterior is made of plush microfiber. This jacket is made with 100% polyester for practical&hellip;","_links":{"self":[{"href":"https:\/\/pecpets.com\/es\/wp-json\/wp\/v2\/product\/22147","targetHints":{"allow":["GET"]}}],"collection":[{"href":"https:\/\/pecpets.com\/es\/wp-json\/wp\/v2\/product"}],"about":[{"href":"https:\/\/pecpets.com\/es\/wp-json\/wp\/v2\/types\/product"}],"wp:featuredmedia":[{"embeddable":true,"href":"https:\/\/pecpets.com\/es\/wp-json\/wp\/v2\/media\/22152"}],"wp:attachment":[{"href":"https:\/\/pecpets.com\/es\/wp-json\/wp\/v2\/media?parent=22147"}],"wp:term":[{"taxonomy":"product_brand","embeddable":true,"href":"https:\/\/pecpets.com\/es\/wp-json\/wp\/v2\/product_brand?post=22147"},{"taxonomy":"product_cat","embeddable":true,"href":"https:\/\/pecpets.com\/es\/wp-json\/wp\/v2\/product_cat?post=22147"},{"taxonomy":"product_tag","embeddable":true,"href":"https:\/\/pecpets.com\/es\/wp-json\/wp\/v2\/product_tag?post=22147"}],"curies":[{"name":"wp","href":"https:\/\/api.w.org\/{rel}","templated":true}]}}