{"id":22154,"date":"2025-09-04T09:23:49","date_gmt":"2025-09-04T01:23:49","guid":{"rendered":"https:\/\/pecpets.com\/?post_type=product&#038;p=22154"},"modified":"2025-09-04T14:35:54","modified_gmt":"2025-09-04T06:35:54","slug":"custom-pet-t-shirts","status":"publish","type":"product","link":"https:\/\/pecpets.com\/es\/product\/custom-pet-t-shirts\/","title":{"rendered":"Camisetas personalizadas para mascotas"},"content":{"rendered":"<h3>Proveedor de camisetas personalizadas para mascotas | F\u00e1brica de chaquetas impermeables | Fabricante de ropa para mascotas<\/h3>\n<p data-start=\"335\" data-end=\"831\">\u00bfBusca camisetas personalizadas para mascotas elegantes y c\u00f3modas para ampliar su l\u00ednea de ropa para mascotas?<\/p>\n<p data-start=\"335\" data-end=\"831\">Como Fabricante de Ropa para Mascotas y F\u00e1brica de Chaquetas Impermeables de confianza en China, nos especializamos en la producci\u00f3n de ropa para mascotas de alta calidad que es a la vez moderna y funcional. Desde\u00a0<span style=\"box-sizing: border-box; margin: 0px; padding: 0px;\">producci\u00f3n a granel de camisetas para mascotas para OEM, ODM y <\/span>Ofrecemos soluciones a medida para minoristas, distribuidores y marcas internacionales. Nos encargamos de todos los pasos, desde la selecci\u00f3n del tejido y la impresi\u00f3n personalizada hasta la exportaci\u00f3n y entrega de camisetas para mascotas. Nuestra f\u00e1brica de camisetas para mascotas combina t\u00e9cnicas de producci\u00f3n avanzadas con un estricto control de calidad, garantizando que cada pedido cumpla las normas internacionales.<\/p>\n<p data-start=\"833\" data-end=\"1294\">Tanto si necesita un fabricante de camisetas para mascotas fiable, un proveedor de camisetas para mascotas creativo o un vendedor de camisetas para mascotas a largo plazo, nosotros le cubrimos.<\/p>\n<p data-start=\"1296\" data-end=\"1342\">\u2705<strong> Por qu\u00e9 elegirnos para camisetas personalizadas para mascotas:<\/strong><\/p>\n<ul data-start=\"1343\" data-end=\"1700\">\n<li data-start=\"1343\" data-end=\"1392\">\n<p data-start=\"1345\" data-end=\"1392\">MOQ flexible para pedidos al por mayor de camisetas para mascotas<\/p>\n<\/li>\n<li data-start=\"1393\" data-end=\"1463\">\n<p data-start=\"1395\" data-end=\"1463\">Servicios completos OEM\/ODM de camisetas para mascotas para la personalizaci\u00f3n de marcas<\/p>\n<\/li>\n<li data-start=\"1464\" data-end=\"1520\">\n<p data-start=\"1466\" data-end=\"1520\">Exportaci\u00f3n r\u00e1pida y fiable de camisetas para mascotas desde China<\/p>\n<\/li>\n<li data-start=\"1521\" data-end=\"1597\">\n<p data-start=\"1523\" data-end=\"1597\">Fabricante experimentado de camisetas para mascotas con m\u00e1s de 10 a\u00f1os en el sector<\/p>\n<\/li>\n<li data-start=\"1598\" data-end=\"1700\">\n<p data-start=\"1600\" data-end=\"1700\">Socio de confianza para mayoristas de camisetas para mascotas, minoristas y grandes distribuidores<\/p>\n<\/li>\n<\/ul>\n<p data-start=\"1702\" data-end=\"1968\">Nuestras camisetas personalizadas para mascotas est\u00e1n disponibles en algod\u00f3n transpirable, mezclas de poli\u00e9ster y tejidos ecol\u00f3gicos, con opciones de serigraf\u00eda, bordado o sublimaci\u00f3n. Disponibles en varias tallas, colores y dise\u00f1os, son perfectas para marcas o colecciones de temporada.<\/p>\n<p data-start=\"1970\" data-end=\"2144\">As\u00f3ciese con nosotros hoy mismo y abast\u00e9zcase directamente de una f\u00e1brica de Camisetas para Mascotas de confianza en China, su proveedor, vendedor y mayorista de Camisetas para Mascotas para los mercados mundiales.<\/p>","protected":false},"excerpt":{"rendered":"<h1>Camisetas personalizadas para mascotas<\/h1>\n<ul>\n<li>El polo estilo rugby con orificio para la correa se ajusta a la cabeza de tu mascota y tiene cierres autoadherentes para un ajuste seguro.<\/li>\n<li>Presenta un gr\u00e1fico de Mickey serigrafiado en la espalda, detalles en las mangas y botones de imitaci\u00f3n.<\/li>\n<li>Se puede lavar a m\u00e1quina con agua fr\u00eda, para que el look favorito de tu mascota se mantenga c\u00f3modo y bonito.<\/li>\n<li>Disponible en seis tama\u00f1os, para que la mayor\u00eda de las mascotas puedan mostrar su afici\u00f3n por Disney.<\/li>\n<\/ul>\n<table width=\"288\">\n<tbody>\n<tr>\n<td width=\"137\"><span style=\"color: #333333;\">Nombre del producto<\/span><\/td>\n<td width=\"151\"><span style=\"color: #333333;\">Ropa para mascotas<\/span><\/td>\n<\/tr>\n<tr>\n<td><span style=\"color: #333333;\">N\u00ba de art\u00edculo<\/span><\/td>\n<td><span style=\"color: #333333;\">P-C3005<\/span><\/td>\n<\/tr>\n<tr>\n<td><span style=\"color: #333333;\">Material<\/span><\/td>\n<td>Algod\u00f3n, poli\u00e9ster, vell\u00f3n<\/td>\n<\/tr>\n<tr>\n<td><span style=\"color: #333333;\">\u00a0Tama\u00f1o y color<\/span><\/td>\n<td><span style=\"color: #333333;\">Personalizado<\/span><\/td>\n<\/tr>\n<tr>\n<td><span style=\"color: #333333;\">\u00a0Plazo de entrega<\/span><\/td>\n<td><span style=\"color: #333333;\">1- 5 d\u00edas para peque\u00f1as cantidades por v\u00eda a\u00e9rea y 30- 35 d\u00edas para grandes cantidades por v\u00eda mar\u00edtima<\/span><\/td>\n<\/tr>\n<\/tbody>\n<\/table>","protected":false},"featured_media":22165,"template":"","meta":{"_seopress_robots_primary_cat":"none","_seopress_titles_title":"Wholesale Custom Pet T-Shirts\u200b\u200b\u200b | ODM & OEM Solutions","_seopress_titles_desc":"As Custom Pet T-Shirts\u200b China Factory, we design premium knitwear for pets worldwide. Bulk orders, OEM services. Request free cozy samples today!","_seopress_robots_index":"","_uag_custom_page_level_css":""},"product_brand":[],"product_cat":[364,343,23],"product_tag":[],"class_list":{"0":"post-22154","1":"product","2":"type-product","3":"status-publish","4":"has-post-thumbnail","6":"product_cat-basic-dog-clothing","7":"product_cat-pet-shirts","8":"product_cat-pet-clothing","10":"first","11":"instock","12":"shipping-taxable","13":"product-type-simple"},"uagb_featured_image_src":{"full":["https:\/\/pecpets.com\/wp-content\/uploads\/2025\/09\/e2547078-6352-4eeb-97ea-2184cb1543f2.jpg",1200,1200,false],"thumbnail":["https:\/\/pecpets.com\/wp-content\/uploads\/2025\/09\/e2547078-6352-4eeb-97ea-2184cb1543f2-150x150.jpg",150,150,true],"medium":["https:\/\/pecpets.com\/wp-content\/uploads\/2025\/09\/e2547078-6352-4eeb-97ea-2184cb1543f2-300x300.jpg",300,300,true],"medium_large":["https:\/\/pecpets.com\/wp-content\/uploads\/2025\/09\/e2547078-6352-4eeb-97ea-2184cb1543f2-768x768.jpg",768,768,true],"large":["https:\/\/pecpets.com\/wp-content\/uploads\/2025\/09\/e2547078-6352-4eeb-97ea-2184cb1543f2-1024x1024.jpg",800,800,true],"1536x1536":["https:\/\/pecpets.com\/wp-content\/uploads\/2025\/09\/e2547078-6352-4eeb-97ea-2184cb1543f2.jpg",1200,1200,false],"2048x2048":["https:\/\/pecpets.com\/wp-content\/uploads\/2025\/09\/e2547078-6352-4eeb-97ea-2184cb1543f2.jpg",1200,1200,false],"trp-custom-language-flag":["https:\/\/pecpets.com\/wp-content\/uploads\/2025\/09\/e2547078-6352-4eeb-97ea-2184cb1543f2-12x12.jpg",12,12,true],"woocommerce_thumbnail":["https:\/\/pecpets.com\/wp-content\/uploads\/2025\/09\/e2547078-6352-4eeb-97ea-2184cb1543f2-300x300.jpg",300,300,true],"woocommerce_single":["https:\/\/pecpets.com\/wp-content\/uploads\/2025\/09\/e2547078-6352-4eeb-97ea-2184cb1543f2-600x600.jpg",600,600,true],"woocommerce_gallery_thumbnail":["https:\/\/pecpets.com\/wp-content\/uploads\/2025\/09\/e2547078-6352-4eeb-97ea-2184cb1543f2-100x100.jpg",100,100,true]},"uagb_author_info":{"display_name":"Lawrence\u00a0\u52b3\u4f26\u65af","author_link":"https:\/\/pecpets.com\/es\/author\/"},"uagb_comment_info":0,"uagb_excerpt":"Custom Pet T-Shirts\u200b Rugby-style pullover polo with a leash hole fits over your pet\u2019s head and has hook-and-loop fasteners for a secure fit. Features a screen-printed Mickey graphic on the back, sleeve details, and faux buttons. Machine-washable in cold water, so your pet\u2019s favorite look stays comfy and cute. Available in six sizes, so most&hellip;","_links":{"self":[{"href":"https:\/\/pecpets.com\/es\/wp-json\/wp\/v2\/product\/22154","targetHints":{"allow":["GET"]}}],"collection":[{"href":"https:\/\/pecpets.com\/es\/wp-json\/wp\/v2\/product"}],"about":[{"href":"https:\/\/pecpets.com\/es\/wp-json\/wp\/v2\/types\/product"}],"wp:featuredmedia":[{"embeddable":true,"href":"https:\/\/pecpets.com\/es\/wp-json\/wp\/v2\/media\/22165"}],"wp:attachment":[{"href":"https:\/\/pecpets.com\/es\/wp-json\/wp\/v2\/media?parent=22154"}],"wp:term":[{"taxonomy":"product_brand","embeddable":true,"href":"https:\/\/pecpets.com\/es\/wp-json\/wp\/v2\/product_brand?post=22154"},{"taxonomy":"product_cat","embeddable":true,"href":"https:\/\/pecpets.com\/es\/wp-json\/wp\/v2\/product_cat?post=22154"},{"taxonomy":"product_tag","embeddable":true,"href":"https:\/\/pecpets.com\/es\/wp-json\/wp\/v2\/product_tag?post=22154"}],"curies":[{"name":"wp","href":"https:\/\/api.w.org\/{rel}","templated":true}]}}