{"id":22298,"date":"2025-09-23T10:05:52","date_gmt":"2025-09-23T02:05:52","guid":{"rendered":"https:\/\/pecpets.com\/?post_type=product&#038;p=22298"},"modified":"2025-09-23T10:22:22","modified_gmt":"2025-09-23T02:22:22","slug":"chew-resistant-memory-foam-couch-dog-bed","status":"publish","type":"product","link":"https:\/\/pecpets.com\/es\/product\/chew-resistant-memory-foam-couch-dog-bed\/","title":{"rendered":"Cama para perros de espuma con memoria resistente a la masticaci\u00f3n"},"content":{"rendered":"<h2 data-start=\"193\" data-end=\"275\">Chew-Resistant Memory Foam Couch Dog Bed Supplier | Trusted Pet Bed Manufacturer &amp; Luxury Bed Factory<\/h2>\n<p data-start=\"233\" data-end=\"657\">Looking for a durable yet comfortable solution for pets? Our Chew-Resistant Memory Foam Couch Dog Bed is designed to combine orthopedic support with long-lasting materials, making it perfect for wholesale and retail markets.<\/p>\n<p data-start=\"233\" data-end=\"657\">As a trusted Dog Bed manufacturer and leading Dog Bed factory in China, we provide high-quality designs that stand out in both comfort and durability.<\/p>\n<p data-start=\"659\" data-end=\"992\">Whether you are a Dog Bed company, distributor, or retailer, we specialize in Dog Bed bulk and Dog Bed export solutions tailored to your business.<\/p>\n<p data-start=\"659\" data-end=\"992\">With our strong background in Dog Bed ODM and Dog Bed OEM services, we support complete customization, from size and material to Dog Bed private label branding.<\/p>\n<p data-start=\"994\" data-end=\"1308\">As a professional Pet Bed Manufacturer and reliable Luxury Bed Factory, we ensure every Chew-Resistant Memory Foam Couch Dog Bed is made with premium memory foam, chew-resistant covers, and stylish couch-style designs. This makes our beds a top choice for wholesalers, pet shops, and global partners.<\/p>\n<p data-start=\"1310\" data-end=\"1330\"><strong>Why Choose Us<\/strong>:<\/p>\n<ul data-start=\"1331\" data-end=\"1639\">\n<li data-start=\"1331\" data-end=\"1398\">\n<p data-start=\"1333\" data-end=\"1398\">Factory-direct Dog Bed bulk pricing for competitive margins<\/p>\n<\/li>\n<li data-start=\"1399\" data-end=\"1459\">\n<p data-start=\"1401\" data-end=\"1459\">Flexible Dog Bed OEM\/ODM support for custom projects<\/p>\n<\/li>\n<li data-start=\"1460\" data-end=\"1528\">\n<p data-start=\"1462\" data-end=\"1528\">Fast sampling and on-time delivery for Dog Bed export orders<\/p>\n<\/li>\n<li data-start=\"1529\" data-end=\"1639\">\n<p data-start=\"1531\" data-end=\"1639\">Trusted Dog Bed supplier, Dog Bed vendor, and Dog Bed wholesaler with proven quality assurance<\/p>\n<\/li>\n<\/ul>\n<p data-start=\"1641\" data-end=\"1841\">Partner with us to expand your pet product line with premium Chew-Resistant Memory Foam Couch Dog Bed collections. Let our factory expertise and export experience help your brand grow worldwide.<\/p>","protected":false},"excerpt":{"rendered":"<h3>Cama para perros de espuma con memoria resistente a la masticaci\u00f3n<\/h3>\n<p>Con el mismo soporte ortop\u00e9dico y comodidad que hicieron del original un \u00e9xito de ventas, nuestro nuevo y mejorado ToughChew\u00ae Memory Foam Couch Dog Bed ahora tiene una espuma m\u00e1s duradera, refuerzos de altura completa y un dise\u00f1o aerodin\u00e1mico, todo con nuestra cubierta garantizada resistente a los mordiscos.<\/p>\n<p>A su perro le encantar\u00e1 la sensaci\u00f3n de apoyo, y a usted le encantar\u00e1 que distribuya uniformemente su peso, ayudando a aliviar la presi\u00f3n sobre las articulaciones y los m\u00fasculos para promover una mejor circulaci\u00f3n. El coj\u00edn acolchado ofrece a tu perro un lugar suave donde apoyar la cabeza o apoyarse, y est\u00e1 relleno de materiales reciclados 100% para reducir el impacto medioambiental.<\/p>\n<p>Funda de poli\u00e9ster\/poli\u00e9ster reciclado postconsumo. Soporte de nailon. Forro de poli\u00e9ster reciclado postconsumo. Funda lavable a m\u00e1quina. Importada.\u00a0<b>Requiere montaje.<\/b><\/p>\n<table width=\"288\">\n<tbody>\n<tr>\n<td width=\"137\"><span style=\"color: #333333;\">Nombre del producto<\/span><\/td>\n<td width=\"151\"><span style=\"color: #333333;\">Cama para mascotas<\/span><\/td>\n<\/tr>\n<tr>\n<td><span style=\"color: #333333;\">N\u00ba de art\u00edculo<\/span><\/td>\n<td><span style=\"color: #333333;\">P-C3004<\/span><\/td>\n<\/tr>\n<tr>\n<td><span style=\"color: #333333;\">Material<\/span><\/td>\n<td>Algod\u00f3n, poli\u00e9ster, vell\u00f3n<\/td>\n<\/tr>\n<tr>\n<td><span style=\"color: #333333;\">\u00a0Tama\u00f1o y color<\/span><\/td>\n<td><span style=\"color: #333333;\">Personalizado<\/span><\/td>\n<\/tr>\n<tr>\n<td><span style=\"color: #333333;\">\u00a0Plazo de entrega<\/span><\/td>\n<td><span style=\"color: #333333;\">1- 5 d\u00edas para peque\u00f1as cantidades por v\u00eda a\u00e9rea y 30- 35 d\u00edas para grandes cantidades por v\u00eda mar\u00edtima<\/span><\/td>\n<\/tr>\n<\/tbody>\n<\/table>","protected":false},"featured_media":22299,"template":"","meta":{"_seopress_robots_primary_cat":"none","_seopress_titles_title":"Chew-Resistant Memory Foam Couch Dog Bed | China Factory","_seopress_titles_desc":"Looking for Chew-Resistant Memory Foam Couch Dog Bed? we design premium knitwear for pets worldwide. Bulk orders, OEM services. Request free cozy samples today!","_seopress_robots_index":"","_uag_custom_page_level_css":""},"product_brand":[],"product_cat":[349,22],"product_tag":[],"class_list":{"0":"post-22298","1":"product","2":"type-product","3":"status-publish","4":"has-post-thumbnail","6":"product_cat-memory-foam-dog-beds","7":"product_cat-pet-bed","9":"first","10":"instock","11":"shipping-taxable","12":"product-type-simple"},"uagb_featured_image_src":{"full":["https:\/\/pecpets.com\/wp-content\/uploads\/2025\/09\/a398e2d0-b7f6-477e-87dc-efb4e73b997c.jpeg",1280,1280,false],"thumbnail":["https:\/\/pecpets.com\/wp-content\/uploads\/2025\/09\/a398e2d0-b7f6-477e-87dc-efb4e73b997c-150x150.jpeg",150,150,true],"medium":["https:\/\/pecpets.com\/wp-content\/uploads\/2025\/09\/a398e2d0-b7f6-477e-87dc-efb4e73b997c-300x300.jpeg",300,300,true],"medium_large":["https:\/\/pecpets.com\/wp-content\/uploads\/2025\/09\/a398e2d0-b7f6-477e-87dc-efb4e73b997c-768x768.jpeg",768,768,true],"large":["https:\/\/pecpets.com\/wp-content\/uploads\/2025\/09\/a398e2d0-b7f6-477e-87dc-efb4e73b997c-1024x1024.jpeg",800,800,true],"1536x1536":["https:\/\/pecpets.com\/wp-content\/uploads\/2025\/09\/a398e2d0-b7f6-477e-87dc-efb4e73b997c.jpeg",1280,1280,false],"2048x2048":["https:\/\/pecpets.com\/wp-content\/uploads\/2025\/09\/a398e2d0-b7f6-477e-87dc-efb4e73b997c.jpeg",1280,1280,false],"trp-custom-language-flag":["https:\/\/pecpets.com\/wp-content\/uploads\/2025\/09\/a398e2d0-b7f6-477e-87dc-efb4e73b997c-12x12.jpeg",12,12,true],"woocommerce_thumbnail":["https:\/\/pecpets.com\/wp-content\/uploads\/2025\/09\/a398e2d0-b7f6-477e-87dc-efb4e73b997c-300x300.jpeg",300,300,true],"woocommerce_single":["https:\/\/pecpets.com\/wp-content\/uploads\/2025\/09\/a398e2d0-b7f6-477e-87dc-efb4e73b997c-600x600.jpeg",600,600,true],"woocommerce_gallery_thumbnail":["https:\/\/pecpets.com\/wp-content\/uploads\/2025\/09\/a398e2d0-b7f6-477e-87dc-efb4e73b997c-100x100.jpeg",100,100,true]},"uagb_author_info":{"display_name":"Lawrence\u00a0\u52b3\u4f26\u65af","author_link":"https:\/\/pecpets.com\/es\/author\/"},"uagb_comment_info":0,"uagb_excerpt":"Chew-Resistant Memory Foam Couch Dog Bed With the same orthopedic support and comfort that made the original a best seller, our new and improved ToughChew\u00ae Memory Foam Couch Dog Bed now has a longer-lasting foam, full-height bolsters, and a streamlined design\u2014all with our guaranteed chew-resistant cover. Your dog will love the supportive feel, and you\u2019ll&hellip;","_links":{"self":[{"href":"https:\/\/pecpets.com\/es\/wp-json\/wp\/v2\/product\/22298","targetHints":{"allow":["GET"]}}],"collection":[{"href":"https:\/\/pecpets.com\/es\/wp-json\/wp\/v2\/product"}],"about":[{"href":"https:\/\/pecpets.com\/es\/wp-json\/wp\/v2\/types\/product"}],"wp:featuredmedia":[{"embeddable":true,"href":"https:\/\/pecpets.com\/es\/wp-json\/wp\/v2\/media\/22299"}],"wp:attachment":[{"href":"https:\/\/pecpets.com\/es\/wp-json\/wp\/v2\/media?parent=22298"}],"wp:term":[{"taxonomy":"product_brand","embeddable":true,"href":"https:\/\/pecpets.com\/es\/wp-json\/wp\/v2\/product_brand?post=22298"},{"taxonomy":"product_cat","embeddable":true,"href":"https:\/\/pecpets.com\/es\/wp-json\/wp\/v2\/product_cat?post=22298"},{"taxonomy":"product_tag","embeddable":true,"href":"https:\/\/pecpets.com\/es\/wp-json\/wp\/v2\/product_tag?post=22298"}],"curies":[{"name":"wp","href":"https:\/\/api.w.org\/{rel}","templated":true}]}}