{"id":22422,"date":"2025-09-29T09:32:56","date_gmt":"2025-09-29T01:32:56","guid":{"rendered":"https:\/\/pecpets.com\/?post_type=product&#038;p=22422"},"modified":"2025-10-07T09:33:04","modified_gmt":"2025-10-07T01:33:04","slug":"elevated-dog-bed","status":"publish","type":"product","link":"https:\/\/pecpets.com\/es\/product\/elevated-dog-bed\/","title":{"rendered":"Cama elevada para perros"},"content":{"rendered":"<h2 data-start=\"107\" data-end=\"201\">Cama elevada para perros - Dise\u00f1o duradero por el fabricante de camas para mascotas y f\u00e1brica de camas de lujo<\/h2>\n<p data-start=\"199\" data-end=\"513\">Descubra la comodidad y durabilidad de nuestra cama elevada para perros, dise\u00f1ada para mascotas que necesitan una mejor circulaci\u00f3n del aire, alivio de las articulaciones y facilidad de uso en cualquier condici\u00f3n meteorol\u00f3gica.<\/p>\n<p data-start=\"199\" data-end=\"513\">Como fabricante de confianza de la cama del perro y de la f\u00e1brica profesional de la cama de lujo en la cama del perro China, creamos los dise\u00f1os funcionales que combinan fuerza con estilo.<\/p>\n<p data-start=\"515\" data-end=\"816\">Nuestra empresa Dog Bed est\u00e1 especializada en la producci\u00f3n de alta calidad de Cama para perros al por mayor y en la exportaci\u00f3n de Cama para perros a todo el mundo, garantizando una calidad constante y un suministro a tiempo.<\/p>\n<p data-start=\"515\" data-end=\"816\">Construidos en nuestra avanzada f\u00e1brica de camas para perros, cada producto cuenta con un soporte elevado que mantiene a los perros frescos, secos y c\u00f3modos.<\/p>\n<p data-start=\"818\" data-end=\"1115\">Ofrecemos personalizaci\u00f3n completa con servicios ODM y OEM de camas para perros, ayudando a las marcas a lanzar colecciones \u00fanicas de marca propia de camas para perros.<\/p>\n<p data-start=\"818\" data-end=\"1115\">Tanto si es proveedor de camas para perros, vendedor de camas para perros o mayorista de camas para perros, le ofrecemos soluciones escalables para satisfacer las diversas demandas del mercado.<\/p>\n<p data-start=\"1117\" data-end=\"1358\">As\u00f3ciese con un fabricante fiable de camas para perros para hacer crecer su negocio. Desde el suministro a granel de camas para perros hasta servicios OEM\/ODM personalizados, nuestra l\u00ednea de camas elevadas para perros ofrece un confort de primera calidad para las mascotas y oportunidades rentables para su marca.<\/p>","protected":false},"excerpt":{"rendered":"<h3>Cama elevada para perros<\/h3>\n<ul>\n<li>\n<p data-start=\"62\" data-end=\"84\"><strong data-start=\"62\" data-end=\"82\">Confort elevado<\/strong><\/p>\n<ul data-start=\"85\" data-end=\"236\">\n<li data-start=\"85\" data-end=\"140\">\n<p data-start=\"87\" data-end=\"140\">Tejido de poli\u00e9ster 100%, m\u00e1s suave que la malla o el pl\u00e1stico.<\/p>\n<\/li>\n<li data-start=\"141\" data-end=\"200\">\n<p data-start=\"143\" data-end=\"200\">Altura de 7\u2033 con tejido transpirable para que circule el aire en verano.<\/p>\n<\/li>\n<li data-start=\"201\" data-end=\"236\">\n<p data-start=\"203\" data-end=\"236\">Conserva el calor para los d\u00edas m\u00e1s frescos.<\/p>\n<\/li>\n<\/ul>\n<p data-start=\"238\" data-end=\"256\"><strong data-start=\"238\" data-end=\"254\">Dise\u00f1o inteligente<\/strong><\/p>\n<ul data-start=\"257\" data-end=\"387\">\n<li data-start=\"257\" data-end=\"305\">\n<p data-start=\"259\" data-end=\"305\">Asiento ancho y estable con almohadones de apoyo.<\/p>\n<\/li>\n<li data-start=\"306\" data-end=\"356\">\n<p data-start=\"308\" data-end=\"356\">Tejido resistente al agua y al desgarro, pies antideslizantes.<\/p>\n<\/li>\n<li data-start=\"357\" data-end=\"387\">\n<p data-start=\"359\" data-end=\"387\">Funda protectora incluida.<\/p>\n<\/li>\n<\/ul>\n<\/li>\n<\/ul>\n<h3 data-start=\"653\" data-end=\"664\">Tallas<\/h3>\n<ul data-start=\"665\" data-end=\"721\">\n<li data-start=\"665\" data-end=\"694\">\n<p data-start=\"667\" data-end=\"694\"><strong data-start=\"667\" data-end=\"677\">Grande:<\/strong> 39\u2033 x 42\u2033 x 7\u2033<\/p>\n<\/li>\n<li data-start=\"695\" data-end=\"721\">\n<p data-start=\"697\" data-end=\"721\"><strong data-start=\"697\" data-end=\"704\">XL:<\/strong> 47\u2033 x 43\u2033 x 7\u2033<\/p>\n<\/li>\n<\/ul>\n<table width=\"288\">\n<tbody>\n<tr>\n<td width=\"137\"><span style=\"color: #333333;\">Nombre del producto<\/span><\/td>\n<td width=\"151\"><span style=\"color: #333333;\">Cama para mascotas<\/span><\/td>\n<\/tr>\n<tr>\n<td><span style=\"color: #333333;\">N\u00ba de art\u00edculo<\/span><\/td>\n<td><span style=\"color: #333333;\">P-C3013<\/span><\/td>\n<\/tr>\n<tr>\n<td><span style=\"color: #333333;\">Material<\/span><\/td>\n<td>Algod\u00f3n, poli\u00e9ster, vell\u00f3n<\/td>\n<\/tr>\n<tr>\n<td><span style=\"color: #333333;\">\u00a0Tama\u00f1o y color<\/span><\/td>\n<td><span style=\"color: #333333;\">Personalizado<\/span><\/td>\n<\/tr>\n<tr>\n<td><span style=\"color: #333333;\">\u00a0Plazo de entrega<\/span><\/td>\n<td><span style=\"color: #333333;\">1- 5 d\u00edas para peque\u00f1as cantidades por v\u00eda a\u00e9rea y 30- 35 d\u00edas para grandes cantidades por v\u00eda mar\u00edtima<\/span><\/td>\n<\/tr>\n<\/tbody>\n<\/table>","protected":false},"featured_media":22425,"template":"","meta":{"_seopress_robots_primary_cat":"none","_seopress_titles_title":"Elevated Dog Bed | China Pet Bed Manufacturer","_seopress_titles_desc":"Looking for Elevated Dog Bed? we design premium knitwear for pets worldwide. Bulk orders, OEM services. Request free cozy samples today!","_seopress_robots_index":"","_seopress_analysis_target_kw":"Elevated Dog Bed","_uag_custom_page_level_css":""},"product_brand":[],"product_cat":[348,22],"product_tag":[],"class_list":{"0":"post-22422","1":"product","2":"type-product","3":"status-publish","4":"has-post-thumbnail","6":"product_cat-chew-resistant-dog-beds","7":"product_cat-pet-bed","9":"first","10":"instock","11":"shipping-taxable","12":"product-type-simple"},"uagb_featured_image_src":{"full":["https:\/\/pecpets.com\/wp-content\/uploads\/2025\/09\/268309__69309.jpg",1280,1280,false],"thumbnail":["https:\/\/pecpets.com\/wp-content\/uploads\/2025\/09\/268309__69309-150x150.jpg",150,150,true],"medium":["https:\/\/pecpets.com\/wp-content\/uploads\/2025\/09\/268309__69309-300x300.jpg",300,300,true],"medium_large":["https:\/\/pecpets.com\/wp-content\/uploads\/2025\/09\/268309__69309-768x768.jpg",768,768,true],"large":["https:\/\/pecpets.com\/wp-content\/uploads\/2025\/09\/268309__69309-1024x1024.jpg",800,800,true],"1536x1536":["https:\/\/pecpets.com\/wp-content\/uploads\/2025\/09\/268309__69309.jpg",1280,1280,false],"2048x2048":["https:\/\/pecpets.com\/wp-content\/uploads\/2025\/09\/268309__69309.jpg",1280,1280,false],"trp-custom-language-flag":["https:\/\/pecpets.com\/wp-content\/uploads\/2025\/09\/268309__69309-12x12.jpg",12,12,true],"woocommerce_thumbnail":["https:\/\/pecpets.com\/wp-content\/uploads\/2025\/09\/268309__69309-300x300.jpg",300,300,true],"woocommerce_single":["https:\/\/pecpets.com\/wp-content\/uploads\/2025\/09\/268309__69309-600x600.jpg",600,600,true],"woocommerce_gallery_thumbnail":["https:\/\/pecpets.com\/wp-content\/uploads\/2025\/09\/268309__69309-100x100.jpg",100,100,true]},"uagb_author_info":{"display_name":"Lawrence\u00a0\u52b3\u4f26\u65af","author_link":"https:\/\/pecpets.com\/es\/author\/"},"uagb_comment_info":0,"uagb_excerpt":"Elevated Dog Bed Elevated Comfort 100% polyester fabric, softer than mesh or plastic. 7\" height with breathable fabric for airflow in summer. Retains warmth for cooler days. Smart Design Stable wide stance with supportive bolsters. Water- &amp; tear-resistant fabric, non-skid feet. Protective cover included. Sizes Large: 39\" x 42\" x 7\" XL: 47\" x 43\"&hellip;","_links":{"self":[{"href":"https:\/\/pecpets.com\/es\/wp-json\/wp\/v2\/product\/22422","targetHints":{"allow":["GET"]}}],"collection":[{"href":"https:\/\/pecpets.com\/es\/wp-json\/wp\/v2\/product"}],"about":[{"href":"https:\/\/pecpets.com\/es\/wp-json\/wp\/v2\/types\/product"}],"wp:featuredmedia":[{"embeddable":true,"href":"https:\/\/pecpets.com\/es\/wp-json\/wp\/v2\/media\/22425"}],"wp:attachment":[{"href":"https:\/\/pecpets.com\/es\/wp-json\/wp\/v2\/media?parent=22422"}],"wp:term":[{"taxonomy":"product_brand","embeddable":true,"href":"https:\/\/pecpets.com\/es\/wp-json\/wp\/v2\/product_brand?post=22422"},{"taxonomy":"product_cat","embeddable":true,"href":"https:\/\/pecpets.com\/es\/wp-json\/wp\/v2\/product_cat?post=22422"},{"taxonomy":"product_tag","embeddable":true,"href":"https:\/\/pecpets.com\/es\/wp-json\/wp\/v2\/product_tag?post=22422"}],"curies":[{"name":"wp","href":"https:\/\/api.w.org\/{rel}","templated":true}]}}