{"id":22596,"date":"2025-10-08T09:34:37","date_gmt":"2025-10-08T01:34:37","guid":{"rendered":"https:\/\/pecpets.com\/?post_type=product&#038;p=22596"},"modified":"2025-10-08T10:47:31","modified_gmt":"2025-10-08T02:47:31","slug":"dog-beds-for-large","status":"publish","type":"product","link":"https:\/\/pecpets.com\/es\/product\/dog-beds-for-large\/","title":{"rendered":"Camas para perros grandes"},"content":{"rendered":"<h2 data-start=\"91\" data-end=\"196\">Camas de perro Premium para razas grandes | Fabricante de camas para mascotas y f\u00e1brica de camas de lujo en China<\/h2>\n<p data-start=\"216\" data-end=\"496\">\u00bfBusca camas de alta calidad para mascotas grandes?<\/p>\n<p data-start=\"216\" data-end=\"496\">Como fabricante de confianza de camas para mascotas y f\u00e1brica de camas de lujo en China, nos especializamos en\u00a0<span style=\"box-sizing: border-box; margin: 0px; padding: 0px;\">producci\u00f3n a granel de camas para perros, ofreciendo<\/span>\u00a0Servicios OEM, ODM y de marca blanca.<\/p>\n<p data-start=\"216\" data-end=\"496\">Nuestra f\u00e1brica de camas para perros garantiza camas duraderas, acogedoras y elegantes, dise\u00f1adas para ofrecer comodidad y longevidad.<\/p>\n<p data-start=\"216\" data-end=\"496\">Si usted es un proveedor, mayorista, vendedor o empresa internacional de Cama para perro, apoyamos los pedidos globales de exportaci\u00f3n de Cama para perro.<\/p>\n<p data-start=\"216\" data-end=\"496\">As\u00f3ciese con un fabricante l\u00edder de camas para perros y experto en camas para perros en China para hacer crecer su l\u00ednea de productos para mascotas con confianza.<\/p>","protected":false},"excerpt":{"rendered":"<h3>Camas para perros grandes<\/h3>\n<ul>\n<li>Tejido de terciopelo acolchado de alta calidad que cubre toda la cama. El acolchado del tejido tiene la ventaja a\u00f1adida de reforzarlo gracias a la segunda capa de tejido del reverso.<\/li>\n<li>Almohada acolchada gruesa<\/li>\n<li>Exterior totalmente lavable a m\u00e1quina para una m\u00e1xima comodidad<\/li>\n<li>Perfecto para esos perros que se acurrucan, pellizcan las mantas, se cuelan en la cama y secuestran el sof\u00e1.<\/li>\n<li>Dise\u00f1o nuevo y mejorado. La capucha tiene una pieza de espuma extra\u00edble, que crea una c\u00e1scara externa endurecida<\/li>\n<\/ul>\n<table width=\"288\">\n<tbody>\n<tr>\n<td width=\"137\"><span style=\"color: #333333;\">Nombre del producto<\/span><\/td>\n<td width=\"151\"><span style=\"color: #333333;\">Cama para mascotas<\/span><\/td>\n<\/tr>\n<tr>\n<td><span style=\"color: #333333;\">N\u00ba de art\u00edculo<\/span><\/td>\n<td><span style=\"color: #333333;\">P-C3020<\/span><\/td>\n<\/tr>\n<tr>\n<td><span style=\"color: #333333;\">Material<\/span><\/td>\n<td>Algod\u00f3n, poli\u00e9ster, vell\u00f3n<\/td>\n<\/tr>\n<tr>\n<td><span style=\"color: #333333;\">\u00a0Tama\u00f1o y color<\/span><\/td>\n<td><span style=\"color: #333333;\">Personalizable<\/span><\/td>\n<\/tr>\n<tr>\n<td><span style=\"color: #333333;\">\u00a0Plazo de entrega<\/span><\/td>\n<td><span style=\"color: #333333;\">1- 5 d\u00edas para peque\u00f1as cantidades por v\u00eda a\u00e9rea y 30- 35 d\u00edas para grandes cantidades por v\u00eda mar\u00edtima<\/span><\/td>\n<\/tr>\n<\/tbody>\n<\/table>","protected":false},"featured_media":22621,"template":"","meta":{"_seopress_robots_primary_cat":"none","_seopress_titles_title":"Dog Beds for Large | China Pet Bed Manufacturer","_seopress_titles_desc":"Looking for Dog Beds for Large? we design premium knitwear for pets worldwide. Bulk orders, OEM services. Request free cozy samples today!","_seopress_robots_index":"","_uag_custom_page_level_css":""},"product_brand":[],"product_cat":[349,22],"product_tag":[],"class_list":{"0":"post-22596","1":"product","2":"type-product","3":"status-publish","4":"has-post-thumbnail","6":"product_cat-memory-foam-dog-beds","7":"product_cat-pet-bed","9":"first","10":"instock","11":"shipping-taxable","12":"product-type-simple"},"uagb_featured_image_src":{"full":["https:\/\/pecpets.com\/wp-content\/uploads\/2025\/10\/69187c7a-7ab4-43ff-8ea9-6d000e2cb5d7.jpg",700,700,false],"thumbnail":["https:\/\/pecpets.com\/wp-content\/uploads\/2025\/10\/69187c7a-7ab4-43ff-8ea9-6d000e2cb5d7-150x150.jpg",150,150,true],"medium":["https:\/\/pecpets.com\/wp-content\/uploads\/2025\/10\/69187c7a-7ab4-43ff-8ea9-6d000e2cb5d7-300x300.jpg",300,300,true],"medium_large":["https:\/\/pecpets.com\/wp-content\/uploads\/2025\/10\/69187c7a-7ab4-43ff-8ea9-6d000e2cb5d7.jpg",700,700,false],"large":["https:\/\/pecpets.com\/wp-content\/uploads\/2025\/10\/69187c7a-7ab4-43ff-8ea9-6d000e2cb5d7.jpg",700,700,false],"1536x1536":["https:\/\/pecpets.com\/wp-content\/uploads\/2025\/10\/69187c7a-7ab4-43ff-8ea9-6d000e2cb5d7.jpg",700,700,false],"2048x2048":["https:\/\/pecpets.com\/wp-content\/uploads\/2025\/10\/69187c7a-7ab4-43ff-8ea9-6d000e2cb5d7.jpg",700,700,false],"trp-custom-language-flag":["https:\/\/pecpets.com\/wp-content\/uploads\/2025\/10\/69187c7a-7ab4-43ff-8ea9-6d000e2cb5d7-12x12.jpg",12,12,true],"woocommerce_thumbnail":["https:\/\/pecpets.com\/wp-content\/uploads\/2025\/10\/69187c7a-7ab4-43ff-8ea9-6d000e2cb5d7-300x300.jpg",300,300,true],"woocommerce_single":["https:\/\/pecpets.com\/wp-content\/uploads\/2025\/10\/69187c7a-7ab4-43ff-8ea9-6d000e2cb5d7-600x600.jpg",600,600,true],"woocommerce_gallery_thumbnail":["https:\/\/pecpets.com\/wp-content\/uploads\/2025\/10\/69187c7a-7ab4-43ff-8ea9-6d000e2cb5d7-100x100.jpg",100,100,true]},"uagb_author_info":{"display_name":"Lawrence\u00a0\u52b3\u4f26\u65af","author_link":"https:\/\/pecpets.com\/es\/author\/"},"uagb_comment_info":0,"uagb_excerpt":"Dog Beds for Large High quilted Velour, upholstery-grade fabric covering the whole bed. Quilting the fabric has the added benefit of strengthening it due to the 2nd layer of fabric on the reverse Thick padded bolster pillow Fully machine-washable outer for maximum convenience Perfect for those dogs who snuggle, pinch blankets, sneak into bed, and&hellip;","_links":{"self":[{"href":"https:\/\/pecpets.com\/es\/wp-json\/wp\/v2\/product\/22596","targetHints":{"allow":["GET"]}}],"collection":[{"href":"https:\/\/pecpets.com\/es\/wp-json\/wp\/v2\/product"}],"about":[{"href":"https:\/\/pecpets.com\/es\/wp-json\/wp\/v2\/types\/product"}],"wp:featuredmedia":[{"embeddable":true,"href":"https:\/\/pecpets.com\/es\/wp-json\/wp\/v2\/media\/22621"}],"wp:attachment":[{"href":"https:\/\/pecpets.com\/es\/wp-json\/wp\/v2\/media?parent=22596"}],"wp:term":[{"taxonomy":"product_brand","embeddable":true,"href":"https:\/\/pecpets.com\/es\/wp-json\/wp\/v2\/product_brand?post=22596"},{"taxonomy":"product_cat","embeddable":true,"href":"https:\/\/pecpets.com\/es\/wp-json\/wp\/v2\/product_cat?post=22596"},{"taxonomy":"product_tag","embeddable":true,"href":"https:\/\/pecpets.com\/es\/wp-json\/wp\/v2\/product_tag?post=22596"}],"curies":[{"name":"wp","href":"https:\/\/api.w.org\/{rel}","templated":true}]}}