{"id":22695,"date":"2025-10-10T09:21:52","date_gmt":"2025-10-10T01:21:52","guid":{"rendered":"https:\/\/pecpets.com\/?post_type=product&#038;p=22695"},"modified":"2025-10-13T16:58:40","modified_gmt":"2025-10-13T08:58:40","slug":"raised-dog-bed","status":"publish","type":"product","link":"https:\/\/pecpets.com\/es\/product\/raised-dog-bed\/","title":{"rendered":"Cama elevada para perros"},"content":{"rendered":"<h2 data-start=\"91\" data-end=\"196\">Cama elevada para perros de Pet Bed Manufacturer &amp; Luxury Bed Factory<\/h2>\n<p data-start=\"216\" data-end=\"496\">Mejore la comodidad de su mascota con nuestra cama elevada para perros de primera calidad, dise\u00f1ada para ofrecer durabilidad, ventilaci\u00f3n y uso en todas las estaciones.<\/p>\n<p data-start=\"216\" data-end=\"496\">Como fabricante de confianza de camas para mascotas y f\u00e1brica de camas de lujo, producimos camas elevadas para perros de alta calidad perfectas para interiores y exteriores.<\/p>\n<p data-start=\"216\" data-end=\"496\">Nuestra f\u00e1brica de camas para perros en China est\u00e1 especializada en la producci\u00f3n OEM, ODM y de marca propia, ayudando a marcas y minoristas a crear l\u00edneas de camas para mascotas \u00fanicas.<\/p>\n<p data-start=\"216\" data-end=\"496\">Tanto si busca Cama para perro a granel como si prefiere asociarse con un proveedor de Cama para perro, un fabricante de Cama para perro o un mayorista de Cama para perro de confianza, le ofrecemos servicios de exportaci\u00f3n de Cama para perro de calidad constante y a tiempo en todo el mundo.<\/p>\n<p data-start=\"216\" data-end=\"496\">Elija una empresa profesional de camas para perros y un proveedor de camas para perros que se centre en la innovaci\u00f3n, la comodidad y la artesan\u00eda: elija nuestra colecci\u00f3n de camas elevadas para perros para elevar su gama de productos.<\/p>","protected":false},"excerpt":{"rendered":"<h3>Cama elevada para perros<\/h3>\n<ul>\n<li><strong>Robusta estructura en cruz:<\/strong>\u00a0Esta cama elevada para mascotas est\u00e1 fabricada con un duradero armaz\u00f3n transversal de aleaci\u00f3n de aluminio, que garantiza una estabilidad y un soporte duraderos. El dise\u00f1o de patas antideslizantes la mantiene firmemente en su sitio, ofreciendo un lugar de descanso seguro para su mascota, ya sea en casa o de viaje.<\/li>\n<li><strong>Tejido c\u00f3modo y transpirable:<\/strong>\u00a0Con una parte superior de felpa hecha de lana de cordero sint\u00e9tica de alta calidad, la cama proporciona un calor superior y comodidad para su amigo peludo. Su dise\u00f1o transpirable evita el sobrecalentamiento y mantiene a tu mascota c\u00f3moda en cualquier estaci\u00f3n.<\/li>\n<li><strong>Base de tejido Oxford duradero:<\/strong>\u00a0La base est\u00e1 fabricada con tejido Oxford 600D resistente a los ara\u00f1azos, que ofrece una excelente durabilidad y protecci\u00f3n contra garras y mordiscos afilados. Tambi\u00e9n es resistente al agua, por lo que es ideal tanto para interiores como para exteriores.<\/li>\n<li><strong>Dise\u00f1o plegable y port\u00e1til:<\/strong>\u00a0Dise\u00f1ada para mayor comodidad, esta cama se pliega f\u00e1cilmente para guardarla o transportarla de forma compacta. Tanto si vas al parque, de acampada o simplemente a un lugar cerrado, el montaje y desmontaje son r\u00e1pidos y sencillos.<\/li>\n<li><strong>Perfecto para uso interior y exterior:<\/strong>\u00a0Tanto si la coloca en el sal\u00f3n de su casa como en un camping, esta cama ofrece un espacio acogedor y seguro para que su mascota se relaje y desconecte.<\/li>\n<\/ul>\n<table width=\"288\">\n<tbody>\n<tr>\n<td width=\"137\"><span style=\"color: #333333;\">Nombre del producto<\/span><\/td>\n<td width=\"151\"><span style=\"color: #333333;\">Cama para mascotas<\/span><\/td>\n<\/tr>\n<tr>\n<td><span style=\"color: #333333;\">N\u00ba de art\u00edculo<\/span><\/td>\n<td><span style=\"color: #333333;\">P-C3023<\/span><\/td>\n<\/tr>\n<tr>\n<td><span style=\"color: #333333;\">Material<\/span><\/td>\n<td>Algod\u00f3n, poli\u00e9ster, vell\u00f3n<\/td>\n<\/tr>\n<tr>\n<td><span style=\"color: #333333;\">\u00a0Tama\u00f1o y color<\/span><\/td>\n<td><span style=\"color: #333333;\">Personalizable<\/span><\/td>\n<\/tr>\n<tr>\n<td><span style=\"color: #333333;\">\u00a0Plazo de entrega<\/span><\/td>\n<td><span style=\"color: #333333;\">1- 5 d\u00edas para peque\u00f1as cantidades por v\u00eda a\u00e9rea y 30- 35 d\u00edas para grandes cantidades por v\u00eda mar\u00edtima<\/span><\/td>\n<\/tr>\n<\/tbody>\n<\/table>","protected":false},"featured_media":22703,"template":"","meta":{"_seopress_robots_primary_cat":"none","_seopress_titles_title":"Raised Dog Bed | China Pet Bed Manufacturer","_seopress_titles_desc":"Looking for Raised Dog Bed? we design premium knitwear for pets worldwide. Bulk orders, OEM services. Request free cozy samples today!","_seopress_robots_index":"","_uag_custom_page_level_css":""},"product_brand":[],"product_cat":[22,350],"product_tag":[],"class_list":{"0":"post-22695","1":"product","2":"type-product","3":"status-publish","4":"has-post-thumbnail","6":"product_cat-pet-bed","7":"product_cat-portable-dog-beds","9":"first","10":"instock","11":"shipping-taxable","12":"product-type-simple"},"uagb_featured_image_src":{"full":["https:\/\/pecpets.com\/wp-content\/uploads\/2025\/10\/SDFSADFASDF-1.jpeg",1000,1000,false],"thumbnail":["https:\/\/pecpets.com\/wp-content\/uploads\/2025\/10\/SDFSADFASDF-1-150x150.jpeg",150,150,true],"medium":["https:\/\/pecpets.com\/wp-content\/uploads\/2025\/10\/SDFSADFASDF-1-300x300.jpeg",300,300,true],"medium_large":["https:\/\/pecpets.com\/wp-content\/uploads\/2025\/10\/SDFSADFASDF-1-768x768.jpeg",768,768,true],"large":["https:\/\/pecpets.com\/wp-content\/uploads\/2025\/10\/SDFSADFASDF-1.jpeg",800,800,false],"1536x1536":["https:\/\/pecpets.com\/wp-content\/uploads\/2025\/10\/SDFSADFASDF-1.jpeg",1000,1000,false],"2048x2048":["https:\/\/pecpets.com\/wp-content\/uploads\/2025\/10\/SDFSADFASDF-1.jpeg",1000,1000,false],"trp-custom-language-flag":["https:\/\/pecpets.com\/wp-content\/uploads\/2025\/10\/SDFSADFASDF-1-12x12.jpeg",12,12,true],"woocommerce_thumbnail":["https:\/\/pecpets.com\/wp-content\/uploads\/2025\/10\/SDFSADFASDF-1-300x300.jpeg",300,300,true],"woocommerce_single":["https:\/\/pecpets.com\/wp-content\/uploads\/2025\/10\/SDFSADFASDF-1-600x600.jpeg",600,600,true],"woocommerce_gallery_thumbnail":["https:\/\/pecpets.com\/wp-content\/uploads\/2025\/10\/SDFSADFASDF-1-100x100.jpeg",100,100,true]},"uagb_author_info":{"display_name":"Lawrence\u00a0\u52b3\u4f26\u65af","author_link":"https:\/\/pecpets.com\/es\/author\/"},"uagb_comment_info":0,"uagb_excerpt":"Raised Dog Bed Sturdy Cross-Frame Structure:\u00a0This elevated pet bed is built with a durable aluminum alloy cross-frame, ensuring long-lasting stability and support. The anti-slip feet design keeps it securely in place, offering a safe resting spot for your pet, whether at home or on the go. Comfortable &amp; Breathable Fabric:\u00a0Featuring a plush top made with&hellip;","_links":{"self":[{"href":"https:\/\/pecpets.com\/es\/wp-json\/wp\/v2\/product\/22695","targetHints":{"allow":["GET"]}}],"collection":[{"href":"https:\/\/pecpets.com\/es\/wp-json\/wp\/v2\/product"}],"about":[{"href":"https:\/\/pecpets.com\/es\/wp-json\/wp\/v2\/types\/product"}],"wp:featuredmedia":[{"embeddable":true,"href":"https:\/\/pecpets.com\/es\/wp-json\/wp\/v2\/media\/22703"}],"wp:attachment":[{"href":"https:\/\/pecpets.com\/es\/wp-json\/wp\/v2\/media?parent=22695"}],"wp:term":[{"taxonomy":"product_brand","embeddable":true,"href":"https:\/\/pecpets.com\/es\/wp-json\/wp\/v2\/product_brand?post=22695"},{"taxonomy":"product_cat","embeddable":true,"href":"https:\/\/pecpets.com\/es\/wp-json\/wp\/v2\/product_cat?post=22695"},{"taxonomy":"product_tag","embeddable":true,"href":"https:\/\/pecpets.com\/es\/wp-json\/wp\/v2\/product_tag?post=22695"}],"curies":[{"name":"wp","href":"https:\/\/api.w.org\/{rel}","templated":true}]}}