{"id":22749,"date":"2025-10-14T08:51:36","date_gmt":"2025-10-14T00:51:36","guid":{"rendered":"https:\/\/pecpets.com\/?post_type=product&#038;p=22749"},"modified":"2025-10-14T09:18:48","modified_gmt":"2025-10-14T01:18:48","slug":"cooling-dog-bed","status":"publish","type":"product","link":"https:\/\/pecpets.com\/es\/product\/cooling-dog-bed\/","title":{"rendered":"Cama refrescante para perros"},"content":{"rendered":"<h2 data-start=\"91\" data-end=\"196\">Cama refrescante para perros de Pet Bed Manufacturer &amp; Luxury Bed Factory<\/h2>\n<p data-start=\"216\" data-end=\"496\">Adel\u00e1ntese a la demanda veraniega con nuestra cama refrescante para perros, perfecta para mantener a las mascotas relajadas y c\u00f3modas cuando hace calor.<\/p>\n<p data-start=\"216\" data-end=\"496\">Como fabricante de confianza de camas para mascotas y f\u00e1brica de camas de lujo, dise\u00f1amos camas refrigerantes de primera calidad para perros que combinan materiales transpirables, tejidos que regulan la temperatura y una fabricaci\u00f3n duradera.<\/p>\n<p data-start=\"216\" data-end=\"496\">Ideal para pedidos al por mayor y exportaci\u00f3n de camas para perros, nuestros productos se fabrican en China con un estricto control de calidad.<\/p>\n<p data-start=\"216\" data-end=\"496\">Tanto si es una empresa de camas para perros, un proveedor de camas para perros o un mayorista de camas para perros, le ofrecemos un servicio completo de OEM de camas para perros, ODM de camas para perros y soluciones de marca blanca de camas para perros.<\/p>\n<p data-start=\"216\" data-end=\"496\">As\u00f3ciese con un fabricante l\u00edder de camas para perros, un proveedor de camas para perros y una f\u00e1brica de camas para perros para ampliar su l\u00ednea de productos con camas refrigerantes para perros de alto rendimiento dise\u00f1adas para ofrecer comodidad, durabilidad y estilo.<\/p>","protected":false},"excerpt":{"rendered":"<h3>Cama refrescante para perros<\/h3>\n<div class=\"ecom-block ecom-core core__block ecom-s8cxmzenaj\" data-core-is=\"block\">\n<div class=\"ecom__element ecom-element element__text\" data-stopdrag=\"\">\n<p>Mime a su querida mascota con el pin\u00e1culo del lujo: nuestra cama para perros Ice Silk Cooling. Este elegante y c\u00f3modo sof\u00e1-cama para perros combina un dise\u00f1o elegante con el m\u00e1ximo confort para que tu mascota disfrute de una fresca serenidad durante todo el a\u00f1o.<\/p>\n<p><strong>Relajaci\u00f3n refinada:<\/strong>\u00a0Nuestra cama est\u00e1 tejida con tela de seda helada de primera calidad, que ofrece un santuario refrescante en los d\u00edas m\u00e1s calurosos. Aqu\u00ed, las mascotas encuentran su lugar feliz, disfrutando de la calma lejos del ajetreo y el bullicio.<\/p>\n<p><strong>Elegante dise\u00f1o inspirado en un sof\u00e1:<\/strong>\u00a0Este dise\u00f1o no s\u00f3lo llama la atenci\u00f3n, sino que act\u00faa como un rinc\u00f3n acogedor para que las mascotas descansen y se relajen, casi como un peque\u00f1o sof\u00e1 hecho especialmente para ellas.<\/p>\n<p><strong>Esculpido para mayor comodidad:<\/strong>\u00a0Hemos acolchado profusamente la cama para crear una felpa rica y tridimensional que acuna a tu mascota con una comodidad incomparable. Es como si esta cama estuviera hecha a medida para tu peludo amigo, con un dise\u00f1o c\u00f3modo que le proporciona todo el apoyo que necesita para dormir pl\u00e1cidamente.<\/p>\n<p><strong>Dise\u00f1ado para la estabilidad:<\/strong>\u00a0Fabricada para resistir el paso del tiempo, nuestra cama para mascotas presenta una construcci\u00f3n resistente con una base antideslizante que se mantiene firme, sin importar el entusiasmo con el que su mascota salte a su refugio personal.<\/p>\n<p><strong>F\u00e1cil de limpiar:<\/strong>\u00a0La funda extra\u00edble y lavable a m\u00e1quina de nuestra cama para mascotas facilita el orden, garantizando un descanso fresco e higi\u00e9nico para su mascota sin complicaciones.<\/p>\n<\/div>\n<\/div>\n<table width=\"288\">\n<tbody>\n<tr>\n<td width=\"137\"><span style=\"color: #333333;\">Nombre del producto<\/span><\/td>\n<td width=\"151\"><span style=\"color: #333333;\">Cama para mascotas<\/span><\/td>\n<\/tr>\n<tr>\n<td><span style=\"color: #333333;\">N\u00ba de art\u00edculo<\/span><\/td>\n<td><span style=\"color: #333333;\">P-C3026<\/span><\/td>\n<\/tr>\n<tr>\n<td><span style=\"color: #333333;\">Material<\/span><\/td>\n<td>Algod\u00f3n, poli\u00e9ster, vell\u00f3n<\/td>\n<\/tr>\n<tr>\n<td><span style=\"color: #333333;\">\u00a0Tama\u00f1o y color<\/span><\/td>\n<td><span style=\"color: #333333;\">Personalizable<\/span><\/td>\n<\/tr>\n<tr>\n<td><span style=\"color: #333333;\">\u00a0Plazo de entrega<\/span><\/td>\n<td><span style=\"color: #333333;\">1- 5 d\u00edas para peque\u00f1as cantidades por v\u00eda a\u00e9rea y 30- 35 d\u00edas para grandes cantidades por v\u00eda mar\u00edtima<\/span><\/td>\n<\/tr>\n<\/tbody>\n<\/table>","protected":false},"featured_media":22750,"template":"","meta":{"_seopress_robots_primary_cat":"none","_seopress_titles_title":"Cooling Dog Bed | China Pet Bed Manufacturer","_seopress_titles_desc":"Looking for Cooling Dog Bed? we design premium knitwear for pets worldwide. Bulk orders, OEM services. Request free cozy samples today!","_seopress_robots_index":"","_uag_custom_page_level_css":""},"product_brand":[],"product_cat":[347,22],"product_tag":[],"class_list":{"0":"post-22749","1":"product","2":"type-product","3":"status-publish","4":"has-post-thumbnail","6":"product_cat-eco-friendly-dog-beds-pet-bed","7":"product_cat-pet-bed","9":"first","10":"instock","11":"shipping-taxable","12":"product-type-simple"},"uagb_featured_image_src":{"full":["https:\/\/pecpets.com\/wp-content\/uploads\/2025\/10\/2d7b7003-cadf-4c82-97d1-941fc6f8b0f4.jpg",2000,2000,false],"thumbnail":["https:\/\/pecpets.com\/wp-content\/uploads\/2025\/10\/2d7b7003-cadf-4c82-97d1-941fc6f8b0f4-150x150.jpg",150,150,true],"medium":["https:\/\/pecpets.com\/wp-content\/uploads\/2025\/10\/2d7b7003-cadf-4c82-97d1-941fc6f8b0f4-300x300.jpg",300,300,true],"medium_large":["https:\/\/pecpets.com\/wp-content\/uploads\/2025\/10\/2d7b7003-cadf-4c82-97d1-941fc6f8b0f4-768x768.jpg",768,768,true],"large":["https:\/\/pecpets.com\/wp-content\/uploads\/2025\/10\/2d7b7003-cadf-4c82-97d1-941fc6f8b0f4-1024x1024.jpg",800,800,true],"1536x1536":["https:\/\/pecpets.com\/wp-content\/uploads\/2025\/10\/2d7b7003-cadf-4c82-97d1-941fc6f8b0f4-1536x1536.jpg",1536,1536,true],"2048x2048":["https:\/\/pecpets.com\/wp-content\/uploads\/2025\/10\/2d7b7003-cadf-4c82-97d1-941fc6f8b0f4.jpg",2000,2000,false],"trp-custom-language-flag":["https:\/\/pecpets.com\/wp-content\/uploads\/2025\/10\/2d7b7003-cadf-4c82-97d1-941fc6f8b0f4-12x12.jpg",12,12,true],"woocommerce_thumbnail":["https:\/\/pecpets.com\/wp-content\/uploads\/2025\/10\/2d7b7003-cadf-4c82-97d1-941fc6f8b0f4-300x300.jpg",300,300,true],"woocommerce_single":["https:\/\/pecpets.com\/wp-content\/uploads\/2025\/10\/2d7b7003-cadf-4c82-97d1-941fc6f8b0f4-600x600.jpg",600,600,true],"woocommerce_gallery_thumbnail":["https:\/\/pecpets.com\/wp-content\/uploads\/2025\/10\/2d7b7003-cadf-4c82-97d1-941fc6f8b0f4-100x100.jpg",100,100,true]},"uagb_author_info":{"display_name":"Lawrence\u00a0\u52b3\u4f26\u65af","author_link":"https:\/\/pecpets.com\/es\/author\/"},"uagb_comment_info":0,"uagb_excerpt":"Cooling Dog Bed Indulge your cherished pet with the pinnacle of luxury: our Ice Silk Cooling dog Bed. This chic and comfortable dog sofa bed marries sleek design with peak comfort to ensure your pet enjoys cool serenity throughout the seasons. Refined Relaxation:\u00a0Our bed is woven from premium ice silk fabric, offering a refreshingly cool&hellip;","_links":{"self":[{"href":"https:\/\/pecpets.com\/es\/wp-json\/wp\/v2\/product\/22749","targetHints":{"allow":["GET"]}}],"collection":[{"href":"https:\/\/pecpets.com\/es\/wp-json\/wp\/v2\/product"}],"about":[{"href":"https:\/\/pecpets.com\/es\/wp-json\/wp\/v2\/types\/product"}],"wp:featuredmedia":[{"embeddable":true,"href":"https:\/\/pecpets.com\/es\/wp-json\/wp\/v2\/media\/22750"}],"wp:attachment":[{"href":"https:\/\/pecpets.com\/es\/wp-json\/wp\/v2\/media?parent=22749"}],"wp:term":[{"taxonomy":"product_brand","embeddable":true,"href":"https:\/\/pecpets.com\/es\/wp-json\/wp\/v2\/product_brand?post=22749"},{"taxonomy":"product_cat","embeddable":true,"href":"https:\/\/pecpets.com\/es\/wp-json\/wp\/v2\/product_cat?post=22749"},{"taxonomy":"product_tag","embeddable":true,"href":"https:\/\/pecpets.com\/es\/wp-json\/wp\/v2\/product_tag?post=22749"}],"curies":[{"name":"wp","href":"https:\/\/api.w.org\/{rel}","templated":true}]}}