{"id":22905,"date":"2025-10-18T10:04:19","date_gmt":"2025-10-18T02:04:19","guid":{"rendered":"https:\/\/pecpets.com\/?post_type=product&#038;p=22905"},"modified":"2025-10-18T11:12:17","modified_gmt":"2025-10-18T03:12:17","slug":"small-dog-beds","status":"publish","type":"product","link":"https:\/\/pecpets.com\/es\/product\/small-dog-beds\/","title":{"rendered":"Small Dog Beds"},"content":{"rendered":"<h2 data-start=\"91\" data-end=\"196\">Small Dog Beds by Pet Bed Manufacturer &amp; Luxury Bed Factory<\/h2>\n<article class=\"text-token-text-primary w-full focus:outline-none [--shadow-height:45px] has-data-writing-block:pointer-events-none has-data-writing-block:-mt-(--shadow-height) has-data-writing-block:pt-(--shadow-height) [&amp;:has([data-writing-block])&gt;*]:pointer-events-auto [content-visibility:auto] supports-[content-visibility:auto]:[contain-intrinsic-size:auto_100lvh] scroll-mt-[calc(var(--header-height)+min(200px,max(70px,20svh)))]\" dir=\"auto\" tabindex=\"-1\" data-turn-id=\"request-68b559f1-f1bc-8328-a3b0-0e42faba828d-1\" data-testid=\"conversation-turn-100\" data-scroll-anchor=\"true\" data-turn=\"assistant\">\n<div class=\"text-base my-auto mx-auto pb-10 [--thread-content-margin:--spacing(4)] thread-sm:[--thread-content-margin:--spacing(6)] thread-lg:[--thread-content-margin:--spacing(16)] px-(--thread-content-margin)\">\n<div class=\"[--thread-content-max-width:40rem] thread-lg:[--thread-content-max-width:48rem] mx-auto max-w-(--thread-content-max-width) flex-1 group\/turn-messages focus-visible:outline-hidden relative flex w-full min-w-0 flex-col agent-turn\" tabindex=\"-1\">\n<div class=\"flex max-w-full flex-col grow\">\n<div class=\"min-h-8 text-message relative flex w-full flex-col items-end gap-2 text-start break-words whitespace-normal [.text-message+&amp;]:mt-1\" dir=\"auto\" data-message-author-role=\"assistant\" data-message-id=\"a58e287f-5d1f-4b96-a7a9-dc26c8cb0d31\" data-message-model-slug=\"gpt-5\">\n<div class=\"flex w-full flex-col gap-1 empty:hidden first:pt-[1px]\">\n<div class=\"markdown prose dark:prose-invert w-full break-words light markdown-new-styling\">\n<p data-start=\"81\" data-end=\"980\" data-is-last-node=\"\" data-is-only-node=\"\">Discover premium comfort and style with our Small Dog Beds, expertly crafted by a trusted Pet Bed Manufacturer and Luxury Bed Factory in Dog Bed China.<\/p>\n<p data-start=\"81\" data-end=\"980\" data-is-last-node=\"\" data-is-only-node=\"\">Designed for small breeds, each Small Dog Bed combines softness, durability, and support to create a cozy sleeping space.<\/p>\n<p data-start=\"81\" data-end=\"980\" data-is-last-node=\"\" data-is-only-node=\"\">As a professional Dog Bed manufacturer, we offer Dog Bed OEM, Dog Bed ODM, and Dog Bed private label solutions tailored to your brand.<\/p>\n<p data-start=\"81\" data-end=\"980\" data-is-last-node=\"\" data-is-only-node=\"\">Our Dog Bed factory ensures quality production and smooth Dog Bed export for Dog Bed bulk orders worldwide.<\/p>\n<p data-start=\"81\" data-end=\"980\" data-is-last-node=\"\" data-is-only-node=\"\">Whether you\u2019re a Dog Bed company, Dog Bed supplier, Dog Bed vendor, or Dog Bed wholesaler, our Small Dog Beds deliver the perfect blend of comfort, craftsmanship, and customization to meet every market demand.<\/p>\n<\/div>\n<\/div>\n<\/div>\n<\/div>\n<\/div>\n<\/div>\n<\/article>\n","protected":false},"excerpt":{"rendered":"<h3>Small Dog Beds<\/h3>\n<div class=\"ecom-block ecom-core core__block ecom-s8cxmzenaj\" data-core-is=\"block\">\n<div class=\"ecom__element ecom-element element__text\" data-stopdrag=\"\">\n<div class=\"row no-gutters\">\n<div class=\"col-12\">\n<ul>\n<li>Finished in beautiful Velour \u2013 velvety soft but resilient and styled with a contemporary contrast colour pop.<\/li>\n<li>Our upholstery Velour has great eco-credentials, made from 100% recycled polyester yarns.<\/li>\n<li>The bed sides fold down to wash in one piece, making for super easy maintenance.<\/li>\n<li>The Day Bed Mattress in the base of the Deeply Dishy Dog Bed can be lifted out and used as a mattress on its own.<\/li>\n<li>The deep-filled luxury mattress is constructed like a sofa-seat cushion to minimise fibre migration so that the mattress stays soft and supportive over time.<\/li>\n<li>Spare Mattress Covers are available.<\/li>\n<li>Machine washable everything, including the mattress.<\/li>\n<\/ul>\n<\/div>\n<\/div>\n<\/div>\n<\/div>\n<table width=\"288\">\n<tbody>\n<tr>\n<td width=\"137\"><span style=\"color: #333333;\">Nombre del producto<\/span><\/td>\n<td width=\"151\"><span style=\"color: #333333;\">Cama para mascotas<\/span><\/td>\n<\/tr>\n<tr>\n<td><span style=\"color: #333333;\">N\u00ba de art\u00edculo<\/span><\/td>\n<td><span style=\"color: #333333;\">P-C3033<\/span><\/td>\n<\/tr>\n<tr>\n<td><span style=\"color: #333333;\">Material<\/span><\/td>\n<td>Algod\u00f3n, poli\u00e9ster, vell\u00f3n<\/td>\n<\/tr>\n<tr>\n<td><span style=\"color: #333333;\">\u00a0Tama\u00f1o y color<\/span><\/td>\n<td><span style=\"color: #333333;\">Personalizable<\/span><\/td>\n<\/tr>\n<tr>\n<td><span style=\"color: #333333;\">\u00a0Plazo de entrega<\/span><\/td>\n<td><span style=\"color: #333333;\">1- 5 d\u00edas para peque\u00f1as cantidades por v\u00eda a\u00e9rea y 30- 35 d\u00edas para grandes cantidades por v\u00eda mar\u00edtima<\/span><\/td>\n<\/tr>\n<\/tbody>\n<\/table>","protected":false},"featured_media":22907,"template":"","meta":{"_seopress_robots_primary_cat":"none","_seopress_titles_title":"Small Dog Beds | China Pet Bed Manufacturer","_seopress_titles_desc":"Looking for Small Dog Beds? we design premium knitwear for pets worldwide. Bulk orders, OEM services. Request free cozy samples today!","_seopress_robots_index":"","_uag_custom_page_level_css":""},"product_brand":[],"product_cat":[349,22],"product_tag":[],"class_list":{"0":"post-22905","1":"product","2":"type-product","3":"status-publish","4":"has-post-thumbnail","6":"product_cat-memory-foam-dog-beds","7":"product_cat-pet-bed","9":"first","10":"instock","11":"shipping-taxable","12":"product-type-simple"},"uagb_featured_image_src":{"full":["https:\/\/pecpets.com\/wp-content\/uploads\/2025\/10\/Small-Dog-Beds-4.jpg",1065,1065,false],"thumbnail":["https:\/\/pecpets.com\/wp-content\/uploads\/2025\/10\/Small-Dog-Beds-4-150x150.jpg",150,150,true],"medium":["https:\/\/pecpets.com\/wp-content\/uploads\/2025\/10\/Small-Dog-Beds-4-300x300.jpg",300,300,true],"medium_large":["https:\/\/pecpets.com\/wp-content\/uploads\/2025\/10\/Small-Dog-Beds-4-768x768.jpg",768,768,true],"large":["https:\/\/pecpets.com\/wp-content\/uploads\/2025\/10\/Small-Dog-Beds-4-1024x1024.jpg",800,800,true],"1536x1536":["https:\/\/pecpets.com\/wp-content\/uploads\/2025\/10\/Small-Dog-Beds-4.jpg",1065,1065,false],"2048x2048":["https:\/\/pecpets.com\/wp-content\/uploads\/2025\/10\/Small-Dog-Beds-4.jpg",1065,1065,false],"trp-custom-language-flag":["https:\/\/pecpets.com\/wp-content\/uploads\/2025\/10\/Small-Dog-Beds-4-12x12.jpg",12,12,true],"woocommerce_thumbnail":["https:\/\/pecpets.com\/wp-content\/uploads\/2025\/10\/Small-Dog-Beds-4-300x300.jpg",300,300,true],"woocommerce_single":["https:\/\/pecpets.com\/wp-content\/uploads\/2025\/10\/Small-Dog-Beds-4-600x600.jpg",600,600,true],"woocommerce_gallery_thumbnail":["https:\/\/pecpets.com\/wp-content\/uploads\/2025\/10\/Small-Dog-Beds-4-100x100.jpg",100,100,true]},"uagb_author_info":{"display_name":"Lawrence\u00a0\u52b3\u4f26\u65af","author_link":"https:\/\/pecpets.com\/es\/author\/"},"uagb_comment_info":0,"uagb_excerpt":"Small Dog Beds Finished in beautiful Velour \u2013 velvety soft but resilient and styled with a contemporary contrast colour pop. Our upholstery Velour has great eco-credentials, made from 100% recycled polyester yarns. The bed sides fold down to wash in one piece, making for super easy maintenance. The Day Bed Mattress in the base of&hellip;","_links":{"self":[{"href":"https:\/\/pecpets.com\/es\/wp-json\/wp\/v2\/product\/22905","targetHints":{"allow":["GET"]}}],"collection":[{"href":"https:\/\/pecpets.com\/es\/wp-json\/wp\/v2\/product"}],"about":[{"href":"https:\/\/pecpets.com\/es\/wp-json\/wp\/v2\/types\/product"}],"wp:featuredmedia":[{"embeddable":true,"href":"https:\/\/pecpets.com\/es\/wp-json\/wp\/v2\/media\/22907"}],"wp:attachment":[{"href":"https:\/\/pecpets.com\/es\/wp-json\/wp\/v2\/media?parent=22905"}],"wp:term":[{"taxonomy":"product_brand","embeddable":true,"href":"https:\/\/pecpets.com\/es\/wp-json\/wp\/v2\/product_brand?post=22905"},{"taxonomy":"product_cat","embeddable":true,"href":"https:\/\/pecpets.com\/es\/wp-json\/wp\/v2\/product_cat?post=22905"},{"taxonomy":"product_tag","embeddable":true,"href":"https:\/\/pecpets.com\/es\/wp-json\/wp\/v2\/product_tag?post=22905"}],"curies":[{"name":"wp","href":"https:\/\/api.w.org\/{rel}","templated":true}]}}