{"id":23246,"date":"2025-11-04T10:10:04","date_gmt":"2025-11-04T02:10:04","guid":{"rendered":"https:\/\/pecpets.com\/?post_type=product&#038;p=23246"},"modified":"2025-11-04T10:14:10","modified_gmt":"2025-11-04T02:14:10","slug":"kennel-bed-for-dogs","status":"publish","type":"product","link":"https:\/\/pecpets.com\/es\/product\/kennel-bed-for-dogs\/","title":{"rendered":"Cama para perros"},"content":{"rendered":"<h2 data-start=\"91\" data-end=\"196\">Kennel Bed for Dogs | Pet Bed Manufacturer &amp; Luxury Bed Factory in China<\/h2>\n<article class=\"text-token-text-primary w-full focus:outline-none [--shadow-height:45px] has-data-writing-block:pointer-events-none has-data-writing-block:-mt-(--shadow-height) has-data-writing-block:pt-(--shadow-height) [&amp;:has([data-writing-block])&gt;*]:pointer-events-auto [content-visibility:auto] supports-[content-visibility:auto]:[contain-intrinsic-size:auto_100lvh] scroll-mt-[calc(var(--header-height)+min(200px,max(70px,20svh)))]\" dir=\"auto\" tabindex=\"-1\" data-turn-id=\"request-68b559f1-f1bc-8328-a3b0-0e42faba828d-1\" data-testid=\"conversation-turn-100\" data-scroll-anchor=\"true\" data-turn=\"assistant\">\n<div class=\"text-base my-auto mx-auto pb-10 [--thread-content-margin:--spacing(4)] thread-sm:[--thread-content-margin:--spacing(6)] thread-lg:[--thread-content-margin:--spacing(16)] px-(--thread-content-margin)\">\n<div class=\"[--thread-content-max-width:40rem] thread-lg:[--thread-content-max-width:48rem] mx-auto max-w-(--thread-content-max-width) flex-1 group\/turn-messages focus-visible:outline-hidden relative flex w-full min-w-0 flex-col agent-turn\" tabindex=\"-1\">\n<div class=\"flex max-w-full flex-col grow\">\n<div class=\"min-h-8 text-message relative flex w-full flex-col items-end gap-2 text-start break-words whitespace-normal [.text-message+&amp;]:mt-1\" dir=\"auto\" data-message-author-role=\"assistant\" data-message-id=\"a58e287f-5d1f-4b96-a7a9-dc26c8cb0d31\" data-message-model-slug=\"gpt-5\">\n<div class=\"flex w-full flex-col gap-1 empty:hidden first:pt-[1px]\">\n<div class=\"markdown prose dark:prose-invert w-full break-words light markdown-new-styling\">\n<p data-start=\"93\" data-end=\"451\">Give pets the comfort they deserve with our Kennel Bed for Dogs, crafted by a leading Pet Bed Manufacturer and Luxury Bed Factory in China.<\/p>\n<p data-start=\"93\" data-end=\"451\">Designed for durability and coziness, each Kennel Bed for Dogs provides the perfect resting space for canines of all sizes \u2014 ideal for kennels, boarding facilities, or home use.<\/p>\n<p data-start=\"453\" data-end=\"1064\" data-is-last-node=\"\" data-is-only-node=\"\">As a professional Dog Bed manufacturer and Dog Bed factory, we offer Dog Bed OEM, Dog Bed ODM, and Dog Bed private label solutions tailored to your business needs.<\/p>\n<p data-start=\"453\" data-end=\"1064\" data-is-last-node=\"\" data-is-only-node=\"\">Whether you&#8217;re sourcing Dog Bed bulk for wholesale or custom designs for branding, our Dog Bed company delivers reliable Dog Bed export quality from Dog Bed China to customers worldwide.<\/p>\n<p data-start=\"453\" data-end=\"1064\" data-is-last-node=\"\" data-is-only-node=\"\">Partner with a trusted Dog Bed supplier, Dog Bed vendor, and Dog Bed wholesaler to elevate your pet product line with premium Kennel Beds for Dogs that combine comfort, function, and long-lasting performance.<\/p>\n<\/div>\n<\/div>\n<\/div>\n<\/div>\n<\/div>\n<\/div>\n<\/article>\n","protected":false},"excerpt":{"rendered":"<h3>Cama para perros<\/h3>\n<p>El ortop\u00e9dico para perros peque\u00f1os y medianos mide 90 x 69 x 18 cm (largo x ancho x alto), y la zona para dormir mide 60 x 52 cm (largo x ancho).<\/p>\n<p>Adopta una avanzada espuma ortop\u00e9dica en forma de huevo, que se adapta al cuerpo de su perro para aliviar los puntos de presi\u00f3n y favorecer un mejor descanso.<\/p>\n<p>Adem\u00e1s, la cama para perros cuenta con una superficie de poli\u00e9ster suave y respetuosa con la piel, que ofrece una experiencia de descanso acogedora y lujosa.<\/p>\n<p>Y el grueso coj\u00edn de 3 lados proporciona un apoyo adicional para la cabeza, el cuello y la espalda de la mascota, favoreciendo una mejor relajaci\u00f3n.<\/p>\n<p>Adem\u00e1s, la base antideslizante garantiza la estabilidad, evitando cualquier accidente o movimiento que pueda interrumpir el sue\u00f1o de su mascota.<\/p>\n<p>Y con su funda para cama de perro extra\u00edble y lavable a m\u00e1quina, puedes mantener f\u00e1cilmente un entorno limpio e higi\u00e9nico para tus amigos peludos.<\/p>\n<table width=\"288\">\n<tbody>\n<tr>\n<td width=\"137\"><span style=\"color: #333333;\">Nombre del producto<\/span><\/td>\n<td width=\"151\"><span style=\"color: #333333;\">Cama para mascotas<\/span><\/td>\n<\/tr>\n<tr>\n<td><span style=\"color: #333333;\">N\u00ba de art\u00edculo<\/span><\/td>\n<td><span style=\"color: #333333;\">P-C3053<\/span><\/td>\n<\/tr>\n<tr>\n<td><span style=\"color: #333333;\">Material<\/span><\/td>\n<td>Algod\u00f3n, poli\u00e9ster, vell\u00f3n<\/td>\n<\/tr>\n<tr>\n<td><span style=\"color: #333333;\">\u00a0Tama\u00f1o y color<\/span><\/td>\n<td><span style=\"color: #333333;\">Personalizable<\/span><\/td>\n<\/tr>\n<tr>\n<td><span style=\"color: #333333;\">\u00a0Plazo de entrega<\/span><\/td>\n<td><span style=\"color: #333333;\">1- 5 d\u00edas para peque\u00f1as cantidades por v\u00eda a\u00e9rea y 30- 35 d\u00edas para grandes cantidades por v\u00eda mar\u00edtima<\/span><\/td>\n<\/tr>\n<\/tbody>\n<\/table>","protected":false},"featured_media":23248,"template":"","meta":{"_seopress_robots_primary_cat":"none","_seopress_titles_title":"Kennel Bed for Dogs | China Pet Bed Manufacturer","_seopress_titles_desc":"Looking for Kennel Bed for Dogs? we design premium knitwear for pets worldwide. Bulk orders, OEM services. Request free cozy samples today!","_seopress_robots_index":"","_uag_custom_page_level_css":""},"product_brand":[],"product_cat":[348,22],"product_tag":[],"class_list":{"0":"post-23246","1":"product","2":"type-product","3":"status-publish","4":"has-post-thumbnail","6":"product_cat-chew-resistant-dog-beds","7":"product_cat-pet-bed","9":"first","10":"instock","11":"shipping-taxable","12":"product-type-simple"},"uagb_featured_image_src":{"full":["https:\/\/pecpets.com\/wp-content\/uploads\/2025\/11\/media-catalog-product-p-PU10035GR-Orthopedic_Dog_Bed-2.jpg",1600,1600,false],"thumbnail":["https:\/\/pecpets.com\/wp-content\/uploads\/2025\/11\/media-catalog-product-p-PU10035GR-Orthopedic_Dog_Bed-2-150x150.jpg",150,150,true],"medium":["https:\/\/pecpets.com\/wp-content\/uploads\/2025\/11\/media-catalog-product-p-PU10035GR-Orthopedic_Dog_Bed-2-300x300.jpg",300,300,true],"medium_large":["https:\/\/pecpets.com\/wp-content\/uploads\/2025\/11\/media-catalog-product-p-PU10035GR-Orthopedic_Dog_Bed-2-768x768.jpg",768,768,true],"large":["https:\/\/pecpets.com\/wp-content\/uploads\/2025\/11\/media-catalog-product-p-PU10035GR-Orthopedic_Dog_Bed-2-1024x1024.jpg",800,800,true],"1536x1536":["https:\/\/pecpets.com\/wp-content\/uploads\/2025\/11\/media-catalog-product-p-PU10035GR-Orthopedic_Dog_Bed-2-1536x1536.jpg",1536,1536,true],"2048x2048":["https:\/\/pecpets.com\/wp-content\/uploads\/2025\/11\/media-catalog-product-p-PU10035GR-Orthopedic_Dog_Bed-2.jpg",1600,1600,false],"trp-custom-language-flag":["https:\/\/pecpets.com\/wp-content\/uploads\/2025\/11\/media-catalog-product-p-PU10035GR-Orthopedic_Dog_Bed-2-12x12.jpg",12,12,true],"woocommerce_thumbnail":["https:\/\/pecpets.com\/wp-content\/uploads\/2025\/11\/media-catalog-product-p-PU10035GR-Orthopedic_Dog_Bed-2-300x300.jpg",300,300,true],"woocommerce_single":["https:\/\/pecpets.com\/wp-content\/uploads\/2025\/11\/media-catalog-product-p-PU10035GR-Orthopedic_Dog_Bed-2-600x600.jpg",600,600,true],"woocommerce_gallery_thumbnail":["https:\/\/pecpets.com\/wp-content\/uploads\/2025\/11\/media-catalog-product-p-PU10035GR-Orthopedic_Dog_Bed-2-100x100.jpg",100,100,true]},"uagb_author_info":{"display_name":"Lawrence\u00a0\u52b3\u4f26\u65af","author_link":"https:\/\/pecpets.com\/es\/author\/"},"uagb_comment_info":0,"uagb_excerpt":"Kennel Bed for Dogs The orthopedic for small and medium dogs measures 90 x 69 x 18 cm (L x W x H), and the sleeping area measures 60 x 52 cm (L x W). It adopts advanced egg-crate orthopedic foam, which conforms to your dog's body to relieve pressure points and promote better sleep.&hellip;","_links":{"self":[{"href":"https:\/\/pecpets.com\/es\/wp-json\/wp\/v2\/product\/23246","targetHints":{"allow":["GET"]}}],"collection":[{"href":"https:\/\/pecpets.com\/es\/wp-json\/wp\/v2\/product"}],"about":[{"href":"https:\/\/pecpets.com\/es\/wp-json\/wp\/v2\/types\/product"}],"wp:featuredmedia":[{"embeddable":true,"href":"https:\/\/pecpets.com\/es\/wp-json\/wp\/v2\/media\/23248"}],"wp:attachment":[{"href":"https:\/\/pecpets.com\/es\/wp-json\/wp\/v2\/media?parent=23246"}],"wp:term":[{"taxonomy":"product_brand","embeddable":true,"href":"https:\/\/pecpets.com\/es\/wp-json\/wp\/v2\/product_brand?post=23246"},{"taxonomy":"product_cat","embeddable":true,"href":"https:\/\/pecpets.com\/es\/wp-json\/wp\/v2\/product_cat?post=23246"},{"taxonomy":"product_tag","embeddable":true,"href":"https:\/\/pecpets.com\/es\/wp-json\/wp\/v2\/product_tag?post=23246"}],"curies":[{"name":"wp","href":"https:\/\/api.w.org\/{rel}","templated":true}]}}