{"id":23431,"date":"2025-11-13T10:43:38","date_gmt":"2025-11-13T02:43:38","guid":{"rendered":"https:\/\/pecpets.com\/?post_type=product&#038;p=23431"},"modified":"2025-11-13T14:25:32","modified_gmt":"2025-11-13T06:25:32","slug":"dog-sweater-factory","status":"publish","type":"product","link":"https:\/\/pecpets.com\/es\/product\/dog-sweater-factory\/","title":{"rendered":"F\u00e1brica de jers\u00e9is para perros"},"content":{"rendered":"<h2 data-start=\"193\" data-end=\"275\">F\u00e1brica de su\u00e9teres para perros | Fabricante experto de su\u00e9teres para mascotas y f\u00e1brica de su\u00e9teres de lujo<\/h2>\n<p data-start=\"254\" data-end=\"538\">\u00bfBusca una f\u00e1brica confiable su\u00e9ter del perro para producir ropa de alta calidad para mascotas? Como fabricante de su\u00e9ter de mascotas de confianza y f\u00e1brica de su\u00e9ter de lujo en China su\u00e9ter del perro, nos especializamos en la creaci\u00f3n de su\u00e9teres elegantes, duraderos y personalizables para clientes mayoristas globales.<\/p>\n<h4 data-start=\"540\" data-end=\"594\">\u2705 Servicios profesionales de f\u00e1brica de su\u00e9teres para perros<\/h4>\n<ul data-start=\"595\" data-end=\"916\">\n<li data-start=\"595\" data-end=\"678\">\n<p data-start=\"597\" data-end=\"678\">M\u00e1s de 150 dise\u00f1os cl\u00e1sicos y de temporada disponibles para pedidos al por mayor de jers\u00e9is para perros<\/p>\n<\/li>\n<li data-start=\"679\" data-end=\"769\">\n<p data-start=\"681\" data-end=\"769\">Servicios OEM y ODM de su\u00e9teres para perros personalizados con apoyo de marcas blancas<\/p>\n<\/li>\n<li data-start=\"770\" data-end=\"843\">\n<p data-start=\"772\" data-end=\"843\">Materiales de alta calidad como lana, acr\u00edlico y mezclas impermeables<\/p>\n<\/li>\n<li data-start=\"844\" data-end=\"916\">\n<p data-start=\"846\" data-end=\"916\">CMP flexibles a partir de 200 unidades para marcas y minoristas en crecimiento<\/p>\n<\/li>\n<\/ul>\n<h4 data-start=\"918\" data-end=\"960\">Personalizaci\u00f3n y marca blanca<\/h4>\n<ul data-start=\"961\" data-end=\"1216\">\n<li data-start=\"961\" data-end=\"1040\">\n<p data-start=\"963\" data-end=\"1040\">Opciones de marca blanca para jerseys para perros a medida con soluciones completas de marca<\/p>\n<\/li>\n<li data-start=\"1041\" data-end=\"1110\">\n<p data-start=\"1043\" data-end=\"1110\">Previsualizaciones digitales en 3D y muestreo en 5 d\u00edas para agilizar el lanzamiento al mercado<\/p>\n<\/li>\n<li data-start=\"1111\" data-end=\"1216\">\n<p data-start=\"1113\" data-end=\"1216\">Dise\u00f1os exclusivos creados para empresas de su\u00e9teres para perros, vendedores de su\u00e9teres para perros y tiendas minoristas.<\/p>\n<\/li>\n<\/ul>\n<h4 data-start=\"1218\" data-end=\"1257\">\u2705 Cumplimiento y exportaci\u00f3n global<\/h4>\n<ul data-start=\"1258\" data-end=\"1466\">\n<li data-start=\"1258\" data-end=\"1332\">\n<p data-start=\"1260\" data-end=\"1332\">Documentaci\u00f3n completa de exportaci\u00f3n de Dog Sweater para una entrega sin complicaciones<\/p>\n<\/li>\n<li data-start=\"1333\" data-end=\"1390\">\n<p data-start=\"1335\" data-end=\"1390\">Apoyo log\u00edstico internacional con env\u00edos puntuales<\/p>\n<\/li>\n<li data-start=\"1391\" data-end=\"1466\">\n<p data-start=\"1393\" data-end=\"1466\">Con la confianza de mayoristas de jers\u00e9is para perros y grandes cadenas minoristas de todo el mundo<\/p>\n<\/li>\n<\/ul>\n<h4 data-start=\"1468\" data-end=\"1520\">\u00bfPor qu\u00e9 asociarse con nuestra f\u00e1brica de su\u00e9teres para perros?<\/h4>\n<ul data-start=\"1521\" data-end=\"1788\">\n<li data-start=\"1521\" data-end=\"1587\">\n<p data-start=\"1523\" data-end=\"1587\">Precios competitivos al por mayor con descuentos por volumen<\/p>\n<\/li>\n<li data-start=\"1588\" data-end=\"1662\">\n<p data-start=\"1590\" data-end=\"1662\">Fabricante de jerseys para perros con certificaci\u00f3n ISO y estrictos controles de calidad<\/p>\n<\/li>\n<li data-start=\"1663\" data-end=\"1712\">\n<p data-start=\"1665\" data-end=\"1712\">Ciclos de producci\u00f3n de 25 d\u00edas para pedidos al por mayor<\/p>\n<\/li>\n<li data-start=\"1713\" data-end=\"1788\">\n<p data-start=\"1715\" data-end=\"1788\">Equipo de servicio dedicado a las redes de proveedores y vendedores de jers\u00e9is para perros<\/p>\n<\/li>\n<\/ul>\n<p data-start=\"1790\" data-end=\"2111\">Tanto si es una empresa de su\u00e9teres para perros, un proveedor de su\u00e9teres para perros o un mayorista de su\u00e9teres para perros a gran escala, nuestra f\u00e1brica de su\u00e9teres para perros le ofrece una producci\u00f3n fiable, experiencia en exportaci\u00f3n y calidad superior para hacer crecer su negocio. P\u00f3ngase en contacto con nosotros hoy mismo para solicitar nuestra \u00faltima colecci\u00f3n y comenzar su proyecto de jers\u00e9is personalizados.<\/p>","protected":false},"excerpt":{"rendered":"<h3>F\u00e1brica de jers\u00e9is para perros<\/h3>\n<ul>\n<li>Su dise\u00f1o moderno y retro atraer\u00e1 todas las miradas.<\/li>\n<li>Un jersey de cuello alto para que tu peludo amigo est\u00e9 calentito.<\/li>\n<li>Esculpido para abrazar la forma del cuerpo de su perro.<\/li>\n<li>Las aberturas de los brazos acanaladas completan el c\u00f3modo look.<\/li>\n<\/ul>\n<table width=\"288\">\n<tbody>\n<tr>\n<td width=\"137\"><span style=\"color: #333333;\">Nombre del producto<\/span><\/td>\n<td width=\"151\"><span style=\"color: #333333;\">Ropa para mascotas<\/span><\/td>\n<\/tr>\n<tr>\n<td><span style=\"color: #333333;\">N\u00ba de art\u00edculo<\/span><\/td>\n<td><span style=\"color: #333333;\">P-C3015<\/span><\/td>\n<\/tr>\n<tr>\n<td><span style=\"color: #333333;\">Material<\/span><\/td>\n<td>Algod\u00f3n, poli\u00e9ster, vell\u00f3n<\/td>\n<\/tr>\n<tr>\n<td><span style=\"color: #333333;\">\u00a0Tama\u00f1o y color<\/span><\/td>\n<td><span style=\"color: #333333;\">Personalizado<\/span><\/td>\n<\/tr>\n<tr>\n<td><span style=\"color: #333333;\">\u00a0Plazo de entrega<\/span><\/td>\n<td><span style=\"color: #333333;\">1- 5 d\u00edas para peque\u00f1as cantidades por v\u00eda a\u00e9rea y 30- 35 d\u00edas para grandes cantidades por v\u00eda mar\u00edtima<\/span><\/td>\n<\/tr>\n<\/tbody>\n<\/table>","protected":false},"featured_media":23447,"template":"","meta":{"_seopress_robots_primary_cat":"none","_seopress_titles_title":"Dog Sweater Factory\u200b\u200b\u200b\u200b | Professional Manufacturer","_seopress_titles_desc":"Looking for Dog Sweater Factory? we design premium knitwear for pets worldwide. Bulk orders, OEM services. Request free cozy samples today!","_seopress_robots_index":"","_uag_custom_page_level_css":""},"product_brand":[],"product_cat":[364,23,391],"product_tag":[],"class_list":{"0":"post-23431","1":"product","2":"type-product","3":"status-publish","4":"has-post-thumbnail","6":"product_cat-basic-dog-clothing","7":"product_cat-pet-clothing","8":"product_cat-pet-sweater","10":"first","11":"instock","12":"shipping-taxable","13":"product-type-simple"},"uagb_featured_image_src":{"full":["https:\/\/pecpets.com\/wp-content\/uploads\/2025\/11\/900_P72162.jpg",900,900,false],"thumbnail":["https:\/\/pecpets.com\/wp-content\/uploads\/2025\/11\/900_P72162-150x150.jpg",150,150,true],"medium":["https:\/\/pecpets.com\/wp-content\/uploads\/2025\/11\/900_P72162-300x300.jpg",300,300,true],"medium_large":["https:\/\/pecpets.com\/wp-content\/uploads\/2025\/11\/900_P72162-768x768.jpg",768,768,true],"large":["https:\/\/pecpets.com\/wp-content\/uploads\/2025\/11\/900_P72162.jpg",800,800,false],"1536x1536":["https:\/\/pecpets.com\/wp-content\/uploads\/2025\/11\/900_P72162.jpg",900,900,false],"2048x2048":["https:\/\/pecpets.com\/wp-content\/uploads\/2025\/11\/900_P72162.jpg",900,900,false],"trp-custom-language-flag":["https:\/\/pecpets.com\/wp-content\/uploads\/2025\/11\/900_P72162-12x12.jpg",12,12,true],"woocommerce_thumbnail":["https:\/\/pecpets.com\/wp-content\/uploads\/2025\/11\/900_P72162-300x300.jpg",300,300,true],"woocommerce_single":["https:\/\/pecpets.com\/wp-content\/uploads\/2025\/11\/900_P72162-600x600.jpg",600,600,true],"woocommerce_gallery_thumbnail":["https:\/\/pecpets.com\/wp-content\/uploads\/2025\/11\/900_P72162-100x100.jpg",100,100,true]},"uagb_author_info":{"display_name":"Lawrence\u00a0\u52b3\u4f26\u65af","author_link":"https:\/\/pecpets.com\/es\/author\/"},"uagb_comment_info":0,"uagb_excerpt":"Dog Sweater Factory The trendy, retro design will catch everyone\u2019s eye. A turtleneck to keep your furry friend cozy and warm. Sculpted to hug your dog\u2019s body shape. Ribbed arm holes complete the comfortable look. Product Name Pet Clothes Item No. P-C3015 Material Cotton, Polyester, Fleece \u00a0Size and Color Customized \u00a0Delivery time 1- 5 days&hellip;","_links":{"self":[{"href":"https:\/\/pecpets.com\/es\/wp-json\/wp\/v2\/product\/23431","targetHints":{"allow":["GET"]}}],"collection":[{"href":"https:\/\/pecpets.com\/es\/wp-json\/wp\/v2\/product"}],"about":[{"href":"https:\/\/pecpets.com\/es\/wp-json\/wp\/v2\/types\/product"}],"wp:featuredmedia":[{"embeddable":true,"href":"https:\/\/pecpets.com\/es\/wp-json\/wp\/v2\/media\/23447"}],"wp:attachment":[{"href":"https:\/\/pecpets.com\/es\/wp-json\/wp\/v2\/media?parent=23431"}],"wp:term":[{"taxonomy":"product_brand","embeddable":true,"href":"https:\/\/pecpets.com\/es\/wp-json\/wp\/v2\/product_brand?post=23431"},{"taxonomy":"product_cat","embeddable":true,"href":"https:\/\/pecpets.com\/es\/wp-json\/wp\/v2\/product_cat?post=23431"},{"taxonomy":"product_tag","embeddable":true,"href":"https:\/\/pecpets.com\/es\/wp-json\/wp\/v2\/product_tag?post=23431"}],"curies":[{"name":"wp","href":"https:\/\/api.w.org\/{rel}","templated":true}]}}