{"id":3128,"date":"2023-09-01T14:37:34","date_gmt":"2023-09-01T06:37:34","guid":{"rendered":"https:\/\/pecpets.com\/?post_type=product&#038;p=3128"},"modified":"2024-10-24T14:51:51","modified_gmt":"2024-10-24T06:51:51","slug":"dog-clothes-warm-windproof-vest","status":"publish","type":"product","link":"https:\/\/pecpets.com\/es\/product\/dog-clothes-warm-windproof-vest\/","title":{"rendered":"Ropa para perros Chaleco cortaviento c\u00e1lido"},"content":{"rendered":"<h2><strong>Mayorista de Ropa de Perro de F\u00e1brica - Ropa de Perro Chaleco Cortaviento Caliente<\/strong><\/h2>\n<p data-immersive-translate-walked=\"e7004b1f-2e8f-4436-a121-9fbf271e51c9\" data-immersive-translate-paragraph=\"1\">Eleve el estilo y la comodidad de su amigo peludo con la colecci\u00f3n de ropa acolchada para perros de nuestra f\u00e1brica mayorista.<\/p>\n<table style=\"border-collapse: collapse; background-color: #ffffff; width: 332px; height: 279px;\" border=\"1\">\n<tbody>\n<tr>\n<td style=\"font-family: Verdana, Arial, Helvetica, sans-serif; font-size: 12px; color: #000000; margin: 8px; width: 187px; text-align: center;\"><span style=\"line-height: 21px; font-size: 14px;\">Nombre del producto<\/span><\/td>\n<td style=\"font-family: Verdana, Arial, Helvetica, sans-serif; font-size: 12px; color: #000000; margin: 8px; width: 526px; text-align: center;\">Abrigo para mascotas<\/td>\n<\/tr>\n<tr>\n<td style=\"font-family: Verdana, Arial, Helvetica, sans-serif; font-size: 12px; color: #000000; margin: 8px; width: 187px; text-align: center;\"><span style=\"line-height: 21px; font-size: 14px;\">N\u00ba de art\u00edculo<\/span><\/td>\n<td style=\"font-family: Verdana, Arial, Helvetica, sans-serif; font-size: 12px; color: #000000; margin: 8px; width: 526px; text-align: center;\"><span style=\"font-size: 14px;\">P-C2040<\/span><\/td>\n<\/tr>\n<tr>\n<td style=\"font-family: Verdana, Arial, Helvetica, sans-serif; font-size: 12px; color: #000000; margin: 8px; width: 187px; text-align: center;\"><span style=\"line-height: 21px; color: #333333; font-family: Arial, Helvetica; font-size: 14px; font-style: normal; font-weight: 400; background-color: #ffffff; float: none; display: inline !important;\">Material<\/span><\/td>\n<td style=\"font-family: Verdana, Arial, Helvetica, sans-serif; font-size: 12px; color: #000000; margin: 8px; width: 526px; text-align: center;\">Algod\u00f3n, poli\u00e9ster<\/td>\n<\/tr>\n<tr>\n<td style=\"font-family: Verdana, Arial, Helvetica, sans-serif; font-size: 12px; color: #000000; margin: 8px; width: 187px; text-align: center;\"><span style=\"line-height: 21px; font-size: 14px;\">\u00a0Talla<\/span><\/td>\n<td style=\"font-family: Verdana, Arial, Helvetica, sans-serif; font-size: 12px; color: #000000; margin: 8px; width: 526px; text-align: center;\"><span style=\"font-size: 14px;\">Tama\u00f1o personalizado<\/span><\/td>\n<\/tr>\n<tr>\n<td style=\"font-family: Verdana, Arial, Helvetica, sans-serif; font-size: 12px; color: #000000; margin: 8px; width: 187px; text-align: center;\"><span style=\"line-height: 21px; font-size: 14px;\">\u00a0Color<\/span><\/td>\n<td style=\"font-family: Verdana, Arial, Helvetica, sans-serif; font-size: 12px; color: #000000; margin: 8px; width: 526px; text-align: center;\"><span style=\"line-height: 21px; font-size: 14px;\">Color personalizado\u00a0<\/span><\/td>\n<\/tr>\n<tr>\n<td style=\"font-family: Verdana, Arial, Helvetica, sans-serif; font-size: 12px; color: #000000; margin: 8px; width: 187px; text-align: center;\"><span style=\"line-height: 21px; font-size: 14px;\">\u00a0<span style=\"line-height: 21px; color: #333333; font-family: Arial, Helvetica; font-size: 14px; font-style: normal; font-weight: 400; background-color: #ffffff; float: none; display: inline !important;\">Tipo de mascota<\/span><\/span><\/td>\n<td style=\"font-family: Verdana, Arial, Helvetica, sans-serif; font-size: 12px; color: #000000; margin: 8px; width: 526px; text-align: center;\"><span style=\"line-height: 21px; font-size: 14px;\">\u00a0Todos los perros<\/span><\/td>\n<\/tr>\n<tr>\n<td style=\"font-family: Verdana, Arial, Helvetica, sans-serif; font-size: 12px; color: #000000; margin: 8px; width: 187px; text-align: center;\"><span style=\"line-height: 21px; font-size: 14px;\">\u00a0<span style=\"line-height: 21px; color: #333333; font-family: Arial, Helvetica; font-size: 14px; font-style: normal; font-weight: 400; background-color: #ffffff; float: none; display: inline !important;\">Plazo de entrega<\/span><\/span><\/td>\n<td style=\"font-family: Verdana, Arial, Helvetica, sans-serif; font-size: 12px; color: #000000; margin: 8px; width: 526px; text-align: center;\"><span style=\"line-height: 21px; font-size: 14px;\"><span style=\"line-height: 21px; color: #000000; font-family: Verdana, Arial, Helvetica, sans-serif; font-size: 14px; font-style: normal; font-weight: 400; background-color: #ffffff; float: none; display: inline !important;\">1-5 d\u00edas para peque\u00f1as cantidades por v\u00eda a\u00e9rea y 30-35 d\u00edas para grandes cantidades por v\u00eda mar\u00edtima<\/span>\u00a0<\/span><\/td>\n<\/tr>\n<tr>\n<td style=\"font-family: Verdana, Arial, Helvetica, sans-serif; font-size: 12px; color: #000000; margin: 8px; width: 187px; text-align: center;\"><span style=\"line-height: 21px; font-size: 14px;\">\u00a0<span style=\"line-height: 21px; color: #333333; font-family: Arial, Helvetica; font-size: 14px; font-style: normal; font-weight: 400; background-color: #ffffff; float: none; display: inline !important;\">Puerto de embarque<\/span><\/span><\/td>\n<td style=\"font-family: Verdana, Arial, Helvetica, sans-serif; font-size: 12px; color: #000000; margin: 8px; width: 526px; text-align: center;\"><span style=\"line-height: 21px; font-size: 14px;\">Xiamen\u00a0<\/span><\/td>\n<\/tr>\n<tr>\n<td style=\"font-family: Verdana, Arial, Helvetica, sans-serif; font-size: 12px; color: #000000; margin: 8px; width: 187px; text-align: center;\"><span style=\"line-height: 21px; font-size: 14px;\">\u00a0<span style=\"line-height: 21px; color: #333333; font-family: Arial, Helvetica; font-size: 14px; font-style: normal; font-weight: 400; background-color: #ffffff; float: none; display: inline !important;\">OEM\/ODM<\/span><\/span><\/td>\n<td style=\"font-family: Verdana, Arial, Helvetica, sans-serif; font-size: 12px; color: #000000; margin: 8px; width: 526px; text-align: center;\"><span style=\"line-height: 21px; font-size: 14px;\">\u00a0<span style=\"line-height: 21px; color: #333333; font-family: Arial, Helvetica; font-size: 14px; font-style: normal; font-weight: 400; background-color: #ffffff; float: none; display: inline !important;\">Disponible<\/span><\/span><\/td>\n<\/tr>\n<tr>\n<td style=\"font-family: Verdana, Arial, Helvetica, sans-serif; font-size: 12px; color: #000000; margin: 8px; width: 187px; text-align: center;\"><span style=\"line-height: 21px; font-size: 14px;\">\u00a0<span style=\"line-height: 21px; color: #333333; font-family: Arial, Helvetica; font-size: 14px; font-style: normal; font-weight: 400; background-color: #ffffff; float: none; display: inline !important;\">Paquete<\/span><\/span><\/td>\n<td style=\"font-family: Verdana, Arial, Helvetica, sans-serif; font-size: 12px; color: #000000; margin: 8px; width: 526px; text-align: center;\"><span style=\"line-height: 21px; font-size: 14px;\"><span style=\"line-height: 21px; color: #333333; font-family: Arial, Helvetica; font-size: 14px; font-style: normal; font-weight: 400; background-color: #ffffff; float: none; display: inline !important;\">Cada uno embalado en un PPB luego en cart\u00f3n o seg\u00fan sea necesario<\/span><\/span><\/td>\n<\/tr>\n<\/tbody>\n<\/table>\n<p data-immersive-translate-walked=\"e7004b1f-2e8f-4436-a121-9fbf271e51c9\" data-immersive-translate-paragraph=\"1\">Nuestro abrigo para perros, c\u00e1lido y resistente al viento, est\u00e1 dise\u00f1ado para mantener a su mascota abrigada y protegida en cualquier situaci\u00f3n.<\/p>\n<p data-immersive-translate-walked=\"e7004b1f-2e8f-4436-a121-9fbf271e51c9\" data-immersive-translate-paragraph=\"1\">Mejora el vestuario de tu mascota con esta prenda de alta calidad.<\/p>\n<p data-immersive-translate-walked=\"e7004b1f-2e8f-4436-a121-9fbf271e51c9\" data-immersive-translate-paragraph=\"1\">Abast\u00e9zcase hoy mismo de estos productos esenciales para todas sus necesidades de venta al por mayor.<\/p>","protected":false},"excerpt":{"rendered":"<h3>Mayorista Ropa para perros Chaleco cortaviento c\u00e1lido<\/h3>\n<p>Explore Ropa para perros Chaleco cortaviento c\u00e1lido.<\/p>\n<p>Tienda <span style=\"color: #ff0000;\"><a style=\"color: #ff0000;\" href=\"https:\/\/pecpets.com\/es\/categoria-de-productos\/pet-clothing\/\" target=\"_blank\" rel=\"noopener\">venta al por mayor de ropa para mascotas<\/a><\/span> de hechoPet Dog Coat Jacket Thicken Warmory a precios inmejorables y de calidad<\/p>","protected":false},"featured_media":3138,"template":"","meta":{"_seopress_robots_primary_cat":"none","_seopress_titles_title":"Dog Clothes Warm Windproof Vests - Pet Product Manufacturer","_seopress_titles_desc":"Discover Dog Clothes Warm Windproof Vest. Our dog coats offer premium comfort and protection. Shop wholesale directly from the factory.\u00a0","_seopress_robots_index":"","_uag_custom_page_level_css":""},"product_brand":[],"product_cat":[364,342,23],"product_tag":[],"class_list":{"0":"post-3128","1":"product","2":"type-product","3":"status-publish","4":"has-post-thumbnail","6":"product_cat-basic-dog-clothing","7":"product_cat-pet-coat","8":"product_cat-pet-clothing","10":"first","11":"instock","12":"shipping-taxable","13":"product-type-simple"},"uagb_featured_image_src":{"full":["https:\/\/pecpets.com\/wp-content\/uploads\/2023\/09\/IMG_5411-scaled.jpg",6960,4640,false],"thumbnail":["https:\/\/pecpets.com\/wp-content\/uploads\/2023\/09\/IMG_5411-scaled.jpg",150,100,false],"medium":["https:\/\/pecpets.com\/wp-content\/uploads\/2023\/09\/IMG_5411-scaled.jpg",300,200,false],"medium_large":["https:\/\/pecpets.com\/wp-content\/uploads\/2023\/09\/IMG_5411-scaled.jpg",768,512,false],"large":["https:\/\/pecpets.com\/wp-content\/uploads\/2023\/09\/IMG_5411-scaled.jpg",800,533,false],"1536x1536":["https:\/\/pecpets.com\/wp-content\/uploads\/2023\/09\/IMG_5411-scaled.jpg",1536,1024,false],"2048x2048":["https:\/\/pecpets.com\/wp-content\/uploads\/2023\/09\/IMG_5411-scaled.jpg",2048,1365,false],"trp-custom-language-flag":["https:\/\/pecpets.com\/wp-content\/uploads\/2023\/09\/IMG_5411-scaled.jpg",18,12,false],"woocommerce_thumbnail":["https:\/\/pecpets.com\/wp-content\/uploads\/2023\/09\/IMG_5411-300x300.jpg",300,300,true],"woocommerce_single":["https:\/\/pecpets.com\/wp-content\/uploads\/2023\/09\/IMG_5411-scaled.jpg",600,400,false],"woocommerce_gallery_thumbnail":["https:\/\/pecpets.com\/wp-content\/uploads\/2023\/09\/IMG_5411-scaled-100x100.jpg",100,100,true]},"uagb_author_info":{"display_name":"Lawrence\u00a0\u52b3\u4f26\u65af","author_link":"https:\/\/pecpets.com\/es\/author\/"},"uagb_comment_info":0,"uagb_excerpt":"Wholesale Dog Clothes Warm Windproof Vest Explore Dog Clothes Warm Windproof Vest. Shop wholesale pet clothes from the factPet Dog Coat Jacket Thicken Warmory for unbeatable prices and quality","_links":{"self":[{"href":"https:\/\/pecpets.com\/es\/wp-json\/wp\/v2\/product\/3128","targetHints":{"allow":["GET"]}}],"collection":[{"href":"https:\/\/pecpets.com\/es\/wp-json\/wp\/v2\/product"}],"about":[{"href":"https:\/\/pecpets.com\/es\/wp-json\/wp\/v2\/types\/product"}],"wp:featuredmedia":[{"embeddable":true,"href":"https:\/\/pecpets.com\/es\/wp-json\/wp\/v2\/media\/3138"}],"wp:attachment":[{"href":"https:\/\/pecpets.com\/es\/wp-json\/wp\/v2\/media?parent=3128"}],"wp:term":[{"taxonomy":"product_brand","embeddable":true,"href":"https:\/\/pecpets.com\/es\/wp-json\/wp\/v2\/product_brand?post=3128"},{"taxonomy":"product_cat","embeddable":true,"href":"https:\/\/pecpets.com\/es\/wp-json\/wp\/v2\/product_cat?post=3128"},{"taxonomy":"product_tag","embeddable":true,"href":"https:\/\/pecpets.com\/es\/wp-json\/wp\/v2\/product_tag?post=3128"}],"curies":[{"name":"wp","href":"https:\/\/api.w.org\/{rel}","templated":true}]}}