{"id":3707,"date":"2023-09-05T18:11:27","date_gmt":"2023-09-05T10:11:27","guid":{"rendered":"https:\/\/pecpets.com\/?post_type=product&#038;p=3707"},"modified":"2024-10-29T17:06:59","modified_gmt":"2024-10-29T09:06:59","slug":"breathable-dog-sofa-bed","status":"publish","type":"product","link":"https:\/\/pecpets.com\/es\/product\/breathable-dog-sofa-bed\/","title":{"rendered":"Sof\u00e1 cama transpirable para perros"},"content":{"rendered":"<h2 data-immersive-translate-walked=\"4d8d5f5d-02b7-4704-85e3-4753af6287a1\" data-immersive-translate-paragraph=\"1\">T\u00edtulo: Venta al Mayor Cama Impermeable Suave para Mascotas - Sof\u00e1 Cama Transpirable para Perros<span class=\"notranslate immersive-translate-target-wrapper\" lang=\"zh-CN\" data-immersive-translate-translation-element-mark=\"1\"><br \/>\n<\/span><\/h2>\n<p data-immersive-translate-walked=\"4d8d5f5d-02b7-4704-85e3-4753af6287a1\" data-immersive-translate-paragraph=\"1\">Descubra la combinaci\u00f3n perfecta de comodidad y durabilidad con nuestro sof\u00e1 cama transpirable para perros, dise\u00f1ado para proporcionar un refugio acogedor a sus amigos peludos.<\/p>\n<table style=\"border-collapse: collapse; background-color: #ffffff; width: 333px; height: 272px;\" border=\"1\">\n<tbody>\n<tr>\n<td style=\"font-family: Verdana, Arial, Helvetica, sans-serif; font-size: 12px; color: #000000; margin: 8px; width: 187px; text-align: center;\"><span style=\"line-height: 21px; font-size: 14px;\">Nombre del producto<\/span><\/td>\n<td style=\"font-family: Verdana, Arial, Helvetica, sans-serif; font-size: 12px; color: #000000; margin: 8px; width: 526px; text-align: center;\"><span style=\"font-size: 14px;\">Cama para mascotas<\/span><\/td>\n<\/tr>\n<tr>\n<td style=\"font-family: Verdana, Arial, Helvetica, sans-serif; font-size: 12px; color: #000000; margin: 8px; width: 187px; text-align: center;\"><span style=\"line-height: 21px; font-size: 14px;\">N\u00ba de art\u00edculo<\/span><\/td>\n<td style=\"font-family: Verdana, Arial, Helvetica, sans-serif; font-size: 12px; color: #000000; margin: 8px; width: 526px; text-align: center;\"><span style=\"line-height: 21px; font-size: 14px;\">P-B2025<\/span><\/td>\n<\/tr>\n<tr>\n<td style=\"font-family: Verdana, Arial, Helvetica, sans-serif; font-size: 12px; color: #000000; margin: 8px; width: 187px; text-align: center;\"><span style=\"line-height: 21px; color: #333333; font-family: Arial, Helvetica; font-size: 14px; font-style: normal; font-weight: 400; background-color: #ffffff; float: none; display: inline !important;\">Material<\/span><\/td>\n<td style=\"font-family: Verdana, Arial, Helvetica, sans-serif; font-size: 12px; color: #000000; margin: 8px; width: 526px; text-align: center;\">\n<p style=\"margin: 0px auto; padding: 0px; border: 0px; line-height: 30px; color: #222222; font-family: Helvetica,Verdana,Tahoma,Arial,sans-serif; font-size: 13px; font-style: normal; font-weight: 400; background-color: #fcfcfc;\">Personalizado<\/p>\n<\/td>\n<\/tr>\n<tr>\n<td style=\"font-family: Verdana, Arial, Helvetica, sans-serif; font-size: 12px; color: #000000; margin: 8px; width: 187px; text-align: center;\"><span style=\"line-height: 21px; font-size: 14px;\">\u00a0Talla<\/span><\/td>\n<td style=\"font-family: Verdana, Arial, Helvetica, sans-serif; font-size: 12px; color: #000000; margin: 8px; width: 526px; text-align: center;\"><span style=\"color: #222222; font-family: Helvetica,Verdana,Tahoma,Arial,sans-serif; font-size: 13px; font-style: normal; font-weight: 400; background-color: #fcfcfc; display: inline !important; float: none;\">\u00a0Personalizado<\/span><\/td>\n<\/tr>\n<tr>\n<td style=\"font-family: Verdana, Arial, Helvetica, sans-serif; font-size: 12px; color: #000000; margin: 8px; width: 187px; text-align: center;\"><span style=\"line-height: 21px; font-size: 14px;\">\u00a0Color<\/span><\/td>\n<td style=\"font-family: Verdana, Arial, Helvetica, sans-serif; font-size: 12px; color: #000000; margin: 8px; width: 526px; text-align: center;\"><span style=\"color: #222222; font-family: Helvetica,Verdana,Tahoma,Arial,sans-serif; font-size: 13px; font-style: normal; font-weight: 400; background-color: #fcfcfc; display: inline !important; float: none;\"><span style=\"color: #222222; font-family: arial, helvetica, sans-serif; font-size: 13px; font-style: normal; font-weight: 400; background-color: #fcfcfc; display: inline !important; float: none;\">perro de dibujos animados, oso polar<\/span><span style=\"color: #222222; font-family: arial, helvetica, sans-serif; font-size: 13px; font-style: normal; font-weight: 400; background-color: #fcfcfc; display: inline !important; float: none;\">,\u00a0<\/span>gris, azul o personalizado<\/span><\/td>\n<\/tr>\n<tr>\n<td style=\"font-family: Verdana, Arial, Helvetica, sans-serif; font-size: 12px; color: #000000; margin: 8px; width: 187px; text-align: center;\"><span style=\"line-height: 21px; font-size: 14px;\">\u00a0<span style=\"line-height: 21px; color: #333333; font-family: Arial, Helvetica; font-size: 14px; font-style: normal; font-weight: 400; background-color: #ffffff; float: none; display: inline !important;\">Tipo de mascota<\/span><\/span><\/td>\n<td style=\"font-family: Verdana, Arial, Helvetica, sans-serif; font-size: 12px; color: #000000; margin: 8px; width: 526px; text-align: center;\"><span style=\"line-height: 21px; font-size: 14px;\">\u00a0Todos los perros<\/span><\/td>\n<\/tr>\n<tr>\n<td style=\"font-family: Verdana, Arial, Helvetica, sans-serif; font-size: 12px; color: #000000; margin: 8px; width: 187px; text-align: center;\"><span style=\"line-height: 21px; font-size: 14px;\">\u00a0<span style=\"line-height: 21px; color: #333333; font-family: Arial, Helvetica; font-size: 14px; font-style: normal; font-weight: 400; background-color: #ffffff; float: none; display: inline !important;\">Plazo de entrega<\/span><\/span><\/td>\n<td style=\"font-family: Verdana, Arial, Helvetica, sans-serif; font-size: 12px; color: #000000; margin: 8px; width: 526px; text-align: center;\"><span style=\"line-height: 21px; font-size: 14px;\"><span style=\"line-height: 21px; color: #000000; font-family: Verdana, Arial, Helvetica, sans-serif; font-size: 14px; font-style: normal; font-weight: 400; background-color: #ffffff; float: none; display: inline !important;\">1-5 d\u00edas para peque\u00f1as cantidades por v\u00eda a\u00e9rea y 30-35 d\u00edas para grandes cantidades por v\u00eda mar\u00edtima<\/span>\u00a0<\/span><\/td>\n<\/tr>\n<tr>\n<td style=\"font-family: Verdana, Arial, Helvetica, sans-serif; font-size: 12px; color: #000000; margin: 8px; width: 187px; text-align: center;\"><span style=\"line-height: 21px; font-size: 14px;\">\u00a0<span style=\"line-height: 21px; color: #333333; font-family: Arial, Helvetica; font-size: 14px; font-style: normal; font-weight: 400; background-color: #ffffff; float: none; display: inline !important;\">Puerto de embarque<\/span><\/span><\/td>\n<td style=\"font-family: Verdana, Arial, Helvetica, sans-serif; font-size: 12px; color: #000000; margin: 8px; width: 526px; text-align: center;\"><span style=\"line-height: 21px; font-size: 14px;\">Xiamen\u00a0<\/span><\/td>\n<\/tr>\n<tr>\n<td style=\"font-family: Verdana, Arial, Helvetica, sans-serif; font-size: 12px; color: #000000; margin: 8px; width: 187px; text-align: center;\"><span style=\"line-height: 21px; font-size: 14px;\">\u00a0<span style=\"line-height: 21px; color: #333333; font-family: Arial, Helvetica; font-size: 14px; font-style: normal; font-weight: 400; background-color: #ffffff; float: none; display: inline !important;\">OEM\/ODM<\/span><\/span><\/td>\n<td style=\"font-family: Verdana, Arial, Helvetica, sans-serif; font-size: 12px; color: #000000; margin: 8px; width: 526px; text-align: center;\"><span style=\"line-height: 21px; font-size: 14px;\">\u00a0<span style=\"line-height: 21px; color: #333333; font-family: Arial, Helvetica; font-size: 14px; font-style: normal; font-weight: 400; background-color: #ffffff; float: none; display: inline !important;\">Disponible<\/span><\/span><\/td>\n<\/tr>\n<tr>\n<td style=\"font-family: Verdana, Arial, Helvetica, sans-serif; font-size: 12px; color: #000000; margin: 8px; width: 187px; text-align: center;\"><span style=\"line-height: 21px; font-size: 14px;\">\u00a0<span style=\"line-height: 21px; color: #333333; font-family: Arial, Helvetica; font-size: 14px; font-style: normal; font-weight: 400; background-color: #ffffff; float: none; display: inline !important;\">Paquete<\/span><\/span><\/td>\n<td style=\"font-family: Verdana, Arial, Helvetica, sans-serif; font-size: 12px; color: #000000; margin: 8px; width: 526px; text-align: center;\"><span style=\"line-height: 21px; font-size: 14px;\"><span style=\"line-height: 21px; color: #333333; font-family: Arial, Helvetica; font-size: 14px; font-style: normal; font-weight: 400; background-color: #ffffff; float: none; display: inline !important;\">Cada uno embalado en un PPB luego en cart\u00f3n o seg\u00fan sea necesario<\/span><\/span><\/td>\n<\/tr>\n<\/tbody>\n<\/table>\n<p data-immersive-translate-walked=\"4d8d5f5d-02b7-4704-85e3-4753af6287a1\" data-immersive-translate-paragraph=\"1\">Nuestras camas para perros resistentes a los mordiscos ofrecen una calidad superior y una protecci\u00f3n impermeable, lo que garantiza un uso duradero.<\/p>\n<p data-immersive-translate-walked=\"4d8d5f5d-02b7-4704-85e3-4753af6287a1\" data-immersive-translate-paragraph=\"1\">Mime a las mascotas de sus clientes con el lujo de nuestra suave y transpirable colecci\u00f3n de camas para mascotas.<\/p>\n<p data-immersive-translate-walked=\"4d8d5f5d-02b7-4704-85e3-4753af6287a1\" data-immersive-translate-paragraph=\"1\">Explore nuestras opciones de venta al por mayor y ofrezca a sus mascotas la m\u00e1xima experiencia de descanso que se merecen.<\/p>","protected":false},"excerpt":{"rendered":"<div class=\"elementor-element elementor-element-36a3285 elementor-widget elementor-widget-woocommerce-product-title elementor-page-title elementor-widget-heading\" data-id=\"36a3285\" data-element_type=\"widget\" data-widget_type=\"woocommerce-product-title.default\">\n<div class=\"elementor-widget-container\">\n<h2><strong><b>Venta al por mayor Sof\u00e1 cama transpirable para perros<\/b><\/strong><\/h2>\n<p>Descubre Transpirable <span style=\"color: #ff0000;\"><a style=\"color: #ff0000;\" href=\"https:\/\/pecpets.com\/es\/categoria-de-productos\/pet-bed\/\" target=\"_blank\" rel=\"noopener\">Sof\u00e1 cama para perros<\/a><\/span>.<\/p>\n<p>Mant\u00e9n a tus mascotas elegantes con nuestros dise\u00f1os de alta calidad.<\/p>\n<\/div>\n<\/div>","protected":false},"featured_media":3708,"template":"","meta":{"_seopress_robots_primary_cat":"none","_seopress_titles_title":"Pet Bed: Breathable Dog Sofa Bed - Top Manufacturers","_seopress_titles_desc":"Discover our breathable dog sofa bed, combining soft comfort and durability. Factory-direct, this pet bed ensures quality and style for discerning B2B buyers.","_seopress_robots_index":"","_seopress_analysis_target_kw":"Breathable Dog Sofa Bed","_uag_custom_page_level_css":""},"product_brand":[],"product_cat":[22,322],"product_tag":[71,69],"class_list":{"0":"post-3707","1":"product","2":"type-product","3":"status-publish","4":"has-post-thumbnail","6":"product_cat-pet-bed","7":"product_cat-waterproof-dog-beds","8":"product_tag-cat-bed","9":"product_tag-dog-bed","11":"first","12":"instock","13":"shipping-taxable","14":"product-type-simple"},"uagb_featured_image_src":{"full":["https:\/\/pecpets.com\/wp-content\/uploads\/2023\/09\/Detail-02-7.jpg",800,800,false],"thumbnail":["https:\/\/pecpets.com\/wp-content\/uploads\/2023\/09\/Detail-02-7.jpg",150,150,false],"medium":["https:\/\/pecpets.com\/wp-content\/uploads\/2023\/09\/Detail-02-7.jpg",300,300,false],"medium_large":["https:\/\/pecpets.com\/wp-content\/uploads\/2023\/09\/Detail-02-7.jpg",768,768,false],"large":["https:\/\/pecpets.com\/wp-content\/uploads\/2023\/09\/Detail-02-7.jpg",800,800,false],"1536x1536":["https:\/\/pecpets.com\/wp-content\/uploads\/2023\/09\/Detail-02-7.jpg",800,800,false],"2048x2048":["https:\/\/pecpets.com\/wp-content\/uploads\/2023\/09\/Detail-02-7.jpg",800,800,false],"trp-custom-language-flag":["https:\/\/pecpets.com\/wp-content\/uploads\/2023\/09\/Detail-02-7.jpg",12,12,false],"woocommerce_thumbnail":["https:\/\/pecpets.com\/wp-content\/uploads\/2023\/09\/Detail-02-7.jpg",300,300,false],"woocommerce_single":["https:\/\/pecpets.com\/wp-content\/uploads\/2023\/09\/Detail-02-7.jpg",600,600,false],"woocommerce_gallery_thumbnail":["https:\/\/pecpets.com\/wp-content\/uploads\/2023\/09\/Detail-02-7.jpg",100,100,false]},"uagb_author_info":{"display_name":"Lawrence\u00a0\u52b3\u4f26\u65af","author_link":"https:\/\/pecpets.com\/es\/author\/"},"uagb_comment_info":0,"uagb_excerpt":"Wholesale Breathable Dog Sofa Bed Discover Breathable Dog Sofa Bed. Keep your pets stylish with our high-quality designs.","_links":{"self":[{"href":"https:\/\/pecpets.com\/es\/wp-json\/wp\/v2\/product\/3707","targetHints":{"allow":["GET"]}}],"collection":[{"href":"https:\/\/pecpets.com\/es\/wp-json\/wp\/v2\/product"}],"about":[{"href":"https:\/\/pecpets.com\/es\/wp-json\/wp\/v2\/types\/product"}],"wp:featuredmedia":[{"embeddable":true,"href":"https:\/\/pecpets.com\/es\/wp-json\/wp\/v2\/media\/3708"}],"wp:attachment":[{"href":"https:\/\/pecpets.com\/es\/wp-json\/wp\/v2\/media?parent=3707"}],"wp:term":[{"taxonomy":"product_brand","embeddable":true,"href":"https:\/\/pecpets.com\/es\/wp-json\/wp\/v2\/product_brand?post=3707"},{"taxonomy":"product_cat","embeddable":true,"href":"https:\/\/pecpets.com\/es\/wp-json\/wp\/v2\/product_cat?post=3707"},{"taxonomy":"product_tag","embeddable":true,"href":"https:\/\/pecpets.com\/es\/wp-json\/wp\/v2\/product_tag?post=3707"}],"curies":[{"name":"wp","href":"https:\/\/api.w.org\/{rel}","templated":true}]}}