{"id":5093,"date":"2024-05-06T10:05:19","date_gmt":"2024-05-06T02:05:19","guid":{"rendered":"https:\/\/pecpets.com\/?post_type=product&#038;p=5093"},"modified":"2025-08-19T14:21:18","modified_gmt":"2025-08-19T06:21:18","slug":"pet-elizabethan-collar","status":"publish","type":"product","link":"https:\/\/pecpets.com\/es\/product\/pet-elizabethan-collar\/","title":{"rendered":"Collar isabelino para mascotas"},"content":{"rendered":"<h2>Collar isabelino para mascotas - Accesorio para mascotas para fabricantes<\/h2>\n<p>Nuestra f\u00e1brica mayorista ofrece el collar isabelino para mascotas m\u00e1s adorable y ajustable, perfecto para mascotas que se recuperan de una operaci\u00f3n.<\/p>\n<table width=\"288\">\n<tbody>\n<tr>\n<td width=\"137\"><span style=\"color: #333333;\">Nombre del producto<\/span><\/td>\n<td width=\"151\"><span style=\"color: #333333;\">Collar de cirug\u00eda para mascotas<\/span><\/td>\n<\/tr>\n<tr>\n<td><span style=\"color: #333333;\">N\u00ba de art\u00edculo<\/span><\/td>\n<td><span style=\"color: #333333;\">PS-2002<\/span><\/td>\n<\/tr>\n<tr>\n<td><span style=\"color: #333333;\">Material<\/span><\/td>\n<td><span style=\"font-size: 14px;\">Algod\u00f3n, poli\u00e9ster, vell\u00f3n<\/span><\/td>\n<\/tr>\n<tr>\n<td><span style=\"color: #333333;\">\u00a0Tama\u00f1o y color<\/span><\/td>\n<td>Personalizable<\/td>\n<\/tr>\n<tr>\n<td><span style=\"color: #333333;\">\u00a0Plazo de entrega<\/span><\/td>\n<td><span style=\"color: #333333;\">1-5 d\u00edas para peque\u00f1as cantidades por v\u00eda a\u00e9rea y 30-35 d\u00edas para grandes cantidades por v\u00eda mar\u00edtima<\/span><\/td>\n<\/tr>\n<\/tbody>\n<\/table>\n<p>Con un bonito dise\u00f1o y materiales de alta calidad, nuestros collares son imprescindibles para los due\u00f1os de mascotas.<\/p>\n<p>\u00a1Compra ahora las mejores ofertas en collares de recuperaci\u00f3n para mascotas!<\/p>","protected":false},"excerpt":{"rendered":"<h2>Collar isabelino para mascotas<\/h2>\n<p>Collar isabelino Explore Pet.<\/p>\n<p>Compre accesorios para mascotas al por mayor de f\u00e1brica a precios y con una calidad insuperables.<\/p>","protected":false},"featured_media":5097,"template":"","meta":{"_seopress_robots_primary_cat":"none","_seopress_titles_title":"Pet Accessory: Pet Elizabethan Collar - Professional Manufacturers","_seopress_titles_desc":"Discover our Pet Elizabethan Collar, an adorable and adjustable pet accessory. Ideal for seeking high-quality, comfortable, and protective collars for pets.","_seopress_robots_index":"","_uag_custom_page_level_css":""},"product_brand":[],"product_cat":[366,365,23],"product_tag":[],"class_list":{"0":"post-5093","1":"product","2":"type-product","3":"status-publish","4":"has-post-thumbnail","6":"product_cat-dog-surgery-clothes","7":"product_cat-functional-dog-clothing","8":"product_cat-pet-clothing","10":"first","11":"instock","12":"shipping-taxable","13":"product-type-simple"},"uagb_featured_image_src":{"full":["https:\/\/pecpets.com\/wp-content\/uploads\/2024\/05\/Pet-Elizabethan-Collar4.jpg",750,862,false],"thumbnail":["https:\/\/pecpets.com\/wp-content\/uploads\/2024\/05\/Pet-Elizabethan-Collar4.jpg",131,150,false],"medium":["https:\/\/pecpets.com\/wp-content\/uploads\/2024\/05\/Pet-Elizabethan-Collar4.jpg",261,300,false],"medium_large":["https:\/\/pecpets.com\/wp-content\/uploads\/2024\/05\/Pet-Elizabethan-Collar4.jpg",750,862,false],"large":["https:\/\/pecpets.com\/wp-content\/uploads\/2024\/05\/Pet-Elizabethan-Collar4.jpg",750,862,false],"1536x1536":["https:\/\/pecpets.com\/wp-content\/uploads\/2024\/05\/Pet-Elizabethan-Collar4.jpg",750,862,false],"2048x2048":["https:\/\/pecpets.com\/wp-content\/uploads\/2024\/05\/Pet-Elizabethan-Collar4.jpg",750,862,false],"trp-custom-language-flag":["https:\/\/pecpets.com\/wp-content\/uploads\/2024\/05\/Pet-Elizabethan-Collar4.jpg",10,12,false],"woocommerce_thumbnail":["https:\/\/pecpets.com\/wp-content\/uploads\/2024\/05\/Pet-Elizabethan-Collar4-300x300.jpg",300,300,true],"woocommerce_single":["https:\/\/pecpets.com\/wp-content\/uploads\/2024\/05\/Pet-Elizabethan-Collar4.jpg",600,690,false],"woocommerce_gallery_thumbnail":["https:\/\/pecpets.com\/wp-content\/uploads\/2024\/05\/Pet-Elizabethan-Collar4-100x100.jpg",100,100,true]},"uagb_author_info":{"display_name":"Lawrence\u00a0\u52b3\u4f26\u65af","author_link":"https:\/\/pecpets.com\/es\/author\/"},"uagb_comment_info":0,"uagb_excerpt":"Pet Elizabethan Collar Explore Pet Elizabethan Collar. Shop wholesale pet accessories from the factory for unbeatable prices and quality.","_links":{"self":[{"href":"https:\/\/pecpets.com\/es\/wp-json\/wp\/v2\/product\/5093","targetHints":{"allow":["GET"]}}],"collection":[{"href":"https:\/\/pecpets.com\/es\/wp-json\/wp\/v2\/product"}],"about":[{"href":"https:\/\/pecpets.com\/es\/wp-json\/wp\/v2\/types\/product"}],"wp:featuredmedia":[{"embeddable":true,"href":"https:\/\/pecpets.com\/es\/wp-json\/wp\/v2\/media\/5097"}],"wp:attachment":[{"href":"https:\/\/pecpets.com\/es\/wp-json\/wp\/v2\/media?parent=5093"}],"wp:term":[{"taxonomy":"product_brand","embeddable":true,"href":"https:\/\/pecpets.com\/es\/wp-json\/wp\/v2\/product_brand?post=5093"},{"taxonomy":"product_cat","embeddable":true,"href":"https:\/\/pecpets.com\/es\/wp-json\/wp\/v2\/product_cat?post=5093"},{"taxonomy":"product_tag","embeddable":true,"href":"https:\/\/pecpets.com\/es\/wp-json\/wp\/v2\/product_tag?post=5093"}],"curies":[{"name":"wp","href":"https:\/\/api.w.org\/{rel}","templated":true}]}}