{"id":5289,"date":"2024-05-08T15:59:52","date_gmt":"2024-05-08T07:59:52","guid":{"rendered":"https:\/\/pecpets.com\/?post_type=product&#038;p=5289"},"modified":"2024-06-12T15:12:46","modified_gmt":"2024-06-12T07:12:46","slug":"dog-leash-custom-color","status":"publish","type":"product","link":"https:\/\/pecpets.com\/es\/product\/dog-leash-custom-color\/","title":{"rendered":"Correa para perro Custom Color"},"content":{"rendered":"<h2 data-immersive-translate-walked=\"a31ad6ab-e45e-43ba-80ae-f8cca86f0c4e\"><strong data-immersive-translate-walked=\"a31ad6ab-e45e-43ba-80ae-f8cca86f0c4e\">Lujo Heavy-Duty Big Dog Leash F\u00e1brica | Pet Training Rope Proveedor<\/strong><\/h2>\n<p data-immersive-translate-walked=\"a31ad6ab-e45e-43ba-80ae-f8cca86f0c4e\" data-immersive-translate-paragraph=\"1\">Bienvenido a nuestra selecci\u00f3n premium de correas para perros grandes, perfectas para el adiestramiento de mascotas y los paseos diarios. Nuestras cuerdas de adiestramiento para mascotas producidas en f\u00e1brica est\u00e1n dise\u00f1adas para ofrecer durabilidad y comodidad, por lo que son ideales para perros grandes. Tanto si es due\u00f1o de una mascota como si es minorista, nuestras correas de lujo son la elecci\u00f3n perfecta para quienes buscan calidad y estilo en los accesorios para mascotas.<\/p>\n<p data-immersive-translate-walked=\"a31ad6ab-e45e-43ba-80ae-f8cca86f0c4e\" data-immersive-translate-paragraph=\"1\">Explore hoy mismo nuestra gama de correas resistentes para perros y descubra por qu\u00e9 nuestros productos destacan sobre los dem\u00e1s. Con un enfoque en la artesan\u00eda de calidad y durabilidad, nuestra f\u00e1brica asegura que cada correa cumple con los m\u00e1s altos est\u00e1ndares. Diga adi\u00f3s a los accesorios endebles para mascotas y cambie a nuestras lujosas correas para perros grandes para disfrutar de una experiencia de paseo superior.<\/p>\n<p data-immersive-translate-walked=\"a31ad6ab-e45e-43ba-80ae-f8cca86f0c4e\" data-immersive-translate-paragraph=\"1\">Elija nuestra f\u00e1brica para todas sus necesidades de cuerdas de adiestramiento de mascotas y experimente la diferencia en calidad y rendimiento. Compre ahora y regale a su peludo amigo lo mejor en accesorios para mascotas.<\/p>","protected":false},"excerpt":{"rendered":"<div class=\"elementor-element elementor-element-36a3285 elementor-widget elementor-widget-woocommerce-product-title elementor-page-title elementor-widget-heading\" data-id=\"36a3285\" data-element_type=\"widget\" data-widget_type=\"woocommerce-product-title.default\">\n<div class=\"elementor-widget-container\">\n<h1 class=\"product_title entry-title elementor-heading-title elementor-size-default\">Correa para perros Color personalizado y MOQ bajo<\/h1>\n<\/div>\n<\/div>\n<div class=\"elementor-element elementor-element-f148377 elementor-widget elementor-widget-woocommerce-product-content\" data-id=\"f148377\" data-element_type=\"widget\" data-widget_type=\"woocommerce-product-content.default\">\n<div class=\"elementor-widget-container\">\n<table class=\"is-zebra all magic-1\" style=\"height: 309px;\" width=\"390\">\n<tbody>\n<tr>\n<td colspan=\"1\" rowspan=\"1\">\n<div class=\"magic-2\">Tipo de producto<\/div>\n<\/td>\n<td colspan=\"1\" rowspan=\"1\">\n<div class=\"magic-3\">Mayorista Correa<\/div>\n<\/td>\n<\/tr>\n<tr>\n<td colspan=\"1\" rowspan=\"1\">\n<div class=\"magic-2\">Material<\/div>\n<\/td>\n<td colspan=\"1\" rowspan=\"1\">\n<div class=\"magic-3\">Nylon<\/div>\n<\/td>\n<\/tr>\n<tr>\n<td colspan=\"1\" rowspan=\"1\">\n<div class=\"magic-2\">Dise\u00f1o<\/div>\n<\/td>\n<td colspan=\"1\" rowspan=\"1\">\n<div class=\"magic-3\">Dise\u00f1o en stock<\/div>\n<\/td>\n<\/tr>\n<tr>\n<td colspan=\"1\" rowspan=\"1\">\n<div class=\"magic-2\">Utilizaci\u00f3n<\/div>\n<\/td>\n<td colspan=\"1\" rowspan=\"1\">\n<div class=\"magic-3\">Perros de paseo<\/div>\n<\/td>\n<\/tr>\n<tr>\n<td colspan=\"1\" rowspan=\"1\">\n<div class=\"magic-2\">Caracter\u00edstica<\/div>\n<\/td>\n<td colspan=\"1\" rowspan=\"1\">\n<div class=\"magic-3\">Sostenible<\/div>\n<\/td>\n<\/tr>\n<tr>\n<td colspan=\"1\" rowspan=\"1\">\n<div class=\"magic-2\">MOQ<\/div>\n<\/td>\n<td colspan=\"1\" rowspan=\"1\">\n<div class=\"magic-3\">100 piezas<\/div>\n<\/td>\n<\/tr>\n<tr>\n<td colspan=\"1\" rowspan=\"1\">\n<div class=\"magic-2\">Tiempo de muestreo<\/div>\n<\/td>\n<td colspan=\"1\" rowspan=\"1\">\n<div class=\"magic-3\">5-7 d\u00edas laborables<\/div>\n<\/td>\n<\/tr>\n<tr>\n<td colspan=\"1\" rowspan=\"1\">\n<div class=\"magic-2\">Servicio OEM<\/div>\n<\/td>\n<td colspan=\"1\" rowspan=\"1\">\n<div class=\"magic-3\">Disponible<\/div>\n<\/td>\n<\/tr>\n<\/tbody>\n<\/table>\n<\/div>\n<\/div>","protected":false},"featured_media":5285,"template":"","meta":{"_seopress_robots_primary_cat":"none","_seopress_titles_title":"","_seopress_titles_desc":"Explore our Dog Leash custom color, combining durability and comfort. Ideal for manufacturers seeking high-quality, customizable pet leashes for wholesale.\u00a0","_seopress_robots_index":"","_uag_custom_page_level_css":""},"product_brand":[],"product_cat":[325,28],"product_tag":[],"class_list":{"0":"post-5289","1":"product","2":"type-product","3":"status-publish","4":"has-post-thumbnail","6":"product_cat-chew-resistant-dog-leashes","7":"product_cat-pet-leash","9":"first","10":"instock","11":"shipping-taxable","12":"product-type-simple"},"uagb_featured_image_src":{"full":["https:\/\/pecpets.com\/wp-content\/uploads\/2024\/05\/pet-dog-leash4.jpg",1000,1000,false],"thumbnail":["https:\/\/pecpets.com\/wp-content\/uploads\/2024\/05\/pet-dog-leash4.jpg",150,150,false],"medium":["https:\/\/pecpets.com\/wp-content\/uploads\/2024\/05\/pet-dog-leash4.jpg",300,300,false],"medium_large":["https:\/\/pecpets.com\/wp-content\/uploads\/2024\/05\/pet-dog-leash4.jpg",768,768,false],"large":["https:\/\/pecpets.com\/wp-content\/uploads\/2024\/05\/pet-dog-leash4.jpg",800,800,false],"1536x1536":["https:\/\/pecpets.com\/wp-content\/uploads\/2024\/05\/pet-dog-leash4.jpg",1000,1000,false],"2048x2048":["https:\/\/pecpets.com\/wp-content\/uploads\/2024\/05\/pet-dog-leash4.jpg",1000,1000,false],"trp-custom-language-flag":["https:\/\/pecpets.com\/wp-content\/uploads\/2024\/05\/pet-dog-leash4.jpg",12,12,false],"woocommerce_thumbnail":["https:\/\/pecpets.com\/wp-content\/uploads\/2024\/05\/pet-dog-leash4.jpg",300,300,false],"woocommerce_single":["https:\/\/pecpets.com\/wp-content\/uploads\/2024\/05\/pet-dog-leash4.jpg",600,600,false],"woocommerce_gallery_thumbnail":["https:\/\/pecpets.com\/wp-content\/uploads\/2024\/05\/pet-dog-leash4.jpg",100,100,false]},"uagb_author_info":{"display_name":"Lawrence\u00a0\u52b3\u4f26\u65af","author_link":"https:\/\/pecpets.com\/es\/author\/"},"uagb_comment_info":0,"uagb_excerpt":"Dog Leash Custom Color and Low MOQ Product Type Wholesale Pet Leash Material Nylon Design In Stock Design Usage Walk Dogs Feature Sustainable MOQ 100 Pieces Sample Time 5-7 working days OEM Service Available","_links":{"self":[{"href":"https:\/\/pecpets.com\/es\/wp-json\/wp\/v2\/product\/5289","targetHints":{"allow":["GET"]}}],"collection":[{"href":"https:\/\/pecpets.com\/es\/wp-json\/wp\/v2\/product"}],"about":[{"href":"https:\/\/pecpets.com\/es\/wp-json\/wp\/v2\/types\/product"}],"wp:featuredmedia":[{"embeddable":true,"href":"https:\/\/pecpets.com\/es\/wp-json\/wp\/v2\/media\/5285"}],"wp:attachment":[{"href":"https:\/\/pecpets.com\/es\/wp-json\/wp\/v2\/media?parent=5289"}],"wp:term":[{"taxonomy":"product_brand","embeddable":true,"href":"https:\/\/pecpets.com\/es\/wp-json\/wp\/v2\/product_brand?post=5289"},{"taxonomy":"product_cat","embeddable":true,"href":"https:\/\/pecpets.com\/es\/wp-json\/wp\/v2\/product_cat?post=5289"},{"taxonomy":"product_tag","embeddable":true,"href":"https:\/\/pecpets.com\/es\/wp-json\/wp\/v2\/product_tag?post=5289"}],"curies":[{"name":"wp","href":"https:\/\/api.w.org\/{rel}","templated":true}]}}