{"id":5403,"date":"2024-05-10T14:59:03","date_gmt":"2024-05-10T06:59:03","guid":{"rendered":"https:\/\/pecpets.com\/?post_type=product&#038;p=5403"},"modified":"2025-08-19T14:18:35","modified_gmt":"2025-08-19T06:18:35","slug":"raised-dog-bowls","status":"publish","type":"product","link":"https:\/\/pecpets.com\/es\/product\/raised-dog-bowls\/","title":{"rendered":"Cuencos elevados para perros"},"content":{"rendered":"<h2 data-immersive-translate-walked=\"0ed840e9-ebe0-4e3a-a5fb-859a652e1258\" data-immersive-translate-paragraph=\"1\">Mayorista Comederos elevados para perros - Comederos elevados ajustables y estables con comedero lento para mascotas felices<\/h2>\n<p data-immersive-translate-walked=\"0ed840e9-ebe0-4e3a-a5fb-859a652e1258\" data-immersive-translate-paragraph=\"1\">Descubra nuestros cuencos elevados para perros al por mayor de primera calidad, con opciones de altura ajustable y estabilidad para sus amigos peludos.<\/p>\n<table width=\"288\">\n<tbody>\n<tr>\n<td width=\"137\"><span style=\"color: #333333;\">Nombre del producto<\/span><\/td>\n<td width=\"151\"><span style=\"color: #333333;\">Accesorios para mascotas<\/span><\/td>\n<\/tr>\n<tr>\n<td><span style=\"color: #333333;\">N\u00ba de art\u00edculo<\/span><\/td>\n<td><span style=\"color: #333333;\">PA-2003<\/span><\/td>\n<\/tr>\n<tr>\n<td><span style=\"color: #333333;\">Material<\/span><\/td>\n<td><span style=\"font-size: 14px;\">Acero inoxidable<\/span><\/td>\n<\/tr>\n<tr>\n<td><span style=\"color: #333333;\">\u00a0Tama\u00f1o y color<\/span><\/td>\n<td>Personalizable<\/td>\n<\/tr>\n<tr>\n<td><span style=\"color: #333333;\">\u00a0Plazo de entrega<\/span><\/td>\n<td><span style=\"color: #333333;\">1-5 d\u00edas para peque\u00f1as cantidades por v\u00eda a\u00e9rea y 30-35 d\u00edas para grandes cantidades por v\u00eda mar\u00edtima<\/span><\/td>\n<\/tr>\n<\/tbody>\n<\/table>\n<p data-immersive-translate-walked=\"0ed840e9-ebe0-4e3a-a5fb-859a652e1258\" data-immersive-translate-paragraph=\"1\">Estos cuencos elevados vienen con un comedero lento para fomentar h\u00e1bitos alimentarios saludables.<\/p>\n<p data-immersive-translate-walked=\"0ed840e9-ebe0-4e3a-a5fb-859a652e1258\" data-immersive-translate-paragraph=\"1\">Compre al por mayor y proporcione a sus clientes las mejores soluciones de alimentaci\u00f3n para sus queridas mascotas.<\/p>","protected":false},"excerpt":{"rendered":"<h2 data-immersive-translate-walked=\"0ed840e9-ebe0-4e3a-a5fb-859a652e1258\" data-immersive-translate-paragraph=\"1\">Mayorista Comederos elevados para perros<\/h2>\n<p>Explore Wholesale Raised Dog Bowls.<\/p>\n<p>Compre accesorios para mascotas al por mayor de f\u00e1brica a precios y con una calidad insuperables.<\/p>","protected":false},"featured_media":5406,"template":"","meta":{"_seopress_robots_primary_cat":"none","_seopress_titles_title":"Pet Accessory: Raised Dog Bowls\u00a0- Top Manufacturers","_seopress_titles_desc":"Discover adjustable and stable raised dog bowls from top manufacturers. Ensure your pet comfort and proper feeding posture with our high-quality durable designs","_seopress_robots_index":"","_uag_custom_page_level_css":""},"product_brand":[],"product_cat":[324],"product_tag":[336],"class_list":{"0":"post-5403","1":"product","2":"type-product","3":"status-publish","4":"has-post-thumbnail","6":"product_cat-pet-accessory","7":"product_tag-raised-dog-bowls","9":"first","10":"instock","11":"shipping-taxable","12":"product-type-simple"},"uagb_featured_image_src":{"full":["https:\/\/pecpets.com\/wp-content\/uploads\/2024\/05\/Raised-Dog-Bowls2.jpg",1500,1500,false],"thumbnail":["https:\/\/pecpets.com\/wp-content\/uploads\/2024\/05\/Raised-Dog-Bowls2.jpg",150,150,false],"medium":["https:\/\/pecpets.com\/wp-content\/uploads\/2024\/05\/Raised-Dog-Bowls2.jpg",300,300,false],"medium_large":["https:\/\/pecpets.com\/wp-content\/uploads\/2024\/05\/Raised-Dog-Bowls2.jpg",768,768,false],"large":["https:\/\/pecpets.com\/wp-content\/uploads\/2024\/05\/Raised-Dog-Bowls2.jpg",800,800,false],"1536x1536":["https:\/\/pecpets.com\/wp-content\/uploads\/2024\/05\/Raised-Dog-Bowls2.jpg",1500,1500,false],"2048x2048":["https:\/\/pecpets.com\/wp-content\/uploads\/2024\/05\/Raised-Dog-Bowls2.jpg",1500,1500,false],"trp-custom-language-flag":["https:\/\/pecpets.com\/wp-content\/uploads\/2024\/05\/Raised-Dog-Bowls2.jpg",12,12,false],"woocommerce_thumbnail":["https:\/\/pecpets.com\/wp-content\/uploads\/2024\/05\/Raised-Dog-Bowls2.jpg",300,300,false],"woocommerce_single":["https:\/\/pecpets.com\/wp-content\/uploads\/2024\/05\/Raised-Dog-Bowls2.jpg",600,600,false],"woocommerce_gallery_thumbnail":["https:\/\/pecpets.com\/wp-content\/uploads\/2024\/05\/Raised-Dog-Bowls2.jpg",100,100,false]},"uagb_author_info":{"display_name":"Lawrence\u00a0\u52b3\u4f26\u65af","author_link":"https:\/\/pecpets.com\/es\/author\/"},"uagb_comment_info":0,"uagb_excerpt":"Wholesale Raised Dog Bowls Explore Wholesale Raised Dog Bowls. Shop wholesale pet accessories from the factory for unbeatable prices and quality.","_links":{"self":[{"href":"https:\/\/pecpets.com\/es\/wp-json\/wp\/v2\/product\/5403","targetHints":{"allow":["GET"]}}],"collection":[{"href":"https:\/\/pecpets.com\/es\/wp-json\/wp\/v2\/product"}],"about":[{"href":"https:\/\/pecpets.com\/es\/wp-json\/wp\/v2\/types\/product"}],"wp:featuredmedia":[{"embeddable":true,"href":"https:\/\/pecpets.com\/es\/wp-json\/wp\/v2\/media\/5406"}],"wp:attachment":[{"href":"https:\/\/pecpets.com\/es\/wp-json\/wp\/v2\/media?parent=5403"}],"wp:term":[{"taxonomy":"product_brand","embeddable":true,"href":"https:\/\/pecpets.com\/es\/wp-json\/wp\/v2\/product_brand?post=5403"},{"taxonomy":"product_cat","embeddable":true,"href":"https:\/\/pecpets.com\/es\/wp-json\/wp\/v2\/product_cat?post=5403"},{"taxonomy":"product_tag","embeddable":true,"href":"https:\/\/pecpets.com\/es\/wp-json\/wp\/v2\/product_tag?post=5403"}],"curies":[{"name":"wp","href":"https:\/\/api.w.org\/{rel}","templated":true}]}}