{"id":5751,"date":"2024-05-28T17:26:24","date_gmt":"2024-05-28T09:26:24","guid":{"rendered":"https:\/\/pecpets.com\/?post_type=product&#038;p=5751"},"modified":"2025-08-18T17:13:21","modified_gmt":"2025-08-18T09:13:21","slug":"anti-slip-dog-shoes","status":"publish","type":"product","link":"https:\/\/pecpets.com\/es\/product\/anti-slip-dog-shoes\/","title":{"rendered":"Zapatos antideslizantes para perros"},"content":{"rendered":"<h2 data-immersive-translate-walked=\"b535e8cb-4fa8-4755-a6c9-df7ac573832a\"><strong data-immersive-translate-walked=\"b535e8cb-4fa8-4755-a6c9-df7ac573832a\" data-immersive-translate-paragraph=\"1\">Mayorista Zapatos impermeables y transpirables para perros - Zapatos antideslizantes para mascotas para todas las estaciones<\/strong><\/h2>\n<p data-immersive-translate-walked=\"b535e8cb-4fa8-4755-a6c9-df7ac573832a\" data-immersive-translate-paragraph=\"1\">Explore nuestra colecci\u00f3n de zapatos impermeables y transpirables al por mayor para perros, que incluye una variedad de zapatos para mascotas dise\u00f1ados para todas las estaciones.<\/p>\n<table width=\"288\">\n<tbody>\n<tr>\n<td width=\"137\"><span style=\"color: #333333;\">Nombre del producto<\/span><\/td>\n<td width=\"151\"><span style=\"color: #333333;\">Zapatos para mascotas<\/span><\/td>\n<\/tr>\n<tr>\n<td><span style=\"color: #333333;\">N\u00ba de art\u00edculo<\/span><\/td>\n<td><span style=\"color: #333333;\">PA-S2018<\/span><\/td>\n<\/tr>\n<tr>\n<td><span style=\"color: #333333;\">Material<\/span><\/td>\n<td><span style=\"color: #333333;\">Goma<\/span><\/td>\n<\/tr>\n<tr>\n<td><span style=\"color: #333333;\">\u00a0Tama\u00f1o y color<\/span><\/td>\n<td><span style=\"color: #333333;\">Personalizado<\/span><\/td>\n<\/tr>\n<tr>\n<td><span style=\"color: #333333;\">\u00a0Plazo de entrega<\/span><\/td>\n<td><span style=\"color: #333333;\">1-5 d\u00edas para peque\u00f1as cantidades por v\u00eda a\u00e9rea y 30-35 d\u00edas para grandes cantidades por v\u00eda mar\u00edtima<\/span><\/td>\n<\/tr>\n<\/tbody>\n<\/table>\n<p data-immersive-translate-walked=\"b535e8cb-4fa8-4755-a6c9-df7ac573832a\" data-immersive-translate-paragraph=\"1\">Superior Material: Reflective material and skid-resistant design provide visibility and safety at night, and waterproof material can keep the paws of your pet dry on rainy days or snowy days.<\/p>\n<p data-immersive-translate-walked=\"b535e8cb-4fa8-4755-a6c9-df7ac573832a\" data-immersive-translate-paragraph=\"1\">Comfortable Wearing: Flexible lug design and grooved sole give your dog better control as well as better protection, and the two fastener straps make the shoes easy to put on and take off.<\/p>","protected":false},"excerpt":{"rendered":"<h2>Zapatos antideslizantes para perros<\/h2>\n<p>Explore Anti-Slip Dog Shoes.<\/p>\n<p>Shop wholesale pet Shoes from the factory for unbeatable prices and quality.<\/p>","protected":false},"featured_media":5747,"template":"","meta":{"_seopress_robots_primary_cat":"none","_seopress_titles_title":"Pet Accessory: Waterproof Anti-Slip Dog Shoes - Top Manufacturers","_seopress_titles_desc":"Discover premium, waterproof anti-slip dog shoes from top pet accessory manufacturers. Ensure your pets' safety and comfort with our durable products.","_seopress_robots_index":"","_seopress_analysis_target_kw":"Anti-Slip Dog Shoes","_uag_custom_page_level_css":""},"product_brand":[],"product_cat":[330],"product_tag":[],"class_list":{"0":"post-5751","1":"product","2":"type-product","3":"status-publish","4":"has-post-thumbnail","6":"product_cat-dog-shoes","8":"first","9":"instock","10":"shipping-taxable","11":"product-type-simple"},"uagb_featured_image_src":{"full":["https:\/\/pecpets.com\/wp-content\/uploads\/2024\/05\/Anti-Slip-Dog-Shoes6.jpg",679,668,false],"thumbnail":["https:\/\/pecpets.com\/wp-content\/uploads\/2024\/05\/Anti-Slip-Dog-Shoes6-150x150.jpg",150,150,true],"medium":["https:\/\/pecpets.com\/wp-content\/uploads\/2024\/05\/Anti-Slip-Dog-Shoes6-300x295.jpg",300,295,true],"medium_large":["https:\/\/pecpets.com\/wp-content\/uploads\/2024\/05\/Anti-Slip-Dog-Shoes6.jpg",679,668,false],"large":["https:\/\/pecpets.com\/wp-content\/uploads\/2024\/05\/Anti-Slip-Dog-Shoes6.jpg",679,668,false],"1536x1536":["https:\/\/pecpets.com\/wp-content\/uploads\/2024\/05\/Anti-Slip-Dog-Shoes6.jpg",679,668,false],"2048x2048":["https:\/\/pecpets.com\/wp-content\/uploads\/2024\/05\/Anti-Slip-Dog-Shoes6.jpg",679,668,false],"trp-custom-language-flag":["https:\/\/pecpets.com\/wp-content\/uploads\/2024\/05\/Anti-Slip-Dog-Shoes6.jpg",12,12,false],"woocommerce_thumbnail":["https:\/\/pecpets.com\/wp-content\/uploads\/2024\/05\/Anti-Slip-Dog-Shoes6-300x300.jpg",300,300,true],"woocommerce_single":["https:\/\/pecpets.com\/wp-content\/uploads\/2024\/05\/Anti-Slip-Dog-Shoes6-600x590.jpg",600,590,true],"woocommerce_gallery_thumbnail":["https:\/\/pecpets.com\/wp-content\/uploads\/2024\/05\/Anti-Slip-Dog-Shoes6-100x100.jpg",100,100,true]},"uagb_author_info":{"display_name":"Lawrence\u00a0\u52b3\u4f26\u65af","author_link":"https:\/\/pecpets.com\/es\/author\/"},"uagb_comment_info":0,"uagb_excerpt":"Anti-Slip Dog Shoes Explore Anti-Slip Dog Shoes. Shop wholesale pet Shoes from the factory for unbeatable prices and quality.","_links":{"self":[{"href":"https:\/\/pecpets.com\/es\/wp-json\/wp\/v2\/product\/5751","targetHints":{"allow":["GET"]}}],"collection":[{"href":"https:\/\/pecpets.com\/es\/wp-json\/wp\/v2\/product"}],"about":[{"href":"https:\/\/pecpets.com\/es\/wp-json\/wp\/v2\/types\/product"}],"wp:featuredmedia":[{"embeddable":true,"href":"https:\/\/pecpets.com\/es\/wp-json\/wp\/v2\/media\/5747"}],"wp:attachment":[{"href":"https:\/\/pecpets.com\/es\/wp-json\/wp\/v2\/media?parent=5751"}],"wp:term":[{"taxonomy":"product_brand","embeddable":true,"href":"https:\/\/pecpets.com\/es\/wp-json\/wp\/v2\/product_brand?post=5751"},{"taxonomy":"product_cat","embeddable":true,"href":"https:\/\/pecpets.com\/es\/wp-json\/wp\/v2\/product_cat?post=5751"},{"taxonomy":"product_tag","embeddable":true,"href":"https:\/\/pecpets.com\/es\/wp-json\/wp\/v2\/product_tag?post=5751"}],"curies":[{"name":"wp","href":"https:\/\/api.w.org\/{rel}","templated":true}]}}