{"id":7224,"date":"2024-06-28T09:08:12","date_gmt":"2024-06-28T01:08:12","guid":{"rendered":"https:\/\/pecpets.com\/?post_type=product&#038;p=7224"},"modified":"2024-10-29T15:56:40","modified_gmt":"2024-10-29T07:56:40","slug":"eco-friendly-luxury-dog-bed","status":"publish","type":"product","link":"https:\/\/pecpets.com\/es\/product\/eco-friendly-luxury-dog-bed\/","title":{"rendered":"Cama de lujo ecol\u00f3gica para perros"},"content":{"rendered":"<h2>Camas ecol\u00f3gicas para perros - Cama ecol\u00f3gica de lujo para perros con durabilidad superior | Precios de f\u00e1brica al por mayor<span class=\"notranslate immersive-translate-target-wrapper\" lang=\"zh-CN\" translate=\"no\" data-immersive-translate-loading-id=\"1\">\u00a0<\/span><\/h2>\n<p>Bienvenido a nuestro sitio web, su principal proveedor de camas ecol\u00f3gicas de alta calidad para perros. Nuestros productos se han dise\u00f1ado pensando tanto en la comodidad como en la sostenibilidad, para garantizar que todas las mascotas puedan disfrutar de un descanso de lujo al tiempo que se minimiza el impacto medioambiental. Tanto si es una tienda de mascotas, un mayorista o un minorista, nuestras camas ecol\u00f3gicas para perros son la opci\u00f3n perfecta para usted.<\/p>\n<table style=\"border-collapse: collapse; background-color: #ffffff; width: 333px; height: 276px;\" border=\"1\">\n<tbody>\n<tr>\n<td style=\"font-family: Verdana, Arial, Helvetica, sans-serif; font-size: 12px; color: #000000; margin: 8px; width: 187px; text-align: center;\"><span style=\"line-height: 21px; font-size: 14px;\">Nombre del producto<\/span><\/td>\n<td style=\"font-family: Verdana, Arial, Helvetica, sans-serif; font-size: 12px; color: #000000; margin: 8px; width: 526px; text-align: center;\">Cama para mascotas<\/td>\n<\/tr>\n<tr>\n<td style=\"font-family: Verdana, Arial, Helvetica, sans-serif; font-size: 12px; color: #000000; margin: 8px; width: 187px; text-align: center;\"><span style=\"line-height: 21px; font-size: 14px;\">N\u00ba de art\u00edculo<\/span><\/td>\n<td style=\"font-family: Verdana, Arial, Helvetica, sans-serif; font-size: 12px; color: #000000; margin: 8px; width: 526px; text-align: center;\"><span style=\"line-height: 21px; font-size: 14px;\">P-B2010<\/span><\/td>\n<\/tr>\n<tr>\n<td style=\"font-family: Verdana, Arial, Helvetica, sans-serif; font-size: 12px; color: #000000; margin: 8px; width: 187px; text-align: center;\"><span style=\"line-height: 21px; color: #333333; font-family: Arial, Helvetica; font-size: 14px; font-style: normal; font-weight: 400; background-color: #ffffff; float: none; display: inline !important;\">Material<\/span><\/td>\n<td style=\"font-family: Verdana, Arial, Helvetica, sans-serif; font-size: 12px; color: #000000; margin: 8px; width: 526px; text-align: center;\"><span style=\"color: #333333; font-family: Helvetica, Tahoma, Arial; font-size: 14px; font-style: normal; font-weight: 400; background-color: #fcfcfc; float: none; display: inline !important;\">Fibra<\/span><\/td>\n<\/tr>\n<tr>\n<td style=\"font-family: Verdana, Arial, Helvetica, sans-serif; font-size: 12px; color: #000000; margin: 8px; width: 187px; text-align: center;\"><span style=\"line-height: 21px; font-size: 14px;\">\u00a0Talla<\/span><\/td>\n<td style=\"font-family: Verdana, Arial, Helvetica, sans-serif; font-size: 12px; color: #000000; margin: 8px; width: 526px; text-align: center;\">S:35*45*6CM<span class=\"notranslate immersive-translate-target-wrapper\" lang=\"zh-CN\" translate=\"no\" data-immersive-translate-loading-id=\"1\">\u00a0<\/span><br \/>\nM:5*45*65CM<span class=\"notranslate immersive-translate-target-wrapper\" lang=\"zh-CN\" translate=\"no\" data-immersive-translate-loading-id=\"2\">\u00a0<\/span><br \/>\nL:76*58*6CM<span class=\"notranslate immersive-translate-target-wrapper\" lang=\"zh-CN\" translate=\"no\" data-immersive-translate-loading-id=\"3\">\u00a0<\/span><\/td>\n<\/tr>\n<tr>\n<td style=\"font-family: Verdana, Arial, Helvetica, sans-serif; font-size: 12px; color: #000000; margin: 8px; width: 187px; text-align: center;\"><span style=\"line-height: 21px; font-size: 14px;\">\u00a0Color<\/span><\/td>\n<td style=\"font-family: Verdana, Arial, Helvetica, sans-serif; font-size: 12px; color: #000000; margin: 8px; width: 526px; text-align: center;\"><span style=\"font-size: 14px;\">Azul, Rosa<\/span><\/td>\n<\/tr>\n<tr>\n<td style=\"font-family: Verdana, Arial, Helvetica, sans-serif; font-size: 12px; color: #000000; margin: 8px; width: 187px; text-align: center;\"><span style=\"line-height: 21px; font-size: 14px;\">\u00a0<span style=\"line-height: 21px; color: #333333; font-family: Arial, Helvetica; font-size: 14px; font-style: normal; font-weight: 400; background-color: #ffffff; float: none; display: inline !important;\">Tipo de mascota<\/span><\/span><\/td>\n<td style=\"font-family: Verdana, Arial, Helvetica, sans-serif; font-size: 12px; color: #000000; margin: 8px; width: 526px; text-align: center;\"><span style=\"line-height: 21px; font-size: 14px;\">\u00a0Todos los perros<\/span><\/td>\n<\/tr>\n<tr>\n<td style=\"font-family: Verdana, Arial, Helvetica, sans-serif; font-size: 12px; color: #000000; margin: 8px; width: 187px; text-align: center;\"><span style=\"line-height: 21px; font-size: 14px;\">\u00a0<span style=\"line-height: 21px; color: #333333; font-family: Arial, Helvetica; font-size: 14px; font-style: normal; font-weight: 400; background-color: #ffffff; float: none; display: inline !important;\">Plazo de entrega<\/span><\/span><\/td>\n<td style=\"font-family: Verdana, Arial, Helvetica, sans-serif; font-size: 12px; color: #000000; margin: 8px; width: 526px; text-align: center;\"><span style=\"line-height: 21px; font-size: 14px;\"><span style=\"line-height: 21px; color: #000000; font-family: Verdana, Arial, Helvetica, sans-serif; font-size: 14px; font-style: normal; font-weight: 400; background-color: #ffffff; float: none; display: inline !important;\">1-5 d\u00edas para peque\u00f1as cantidades por v\u00eda a\u00e9rea y 30-35 d\u00edas para grandes cantidades por v\u00eda mar\u00edtima<\/span>\u00a0<\/span><\/td>\n<\/tr>\n<tr>\n<td style=\"font-family: Verdana, Arial, Helvetica, sans-serif; font-size: 12px; color: #000000; margin: 8px; width: 187px; text-align: center;\"><span style=\"line-height: 21px; font-size: 14px;\">\u00a0<span style=\"line-height: 21px; color: #333333; font-family: Arial, Helvetica; font-size: 14px; font-style: normal; font-weight: 400; background-color: #ffffff; float: none; display: inline !important;\">Puerto de embarque<\/span><\/span><\/td>\n<td style=\"font-family: Verdana, Arial, Helvetica, sans-serif; font-size: 12px; color: #000000; margin: 8px; width: 526px; text-align: center;\"><span style=\"line-height: 21px; font-size: 14px;\">Xiamen\u00a0<\/span><\/td>\n<\/tr>\n<tr>\n<td style=\"font-family: Verdana, Arial, Helvetica, sans-serif; font-size: 12px; color: #000000; margin: 8px; width: 187px; text-align: center;\"><span style=\"line-height: 21px; font-size: 14px;\">\u00a0<span style=\"line-height: 21px; color: #333333; font-family: Arial, Helvetica; font-size: 14px; font-style: normal; font-weight: 400; background-color: #ffffff; float: none; display: inline !important;\">OEM\/ODM<\/span><\/span><\/td>\n<td style=\"font-family: Verdana, Arial, Helvetica, sans-serif; font-size: 12px; color: #000000; margin: 8px; width: 526px; text-align: center;\"><span style=\"line-height: 21px; font-size: 14px;\">\u00a0<span style=\"line-height: 21px; color: #333333; font-family: Arial, Helvetica; font-size: 14px; font-style: normal; font-weight: 400; background-color: #ffffff; float: none; display: inline !important;\">Disponible<\/span><\/span><\/td>\n<\/tr>\n<tr>\n<td style=\"font-family: Verdana, Arial, Helvetica, sans-serif; font-size: 12px; color: #000000; margin: 8px; width: 187px; text-align: center;\"><span style=\"line-height: 21px; font-size: 14px;\">\u00a0<span style=\"line-height: 21px; color: #333333; font-family: Arial, Helvetica; font-size: 14px; font-style: normal; font-weight: 400; background-color: #ffffff; float: none; display: inline !important;\">Paquete<\/span><\/span><\/td>\n<td style=\"font-family: Verdana, Arial, Helvetica, sans-serif; font-size: 12px; color: #000000; margin: 8px; width: 526px; text-align: center;\"><span style=\"line-height: 21px; font-size: 14px;\"><span style=\"line-height: 21px; color: #333333; font-family: Arial, Helvetica; font-size: 14px; font-style: normal; font-weight: 400; background-color: #ffffff; float: none; display: inline !important;\">Cada uno embalado en un PPB luego en cart\u00f3n o seg\u00fan sea necesario<\/span><\/span><\/td>\n<\/tr>\n<\/tbody>\n<\/table>\n<p><strong>Caracter\u00edsticas del producto:<\/strong><\/p>\n<ul>\n<li><strong>Materiales ecol\u00f3gicos<\/strong>: Nuestras camas para perros est\u00e1n fabricadas con materiales naturales y ecol\u00f3gicos que reducen el impacto medioambiental y garantizan la salud de su mascota.<\/li>\n<li><strong>Confort de lujo<\/strong>: Cada cama de lujo Eco Friendly para perros est\u00e1 meticulosamente dise\u00f1ada para proporcionar el m\u00e1ximo confort a su mascota.<\/li>\n<li><strong>Durabilidad superior<\/strong>: Fabricadas con materiales de alta calidad y excelente mano de obra, nuestras camas para perros est\u00e1n hechas para durar, manteniendo su calidad con el tiempo.<\/li>\n<li data-immersive-translate-walked=\"ebc5c21f-b1ad-42ff-87f2-dabe9450ac22\" data-immersive-translate-paragraph=\"1\"><strong data-immersive-translate-walked=\"ebc5c21f-b1ad-42ff-87f2-dabe9450ac22\">Precios directos de f\u00e1brica al por mayor<\/strong>: Al abastecernos directamente de f\u00e1brica, le ofrecemos los mejores precios en productos de primera calidad.<span class=\"notranslate immersive-translate-target-wrapper\" lang=\"zh-CN\" translate=\"no\" data-immersive-translate-loading-id=\"1\">\u00a0<\/span><\/li>\n<\/ul>\n<h4 data-immersive-translate-walked=\"ebc5c21f-b1ad-42ff-87f2-dabe9450ac22\">\u00bfPor qu\u00e9 elegirnos?<\/h4>\n<ul>\n<li data-immersive-translate-walked=\"ebc5c21f-b1ad-42ff-87f2-dabe9450ac22\" data-immersive-translate-paragraph=\"1\"><strong data-immersive-translate-walked=\"ebc5c21f-b1ad-42ff-87f2-dabe9450ac22\">Amplia experiencia<\/strong>: Con a\u00f1os de experiencia en el <span style=\"color: #ff0000;\"><a style=\"color: #ff0000;\" href=\"https:\/\/pecpets.com\/es\/categoria-de-productos\/pet-bed\/\" target=\"_blank\" rel=\"noopener\">productos para mascotas<\/a><\/span> Entendemos las demandas del mercado y las expectativas de los due\u00f1os de mascotas.<\/li>\n<li><strong>Servicios de personalizaci\u00f3n<\/strong>: Ofrecemos servicios de personalizaci\u00f3n para satisfacer las necesidades \u00fanicas de los distintos mercados.<\/li>\n<li data-immersive-translate-walked=\"ebc5c21f-b1ad-42ff-87f2-dabe9450ac22\" data-immersive-translate-paragraph=\"1\"><strong data-immersive-translate-walked=\"ebc5c21f-b1ad-42ff-87f2-dabe9450ac22\">Atenci\u00f3n al cliente excepcional<\/strong>: Nuestro equipo de atenci\u00f3n al cliente est\u00e1 a su disposici\u00f3n para ofrecerle una asistencia r\u00e1pida y eficaz.<\/li>\n<\/ul>","protected":false},"excerpt":{"rendered":"<h2><strong><b>Mayorista Cama de lujo ecol\u00f3gica para perros<\/b><\/strong><\/h2>\n<p>Descubra la cama de lujo ecol\u00f3gica para perros.<\/p>\n<p>Mant\u00e9n a tus mascotas elegantes con nuestros dise\u00f1os de alta calidad.<\/p>","protected":false},"featured_media":7231,"template":"","meta":{"_seopress_robots_primary_cat":"none","_seopress_titles_title":"Dog Bed: Eco Friendly Luxury Dog Bed - Top Manufacturers","_seopress_titles_desc":"Discovery Eco Friendly Luxury Dog Bed and take factory prices. Ensure your customers and their pet experience the difference in quality and care that we provide","_seopress_robots_index":"","_uag_custom_page_level_css":""},"product_brand":[],"product_cat":[347,22],"product_tag":[71,69,70],"class_list":{"0":"post-7224","1":"product","2":"type-product","3":"status-publish","4":"has-post-thumbnail","6":"product_cat-eco-friendly-dog-beds-pet-bed","7":"product_cat-pet-bed","8":"product_tag-cat-bed","9":"product_tag-dog-bed","10":"product_tag-pet-bed","12":"first","13":"instock","14":"shipping-taxable","15":"product-type-simple"},"uagb_featured_image_src":{"full":["https:\/\/pecpets.com\/wp-content\/uploads\/2024\/06\/64f46e0f-320c-43fb-9bf3-b1dfa043baba.jpeg",1000,1000,false],"thumbnail":["https:\/\/pecpets.com\/wp-content\/uploads\/2024\/06\/64f46e0f-320c-43fb-9bf3-b1dfa043baba-150x150.jpeg",150,150,true],"medium":["https:\/\/pecpets.com\/wp-content\/uploads\/2024\/06\/64f46e0f-320c-43fb-9bf3-b1dfa043baba-300x300.jpeg",300,300,true],"medium_large":["https:\/\/pecpets.com\/wp-content\/uploads\/2024\/06\/64f46e0f-320c-43fb-9bf3-b1dfa043baba-768x768.jpeg",768,768,true],"large":["https:\/\/pecpets.com\/wp-content\/uploads\/2024\/06\/64f46e0f-320c-43fb-9bf3-b1dfa043baba.jpeg",800,800,false],"1536x1536":["https:\/\/pecpets.com\/wp-content\/uploads\/2024\/06\/64f46e0f-320c-43fb-9bf3-b1dfa043baba.jpeg",1000,1000,false],"2048x2048":["https:\/\/pecpets.com\/wp-content\/uploads\/2024\/06\/64f46e0f-320c-43fb-9bf3-b1dfa043baba.jpeg",1000,1000,false],"trp-custom-language-flag":["https:\/\/pecpets.com\/wp-content\/uploads\/2024\/06\/64f46e0f-320c-43fb-9bf3-b1dfa043baba.jpeg",12,12,false],"woocommerce_thumbnail":["https:\/\/pecpets.com\/wp-content\/uploads\/2024\/06\/64f46e0f-320c-43fb-9bf3-b1dfa043baba-300x300.jpeg",300,300,true],"woocommerce_single":["https:\/\/pecpets.com\/wp-content\/uploads\/2024\/06\/64f46e0f-320c-43fb-9bf3-b1dfa043baba-600x600.jpeg",600,600,true],"woocommerce_gallery_thumbnail":["https:\/\/pecpets.com\/wp-content\/uploads\/2024\/06\/64f46e0f-320c-43fb-9bf3-b1dfa043baba-100x100.jpeg",100,100,true]},"uagb_author_info":{"display_name":"Lawrence\u00a0\u52b3\u4f26\u65af","author_link":"https:\/\/pecpets.com\/es\/author\/"},"uagb_comment_info":0,"uagb_excerpt":"Wholesale Eco Friendly Luxury Dog Bed Discover Eco Friendly Luxury Dog Bed. Keep your pets stylish with our high-quality designs.","_links":{"self":[{"href":"https:\/\/pecpets.com\/es\/wp-json\/wp\/v2\/product\/7224","targetHints":{"allow":["GET"]}}],"collection":[{"href":"https:\/\/pecpets.com\/es\/wp-json\/wp\/v2\/product"}],"about":[{"href":"https:\/\/pecpets.com\/es\/wp-json\/wp\/v2\/types\/product"}],"wp:featuredmedia":[{"embeddable":true,"href":"https:\/\/pecpets.com\/es\/wp-json\/wp\/v2\/media\/7231"}],"wp:attachment":[{"href":"https:\/\/pecpets.com\/es\/wp-json\/wp\/v2\/media?parent=7224"}],"wp:term":[{"taxonomy":"product_brand","embeddable":true,"href":"https:\/\/pecpets.com\/es\/wp-json\/wp\/v2\/product_brand?post=7224"},{"taxonomy":"product_cat","embeddable":true,"href":"https:\/\/pecpets.com\/es\/wp-json\/wp\/v2\/product_cat?post=7224"},{"taxonomy":"product_tag","embeddable":true,"href":"https:\/\/pecpets.com\/es\/wp-json\/wp\/v2\/product_tag?post=7224"}],"curies":[{"name":"wp","href":"https:\/\/api.w.org\/{rel}","templated":true}]}}