{"id":8304,"date":"2024-07-10T10:58:36","date_gmt":"2024-07-10T02:58:36","guid":{"rendered":"https:\/\/pecpets.com\/?post_type=product&#038;p=8304"},"modified":"2025-08-18T17:04:30","modified_gmt":"2025-08-18T09:04:30","slug":"skid-proof-rain-snowy-running-shoes-boots","status":"publish","type":"product","link":"https:\/\/pecpets.com\/es\/product\/skid-proof-rain-snowy-running-shoes-boots\/","title":{"rendered":"Antideslizante Lluvia Snowy Running Shoes Boots"},"content":{"rendered":"<h2 data-immersive-translate-walked=\"b535e8cb-4fa8-4755-a6c9-df7ac573832a\">Alta Calidad Skid-Proof Lluvia Snowy Running Dog Shoes - Pet Accessory Venta al por mayor de f\u00e1brica<\/h2>\n<h3>Descripci\u00f3n:<\/h3>\n<p>Presentamos nuestros zapatos para perros antideslizantes de alta calidad para lluvia y nieve, el accesorio para mascotas perfecto para mantener las patas de su perro protegidas y c\u00f3modas en cualquier clima. Dise\u00f1ado tanto para la lluvia y las condiciones de nieve, estos zapatos para perros duraderos proporcionan una excelente tracci\u00f3n y apoyo. Disponibles para la venta al por mayor directamente desde nuestra f\u00e1brica, garantizan una calidad superior y precios competitivos.<\/p>\n<table width=\"288\">\n<tbody>\n<tr>\n<td width=\"137\"><span style=\"color: #333333;\">Nombre del producto<\/span><\/td>\n<td width=\"151\"><span style=\"color: #333333;\">Zapatos para mascotas<\/span><\/td>\n<\/tr>\n<tr>\n<td><span style=\"color: #333333;\">N\u00ba de art\u00edculo<\/span><\/td>\n<td><span style=\"color: #333333;\">PA-S2014<\/span><\/td>\n<\/tr>\n<tr>\n<td><span style=\"color: #333333;\">Material<\/span><\/td>\n<td><span style=\"color: #333333;\">Goma<\/span><\/td>\n<\/tr>\n<tr>\n<td><span style=\"color: #333333;\">\u00a0Tama\u00f1o y color<\/span><\/td>\n<td><span style=\"color: #333333;\">Personalizado<\/span><\/td>\n<\/tr>\n<tr>\n<td><span style=\"color: #333333;\">\u00a0Plazo de entrega<\/span><\/td>\n<td><span style=\"color: #333333;\">1-5 d\u00edas para peque\u00f1as cantidades por v\u00eda a\u00e9rea y 30-35 d\u00edas para grandes cantidades por v\u00eda mar\u00edtima<\/span><\/td>\n<\/tr>\n<\/tbody>\n<\/table>\n<h4>Caracter\u00edsticas principales:<\/h4>\n<ul>\n<li><strong>Dise\u00f1o antideslizante<\/strong>: Incorpora una suela antideslizante para proporcionar una excelente tracci\u00f3n y evitar resbalones en superficies mojadas o heladas.<\/li>\n<li><strong>Protecci\u00f3n para todo tipo de clima<\/strong>: Dise\u00f1ado para proteger las patas de tu perro de la lluvia, la nieve y los terrenos irregulares.<\/li>\n<li><strong>Materiales de alta calidad<\/strong>: Fabricado con tejidos duraderos y resistentes al agua para garantizar la comodidad y la longevidad.<\/li>\n<li><strong>Ajuste c\u00f3modo<\/strong>: Ligero y transpirable, asegura un ajuste c\u00f3modo para su perro durante las carreras y paseos.<\/li>\n<li><strong>F\u00e1cil de llevar<\/strong>: F\u00e1ciles de poner y quitar, con cierres de seguridad para mantener los zapatos en su sitio.<\/li>\n<li><strong>Elegante y funcional<\/strong>: Combina la practicidad con un dise\u00f1o elegante, lo que lo convierte en un accesorio imprescindible para mascotas.<\/li>\n<li><strong>Disponibilidad al por mayor<\/strong>: Directamente de f\u00e1brica, lo que proporciona una calidad constante y precios rentables para pedidos al por mayor.<\/li>\n<\/ul>\n<h3>Ideal para:<\/h3>\n<ul>\n<li>Propietarios de mascotas que buscan calzado antideslizante de alta calidad para sus perros en condiciones de lluvia o nieve.<\/li>\n<li>Minoristas y mayoristas que buscan accesorios para mascotas de primera calidad a precios directos de f\u00e1brica.<\/li>\n<li>Empresas cuyo objetivo es ofrecer a sus clientes calzado para perros de alta gama que combine protecci\u00f3n, comodidad y estilo.<\/li>\n<\/ul>\n<p>Equipe a su perro con la mejor protecci\u00f3n para sus patas con nuestros zapatos antideslizantes de alta calidad para perros. P\u00f3ngase en contacto con nosotros hoy para consultas al por mayor y precios directos de f\u00e1brica.<\/p>","protected":false},"excerpt":{"rendered":"<h2>Antideslizante Lluvia Snowy Running Shoes Boots<\/h2>\n<p>Explore Skid-Proof Rain Snowy Running Shoes Boots.<\/p>\n<p>Compre zapatos para mascotas al por mayor de f\u00e1brica a precios y calidad insuperables.<\/p>","protected":false},"featured_media":8309,"template":"","meta":{"_seopress_robots_primary_cat":"none","_seopress_titles_title":"Skid-Proof Rain Snowy Running Shoes Boots - Manufacturers","_seopress_titles_desc":"Explore our Skid-Proof Rain Snowy Running Shoes Boots. Designed for comfort, they are perfect for wholesalers. Ensure pets are comfortable on every walk.","_seopress_robots_index":"","_uag_custom_page_level_css":""},"product_brand":[],"product_cat":[330,324],"product_tag":[],"class_list":{"0":"post-8304","1":"product","2":"type-product","3":"status-publish","4":"has-post-thumbnail","6":"product_cat-dog-shoes","7":"product_cat-pet-accessory","9":"first","10":"instock","11":"shipping-taxable","12":"product-type-simple"},"uagb_featured_image_src":{"full":["https:\/\/pecpets.com\/wp-content\/uploads\/2024\/07\/O1CN01oMMGZJ1iSHiSeBr4b_2756954411-0-cib.jpg",800,800,false],"thumbnail":["https:\/\/pecpets.com\/wp-content\/uploads\/2024\/07\/O1CN01oMMGZJ1iSHiSeBr4b_2756954411-0-cib-150x150.jpg",150,150,true],"medium":["https:\/\/pecpets.com\/wp-content\/uploads\/2024\/07\/O1CN01oMMGZJ1iSHiSeBr4b_2756954411-0-cib-300x300.jpg",300,300,true],"medium_large":["https:\/\/pecpets.com\/wp-content\/uploads\/2024\/07\/O1CN01oMMGZJ1iSHiSeBr4b_2756954411-0-cib-768x768.jpg",768,768,true],"large":["https:\/\/pecpets.com\/wp-content\/uploads\/2024\/07\/O1CN01oMMGZJ1iSHiSeBr4b_2756954411-0-cib.jpg",800,800,false],"1536x1536":["https:\/\/pecpets.com\/wp-content\/uploads\/2024\/07\/O1CN01oMMGZJ1iSHiSeBr4b_2756954411-0-cib.jpg",800,800,false],"2048x2048":["https:\/\/pecpets.com\/wp-content\/uploads\/2024\/07\/O1CN01oMMGZJ1iSHiSeBr4b_2756954411-0-cib.jpg",800,800,false],"trp-custom-language-flag":["https:\/\/pecpets.com\/wp-content\/uploads\/2024\/07\/O1CN01oMMGZJ1iSHiSeBr4b_2756954411-0-cib.jpg",12,12,false],"woocommerce_thumbnail":["https:\/\/pecpets.com\/wp-content\/uploads\/2024\/07\/O1CN01oMMGZJ1iSHiSeBr4b_2756954411-0-cib-300x300.jpg",300,300,true],"woocommerce_single":["https:\/\/pecpets.com\/wp-content\/uploads\/2024\/07\/O1CN01oMMGZJ1iSHiSeBr4b_2756954411-0-cib-600x600.jpg",600,600,true],"woocommerce_gallery_thumbnail":["https:\/\/pecpets.com\/wp-content\/uploads\/2024\/07\/O1CN01oMMGZJ1iSHiSeBr4b_2756954411-0-cib-100x100.jpg",100,100,true]},"uagb_author_info":{"display_name":"Lawrence\u00a0\u52b3\u4f26\u65af","author_link":"https:\/\/pecpets.com\/es\/author\/"},"uagb_comment_info":0,"uagb_excerpt":"Skid-Proof Rain Snowy Running Shoes Boots Explore Skid-Proof Rain Snowy Running Shoes Boots. Shop wholesale pet shoes from the factory for unbeatable prices and quality.","_links":{"self":[{"href":"https:\/\/pecpets.com\/es\/wp-json\/wp\/v2\/product\/8304","targetHints":{"allow":["GET"]}}],"collection":[{"href":"https:\/\/pecpets.com\/es\/wp-json\/wp\/v2\/product"}],"about":[{"href":"https:\/\/pecpets.com\/es\/wp-json\/wp\/v2\/types\/product"}],"wp:featuredmedia":[{"embeddable":true,"href":"https:\/\/pecpets.com\/es\/wp-json\/wp\/v2\/media\/8309"}],"wp:attachment":[{"href":"https:\/\/pecpets.com\/es\/wp-json\/wp\/v2\/media?parent=8304"}],"wp:term":[{"taxonomy":"product_brand","embeddable":true,"href":"https:\/\/pecpets.com\/es\/wp-json\/wp\/v2\/product_brand?post=8304"},{"taxonomy":"product_cat","embeddable":true,"href":"https:\/\/pecpets.com\/es\/wp-json\/wp\/v2\/product_cat?post=8304"},{"taxonomy":"product_tag","embeddable":true,"href":"https:\/\/pecpets.com\/es\/wp-json\/wp\/v2\/product_tag?post=8304"}],"curies":[{"name":"wp","href":"https:\/\/api.w.org\/{rel}","templated":true}]}}