{"id":8481,"date":"2024-07-11T15:39:15","date_gmt":"2024-07-11T07:39:15","guid":{"rendered":"https:\/\/pecpets.com\/?post_type=product&#038;p=8481"},"modified":"2024-10-28T11:24:17","modified_gmt":"2024-10-28T03:24:17","slug":"multi-colors-warm-winter-dog-hoodie-coat","status":"publish","type":"product","link":"https:\/\/pecpets.com\/es\/product\/multi-colors-warm-winter-dog-hoodie-coat\/","title":{"rendered":"Abrigo de invierno con capucha para perro multicolor"},"content":{"rendered":"<h2 data-immersive-translate-walked=\"f36f68ab-127d-4e10-955b-f6ada5d45339\">Multi-Colors Warm Winter Dog Hoodie Coat - Ropa para mascotas de alta calidad y ropa para perros al por mayor de f\u00e1brica<\/h2>\n<h3>Descripci\u00f3n:<\/h3>\n<p>Presentamos nuestro abrigado abrigo de invierno con capucha multicolor para perros, lo \u00faltimo en ropa para mascotas, dise\u00f1ado para mantener a su peludo amigo abrigado y con estilo durante los meses fr\u00edos. Esta ropa de perro de alta calidad ofrecen calidez, comodidad y un toque de color, por lo que un deber-tener para cualquier due\u00f1o de mascotas. Disponibles al por mayor directamente desde nuestra f\u00e1brica, garantizan una calidad superior y precios competitivos.<\/p>\n<table style=\"border-collapse: collapse; background-color: #ffffff; width: 332px; height: 243px;\" border=\"1\">\n<tbody>\n<tr>\n<td style=\"font-family: Verdana, Arial, Helvetica, sans-serif; font-size: 12px; color: #000000; margin: 8px; width: 187px; text-align: center;\"><span style=\"line-height: 21px; font-size: 14px;\">Nombre del producto<\/span><\/td>\n<td style=\"font-family: Verdana, Arial, Helvetica, sans-serif; font-size: 12px; color: #000000; margin: 8px; width: 526px; text-align: center;\"><span style=\"font-size: 14px;\">Sudaderas para mascotas<\/span><\/td>\n<\/tr>\n<tr>\n<td style=\"font-family: Verdana, Arial, Helvetica, sans-serif; font-size: 12px; color: #000000; margin: 8px; width: 187px; text-align: center;\"><span style=\"line-height: 21px; font-size: 14px;\">N\u00ba de art\u00edculo<\/span><\/td>\n<td style=\"font-family: Verdana, Arial, Helvetica, sans-serif; font-size: 12px; color: #000000; margin: 8px; width: 526px; text-align: center;\"><span style=\"font-size: 14px;\">P-H2008<\/span><\/td>\n<\/tr>\n<tr>\n<td style=\"font-family: Verdana, Arial, Helvetica, sans-serif; font-size: 12px; color: #000000; margin: 8px; width: 187px; text-align: center;\"><span style=\"line-height: 21px; color: #333333; font-family: Arial, Helvetica; font-size: 14px; font-style: normal; font-weight: 400; background-color: #ffffff; float: none; display: inline !important;\">Material<\/span><\/td>\n<td style=\"font-family: Verdana, Arial, Helvetica, sans-serif; font-size: 12px; color: #000000; margin: 8px; width: 526px; text-align: center;\"><span style=\"color: #222222; font-family: Helvetica, Tahoma, Arial; font-size: 14px; font-style: normal; font-weight: 500; background-color: #ffffff; float: none; display: inline !important;\">Algod\u00f3n, poli\u00e9ster<\/span><\/td>\n<\/tr>\n<tr>\n<td style=\"font-family: Verdana, Arial, Helvetica, sans-serif; font-size: 12px; color: #000000; margin: 8px; width: 187px; text-align: center;\"><span style=\"line-height: 21px; font-size: 14px;\">\u00a0Talla<\/span><\/td>\n<td style=\"font-family: Verdana, Arial, Helvetica, sans-serif; font-size: 12px; color: #000000; margin: 8px; width: 526px; text-align: center;\">Tama\u00f1o personalizado<\/td>\n<\/tr>\n<tr>\n<td style=\"font-family: Verdana, Arial, Helvetica, sans-serif; font-size: 12px; color: #000000; margin: 8px; width: 187px; text-align: center;\"><span style=\"line-height: 21px; font-size: 14px;\">\u00a0Color<\/span><\/td>\n<td style=\"font-family: Verdana, Arial, Helvetica, sans-serif; font-size: 12px; color: #000000; margin: 8px; width: 526px; text-align: center;\"><span style=\"line-height: 21px; font-size: 14px;\">Color personalizado\u00a0<\/span><\/td>\n<\/tr>\n<tr>\n<td style=\"font-family: Verdana, Arial, Helvetica, sans-serif; font-size: 12px; color: #000000; margin: 8px; width: 187px; text-align: center;\"><span style=\"line-height: 21px; font-size: 14px;\">\u00a0<span style=\"line-height: 21px; color: #333333; font-family: Arial, Helvetica; font-size: 14px; font-style: normal; font-weight: 400; background-color: #ffffff; float: none; display: inline !important;\">Tipo de mascota<\/span><\/span><\/td>\n<td style=\"font-family: Verdana, Arial, Helvetica, sans-serif; font-size: 12px; color: #000000; margin: 8px; width: 526px; text-align: center;\"><span style=\"line-height: 21px; font-size: 14px;\">\u00a0Todos los perros<\/span><\/td>\n<\/tr>\n<tr>\n<td style=\"font-family: Verdana, Arial, Helvetica, sans-serif; font-size: 12px; color: #000000; margin: 8px; width: 187px; text-align: center;\"><span style=\"line-height: 21px; font-size: 14px;\">\u00a0<span style=\"line-height: 21px; color: #333333; font-family: Arial, Helvetica; font-size: 14px; font-style: normal; font-weight: 400; background-color: #ffffff; float: none; display: inline !important;\">Plazo de entrega<\/span><\/span><\/td>\n<td style=\"font-family: Verdana, Arial, Helvetica, sans-serif; font-size: 12px; color: #000000; margin: 8px; width: 526px; text-align: center;\"><span style=\"line-height: 21px; font-size: 14px;\"><span style=\"line-height: 21px; color: #000000; font-family: Verdana, Arial, Helvetica, sans-serif; font-size: 14px; font-style: normal; font-weight: 400; background-color: #ffffff; float: none; display: inline !important;\">1-5 d\u00edas para peque\u00f1as cantidades por v\u00eda a\u00e9rea y 30-35 d\u00edas para grandes cantidades por v\u00eda mar\u00edtima<\/span>\u00a0<\/span><\/td>\n<\/tr>\n<tr>\n<td style=\"font-family: Verdana, Arial, Helvetica, sans-serif; font-size: 12px; color: #000000; margin: 8px; width: 187px; text-align: center;\"><span style=\"line-height: 21px; font-size: 14px;\">\u00a0<span style=\"line-height: 21px; color: #333333; font-family: Arial, Helvetica; font-size: 14px; font-style: normal; font-weight: 400; background-color: #ffffff; float: none; display: inline !important;\">Puerto de embarque<\/span><\/span><\/td>\n<td style=\"font-family: Verdana, Arial, Helvetica, sans-serif; font-size: 12px; color: #000000; margin: 8px; width: 526px; text-align: center;\"><span style=\"line-height: 21px; font-size: 14px;\">Xiamen\u00a0<\/span><\/td>\n<\/tr>\n<tr>\n<td style=\"font-family: Verdana, Arial, Helvetica, sans-serif; font-size: 12px; color: #000000; margin: 8px; width: 187px; text-align: center;\"><span style=\"line-height: 21px; font-size: 14px;\">\u00a0<span style=\"line-height: 21px; color: #333333; font-family: Arial, Helvetica; font-size: 14px; font-style: normal; font-weight: 400; background-color: #ffffff; float: none; display: inline !important;\">OEM\/ODM<\/span><\/span><\/td>\n<td style=\"font-family: Verdana, Arial, Helvetica, sans-serif; font-size: 12px; color: #000000; margin: 8px; width: 526px; text-align: center;\"><span style=\"line-height: 21px; font-size: 14px;\">\u00a0<span style=\"line-height: 21px; color: #333333; font-family: Arial, Helvetica; font-size: 14px; font-style: normal; font-weight: 400; background-color: #ffffff; float: none; display: inline !important;\">Disponible<\/span><\/span><\/td>\n<\/tr>\n<tr>\n<td style=\"font-family: Verdana, Arial, Helvetica, sans-serif; font-size: 12px; color: #000000; margin: 8px; width: 187px; text-align: center;\"><span style=\"line-height: 21px; font-size: 14px;\">\u00a0<span style=\"line-height: 21px; color: #333333; font-family: Arial, Helvetica; font-size: 14px; font-style: normal; font-weight: 400; background-color: #ffffff; float: none; display: inline !important;\">Paquete<\/span><\/span><\/td>\n<td style=\"font-family: Verdana, Arial, Helvetica, sans-serif; font-size: 12px; color: #000000; margin: 8px; width: 526px; text-align: center;\"><span style=\"line-height: 21px; font-size: 14px;\"><span style=\"line-height: 21px; color: #333333; font-family: Arial, Helvetica; font-size: 14px; font-style: normal; font-weight: 400; background-color: #ffffff; float: none; display: inline !important;\">Cada uno embalado en un PPB luego en cart\u00f3n o seg\u00fan sea necesario<\/span><\/span><\/td>\n<\/tr>\n<\/tbody>\n<\/table>\n<h4>Caracter\u00edsticas principales:<\/h4>\n<ul>\n<li><strong>C\u00e1lido y acogedor<\/strong>: Fabricado con materiales de primera calidad para proporcionar el m\u00e1ximo calor y comodidad durante el invierno.<\/li>\n<li><strong>Opciones multicolor<\/strong>: Disponible en varios colores para adaptarse a diferentes estilos y preferencias.<\/li>\n<li><strong>Ajuste c\u00f3modo<\/strong>: Dise\u00f1ado para adaptarse c\u00f3modamente a los perros, con un estilo de sudadera con capucha f\u00e1cil de llevar.<\/li>\n<li><strong>Construcci\u00f3n duradera<\/strong>: El tejido de alta calidad garantiza un uso duradero y una gran resistencia.<\/li>\n<li><strong>F\u00e1cil de limpiar<\/strong>: Lavable a m\u00e1quina y de f\u00e1cil mantenimiento, lo que garantiza la comodidad de los due\u00f1os de mascotas.<\/li>\n<li><strong>Elegante y pr\u00e1ctico<\/strong>: Combina funcionalidad con un dise\u00f1o vibrante, por lo que es una pieza destacada en cualquier armario para mascotas.<\/li>\n<li><strong>Disponibilidad al por mayor<\/strong>: Directamente de f\u00e1brica, lo que garantiza una calidad constante y precios rentables para pedidos al por mayor.<\/li>\n<\/ul>\n<h3>Ideal para:<\/h3>\n<ul>\n<li>Los due\u00f1os de mascotas que buscan sudaderas de invierno de alta calidad, c\u00e1lidas y con estilo para sus perros.<\/li>\n<li>Minoristas y mayoristas que buscan ropa para perros de primera calidad a precios directos de f\u00e1brica.<\/li>\n<li>Empresas que quieren ofrecer a sus clientes ropa moderna y funcional para sus mascotas.<\/li>\n<\/ul>\n<p>Mantenga a su perro abrigado y con estilo este invierno con nuestro abrigo con capucha multicolor para perros. P\u00f3ngase en contacto con nosotros hoy mismo para <span style=\"color: #ff0000;\"><a style=\"color: #ff0000;\" href=\"https:\/\/pecpets.com\/es\/categoria-de-productos\/pet-clothing\/\" target=\"_blank\" rel=\"noopener\">consultas al por mayor<\/a><\/span> y precios directos de f\u00e1brica.<\/p>","protected":false},"excerpt":{"rendered":"<h2><strong><b>Mayorista Multi-Colors Warm Winter Dog Hoodie Coat<\/b><\/strong><\/h2>\n<p>Descubre Multi-Colors Warm Winter Dog Hoodie Coat.<\/p>\n<p>Mant\u00e9n a tus mascotas elegantes con nuestros dise\u00f1os de alta calidad.<\/p>\n<h3><\/h3>","protected":false},"featured_media":8489,"template":"","meta":{"_seopress_robots_primary_cat":"none","_seopress_titles_title":"Multi-Colors Warm Winter Dog Hoodie Coat - Manufacturer","_seopress_titles_desc":"Explore Multi-Colors Warm Winter Dog Hoodie Coat, including pet halloween Costumes. Shop wholesale pet clothes from the factory for unbeatable prices ","_seopress_robots_index":"","_seopress_analysis_target_kw":"Wholesale Blank Hoodies Pet Dog,Multi-Colors Warm Winter Dog Hoodie Coat","_uag_custom_page_level_css":""},"product_brand":[],"product_cat":[364,23,389],"product_tag":[],"class_list":{"0":"post-8481","1":"product","2":"type-product","3":"status-publish","4":"has-post-thumbnail","6":"product_cat-basic-dog-clothing","7":"product_cat-pet-clothing","8":"product_cat-pet-hoodies","10":"first","11":"instock","12":"shipping-taxable","13":"product-type-simple"},"uagb_featured_image_src":{"full":["https:\/\/pecpets.com\/wp-content\/uploads\/2024\/07\/Multi-Colors-Warm-Winter-Dog-Hoodie-Coat8.jpeg",800,800,false],"thumbnail":["https:\/\/pecpets.com\/wp-content\/uploads\/2024\/07\/Multi-Colors-Warm-Winter-Dog-Hoodie-Coat8-150x150.jpeg",150,150,true],"medium":["https:\/\/pecpets.com\/wp-content\/uploads\/2024\/07\/Multi-Colors-Warm-Winter-Dog-Hoodie-Coat8-300x300.jpeg",300,300,true],"medium_large":["https:\/\/pecpets.com\/wp-content\/uploads\/2024\/07\/Multi-Colors-Warm-Winter-Dog-Hoodie-Coat8-768x768.jpeg",768,768,true],"large":["https:\/\/pecpets.com\/wp-content\/uploads\/2024\/07\/Multi-Colors-Warm-Winter-Dog-Hoodie-Coat8.jpeg",800,800,false],"1536x1536":["https:\/\/pecpets.com\/wp-content\/uploads\/2024\/07\/Multi-Colors-Warm-Winter-Dog-Hoodie-Coat8.jpeg",800,800,false],"2048x2048":["https:\/\/pecpets.com\/wp-content\/uploads\/2024\/07\/Multi-Colors-Warm-Winter-Dog-Hoodie-Coat8.jpeg",800,800,false],"trp-custom-language-flag":["https:\/\/pecpets.com\/wp-content\/uploads\/2024\/07\/Multi-Colors-Warm-Winter-Dog-Hoodie-Coat8-12x12.jpeg",12,12,true],"woocommerce_thumbnail":["https:\/\/pecpets.com\/wp-content\/uploads\/2024\/07\/Multi-Colors-Warm-Winter-Dog-Hoodie-Coat8-300x300.jpeg",300,300,true],"woocommerce_single":["https:\/\/pecpets.com\/wp-content\/uploads\/2024\/07\/Multi-Colors-Warm-Winter-Dog-Hoodie-Coat8-600x600.jpeg",600,600,true],"woocommerce_gallery_thumbnail":["https:\/\/pecpets.com\/wp-content\/uploads\/2024\/07\/Multi-Colors-Warm-Winter-Dog-Hoodie-Coat8-100x100.jpeg",100,100,true]},"uagb_author_info":{"display_name":"Lawrence\u00a0\u52b3\u4f26\u65af","author_link":"https:\/\/pecpets.com\/es\/author\/"},"uagb_comment_info":0,"uagb_excerpt":"Wholesale Multi-Colors Warm Winter Dog Hoodie Coat Discover Multi-Colors Warm Winter Dog Hoodie Coat. Keep your pets stylish with our high-quality designs.","_links":{"self":[{"href":"https:\/\/pecpets.com\/es\/wp-json\/wp\/v2\/product\/8481","targetHints":{"allow":["GET"]}}],"collection":[{"href":"https:\/\/pecpets.com\/es\/wp-json\/wp\/v2\/product"}],"about":[{"href":"https:\/\/pecpets.com\/es\/wp-json\/wp\/v2\/types\/product"}],"wp:featuredmedia":[{"embeddable":true,"href":"https:\/\/pecpets.com\/es\/wp-json\/wp\/v2\/media\/8489"}],"wp:attachment":[{"href":"https:\/\/pecpets.com\/es\/wp-json\/wp\/v2\/media?parent=8481"}],"wp:term":[{"taxonomy":"product_brand","embeddable":true,"href":"https:\/\/pecpets.com\/es\/wp-json\/wp\/v2\/product_brand?post=8481"},{"taxonomy":"product_cat","embeddable":true,"href":"https:\/\/pecpets.com\/es\/wp-json\/wp\/v2\/product_cat?post=8481"},{"taxonomy":"product_tag","embeddable":true,"href":"https:\/\/pecpets.com\/es\/wp-json\/wp\/v2\/product_tag?post=8481"}],"curies":[{"name":"wp","href":"https:\/\/api.w.org\/{rel}","templated":true}]}}