{"id":8494,"date":"2024-07-11T16:44:18","date_gmt":"2024-07-11T08:44:18","guid":{"rendered":"https:\/\/pecpets.com\/?post_type=product&#038;p=8494"},"modified":"2025-08-20T17:22:58","modified_gmt":"2025-08-20T09:22:58","slug":"custom-logo-cotton-small-dog-hoodies","status":"publish","type":"product","link":"https:\/\/pecpets.com\/es\/product\/custom-logo-cotton-small-dog-hoodies\/","title":{"rendered":"Sudaderas de algod\u00f3n con logo personalizado para perros peque\u00f1os"},"content":{"rendered":"<h2 data-immersive-translate-walked=\"f36f68ab-127d-4e10-955b-f6ada5d45339\">Logotipo personalizado de algod\u00f3n peque\u00f1as sudaderas con capucha del perro - de alta calidad de ropa para mascotas y ropa de perro al por mayor de f\u00e1brica<\/h2>\n<h3>Descripci\u00f3n:<\/h3>\n<p>Descubra nuestras sudaderas para perros peque\u00f1os de algod\u00f3n con logotipo personalizado, la prenda para mascotas perfecta para proporcionar comodidad y promocionar su marca.<\/p>\n<p>Esta ropa para perros de alta calidad est\u00e1 fabricada con algod\u00f3n suave y transpirable, lo que garantiza que su mascota se mantenga c\u00f3moda a la vez que elegante.<\/p>\n<p>Disponibles para su venta al por mayor directamente desde nuestra f\u00e1brica, ofrecen una calidad superior y un precio competitivo, por lo que son ideales para las empresas que desean a\u00f1adir una marca personalizada a sus productos para mascotas.<\/p>\n<table style=\"height: 269px;\" width=\"287\">\n<tbody>\n<tr>\n<td width=\"137\"><span style=\"color: #333333;\">Nombre del producto<\/span><\/td>\n<td width=\"151\"><span style=\"color: #333333;\">Ropa para mascotas<\/span><\/td>\n<\/tr>\n<tr>\n<td><span style=\"color: #333333;\">N\u00ba de art\u00edculo<\/span><\/td>\n<td><span style=\"color: #333333;\">P-C2206<\/span><\/td>\n<\/tr>\n<tr>\n<td><span style=\"color: #333333;\">Material<\/span><\/td>\n<td>Algod\u00f3n, poli\u00e9ster, vell\u00f3n<\/td>\n<\/tr>\n<tr>\n<td><span style=\"color: #333333;\">\u00a0Tama\u00f1o y color<\/span><\/td>\n<td><span style=\"color: #333333;\">Personalizado<\/span><\/td>\n<\/tr>\n<tr>\n<td><span style=\"color: #333333;\">\u00a0Plazo de entrega<\/span><\/td>\n<td><span style=\"color: #333333;\">1- 5 d\u00edas para peque\u00f1as cantidades por v\u00eda a\u00e9rea y 30- 35 d\u00edas para grandes cantidades por v\u00eda mar\u00edtima<\/span><\/td>\n<\/tr>\n<\/tbody>\n<\/table>\n<h4>Caracter\u00edsticas principales:<\/h4>\n<ul>\n<li><strong>Algod\u00f3n de alta calidad<\/strong>: Confeccionado en suave tejido de algod\u00f3n de primera calidad que proporciona comodidad y transpirabilidad.<\/li>\n<li><strong>Personalizable<\/strong>: Perfecto para a\u00f1adir su logotipo personalizado, convirti\u00e9ndolo en un gran art\u00edculo promocional para su marca.<\/li>\n<li><strong>Ajuste c\u00f3modo<\/strong>: Dise\u00f1ado espec\u00edficamente para perros peque\u00f1os, garantiza un ajuste ce\u00f1ido y c\u00f3modo.<\/li>\n<li><strong>Duradero y de larga duraci\u00f3n<\/strong>: La construcci\u00f3n de alta calidad garantiza la durabilidad y el uso a largo plazo.<\/li>\n<li><strong>F\u00e1cil de limpiar<\/strong>: Lavable a m\u00e1quina y de f\u00e1cil mantenimiento, para mayor comodidad de los due\u00f1os de mascotas.<\/li>\n<li><strong>Elegante y pr\u00e1ctico<\/strong>: Combina funcionalidad con un dise\u00f1o elegante, lo que la convierte en una pieza destacada en cualquier armario para mascotas.<\/li>\n<li><strong>Disponibilidad al por mayor<\/strong>: Directamente de f\u00e1brica, lo que garantiza una calidad constante y precios rentables para pedidos al por mayor.<\/li>\n<\/ul>\n<h3>Ideal para:<\/h3>\n<ul>\n<li>Los due\u00f1os de mascotas buscan sudaderas de alta calidad y personalizables para sus perros peque\u00f1os.<\/li>\n<li>Minoristas y mayoristas que buscan ropa para perros de primera calidad a precios directos de f\u00e1brica.<\/li>\n<li>Empresas que desean ofrecer ropa de marca para mascotas con fines promocionales o de venta al por menor.<\/li>\n<\/ul>\n<p>Mejore su l\u00ednea de productos con nuestras sudaderas para perros peque\u00f1os de algod\u00f3n con logotipo personalizado.<\/p>\n<p>P\u00f3ngase en contacto con nosotros <span style=\"color: #ff0000;\"><a style=\"color: #ff0000;\" href=\"https:\/\/pecpets.com\/es\/categoria-de-productos\/pet-clothing\/\" target=\"_blank\" rel=\"noopener\">consultas al por mayor<\/a><\/span> y precios directos de f\u00e1brica.<\/p>","protected":false},"excerpt":{"rendered":"<h2><strong><b>Mayorista Logotipo Personalizado Sudaderas de Algod\u00f3n para Perros Peque\u00f1os<\/b><\/strong><\/h2>\n<p>Descubra las sudaderas para perros peque\u00f1os de algod\u00f3n con logotipo personalizado.<\/p>\n<p>Mant\u00e9n a tus mascotas elegantes con nuestros dise\u00f1os de alta calidad.<\/p>","protected":false},"featured_media":8500,"template":"","meta":{"_seopress_robots_primary_cat":"none","_seopress_titles_title":"Custom Logo Cotton Small Dog Hoodies - Manufacturer","_seopress_titles_desc":"Explore Custom Logo Cotton Small Dog Hoodies, including pet halloween Costumes. Shop wholesale pet clothes from the factory for unbeatable prices and quality","_seopress_robots_index":"","_uag_custom_page_level_css":""},"product_brand":[],"product_cat":[364,23,389],"product_tag":[],"class_list":{"0":"post-8494","1":"product","2":"type-product","3":"status-publish","4":"has-post-thumbnail","6":"product_cat-basic-dog-clothing","7":"product_cat-pet-clothing","8":"product_cat-pet-hoodies","10":"first","11":"instock","12":"shipping-taxable","13":"product-type-simple"},"uagb_featured_image_src":{"full":["https:\/\/pecpets.com\/wp-content\/uploads\/2024\/07\/Custom-Logo-Cotton-Small-Dog-Hoodies6.jpeg",800,800,false],"thumbnail":["https:\/\/pecpets.com\/wp-content\/uploads\/2024\/07\/Custom-Logo-Cotton-Small-Dog-Hoodies6-150x150.jpeg",150,150,true],"medium":["https:\/\/pecpets.com\/wp-content\/uploads\/2024\/07\/Custom-Logo-Cotton-Small-Dog-Hoodies6-300x300.jpeg",300,300,true],"medium_large":["https:\/\/pecpets.com\/wp-content\/uploads\/2024\/07\/Custom-Logo-Cotton-Small-Dog-Hoodies6-768x768.jpeg",768,768,true],"large":["https:\/\/pecpets.com\/wp-content\/uploads\/2024\/07\/Custom-Logo-Cotton-Small-Dog-Hoodies6.jpeg",800,800,false],"1536x1536":["https:\/\/pecpets.com\/wp-content\/uploads\/2024\/07\/Custom-Logo-Cotton-Small-Dog-Hoodies6.jpeg",800,800,false],"2048x2048":["https:\/\/pecpets.com\/wp-content\/uploads\/2024\/07\/Custom-Logo-Cotton-Small-Dog-Hoodies6.jpeg",800,800,false],"trp-custom-language-flag":["https:\/\/pecpets.com\/wp-content\/uploads\/2024\/07\/Custom-Logo-Cotton-Small-Dog-Hoodies6-12x12.jpeg",12,12,true],"woocommerce_thumbnail":["https:\/\/pecpets.com\/wp-content\/uploads\/2024\/07\/Custom-Logo-Cotton-Small-Dog-Hoodies6-300x300.jpeg",300,300,true],"woocommerce_single":["https:\/\/pecpets.com\/wp-content\/uploads\/2024\/07\/Custom-Logo-Cotton-Small-Dog-Hoodies6-600x600.jpeg",600,600,true],"woocommerce_gallery_thumbnail":["https:\/\/pecpets.com\/wp-content\/uploads\/2024\/07\/Custom-Logo-Cotton-Small-Dog-Hoodies6-100x100.jpeg",100,100,true]},"uagb_author_info":{"display_name":"Lawrence\u00a0\u52b3\u4f26\u65af","author_link":"https:\/\/pecpets.com\/es\/author\/"},"uagb_comment_info":0,"uagb_excerpt":"Wholesale Custom Logo Cotton Small Dog Hoodies Discover Custom Logo Cotton Small Dog Hoodies. Keep your pets stylish with our high-quality designs.","_links":{"self":[{"href":"https:\/\/pecpets.com\/es\/wp-json\/wp\/v2\/product\/8494","targetHints":{"allow":["GET"]}}],"collection":[{"href":"https:\/\/pecpets.com\/es\/wp-json\/wp\/v2\/product"}],"about":[{"href":"https:\/\/pecpets.com\/es\/wp-json\/wp\/v2\/types\/product"}],"wp:featuredmedia":[{"embeddable":true,"href":"https:\/\/pecpets.com\/es\/wp-json\/wp\/v2\/media\/8500"}],"wp:attachment":[{"href":"https:\/\/pecpets.com\/es\/wp-json\/wp\/v2\/media?parent=8494"}],"wp:term":[{"taxonomy":"product_brand","embeddable":true,"href":"https:\/\/pecpets.com\/es\/wp-json\/wp\/v2\/product_brand?post=8494"},{"taxonomy":"product_cat","embeddable":true,"href":"https:\/\/pecpets.com\/es\/wp-json\/wp\/v2\/product_cat?post=8494"},{"taxonomy":"product_tag","embeddable":true,"href":"https:\/\/pecpets.com\/es\/wp-json\/wp\/v2\/product_tag?post=8494"}],"curies":[{"name":"wp","href":"https:\/\/api.w.org\/{rel}","templated":true}]}}