{"id":1246,"date":"2021-12-16T17:15:56","date_gmt":"2021-12-16T09:15:56","guid":{"rendered":"https:\/\/pecpets.com\/?post_type=product&#038;p=1246"},"modified":"2024-10-29T15:57:06","modified_gmt":"2024-10-29T07:57:06","slug":"durable-dog-bed-13","status":"publish","type":"product","link":"https:\/\/pecpets.com\/fi\/product\/durable-dog-bed-13\/","title":{"rendered":"Kest\u00e4v\u00e4 koiran s\u00e4nky"},"content":{"rendered":"<h2>Kest\u00e4v\u00e4 koiran s\u00e4nky<\/h2>\n<p>\ud83d\udc96MAAILMAN MUKAVIN, 100% SOTKUVAPAA HUONEKALUSUOJA. TAKUU.\ud83d\udc36 \ud83d\udc31 \ud83d\udc31<br \/>\n\ud83d\udc8e Suojaa huonekalusi ja pysyy samalla mukavana<br \/>\n\ud83d\udc8e Mukava lemmikkiyst\u00e4v\u00e4llinen materiaali<br \/>\n\ud83d\udc8e V\u00e4lit\u00f6n ilma vapaa sohva<br \/>\n\ud83d\udc8e Konepest\u00e4v\u00e4 irrotettava kansi<\/p>\n<p>Mitat:<\/p>\n<p>S: 45 x 35 x 21 cm<\/p>\n<p>M: 55 x 45 x 23 cm<\/p>\n<p>L: 65 x 55 x 22 cm<\/p>\n<p>MIKSI JOKAINEN KOIRANOMISTAJA TARVITSEE RAUHOITTAVAN HUONEKALUSUOJAN?<\/p>\n<p>\u2714\ufe0f VERTAANSA VAILLA OLEVA MUKAVUUS JA NIVELTUKI.<br \/>\nRunsaasti t\u00e4ytetty tyyny tarjoaa erinomaista tukea ja mahdollisuuksia pesimiseen ja turvallisuuden tunteeseen. Toisin kuin muut halvat koiran s\u00e4ngyt, meid\u00e4n premium-patjamme ovat tiukkoja eiv\u00e4tk\u00e4 putoa...<br \/>\nSofe Fur luo turvallisuuden tunnetta ja aktivoi hermostoa positiivisella tavalla, mink\u00e4 ansiosta turkisel\u00e4imesi rauhoittuvat nopeammin, rentoutuvat helpommin ja nukkuvat rauhallisemmin.<\/p>\n<p>\u2714\ufe0f ERITT\u00c4IN PEHME\u00c4 JA MUKAVA MATERIAALI<br \/>\nKodikas, joustava ja tekoturkiksella viimeistelty, itsel\u00e4mpi\u00e4v\u00e4 ylellinen koiran s\u00e4nky muistuttaa \u00e4idin turkista!<br \/>\nSe auttaa rauhoittamaan ja rentouttamaan koiria, ja toisin kuin kaikki muut materiaalit, se tuntuu silt\u00e4 kuin nukkuisi pilven p\u00e4\u00e4ll\u00e4.<\/p>\n<p>\u2714\ufe0f HELPPO PUHDISTAA, PEST\u00c4V\u00c4 P\u00c4\u00c4LLINEN<br \/>\nVoit heitt\u00e4\u00e4 sen suoraan pesukoneeseen!<br \/>\nKoira ker\u00e4\u00e4 paljon likaa p\u00e4iv\u00e4n mittaan, ja suuri osa siit\u00e4 kulkeutuu koiran mukana takaisin s\u00e4nkyyn, joten on todella t\u00e4rke\u00e4\u00e4, ett\u00e4 koiran s\u00e4nky on t\u00e4ysin konepest\u00e4v\u00e4.<\/p>\n<table style=\"border-collapse: collapse; background-color: #ffffff; width: 333px; height: 276px;\" border=\"1\">\n<tbody>\n<tr>\n<td style=\"font-family: Verdana, Arial, Helvetica, sans-serif; font-size: 12px; color: #000000; margin: 8px; width: 187px; text-align: center;\"><span style=\"line-height: 21px; font-size: 14px;\">Tuotteiden nimi<\/span><\/td>\n<td style=\"font-family: Verdana, Arial, Helvetica, sans-serif; font-size: 12px; color: #000000; margin: 8px; width: 526px; text-align: center;\">Pet Bed<\/td>\n<\/tr>\n<tr>\n<td style=\"font-family: Verdana, Arial, Helvetica, sans-serif; font-size: 12px; color: #000000; margin: 8px; width: 187px; text-align: center;\"><span style=\"line-height: 21px; font-size: 14px;\">Tuotenro.<\/span><\/td>\n<td style=\"font-family: Verdana, Arial, Helvetica, sans-serif; font-size: 12px; color: #000000; margin: 8px; width: 526px; text-align: center;\"><span style=\"line-height: 21px; font-size: 14px;\">P-B2011<\/span><\/td>\n<\/tr>\n<tr>\n<td style=\"font-family: Verdana, Arial, Helvetica, sans-serif; font-size: 12px; color: #000000; margin: 8px; width: 187px; text-align: center;\"><span style=\"line-height: 21px; color: #333333; font-family: Arial, Helvetica; font-size: 14px; font-style: normal; font-weight: 400; background-color: #ffffff; float: none; display: inline !important;\">Materiaali<\/span><\/td>\n<td style=\"font-family: Verdana, Arial, Helvetica, sans-serif; font-size: 12px; color: #000000; margin: 8px; width: 526px; text-align: center;\"><span style=\"color: #333333; font-family: Helvetica, Tahoma, Arial; font-size: 14px; font-style: normal; font-weight: 400; background-color: #fcfcfc; float: none; display: inline !important;\">R\u00e4\u00e4t\u00e4l\u00f6ity<\/span><\/td>\n<\/tr>\n<tr>\n<td style=\"font-family: Verdana, Arial, Helvetica, sans-serif; font-size: 12px; color: #000000; margin: 8px; width: 187px; text-align: center;\"><span style=\"line-height: 21px; font-size: 14px;\">\u00a0Koko<\/span><\/td>\n<td style=\"font-family: Verdana, Arial, Helvetica, sans-serif; font-size: 12px; color: #000000; margin: 8px; width: 526px; text-align: center;\"><span class=\"notranslate immersive-translate-target-wrapper\" lang=\"zh-CN\" translate=\"no\" data-immersive-translate-loading-id=\"3\">R\u00e4\u00e4t\u00e4l\u00f6ity\u00a0<\/span><\/td>\n<\/tr>\n<tr>\n<td style=\"font-family: Verdana, Arial, Helvetica, sans-serif; font-size: 12px; color: #000000; margin: 8px; width: 187px; text-align: center;\"><span style=\"line-height: 21px; font-size: 14px;\">\u00a0V\u00e4ri<\/span><\/td>\n<td style=\"font-family: Verdana, Arial, Helvetica, sans-serif; font-size: 12px; color: #000000; margin: 8px; width: 526px; text-align: center;\"><span style=\"font-size: 14px;\">Sininen, vaaleanpunainen<\/span><\/td>\n<\/tr>\n<tr>\n<td style=\"font-family: Verdana, Arial, Helvetica, sans-serif; font-size: 12px; color: #000000; margin: 8px; width: 187px; text-align: center;\"><span style=\"line-height: 21px; font-size: 14px;\">\u00a0<span style=\"line-height: 21px; color: #333333; font-family: Arial, Helvetica; font-size: 14px; font-style: normal; font-weight: 400; background-color: #ffffff; float: none; display: inline !important;\">Lemmikkiel\u00e4intyyppi<\/span><\/span><\/td>\n<td style=\"font-family: Verdana, Arial, Helvetica, sans-serif; font-size: 12px; color: #000000; margin: 8px; width: 526px; text-align: center;\"><span style=\"line-height: 21px; font-size: 14px;\">\u00a0Kaikki koirat<\/span><\/td>\n<\/tr>\n<tr>\n<td style=\"font-family: Verdana, Arial, Helvetica, sans-serif; font-size: 12px; color: #000000; margin: 8px; width: 187px; text-align: center;\"><span style=\"line-height: 21px; font-size: 14px;\">\u00a0<span style=\"line-height: 21px; color: #333333; font-family: Arial, Helvetica; font-size: 14px; font-style: normal; font-weight: 400; background-color: #ffffff; float: none; display: inline !important;\">Toimitusaika<\/span><\/span><\/td>\n<td style=\"font-family: Verdana, Arial, Helvetica, sans-serif; font-size: 12px; color: #000000; margin: 8px; width: 526px; text-align: center;\"><span style=\"line-height: 21px; font-size: 14px;\"><span style=\"line-height: 21px; color: #000000; font-family: Verdana, Arial, Helvetica, sans-serif; font-size: 14px; font-style: normal; font-weight: 400; background-color: #ffffff; float: none; display: inline !important;\">1-5 p\u00e4iv\u00e4\u00e4 pienille m\u00e4\u00e4rille lentoteitse ja 30-35 p\u00e4iv\u00e4\u00e4 suurille m\u00e4\u00e4rille meritse.<\/span>\u00a0<\/span><\/td>\n<\/tr>\n<tr>\n<td style=\"font-family: Verdana, Arial, Helvetica, sans-serif; font-size: 12px; color: #000000; margin: 8px; width: 187px; text-align: center;\"><span style=\"line-height: 21px; font-size: 14px;\">\u00a0<span style=\"line-height: 21px; color: #333333; font-family: Arial, Helvetica; font-size: 14px; font-style: normal; font-weight: 400; background-color: #ffffff; float: none; display: inline !important;\">L\u00e4hetyssatama<\/span><\/span><\/td>\n<td style=\"font-family: Verdana, Arial, Helvetica, sans-serif; font-size: 12px; color: #000000; margin: 8px; width: 526px; text-align: center;\"><span style=\"line-height: 21px; font-size: 14px;\">Xiamen\u00a0<\/span><\/td>\n<\/tr>\n<tr>\n<td style=\"font-family: Verdana, Arial, Helvetica, sans-serif; font-size: 12px; color: #000000; margin: 8px; width: 187px; text-align: center;\"><span style=\"line-height: 21px; font-size: 14px;\">\u00a0<span style=\"line-height: 21px; color: #333333; font-family: Arial, Helvetica; font-size: 14px; font-style: normal; font-weight: 400; background-color: #ffffff; float: none; display: inline !important;\">OEM\/ODM<\/span><\/span><\/td>\n<td style=\"font-family: Verdana, Arial, Helvetica, sans-serif; font-size: 12px; color: #000000; margin: 8px; width: 526px; text-align: center;\"><span style=\"line-height: 21px; font-size: 14px;\">\u00a0<span style=\"line-height: 21px; color: #333333; font-family: Arial, Helvetica; font-size: 14px; font-style: normal; font-weight: 400; background-color: #ffffff; float: none; display: inline !important;\">Saatavilla<\/span><\/span><\/td>\n<\/tr>\n<tr>\n<td style=\"font-family: Verdana, Arial, Helvetica, sans-serif; font-size: 12px; color: #000000; margin: 8px; width: 187px; text-align: center;\"><span style=\"line-height: 21px; font-size: 14px;\">\u00a0<span style=\"line-height: 21px; color: #333333; font-family: Arial, Helvetica; font-size: 14px; font-style: normal; font-weight: 400; background-color: #ffffff; float: none; display: inline !important;\">Paketti<\/span><\/span><\/td>\n<td style=\"font-family: Verdana, Arial, Helvetica, sans-serif; font-size: 12px; color: #000000; margin: 8px; width: 526px; text-align: center;\"><span style=\"line-height: 21px; font-size: 14px;\"><span style=\"line-height: 21px; color: #333333; font-family: Arial, Helvetica; font-size: 14px; font-style: normal; font-weight: 400; background-color: #ffffff; float: none; display: inline !important;\">Kukin pakattu PPB:hen ja sitten kartonkiin tai tarpeen mukaan.<\/span><\/span><\/td>\n<\/tr>\n<\/tbody>\n<\/table>\n<p>\ud83d\udcd0 Koon opas<br \/>\n- Valitse koko koirasi nukkumistyylin mukaan. esim. k\u00e4pertyneen\u00e4 tai levitettyn\u00e4.<br \/>\n- Salli 3-4cm virhe kussakin koossa, koska n\u00e4m\u00e4 ovat k\u00e4sintehtyj\u00e4.<br \/>\nVaikka yrit\u00e4mme parhaan kykymme mukaan mitoittaa ne tarkasti, koot voivat vaihdella hieman.<\/p>","protected":false},"excerpt":{"rendered":"<h2><strong><b>Tukku kest\u00e4v\u00e4 koira Bed<\/b><\/strong><\/h2>\n<p>Discover <span style=\"color: #ff0000;\"><a style=\"color: #ff0000;\" href=\"https:\/\/pecpets.com\/fi\/tuoteryhma\/pet-bed\/\" target=\"_blank\" rel=\"noopener\">Kest\u00e4v\u00e4 koiran s\u00e4nky<\/a><\/span>.<\/p>\n<p>Pid\u00e4 lemmikkisi tyylikk\u00e4\u00e4n\u00e4 laadukkailla malleillamme.<\/p>","protected":false},"featured_media":1247,"template":"","meta":{"_seopress_robots_primary_cat":"none","_seopress_titles_title":"Durable Dog Bed - Professional Pet Product Manufacturers","_seopress_titles_desc":"Find comfortable and durable dog bed perfect for wholesalers, factories, and manufacturers. Premium quality pet beds designed for long-lasting use. Order now!","_seopress_robots_index":"","_seopress_analysis_target_kw":"Durable Dog Bed","_uag_custom_page_level_css":""},"product_brand":[],"product_cat":[347,22],"product_tag":[71,69,70],"class_list":{"0":"post-1246","1":"product","2":"type-product","3":"status-publish","4":"has-post-thumbnail","6":"product_cat-eco-friendly-dog-beds-pet-bed","7":"product_cat-pet-bed","8":"product_tag-cat-bed","9":"product_tag-dog-bed","10":"product_tag-pet-bed","12":"first","13":"instock","14":"shipping-taxable","15":"product-type-simple"},"uagb_featured_image_src":{"full":["https:\/\/pecpets.com\/wp-content\/uploads\/2021\/12\/a9211ce7767c023a598255b6adf32cb.png",917,899,false],"thumbnail":["https:\/\/pecpets.com\/wp-content\/uploads\/2021\/12\/a9211ce7767c023a598255b6adf32cb-150x150.png",150,150,true],"medium":["https:\/\/pecpets.com\/wp-content\/uploads\/2021\/12\/a9211ce7767c023a598255b6adf32cb-300x294.png",300,294,true],"medium_large":["https:\/\/pecpets.com\/wp-content\/uploads\/2021\/12\/a9211ce7767c023a598255b6adf32cb-768x753.png",768,753,true],"large":["https:\/\/pecpets.com\/wp-content\/uploads\/2021\/12\/a9211ce7767c023a598255b6adf32cb.png",800,784,false],"1536x1536":["https:\/\/pecpets.com\/wp-content\/uploads\/2021\/12\/a9211ce7767c023a598255b6adf32cb.png",917,899,false],"2048x2048":["https:\/\/pecpets.com\/wp-content\/uploads\/2021\/12\/a9211ce7767c023a598255b6adf32cb.png",917,899,false],"trp-custom-language-flag":["https:\/\/pecpets.com\/wp-content\/uploads\/2021\/12\/a9211ce7767c023a598255b6adf32cb.png",12,12,false],"woocommerce_thumbnail":["https:\/\/pecpets.com\/wp-content\/uploads\/2021\/12\/a9211ce7767c023a598255b6adf32cb-300x300.png",300,300,true],"woocommerce_single":["https:\/\/pecpets.com\/wp-content\/uploads\/2021\/12\/a9211ce7767c023a598255b6adf32cb-600x588.png",600,588,true],"woocommerce_gallery_thumbnail":["https:\/\/pecpets.com\/wp-content\/uploads\/2021\/12\/a9211ce7767c023a598255b6adf32cb-100x100.png",100,100,true]},"uagb_author_info":{"display_name":"Lawrence\u00a0\u52b3\u4f26\u65af","author_link":"https:\/\/pecpets.com\/fi\/author\/"},"uagb_comment_info":0,"uagb_excerpt":"Wholesale Durable Dog Bed Discover Durable Dog Bed. Keep your pets stylish with our high-quality designs.","_links":{"self":[{"href":"https:\/\/pecpets.com\/fi\/wp-json\/wp\/v2\/product\/1246","targetHints":{"allow":["GET"]}}],"collection":[{"href":"https:\/\/pecpets.com\/fi\/wp-json\/wp\/v2\/product"}],"about":[{"href":"https:\/\/pecpets.com\/fi\/wp-json\/wp\/v2\/types\/product"}],"wp:featuredmedia":[{"embeddable":true,"href":"https:\/\/pecpets.com\/fi\/wp-json\/wp\/v2\/media\/1247"}],"wp:attachment":[{"href":"https:\/\/pecpets.com\/fi\/wp-json\/wp\/v2\/media?parent=1246"}],"wp:term":[{"taxonomy":"product_brand","embeddable":true,"href":"https:\/\/pecpets.com\/fi\/wp-json\/wp\/v2\/product_brand?post=1246"},{"taxonomy":"product_cat","embeddable":true,"href":"https:\/\/pecpets.com\/fi\/wp-json\/wp\/v2\/product_cat?post=1246"},{"taxonomy":"product_tag","embeddable":true,"href":"https:\/\/pecpets.com\/fi\/wp-json\/wp\/v2\/product_tag?post=1246"}],"curies":[{"name":"wp","href":"https:\/\/api.w.org\/{rel}","templated":true}]}}