{"id":15689,"date":"2024-11-15T15:06:02","date_gmt":"2024-11-15T07:06:02","guid":{"rendered":"https:\/\/pecpets.com\/?post_type=product&#038;p=15689"},"modified":"2024-11-15T15:15:12","modified_gmt":"2024-11-15T07:15:12","slug":"breathable-mesh-waterproof-outdoor-pet-carry-bag","status":"publish","type":"product","link":"https:\/\/pecpets.com\/fi\/product\/breathable-mesh-waterproof-outdoor-pet-carry-bag\/","title":{"rendered":"Hengitt\u00e4v\u00e4 Mesh vedenpit\u00e4v\u00e4 Outdoor Pet Carry Bag"},"content":{"rendered":"<h2 title=\"Foldable Dog Bag Breathable Mesh Pet Shoulder Bag for Small Pet Dog Cats\" data-immersive-translate-walked=\"1c928421-2e42-4cd3-8754-5404553c0af5\" data-immersive-translate-paragraph=\"1\" data-spm-anchor-id=\"a2700.details.0.i35.4f6757d4w4zNZA\">Wholesale Breathable Mesh Waterproof Outdoor Pet Carry Bags &#8211; City Walk Pet Carriers [Pet Carrier Bag, Factory Direct]<\/h2>\n<div class=\"flex flex-grow flex-col max-w-full\">\n<div class=\"min-h-[20px] text-message flex w-full flex-col items-end gap-2 whitespace-pre-wrap break-words [.text-message+&amp;]:mt-5 overflow-x-auto\" dir=\"auto\" data-message-author-role=\"assistant\" data-message-id=\"3d7d46f6-7ec2-4222-9257-48fa0bba23c6\" data-suggestions=\"true\">\n<div class=\"flex w-full flex-col gap-1 empty:hidden first:pt-[3px]\">\n<div class=\"markdown prose w-full break-words dark:prose-invert light\">\n<p>Embark on outdoor adventures with your pet in style and comfort using our Breathable Mesh Waterproof Outdoor Pet Carry Bag. These carry bags are designed to provide a safe and comfortable environment for pets while ensuring ease of transport for pet owners. As a leading pet carrier bag manufacturer, we offer these high-quality, factory-direct products at wholesale prices, ensuring quality and affordability for B2B clients.<\/p>\n<table style=\"border-collapse: collapse; background-color: #ffffff; width: 334px; height: 244px;\" border=\"1\">\n<tbody>\n<tr>\n<td style=\"font-family: Verdana, Arial, Helvetica, sans-serif; font-size: 12px; color: #000000; margin: 8px; width: 187px; text-align: center;\"><span style=\"line-height: 21px; font-size: 14px;\">Products Name<\/span><\/td>\n<td style=\"font-family: Verdana, Arial, Helvetica, sans-serif; font-size: 12px; color: #000000; margin: 8px; width: 526px; text-align: center;\"><span style=\"font-size: 14px;\">Pet Carrier<\/span><\/td>\n<\/tr>\n<tr>\n<td style=\"font-family: Verdana, Arial, Helvetica, sans-serif; font-size: 12px; color: #000000; margin: 8px; width: 187px; text-align: center;\"><span style=\"line-height: 21px; font-size: 14px;\">Item No.<\/span><\/td>\n<td style=\"font-family: Verdana, Arial, Helvetica, sans-serif; font-size: 12px; color: #000000; margin: 8px; width: 526px; text-align: center;\"><span style=\"line-height: 21px; font-size: 14px;\">P-C2040<\/span><\/td>\n<\/tr>\n<tr>\n<td style=\"font-family: Verdana, Arial, Helvetica, sans-serif; font-size: 12px; color: #000000; margin: 8px; width: 187px; text-align: center;\"><span style=\"line-height: 21px; color: #333333; font-family: Arial, Helvetica; font-size: 14px; font-style: normal; font-weight: 400; background-color: #ffffff; float: none; display: inline !important;\">Material<\/span><\/td>\n<td style=\"font-family: Verdana, Arial, Helvetica, sans-serif; font-size: 12px; color: #000000; margin: 8px; width: 526px; text-align: center;\"><span style=\"color: #333333; font-family: Helvetica,Tahoma,Arial; font-size: 12px; font-style: normal; font-weight: 400; background-color: #fcfcfc; display: inline !important; float: none;\">Oxford Fabric<\/span><\/td>\n<\/tr>\n<tr>\n<td style=\"font-family: Verdana, Arial, Helvetica, sans-serif; font-size: 12px; color: #000000; margin: 8px; width: 187px; text-align: center;\"><span style=\"line-height: 21px; font-size: 14px;\">\u00a0Size<\/span><\/td>\n<td style=\"margin: 8px; width: 526px; text-align: center;\"><span style=\"color: #222222; font-family: Helvetica, Tahoma, Arial;\"><span style=\"font-size: 14px;\">Customized Size<\/span><\/span><\/td>\n<\/tr>\n<tr>\n<td style=\"font-family: Verdana, Arial, Helvetica, sans-serif; font-size: 12px; color: #000000; margin: 8px; width: 187px; text-align: center;\"><span style=\"line-height: 21px; font-size: 14px;\">\u00a0Color<\/span><\/td>\n<td style=\"font-family: Verdana, Arial, Helvetica, sans-serif; font-size: 12px; color: #000000; margin: 8px; width: 526px; text-align: center;\"><span style=\"font-size: 14px;\">Customized Color<\/span><\/td>\n<\/tr>\n<tr>\n<td style=\"font-family: Verdana, Arial, Helvetica, sans-serif; font-size: 12px; color: #000000; margin: 8px; width: 187px; text-align: center;\"><span style=\"line-height: 21px; font-size: 14px;\">\u00a0<span style=\"line-height: 21px; color: #333333; font-family: Arial, Helvetica; font-size: 14px; font-style: normal; font-weight: 400; background-color: #ffffff; float: none; display: inline !important;\">Pet type<\/span><\/span><\/td>\n<td style=\"font-family: Verdana, Arial, Helvetica, sans-serif; font-size: 12px; color: #000000; margin: 8px; width: 526px; text-align: center;\"><span style=\"line-height: 21px; font-size: 14px;\">\u00a0All Dog<\/span><\/td>\n<\/tr>\n<tr>\n<td style=\"font-family: Verdana, Arial, Helvetica, sans-serif; font-size: 12px; color: #000000; margin: 8px; width: 187px; text-align: center;\"><span style=\"line-height: 21px; font-size: 14px;\">\u00a0<span style=\"line-height: 21px; color: #333333; font-family: Arial, Helvetica; font-size: 14px; font-style: normal; font-weight: 400; background-color: #ffffff; float: none; display: inline !important;\">Delivery time<\/span><\/span><\/td>\n<td style=\"font-family: Verdana, Arial, Helvetica, sans-serif; font-size: 12px; color: #000000; margin: 8px; width: 526px; text-align: center;\"><span style=\"line-height: 21px; font-size: 14px;\"><span style=\"line-height: 21px; color: #000000; font-family: Verdana, Arial, Helvetica, sans-serif; font-size: 14px; font-style: normal; font-weight: 400; background-color: #ffffff; float: none; display: inline !important;\">1-5days\u00a0for small quantity by air and 30-35days for large quantity by sea<\/span>\u00a0<\/span><\/td>\n<\/tr>\n<tr>\n<td style=\"font-family: Verdana, Arial, Helvetica, sans-serif; font-size: 12px; color: #000000; margin: 8px; width: 187px; text-align: center;\"><span style=\"line-height: 21px; font-size: 14px;\">\u00a0<span style=\"line-height: 21px; color: #333333; font-family: Arial, Helvetica; font-size: 14px; font-style: normal; font-weight: 400; background-color: #ffffff; float: none; display: inline !important;\">Port of shipment<\/span><\/span><\/td>\n<td style=\"font-family: Verdana, Arial, Helvetica, sans-serif; font-size: 12px; color: #000000; margin: 8px; width: 526px; text-align: center;\"><span style=\"line-height: 21px; font-size: 14px;\">Xiamen\u00a0<\/span><\/td>\n<\/tr>\n<tr>\n<td style=\"font-family: Verdana, Arial, Helvetica, sans-serif; font-size: 12px; color: #000000; margin: 8px; width: 187px; text-align: center;\"><span style=\"line-height: 21px; font-size: 14px;\">\u00a0<span style=\"line-height: 21px; color: #333333; font-family: Arial, Helvetica; font-size: 14px; font-style: normal; font-weight: 400; background-color: #ffffff; float: none; display: inline !important;\">OEM\/ODM<\/span><\/span><\/td>\n<td style=\"font-family: Verdana, Arial, Helvetica, sans-serif; font-size: 12px; color: #000000; margin: 8px; width: 526px; text-align: center;\"><span style=\"line-height: 21px; font-size: 14px;\">\u00a0<span style=\"line-height: 21px; color: #333333; font-family: Arial, Helvetica; font-size: 14px; font-style: normal; font-weight: 400; background-color: #ffffff; float: none; display: inline !important;\">Available<\/span><\/span><\/td>\n<\/tr>\n<tr>\n<td style=\"font-family: Verdana, Arial, Helvetica, sans-serif; font-size: 12px; color: #000000; margin: 8px; width: 187px; text-align: center;\"><span style=\"line-height: 21px; font-size: 14px;\">\u00a0<span style=\"line-height: 21px; color: #333333; font-family: Arial, Helvetica; font-size: 14px; font-style: normal; font-weight: 400; background-color: #ffffff; float: none; display: inline !important;\">Package<\/span><\/span><\/td>\n<td style=\"font-family: Verdana, Arial, Helvetica, sans-serif; font-size: 12px; color: #000000; margin: 8px; width: 526px; text-align: center;\"><span style=\"line-height: 21px; font-size: 14px;\"><span style=\"line-height: 21px; color: #333333; font-family: Arial, Helvetica; font-size: 14px; font-style: normal; font-weight: 400; background-color: #ffffff; float: none; display: inline !important;\">Each one packed in a PPB then into Carton or per needed<\/span><\/span><\/td>\n<\/tr>\n<\/tbody>\n<\/table>\n<p><strong>Key Features:<\/strong><\/p>\n<ul>\n<li><strong>Breathable Mesh Material:<\/strong>\u00a0Ensures optimal ventilation for your pet&#8217;s comfort, even on the warmest days.<\/li>\n<li><strong>Waterproof Protection:<\/strong>\u00a0Keeps your pet dry and secure in wet weather conditions with a waterproof exterior.<\/li>\n<li><strong>Outdoor-Ready Design:<\/strong>\u00a0Durable and robust construction to withstand the demands of outdoor use.<\/li>\n<li><strong>City Walk Pet Carriers:<\/strong>\u00a0Sleek and modern design that fits seamlessly into urban settings, perfect for city walks.<\/li>\n<li><strong>Wholesale and Factory Direct:<\/strong>\u00a0Available for wholesale purchase directly from our factory, ensuring top-tier quality and cost-effectiveness.<\/li>\n<\/ul>\n<p><strong>Benefits for Retailers:<\/strong><\/p>\n<ul>\n<li><strong>Wholesale Pricing:<\/strong>\u00a0Access to factory-direct pricing, allowing you to offer premium pet carrier bags at competitive prices.<\/li>\n<li><strong>Customization Options:<\/strong>\u00a0The ability to customize the bags with your brand&#8217;s logo or specific design elements.<\/li>\n<li><strong>Quality Assurance:<\/strong>\u00a0Each bag is manufactured to meet high-quality standards, ensuring durability and functionality.<\/li>\n<li><strong>Efficient Shipping:<\/strong>\u00a0Rely on our efficient supply chain for timely delivery of your wholesale orders, keeping your inventory well-stocked.<\/li>\n<\/ul>\n<p><strong>Enhance your pet accessory range with our Breathable Mesh Waterproof Outdoor <span style=\"color: #ff0000;\"><a style=\"color: #ff0000;\" href=\"https:\/\/pecpets.com\/product-category\/pet-carrier\/city-walk-pet-carriers\/\" target=\"_blank\" rel=\"noopener\">Pet Carry Bag<\/a><\/span> \u2013 perfect for retailers looking to offer stylish and practical pet carrying solutions.<\/strong> Contact us today to explore our wholesale opportunities and provide your customers with the ultimate in convenience and comfort for their pets on the go.<\/p>\n<\/div>\n<\/div>\n<\/div>\n<\/div>\n","protected":false},"excerpt":{"rendered":"<h2><strong><b>Tukku hengitt\u00e4v\u00e4 Mesh vedenpit\u00e4v\u00e4 Outdoor Pet kuljettaa laukku<\/b><\/strong><\/h2>\n<p>Tutustu hengitt\u00e4v\u00e4\u00e4n verkko-verkkoon Vedenpit\u00e4v\u00e4 ulkok\u00e4ytt\u00f6\u00f6n tarkoitettuun lemmikkiel\u00e4inten kuljetuslaukkuun.<\/p>\n<p>Pid\u00e4 lemmikkisi tyylikk\u00e4\u00e4n\u00e4 laadukkailla malleillamme.<\/p>","protected":false},"featured_media":15702,"template":"","meta":{"_seopress_robots_primary_cat":"none","_seopress_titles_title":"Breathable Mesh Waterproof Outdoor Pet Carry Bag","_seopress_titles_desc":"Explore Breathable Mesh Waterproof Outdoor Pet Carry Bag. Our travel dog carriers are waterproof, available for wholesale directly from the factory.","_seopress_robots_index":"","_uag_custom_page_level_css":""},"product_brand":[],"product_cat":[367,15],"product_tag":[],"class_list":{"0":"post-15689","1":"product","2":"type-product","3":"status-publish","4":"has-post-thumbnail","6":"product_cat-city-walk-pet-carriers","7":"product_cat-pet-carrier","9":"first","10":"instock","11":"shipping-taxable","12":"product-type-simple"},"uagb_featured_image_src":{"full":["https:\/\/pecpets.com\/wp-content\/uploads\/2024\/11\/Breathable-Mesh-Waterproof-Outdoor-Pet-Carry-Bag-3.jpg",1100,1100,false],"thumbnail":["https:\/\/pecpets.com\/wp-content\/uploads\/2024\/11\/Breathable-Mesh-Waterproof-Outdoor-Pet-Carry-Bag-3-150x150.jpg",150,150,true],"medium":["https:\/\/pecpets.com\/wp-content\/uploads\/2024\/11\/Breathable-Mesh-Waterproof-Outdoor-Pet-Carry-Bag-3-300x300.jpg",300,300,true],"medium_large":["https:\/\/pecpets.com\/wp-content\/uploads\/2024\/11\/Breathable-Mesh-Waterproof-Outdoor-Pet-Carry-Bag-3-768x768.jpg",768,768,true],"large":["https:\/\/pecpets.com\/wp-content\/uploads\/2024\/11\/Breathable-Mesh-Waterproof-Outdoor-Pet-Carry-Bag-3-1024x1024.jpg",800,800,true],"1536x1536":["https:\/\/pecpets.com\/wp-content\/uploads\/2024\/11\/Breathable-Mesh-Waterproof-Outdoor-Pet-Carry-Bag-3.jpg",1100,1100,false],"2048x2048":["https:\/\/pecpets.com\/wp-content\/uploads\/2024\/11\/Breathable-Mesh-Waterproof-Outdoor-Pet-Carry-Bag-3.jpg",1100,1100,false],"trp-custom-language-flag":["https:\/\/pecpets.com\/wp-content\/uploads\/2024\/11\/Breathable-Mesh-Waterproof-Outdoor-Pet-Carry-Bag-3-12x12.jpg",12,12,true],"woocommerce_thumbnail":["https:\/\/pecpets.com\/wp-content\/uploads\/2024\/11\/Breathable-Mesh-Waterproof-Outdoor-Pet-Carry-Bag-3-300x300.jpg",300,300,true],"woocommerce_single":["https:\/\/pecpets.com\/wp-content\/uploads\/2024\/11\/Breathable-Mesh-Waterproof-Outdoor-Pet-Carry-Bag-3-600x600.jpg",600,600,true],"woocommerce_gallery_thumbnail":["https:\/\/pecpets.com\/wp-content\/uploads\/2024\/11\/Breathable-Mesh-Waterproof-Outdoor-Pet-Carry-Bag-3-100x100.jpg",100,100,true]},"uagb_author_info":{"display_name":"Lawrence\u00a0\u52b3\u4f26\u65af","author_link":"https:\/\/pecpets.com\/fi\/author\/"},"uagb_comment_info":0,"uagb_excerpt":"Wholesale Breathable Mesh Waterproof Outdoor Pet Carry Bag Discover Breathable Mesh Waterproof Outdoor Pet Carry Bag. Keep your pets stylish with our high-quality designs.","_links":{"self":[{"href":"https:\/\/pecpets.com\/fi\/wp-json\/wp\/v2\/product\/15689","targetHints":{"allow":["GET"]}}],"collection":[{"href":"https:\/\/pecpets.com\/fi\/wp-json\/wp\/v2\/product"}],"about":[{"href":"https:\/\/pecpets.com\/fi\/wp-json\/wp\/v2\/types\/product"}],"wp:featuredmedia":[{"embeddable":true,"href":"https:\/\/pecpets.com\/fi\/wp-json\/wp\/v2\/media\/15702"}],"wp:attachment":[{"href":"https:\/\/pecpets.com\/fi\/wp-json\/wp\/v2\/media?parent=15689"}],"wp:term":[{"taxonomy":"product_brand","embeddable":true,"href":"https:\/\/pecpets.com\/fi\/wp-json\/wp\/v2\/product_brand?post=15689"},{"taxonomy":"product_cat","embeddable":true,"href":"https:\/\/pecpets.com\/fi\/wp-json\/wp\/v2\/product_cat?post=15689"},{"taxonomy":"product_tag","embeddable":true,"href":"https:\/\/pecpets.com\/fi\/wp-json\/wp\/v2\/product_tag?post=15689"}],"curies":[{"name":"wp","href":"https:\/\/api.w.org\/{rel}","templated":true}]}}