{"id":15911,"date":"2024-11-19T16:17:26","date_gmt":"2024-11-19T08:17:26","guid":{"rendered":"https:\/\/pecpets.com\/?post_type=product&#038;p=15911"},"modified":"2024-11-19T16:22:38","modified_gmt":"2024-11-19T08:22:38","slug":"airline-comfortable-breathable-pet-carrier-backpack-bag","status":"publish","type":"product","link":"https:\/\/pecpets.com\/fi\/product\/airline-comfortable-breathable-pet-carrier-backpack-bag\/","title":{"rendered":"Lentoyhti\u00f6 Mukava hengitt\u00e4v\u00e4 lemmikkiel\u00e4inten harjoittaja reppu laukku laukku"},"content":{"rendered":"<h2 title=\"Foldable Dog Bag Breathable Mesh Pet Shoulder Bag for Small Pet Dog Cats\" data-immersive-translate-walked=\"1c928421-2e42-4cd3-8754-5404553c0af5\" data-immersive-translate-paragraph=\"1\" data-spm-anchor-id=\"a2700.details.0.i35.4f6757d4w4zNZA\">Wholesale Airline Comfortable Breathable Pet Carrier Backpack Bags &#8211; City Walk Pet Carriers [Pet Carrier Bag, Factory Direct]<\/h2>\n<div class=\"flex flex-grow flex-col max-w-full\">\n<div class=\"min-h-[20px] text-message flex w-full flex-col items-end gap-2 whitespace-pre-wrap break-words [.text-message+&amp;]:mt-5 overflow-x-auto\" dir=\"auto\" data-message-author-role=\"assistant\" data-message-id=\"3d7d46f6-7ec2-4222-9257-48fa0bba23c6\" data-suggestions=\"true\">\n<div class=\"flex w-full flex-col gap-1 empty:hidden first:pt-[3px]\">\n<div class=\"markdown prose w-full break-words dark:prose-invert light\">\n<p>Ensure the comfort and safety of your pet during air travel with our Airline Comfortable Breathable Pet Carrier Backpack Bag. Designed with the needs of both pets and pet owners in mind, these carrier bags offer a spacious and breathable environment for your pet while providing convenience and style for travel. As a leading manufacturer of pet carrier bags, we offer these high-quality, factory-direct products at wholesale prices, ensuring quality and affordability for B2B clients.<\/p>\n<table style=\"border-collapse: collapse; background-color: #ffffff; width: 334px; height: 244px;\" border=\"1\">\n<tbody>\n<tr>\n<td style=\"font-family: Verdana, Arial, Helvetica, sans-serif; font-size: 12px; color: #000000; margin: 8px; width: 187px; text-align: center;\"><span style=\"line-height: 21px; font-size: 14px;\">Products Name<\/span><\/td>\n<td style=\"font-family: Verdana, Arial, Helvetica, sans-serif; font-size: 12px; color: #000000; margin: 8px; width: 526px; text-align: center;\"><span style=\"font-size: 14px;\">Pet Carrier<\/span><\/td>\n<\/tr>\n<tr>\n<td style=\"font-family: Verdana, Arial, Helvetica, sans-serif; font-size: 12px; color: #000000; margin: 8px; width: 187px; text-align: center;\"><span style=\"line-height: 21px; font-size: 14px;\">Item No.<\/span><\/td>\n<td style=\"font-family: Verdana, Arial, Helvetica, sans-serif; font-size: 12px; color: #000000; margin: 8px; width: 526px; text-align: center;\"><span style=\"line-height: 21px; font-size: 14px;\">P-C2047<\/span><\/td>\n<\/tr>\n<tr>\n<td style=\"font-family: Verdana, Arial, Helvetica, sans-serif; font-size: 12px; color: #000000; margin: 8px; width: 187px; text-align: center;\"><span style=\"line-height: 21px; color: #333333; font-family: Arial, Helvetica; font-size: 14px; font-style: normal; font-weight: 400; background-color: #ffffff; float: none; display: inline !important;\">Material<\/span><\/td>\n<td style=\"font-family: Verdana, Arial, Helvetica, sans-serif; font-size: 12px; color: #000000; margin: 8px; width: 526px; text-align: center;\"><span style=\"color: #333333; font-family: Helvetica,Tahoma,Arial; font-size: 12px; font-style: normal; font-weight: 400; background-color: #fcfcfc; display: inline !important; float: none;\">Oxford Fabric<\/span><\/td>\n<\/tr>\n<tr>\n<td style=\"font-family: Verdana, Arial, Helvetica, sans-serif; font-size: 12px; color: #000000; margin: 8px; width: 187px; text-align: center;\"><span style=\"line-height: 21px; font-size: 14px;\">\u00a0Size<\/span><\/td>\n<td style=\"margin: 8px; width: 526px; text-align: center;\"><span style=\"color: #222222; font-family: Helvetica, Tahoma, Arial;\"><span style=\"font-size: 14px;\">Customized Size<\/span><\/span><\/td>\n<\/tr>\n<tr>\n<td style=\"font-family: Verdana, Arial, Helvetica, sans-serif; font-size: 12px; color: #000000; margin: 8px; width: 187px; text-align: center;\"><span style=\"line-height: 21px; font-size: 14px;\">\u00a0Color<\/span><\/td>\n<td style=\"font-family: Verdana, Arial, Helvetica, sans-serif; font-size: 12px; color: #000000; margin: 8px; width: 526px; text-align: center;\"><span style=\"font-size: 14px;\">Customized Color<\/span><\/td>\n<\/tr>\n<tr>\n<td style=\"font-family: Verdana, Arial, Helvetica, sans-serif; font-size: 12px; color: #000000; margin: 8px; width: 187px; text-align: center;\"><span style=\"line-height: 21px; font-size: 14px;\">\u00a0<span style=\"line-height: 21px; color: #333333; font-family: Arial, Helvetica; font-size: 14px; font-style: normal; font-weight: 400; background-color: #ffffff; float: none; display: inline !important;\">Pet type<\/span><\/span><\/td>\n<td style=\"font-family: Verdana, Arial, Helvetica, sans-serif; font-size: 12px; color: #000000; margin: 8px; width: 526px; text-align: center;\"><span style=\"line-height: 21px; font-size: 14px;\">\u00a0All Dog<\/span><\/td>\n<\/tr>\n<tr>\n<td style=\"font-family: Verdana, Arial, Helvetica, sans-serif; font-size: 12px; color: #000000; margin: 8px; width: 187px; text-align: center;\"><span style=\"line-height: 21px; font-size: 14px;\">\u00a0<span style=\"line-height: 21px; color: #333333; font-family: Arial, Helvetica; font-size: 14px; font-style: normal; font-weight: 400; background-color: #ffffff; float: none; display: inline !important;\">Delivery time<\/span><\/span><\/td>\n<td style=\"font-family: Verdana, Arial, Helvetica, sans-serif; font-size: 12px; color: #000000; margin: 8px; width: 526px; text-align: center;\"><span style=\"line-height: 21px; font-size: 14px;\"><span style=\"line-height: 21px; color: #000000; font-family: Verdana, Arial, Helvetica, sans-serif; font-size: 14px; font-style: normal; font-weight: 400; background-color: #ffffff; float: none; display: inline !important;\">1-5days\u00a0for small quantity by air and 30-35days for large quantity by sea<\/span>\u00a0<\/span><\/td>\n<\/tr>\n<tr>\n<td style=\"font-family: Verdana, Arial, Helvetica, sans-serif; font-size: 12px; color: #000000; margin: 8px; width: 187px; text-align: center;\"><span style=\"line-height: 21px; font-size: 14px;\">\u00a0<span style=\"line-height: 21px; color: #333333; font-family: Arial, Helvetica; font-size: 14px; font-style: normal; font-weight: 400; background-color: #ffffff; float: none; display: inline !important;\">Port of shipment<\/span><\/span><\/td>\n<td style=\"font-family: Verdana, Arial, Helvetica, sans-serif; font-size: 12px; color: #000000; margin: 8px; width: 526px; text-align: center;\"><span style=\"line-height: 21px; font-size: 14px;\">Xiamen\u00a0<\/span><\/td>\n<\/tr>\n<tr>\n<td style=\"font-family: Verdana, Arial, Helvetica, sans-serif; font-size: 12px; color: #000000; margin: 8px; width: 187px; text-align: center;\"><span style=\"line-height: 21px; font-size: 14px;\">\u00a0<span style=\"line-height: 21px; color: #333333; font-family: Arial, Helvetica; font-size: 14px; font-style: normal; font-weight: 400; background-color: #ffffff; float: none; display: inline !important;\">OEM\/ODM<\/span><\/span><\/td>\n<td style=\"font-family: Verdana, Arial, Helvetica, sans-serif; font-size: 12px; color: #000000; margin: 8px; width: 526px; text-align: center;\"><span style=\"line-height: 21px; font-size: 14px;\">\u00a0<span style=\"line-height: 21px; color: #333333; font-family: Arial, Helvetica; font-size: 14px; font-style: normal; font-weight: 400; background-color: #ffffff; float: none; display: inline !important;\">Available<\/span><\/span><\/td>\n<\/tr>\n<tr>\n<td style=\"font-family: Verdana, Arial, Helvetica, sans-serif; font-size: 12px; color: #000000; margin: 8px; width: 187px; text-align: center;\"><span style=\"line-height: 21px; font-size: 14px;\">\u00a0<span style=\"line-height: 21px; color: #333333; font-family: Arial, Helvetica; font-size: 14px; font-style: normal; font-weight: 400; background-color: #ffffff; float: none; display: inline !important;\">Package<\/span><\/span><\/td>\n<td style=\"font-family: Verdana, Arial, Helvetica, sans-serif; font-size: 12px; color: #000000; margin: 8px; width: 526px; text-align: center;\"><span style=\"line-height: 21px; font-size: 14px;\"><span style=\"line-height: 21px; color: #333333; font-family: Arial, Helvetica; font-size: 14px; font-style: normal; font-weight: 400; background-color: #ffffff; float: none; display: inline !important;\">Each one packed in a PPB then into Carton or per needed<\/span><\/span><\/td>\n<\/tr>\n<\/tbody>\n<\/table>\n<p><strong>Key Features:<\/strong><\/p>\n<ul>\n<li><strong>Comfortable and Breathable:<\/strong>\u00a0Crafted with breathable materials to ensure your pet stays comfortable and well-ventilated during travel, reducing stress and ensuring a pleasant journey.<\/li>\n<li><strong>Airline Approved:<\/strong>\u00a0Meets the requirements of major airlines, making them suitable for in-cabin travel, and providing peace of mind for pet owners.<\/li>\n<li><strong>Backpack Design:<\/strong>\u00a0Features a convenient backpack design that allows for hands-free travel, making it easy to navigate through airports and city walks.<\/li>\n<li><strong>Durable Construction:<\/strong>\u00a0Built to last with high-quality materials that can withstand the rigors of frequent travel.<\/li>\n<li><strong>Wholesale and Factory Direct:<\/strong>\u00a0Available for wholesale purchase directly from our factory, ensuring top-tier quality and cost-effectiveness.<\/li>\n<\/ul>\n<p><strong>Benefits for Retailers:<\/strong><\/p>\n<ul>\n<li><strong>Wholesale Pricing:<\/strong>\u00a0Access to factory-direct pricing, allowing you to offer premium pet carrier bags at competitive prices.<\/li>\n<li><strong>Customization Options:<\/strong>\u00a0The ability to customize the carrier bags with your brand&#8217;s logo or specific design elements.<\/li>\n<li><strong>Quality Assurance:<\/strong>\u00a0Each bag is manufactured to meet high-quality standards, ensuring durability and functionality.<\/li>\n<li><strong>Efficient Shipping:<\/strong>\u00a0Rely on our efficient supply chain for timely delivery of your wholesale orders, keeping your inventory well-stocked.<\/li>\n<\/ul>\n<p><strong>Enhance your pet accessory range with our Airline Comfortable Breathable <span style=\"color: #ff0000;\"><a style=\"color: #ff0000;\" href=\"https:\/\/pecpets.com\/product-category\/pet-carrier\/city-walk-pet-carriers\/\" target=\"_blank\" rel=\"noopener\">Pet Carrier Backpack Bag<\/a><\/span> \u2013 perfect for retailers looking to offer practical and comfortable pet travel solutions.<\/strong> Contact us today to explore our wholesale opportunities and provide your customers with the ultimate in pet travel comfort and style.<\/p>\n<\/div>\n<\/div>\n<\/div>\n<\/div>\n","protected":false},"excerpt":{"rendered":"<h2><strong><b>Tukku Airline Mukava hengitt\u00e4v\u00e4 Pet Carrier reppu reppu Bag<\/b><\/strong><\/h2>\n<p>Tutustu Airline Mukava hengitt\u00e4v\u00e4 lemmikkiel\u00e4inten kantolaite reppu laukku.<\/p>\n<p>Pid\u00e4 lemmikkisi tyylikk\u00e4\u00e4n\u00e4 laadukkailla malleillamme.<\/p>","protected":false},"featured_media":15923,"template":"","meta":{"_seopress_robots_primary_cat":"none","_seopress_titles_title":"Airline Comfortable Breathable Pet Carrier Backpack Bag","_seopress_titles_desc":"Explore Airline Comfortable Breathable Pet Carrier Backpack Bag. Our travel dog carriers are waterproof, available directly from the factory.","_seopress_robots_index":"","_seopress_analysis_target_kw":"Space Capsule Bubble Transparent Pet Carrier Backpack,Airline Comfortable Breathable Pet Carrier Backpack Bag","_uag_custom_page_level_css":""},"product_brand":[],"product_cat":[419,415,15],"product_tag":[],"class_list":{"0":"post-15911","1":"product","2":"type-product","3":"status-publish","4":"has-post-thumbnail","6":"product_cat-cat-backpack","7":"product_cat-cat-carrier","8":"product_cat-pet-carrier","10":"first","11":"instock","12":"shipping-taxable","13":"product-type-simple"},"uagb_featured_image_src":{"full":["https:\/\/pecpets.com\/wp-content\/uploads\/2024\/11\/Airline-Comfortable-Breathable-Pet-Carrier-Backpack-Bag-7-1.jpg",800,800,false],"thumbnail":["https:\/\/pecpets.com\/wp-content\/uploads\/2024\/11\/Airline-Comfortable-Breathable-Pet-Carrier-Backpack-Bag-7-1-150x150.jpg",150,150,true],"medium":["https:\/\/pecpets.com\/wp-content\/uploads\/2024\/11\/Airline-Comfortable-Breathable-Pet-Carrier-Backpack-Bag-7-1-300x300.jpg",300,300,true],"medium_large":["https:\/\/pecpets.com\/wp-content\/uploads\/2024\/11\/Airline-Comfortable-Breathable-Pet-Carrier-Backpack-Bag-7-1-768x768.jpg",768,768,true],"large":["https:\/\/pecpets.com\/wp-content\/uploads\/2024\/11\/Airline-Comfortable-Breathable-Pet-Carrier-Backpack-Bag-7-1.jpg",800,800,false],"1536x1536":["https:\/\/pecpets.com\/wp-content\/uploads\/2024\/11\/Airline-Comfortable-Breathable-Pet-Carrier-Backpack-Bag-7-1.jpg",800,800,false],"2048x2048":["https:\/\/pecpets.com\/wp-content\/uploads\/2024\/11\/Airline-Comfortable-Breathable-Pet-Carrier-Backpack-Bag-7-1.jpg",800,800,false],"trp-custom-language-flag":["https:\/\/pecpets.com\/wp-content\/uploads\/2024\/11\/Airline-Comfortable-Breathable-Pet-Carrier-Backpack-Bag-7-1-12x12.jpg",12,12,true],"woocommerce_thumbnail":["https:\/\/pecpets.com\/wp-content\/uploads\/2024\/11\/Airline-Comfortable-Breathable-Pet-Carrier-Backpack-Bag-7-1-300x300.jpg",300,300,true],"woocommerce_single":["https:\/\/pecpets.com\/wp-content\/uploads\/2024\/11\/Airline-Comfortable-Breathable-Pet-Carrier-Backpack-Bag-7-1-600x600.jpg",600,600,true],"woocommerce_gallery_thumbnail":["https:\/\/pecpets.com\/wp-content\/uploads\/2024\/11\/Airline-Comfortable-Breathable-Pet-Carrier-Backpack-Bag-7-1-100x100.jpg",100,100,true]},"uagb_author_info":{"display_name":"Lawrence\u00a0\u52b3\u4f26\u65af","author_link":"https:\/\/pecpets.com\/fi\/author\/"},"uagb_comment_info":0,"uagb_excerpt":"Wholesale Airline Comfortable Breathable Pet Carrier Backpack Bag Discover Airline Comfortable Breathable Pet Carrier Backpack Bag. Keep your pets stylish with our high-quality designs.","_links":{"self":[{"href":"https:\/\/pecpets.com\/fi\/wp-json\/wp\/v2\/product\/15911","targetHints":{"allow":["GET"]}}],"collection":[{"href":"https:\/\/pecpets.com\/fi\/wp-json\/wp\/v2\/product"}],"about":[{"href":"https:\/\/pecpets.com\/fi\/wp-json\/wp\/v2\/types\/product"}],"wp:featuredmedia":[{"embeddable":true,"href":"https:\/\/pecpets.com\/fi\/wp-json\/wp\/v2\/media\/15923"}],"wp:attachment":[{"href":"https:\/\/pecpets.com\/fi\/wp-json\/wp\/v2\/media?parent=15911"}],"wp:term":[{"taxonomy":"product_brand","embeddable":true,"href":"https:\/\/pecpets.com\/fi\/wp-json\/wp\/v2\/product_brand?post=15911"},{"taxonomy":"product_cat","embeddable":true,"href":"https:\/\/pecpets.com\/fi\/wp-json\/wp\/v2\/product_cat?post=15911"},{"taxonomy":"product_tag","embeddable":true,"href":"https:\/\/pecpets.com\/fi\/wp-json\/wp\/v2\/product_tag?post=15911"}],"curies":[{"name":"wp","href":"https:\/\/api.w.org\/{rel}","templated":true}]}}