{"id":20320,"date":"2025-04-02T11:23:21","date_gmt":"2025-04-02T03:23:21","guid":{"rendered":"https:\/\/pecpets.com\/?post_type=product&#038;p=20320"},"modified":"2025-04-02T11:39:20","modified_gmt":"2025-04-02T03:39:20","slug":"pet-gps-tracker-alerts-real-time","status":"publish","type":"product","link":"https:\/\/pecpets.com\/fi\/product\/pet-gps-tracker-alerts-real-time\/","title":{"rendered":"Lemmikkiel\u00e4inten GPS-seuranta h\u00e4lytt\u00e4\u00e4 reaaliaikaisesti"},"content":{"rendered":"<h2 data-immersive-translate-walked=\"e7004b1f-2e8f-4436-a121-9fbf271e51c9\">Lemmikkiel\u00e4inten GPS-paikannin h\u00e4lytykset reaaliaikaiset kaulukset | Lemmikkiel\u00e4inten koulutus- ja turvakaulukset Factory | Tukku toimittaja<\/h2>\n<p>Tarve\u00a0<strong>lemmikkiel\u00e4inten GPS-seurantapannat, joissa on reaaliaikaiset h\u00e4lytykset<\/strong>\u00a0br\u00e4ndillesi? Olemme johtava\u00a0<strong>lemmikkiel\u00e4inten kaulukset tehdas<\/strong>\u00a0Kiinassa, joka on erikoistunut \u00e4lykk\u00e4\u00e4seen\u00a0<strong>lemmikkiel\u00e4inten koulutus &amp; turvapannat<\/strong>\u00a0jotka pit\u00e4v\u00e4t lemmikkiel\u00e4imet turvassa ja omistajat ajan tasalla 24\/7.<\/p>\n<table style=\"border-collapse: collapse; background-color: #ffffff; width: 325px; height: 354px;\" border=\"1\">\n<tbody>\n<tr>\n<td style=\"font-family: Verdana, Arial, Helvetica, sans-serif; font-size: 12px; color: #000000; margin: 8px; width: 187px; text-align: center;\"><span style=\"line-height: 21px; font-size: 14px;\">Tuotteiden nimi<\/span><\/td>\n<td style=\"font-family: Verdana, Arial, Helvetica, sans-serif; font-size: 12px; color: #000000; margin: 8px; width: 526px; text-align: center;\"><span style=\"font-size: 14px;\">Lemmikkiel\u00e4inten kaulapanta<\/span><\/td>\n<\/tr>\n<tr>\n<td style=\"font-family: Verdana, Arial, Helvetica, sans-serif; font-size: 12px; color: #000000; margin: 8px; width: 187px; text-align: center;\"><span style=\"line-height: 21px; font-size: 14px;\">Tuotenro.<\/span><\/td>\n<td style=\"font-family: Verdana, Arial, Helvetica, sans-serif; font-size: 12px; color: #000000; margin: 8px; width: 526px; text-align: center;\"><span style=\"line-height: 21px; font-size: 14px;\">V53<\/span><\/td>\n<\/tr>\n<tr>\n<td style=\"font-family: Verdana, Arial, Helvetica, sans-serif; font-size: 12px; color: #000000; margin: 8px; width: 187px; text-align: center;\"><span style=\"line-height: 21px; color: #333333; font-family: Arial, Helvetica; font-size: 14px; font-style: normal; font-weight: 400; background-color: #ffffff; float: none; display: inline !important;\">Pukeutumismenetelm\u00e4<\/span><\/td>\n<td style=\"font-family: Verdana, Arial, Helvetica, sans-serif; font-size: 12px; color: #000000; margin: 8px; width: 526px; text-align: center;\">Magneettinen irrotettava muotoilu<\/td>\n<\/tr>\n<tr>\n<td style=\"font-family: Verdana, Arial, Helvetica, sans-serif; font-size: 12px; color: #000000; margin: 8px; width: 187px; text-align: center;\"><span style=\"line-height: 21px; font-size: 14px;\">\u00a0Koko<\/span><\/td>\n<td style=\"margin: 8px; width: 526px; text-align: center;\"><span style=\"color: #222222; font-family: Helvetica, Tahoma, Arial;\"><span style=\"font-size: 14px;\">67.3*28.6*20mm<\/span><\/span><\/td>\n<\/tr>\n<tr>\n<td style=\"font-family: Verdana, Arial, Helvetica, sans-serif; font-size: 12px; color: #000000; margin: 8px; width: 187px; text-align: center;\"><span style=\"line-height: 21px; font-size: 14px;\">\u00a0V\u00e4ri<\/span><\/td>\n<td style=\"font-family: Verdana, Arial, Helvetica, sans-serif; font-size: 12px; color: #000000; margin: 8px; width: 526px; text-align: center;\"><span style=\"font-size: 14px;\">Valkoinen, musta<\/span><\/td>\n<\/tr>\n<tr>\n<td style=\"font-family: Verdana, Arial, Helvetica, sans-serif; font-size: 12px; color: #000000; margin: 8px; width: 187px; text-align: center;\"><span style=\"line-height: 21px; font-size: 14px;\">\u00a0<span style=\"line-height: 21px; color: #333333; font-family: Arial, Helvetica; font-size: 14px; font-style: normal; font-weight: 400; background-color: #ffffff; float: none; display: inline !important;\">Lemmikkiel\u00e4intyyppi<\/span><\/span><\/td>\n<td style=\"font-family: Verdana, Arial, Helvetica, sans-serif; font-size: 12px; color: #000000; margin: 8px; width: 526px; text-align: center;\"><span style=\"line-height: 21px; font-size: 14px;\">\u00a0Kaikki koirat<\/span><\/td>\n<\/tr>\n<tr>\n<td style=\"font-family: Verdana, Arial, Helvetica, sans-serif; font-size: 12px; color: #000000; margin: 8px; width: 187px; text-align: center;\"><span style=\"line-height: 21px; font-size: 14px;\">\u00a0<span style=\"line-height: 21px; color: #333333; font-family: Arial, Helvetica; font-size: 14px; font-style: normal; font-weight: 400; background-color: #ffffff; float: none; display: inline !important;\">Toimitusaika<\/span><\/span><\/td>\n<td style=\"font-family: Verdana, Arial, Helvetica, sans-serif; font-size: 12px; color: #000000; margin: 8px; width: 526px; text-align: center;\"><span style=\"line-height: 21px; font-size: 14px;\"><span style=\"line-height: 21px; color: #000000; font-family: Verdana, Arial, Helvetica, sans-serif; font-size: 14px; font-style: normal; font-weight: 400; background-color: #ffffff; float: none; display: inline !important;\">1-5 p\u00e4iv\u00e4\u00e4 pienille m\u00e4\u00e4rille lentoteitse ja 30-35 p\u00e4iv\u00e4\u00e4 suurille m\u00e4\u00e4rille meritse.<\/span>\u00a0<\/span><\/td>\n<\/tr>\n<tr>\n<td style=\"font-family: Verdana, Arial, Helvetica, sans-serif; font-size: 12px; color: #000000; margin: 8px; width: 187px; text-align: center;\"><span style=\"line-height: 21px; font-size: 14px;\">\u00a0<span style=\"line-height: 21px; color: #333333; font-family: Arial, Helvetica; font-size: 14px; font-style: normal; font-weight: 400; background-color: #ffffff; float: none; display: inline !important;\">L\u00e4hetyssatama<\/span><\/span><\/td>\n<td style=\"font-family: Verdana, Arial, Helvetica, sans-serif; font-size: 12px; color: #000000; margin: 8px; width: 526px; text-align: center;\"><span style=\"line-height: 21px; font-size: 14px;\">Xiamen\u00a0<\/span><\/td>\n<\/tr>\n<tr>\n<td style=\"font-family: Verdana, Arial, Helvetica, sans-serif; font-size: 12px; color: #000000; margin: 8px; width: 187px; text-align: center;\"><span style=\"line-height: 21px; font-size: 14px;\">\u00a0<span style=\"line-height: 21px; color: #333333; font-family: Arial, Helvetica; font-size: 14px; font-style: normal; font-weight: 400; background-color: #ffffff; float: none; display: inline !important;\">OEM\/ODM<\/span><\/span><\/td>\n<td style=\"font-family: Verdana, Arial, Helvetica, sans-serif; font-size: 12px; color: #000000; margin: 8px; width: 526px; text-align: center;\"><span style=\"line-height: 21px; font-size: 14px;\">\u00a0<span style=\"line-height: 21px; color: #333333; font-family: Arial, Helvetica; font-size: 14px; font-style: normal; font-weight: 400; background-color: #ffffff; float: none; display: inline !important;\">Saatavilla<\/span><\/span><\/td>\n<\/tr>\n<tr>\n<td style=\"font-family: Verdana, Arial, Helvetica, sans-serif; font-size: 12px; color: #000000; margin: 8px; width: 187px; text-align: center;\"><span style=\"line-height: 21px; font-size: 14px;\">\u00a0<span style=\"line-height: 21px; color: #333333; font-family: Arial, Helvetica; font-size: 14px; font-style: normal; font-weight: 400; background-color: #ffffff; float: none; display: inline !important;\">Paketti<\/span><\/span><\/td>\n<td style=\"font-family: Verdana, Arial, Helvetica, sans-serif; font-size: 12px; color: #000000; margin: 8px; width: 526px; text-align: center;\"><span style=\"line-height: 21px; font-size: 14px;\"><span style=\"line-height: 21px; color: #333333; font-family: Arial, Helvetica; font-size: 14px; font-style: normal; font-weight: 400; background-color: #ffffff; float: none; display: inline !important;\">Kukin pakattu PPB:hen ja sitten kartonkiin tai tarpeen mukaan.<\/span><\/span><\/td>\n<\/tr>\n<\/tbody>\n<\/table>\n<p><strong>Taajuusalueet:<\/strong><\/p>\n<p>-FDD: kaistat 1\/3\/5\/8<br \/>\n-TDD: kaista 38 \/39\/40\/41<\/p>\n<p>\u2705\u00a0<strong>Miksi valita meid\u00e4t?<\/strong><\/p>\n<ul>\n<li><strong>Reaaliaikaiset h\u00e4lytykset<\/strong>: V\u00e4litt\u00f6m\u00e4t ilmoitukset sovelluksen kautta geofencingist\u00e4, toiminnan seurannasta ja pakovaroituksista.<\/li>\n<li><strong>Tukkukaupan joustavuus<\/strong>: Tuote\u00a0<strong>lemmikkiel\u00e4inten kaulapannat<\/strong>\u00a0irtotavarana tai pieniss\u00e4 eriss\u00e4\u00a0<strong>ODM\/OEM<\/strong>\u00a0r\u00e4\u00e4t\u00e4l\u00f6inti.<\/li>\n<li><strong>Kest\u00e4v\u00e4 &amp; turvallinen<\/strong>: Vedenpit\u00e4v\u00e4t, kevyet mallit, joissa on CE\/RoHS-sertifioinnit - ihanteellinen k\u00e4ytett\u00e4v\u00e4ksi\u00a0<strong>lemmikkiel\u00e4inten koulutuspannat<\/strong>.<\/li>\n<li><strong>Maailmanlaajuinen logistiikka<\/strong>: Nopea\u00a0<strong>vienti<\/strong>\u00a0v\u00e4hitt\u00e4iskauppiaille,\u00a0<strong>tukkukauppiaat<\/strong>, ja jakelijat maailmanlaajuisesti.<\/li>\n<\/ul>\n<p>T\u00e4ydellinen lemmikkiel\u00e4inbr\u00e4ndeille, kaupoille tai\u00a0<strong>B2B-ostajat<\/strong>, GPS-pantamme tarjoavat:<br \/>\n\ud83d\udd39\u00a0<strong>Pitk\u00e4 akun k\u00e4ytt\u00f6ik\u00e4<\/strong>\u00a0(7-15 p\u00e4iv\u00e4\u00e4)<br \/>\n\ud83d\udd39\u00a0<strong>Mukautettu br\u00e4nd\u00e4ys<\/strong>\u00a0osoitteessa\u00a0<strong>oma tuotemerkki<\/strong>\u00a0kumppanuudet<br \/>\n\ud83d\udd39\u00a0<strong>Monikielisen sovelluksen tuki<\/strong>\u00a0maailmanlaajuisia markkinoita varten<\/p>\n<p><strong>P\u00e4ivit\u00e4 lemmikkiel\u00e4inten turvallisuustuotteet<\/strong>\u00a0kaulapannoilla, joissa yhdistyv\u00e4t huippuluokan GPS-paikannus ja reaaliaikaiset h\u00e4lytykset. Ota yhteytt\u00e4 jo t\u00e4n\u00e4\u00e4n saadaksesi n\u00e4ytteit\u00e4, tarjouksia tai keskustellaksesi seuraavista asioista.\u00a0<strong>mukautettu projekti<\/strong>!<\/p>","protected":false},"excerpt":{"rendered":"<h2>Lemmikkiel\u00e4inten GPS-seuranta h\u00e4lytt\u00e4\u00e4 reaaliaikaisesti<\/h2>\n<p>Tutustu s\u00e4\u00e4dett\u00e4v\u00e4\u00e4n turvasoljella varustettuun vahvaan nailonkoiran kaulapantaan.<\/p>\n<p>Pid\u00e4 lemmikkisi tyylikk\u00e4\u00e4n\u00e4 laadukkailla malleillamme.<\/p>","protected":false},"featured_media":20331,"template":"","meta":{"_seopress_robots_primary_cat":"none","_seopress_titles_title":"Pet GPS Tracker Alerts Real-time  - Pet Collar Manufacturers","_seopress_titles_desc":"Discover Pet GPS Tracker Alerts Real-time . Shop high-quality collars at wholesale factory prices. Perfect for pet dogs.","_seopress_robots_index":"","_uag_custom_page_level_css":""},"product_brand":[],"product_cat":[211,363],"product_tag":[215,216,214,213],"class_list":{"0":"post-20320","1":"product","2":"type-product","3":"status-publish","4":"has-post-thumbnail","6":"product_cat-pet-collars","7":"product_cat-training-safety-collars","8":"product_tag-adjustable-collar","9":"product_tag-collar-and-leash-set","10":"product_tag-custom-color-dog-collar","11":"product_tag-dog-collar","13":"first","14":"instock","15":"shipping-taxable","16":"product-type-simple"},"uagb_featured_image_src":{"full":["https:\/\/pecpets.com\/wp-content\/uploads\/2025\/04\/Pet-GPS-Tracker-Alerts-Real-17-scaled.jpg",2560,1440,false],"thumbnail":["https:\/\/pecpets.com\/wp-content\/uploads\/2025\/04\/Pet-GPS-Tracker-Alerts-Real-17-150x150.jpg",150,150,true],"medium":["https:\/\/pecpets.com\/wp-content\/uploads\/2025\/04\/Pet-GPS-Tracker-Alerts-Real-17-300x169.jpg",300,169,true],"medium_large":["https:\/\/pecpets.com\/wp-content\/uploads\/2025\/04\/Pet-GPS-Tracker-Alerts-Real-17-768x432.jpg",768,432,true],"large":["https:\/\/pecpets.com\/wp-content\/uploads\/2025\/04\/Pet-GPS-Tracker-Alerts-Real-17-1024x576.jpg",800,450,true],"1536x1536":["https:\/\/pecpets.com\/wp-content\/uploads\/2025\/04\/Pet-GPS-Tracker-Alerts-Real-17-1536x864.jpg",1536,864,true],"2048x2048":["https:\/\/pecpets.com\/wp-content\/uploads\/2025\/04\/Pet-GPS-Tracker-Alerts-Real-17-2048x1152.jpg",2048,1152,true],"trp-custom-language-flag":["https:\/\/pecpets.com\/wp-content\/uploads\/2025\/04\/Pet-GPS-Tracker-Alerts-Real-17-18x10.jpg",18,10,true],"woocommerce_thumbnail":["https:\/\/pecpets.com\/wp-content\/uploads\/2025\/04\/Pet-GPS-Tracker-Alerts-Real-17-300x300.jpg",300,300,true],"woocommerce_single":["https:\/\/pecpets.com\/wp-content\/uploads\/2025\/04\/Pet-GPS-Tracker-Alerts-Real-17-600x338.jpg",600,338,true],"woocommerce_gallery_thumbnail":["https:\/\/pecpets.com\/wp-content\/uploads\/2025\/04\/Pet-GPS-Tracker-Alerts-Real-17-100x100.jpg",100,100,true]},"uagb_author_info":{"display_name":"Lawrence\u00a0\u52b3\u4f26\u65af","author_link":"https:\/\/pecpets.com\/fi\/author\/"},"uagb_comment_info":0,"uagb_excerpt":"Pet GPS Tracker Alerts Real-time Discover the Adjustable Safety Buckle Strong Nylon Dog Collar. Keep your pets stylish with our high-quality designs.","_links":{"self":[{"href":"https:\/\/pecpets.com\/fi\/wp-json\/wp\/v2\/product\/20320","targetHints":{"allow":["GET"]}}],"collection":[{"href":"https:\/\/pecpets.com\/fi\/wp-json\/wp\/v2\/product"}],"about":[{"href":"https:\/\/pecpets.com\/fi\/wp-json\/wp\/v2\/types\/product"}],"wp:featuredmedia":[{"embeddable":true,"href":"https:\/\/pecpets.com\/fi\/wp-json\/wp\/v2\/media\/20331"}],"wp:attachment":[{"href":"https:\/\/pecpets.com\/fi\/wp-json\/wp\/v2\/media?parent=20320"}],"wp:term":[{"taxonomy":"product_brand","embeddable":true,"href":"https:\/\/pecpets.com\/fi\/wp-json\/wp\/v2\/product_brand?post=20320"},{"taxonomy":"product_cat","embeddable":true,"href":"https:\/\/pecpets.com\/fi\/wp-json\/wp\/v2\/product_cat?post=20320"},{"taxonomy":"product_tag","embeddable":true,"href":"https:\/\/pecpets.com\/fi\/wp-json\/wp\/v2\/product_tag?post=20320"}],"curies":[{"name":"wp","href":"https:\/\/api.w.org\/{rel}","templated":true}]}}