{"id":22154,"date":"2025-09-04T09:23:49","date_gmt":"2025-09-04T01:23:49","guid":{"rendered":"https:\/\/pecpets.com\/?post_type=product&#038;p=22154"},"modified":"2025-09-04T14:35:54","modified_gmt":"2025-09-04T06:35:54","slug":"custom-pet-t-shirts","status":"publish","type":"product","link":"https:\/\/pecpets.com\/fi\/product\/custom-pet-t-shirts\/","title":{"rendered":"Mukautetut lemmikkiel\u00e4inten t-paidat"},"content":{"rendered":"<h3>Custom Pet T-paidat toimittaja | Vedenpit\u00e4v\u00e4 takki Factory | Pet vaatteet valmistaja<\/h3>\n<p data-start=\"335\" data-end=\"831\">Etsitk\u00f6 tyylikk\u00e4it\u00e4 ja mukavia mukautettuja lemmikkiel\u00e4inten t-paitoja laajentaaksesi lemmikkiel\u00e4inten vaatemallistoa?<\/p>\n<p data-start=\"335\" data-end=\"831\">Luotettuna lemmikkiel\u00e4inten vaatteiden valmistajana ja vedenpit\u00e4v\u00e4n\u00e4 takkitehtaana Kiinassa olemme erikoistuneet tuottamaan korkealaatuisia lemmikkiel\u00e4inten vaatteita, jotka ovat sek\u00e4 muodikkaita ett\u00e4 toimivia. Osoitteesta\u00a0<span style=\"box-sizing: border-box; margin: 0px; padding: 0px;\">lemmikkiel\u00e4inten t-paitojen irtotuotanto OEM-, ODM- ja <\/span>private label -ohjelmia, tarjoamme r\u00e4\u00e4t\u00e4l\u00f6ityj\u00e4 ratkaisuja v\u00e4hitt\u00e4iskauppiaille, jakelijoille ja globaaleille tuotemerkeille. Hoidamme kaikki vaiheet kankaan valinnasta ja r\u00e4\u00e4t\u00e4l\u00f6idyst\u00e4 painatuksesta lemmikkiel\u00e4inten t-paitojen vientiin ja toimitukseen. Lemmikkiel\u00e4inten t-paitoja valmistavassa tehtaassamme yhdistyv\u00e4t edistykselliset tuotantotekniikat ja tiukka laadunvalvonta, mik\u00e4 takaa, ett\u00e4 jokainen tilaus t\u00e4ytt\u00e4\u00e4 kansainv\u00e4liset standardit.<\/p>\n<p data-start=\"833\" data-end=\"1294\">Tarvitsetpa sitten luotettavaa lemmikkiel\u00e4inten t-paitojen valmistajaa, luovaa lemmikkiel\u00e4inten t-paitojen toimittajaa tai pitk\u00e4aikaista lemmikkiel\u00e4inten t-paitojen myyj\u00e4\u00e4, meilt\u00e4 saat kaiken irti.<\/p>\n<p data-start=\"1296\" data-end=\"1342\">\u2705<strong> Miksi valita meid\u00e4t yksil\u00f6llisiin lemmikkiel\u00e4inten t-paitoihin:<\/strong><\/p>\n<ul data-start=\"1343\" data-end=\"1700\">\n<li data-start=\"1343\" data-end=\"1392\">\n<p data-start=\"1345\" data-end=\"1392\">Joustava MOQ lemmikkiel\u00e4inten t-paitojen irtotilauksille<\/p>\n<\/li>\n<li data-start=\"1393\" data-end=\"1463\">\n<p data-start=\"1395\" data-end=\"1463\">T\u00e4ydelliset lemmikkiel\u00e4inten t-paidat OEM \/ ODM-palvelut br\u00e4ndin r\u00e4\u00e4t\u00e4l\u00f6intiin<\/p>\n<\/li>\n<li data-start=\"1464\" data-end=\"1520\">\n<p data-start=\"1466\" data-end=\"1520\">Nopea ja luotettava Pet T-paitojen vienti Kiinasta<\/p>\n<\/li>\n<li data-start=\"1521\" data-end=\"1597\">\n<p data-start=\"1523\" data-end=\"1597\">Kokenut lemmikkiel\u00e4inten t-paitojen valmistaja, jolla on 10+ vuotta alallaan.<\/p>\n<\/li>\n<li data-start=\"1598\" data-end=\"1700\">\n<p data-start=\"1600\" data-end=\"1700\">Luotettava kumppani lemmikkiel\u00e4inten t-paitojen tukkukauppiaille, putiikkikauppiaille ja suurille jakelijoille.<\/p>\n<\/li>\n<\/ul>\n<p data-start=\"1702\" data-end=\"1968\">Mukautetut lemmikkiel\u00e4inten t-paitamme ovat hengitt\u00e4v\u00e4\u00e4 puuvillaa, polyesterisekoituksia ja ymp\u00e4rist\u00f6yst\u00e4v\u00e4llisi\u00e4 kankaita, ja ne voidaan painaa silkkipainatuksella, kirjontaa tai sublimaatiota k\u00e4ytt\u00e4en. Niit\u00e4 on saatavana useina kokoina, v\u00e4rein\u00e4 ja malleina, ja ne sopivat erinomaisesti br\u00e4nd\u00e4ykseen tai kausikokoelmiin.<\/p>\n<p data-start=\"1970\" data-end=\"2144\">Tee yhteisty\u00f6t\u00e4 kanssamme jo t\u00e4n\u00e4\u00e4n ja hanki suoraan luotettavalta Lemmikkiel\u00e4inten t-paitojen tehtaalta Kiinasta, joka on sinun toimittaja, myyj\u00e4 ja tukkumyyj\u00e4si maailmanlaajuisille markkinoille.<\/p>","protected":false},"excerpt":{"rendered":"<h1>Mukautetut lemmikkiel\u00e4inten t-paidat<\/h1>\n<ul>\n<li>Rugby-tyylinen villapaita, jossa on hihnareik\u00e4, sopii lemmikkisi p\u00e4\u00e4n p\u00e4\u00e4lle, ja siin\u00e4 on koukku- ja silmukkakiinnikkeet turvallisen istuvuuden takaamiseksi.<\/li>\n<li>Takana on silkkipainettu Mikki-grafiikka, hihan yksityiskohdat ja tekonapit.<\/li>\n<li>Konepest\u00e4v\u00e4 kylm\u00e4ss\u00e4 vedess\u00e4, joten lemmikkisi suosikkilook pysyy mukavana ja s\u00f6p\u00f6n\u00e4.<\/li>\n<li>Saatavana kuudessa koossa, joten useimmat lemmikit voivat n\u00e4ytt\u00e4\u00e4 Disney-faninsa.<\/li>\n<\/ul>\n<table width=\"288\">\n<tbody>\n<tr>\n<td width=\"137\"><span style=\"color: #333333;\">Tuotteen nimi<\/span><\/td>\n<td width=\"151\"><span style=\"color: #333333;\">Pet Clothes<\/span><\/td>\n<\/tr>\n<tr>\n<td><span style=\"color: #333333;\">Tuotenro.<\/span><\/td>\n<td><span style=\"color: #333333;\">P-C3005<\/span><\/td>\n<\/tr>\n<tr>\n<td><span style=\"color: #333333;\">Materiaali<\/span><\/td>\n<td>Puuvilla, polyesteri, fleece<\/td>\n<\/tr>\n<tr>\n<td><span style=\"color: #333333;\">\u00a0Koko ja v\u00e4ri<\/span><\/td>\n<td><span style=\"color: #333333;\">R\u00e4\u00e4t\u00e4l\u00f6ity<\/span><\/td>\n<\/tr>\n<tr>\n<td><span style=\"color: #333333;\">\u00a0Toimitusaika<\/span><\/td>\n<td><span style=\"color: #333333;\">1 - 5 p\u00e4iv\u00e4\u00e4 pienten m\u00e4\u00e4rien osalta lentoteitse ja 30 - 35 p\u00e4iv\u00e4\u00e4 suurten m\u00e4\u00e4rien osalta meritse.<\/span><\/td>\n<\/tr>\n<\/tbody>\n<\/table>","protected":false},"featured_media":22165,"template":"","meta":{"_seopress_robots_primary_cat":"none","_seopress_titles_title":"Wholesale Custom Pet T-Shirts\u200b\u200b\u200b | ODM & OEM Solutions","_seopress_titles_desc":"As Custom Pet T-Shirts\u200b China Factory, we design premium knitwear for pets worldwide. Bulk orders, OEM services. Request free cozy samples today!","_seopress_robots_index":"","_uag_custom_page_level_css":""},"product_brand":[],"product_cat":[364,343,23],"product_tag":[],"class_list":{"0":"post-22154","1":"product","2":"type-product","3":"status-publish","4":"has-post-thumbnail","6":"product_cat-basic-dog-clothing","7":"product_cat-pet-shirts","8":"product_cat-pet-clothing","10":"first","11":"instock","12":"shipping-taxable","13":"product-type-simple"},"uagb_featured_image_src":{"full":["https:\/\/pecpets.com\/wp-content\/uploads\/2025\/09\/e2547078-6352-4eeb-97ea-2184cb1543f2.jpg",1200,1200,false],"thumbnail":["https:\/\/pecpets.com\/wp-content\/uploads\/2025\/09\/e2547078-6352-4eeb-97ea-2184cb1543f2-150x150.jpg",150,150,true],"medium":["https:\/\/pecpets.com\/wp-content\/uploads\/2025\/09\/e2547078-6352-4eeb-97ea-2184cb1543f2-300x300.jpg",300,300,true],"medium_large":["https:\/\/pecpets.com\/wp-content\/uploads\/2025\/09\/e2547078-6352-4eeb-97ea-2184cb1543f2-768x768.jpg",768,768,true],"large":["https:\/\/pecpets.com\/wp-content\/uploads\/2025\/09\/e2547078-6352-4eeb-97ea-2184cb1543f2-1024x1024.jpg",800,800,true],"1536x1536":["https:\/\/pecpets.com\/wp-content\/uploads\/2025\/09\/e2547078-6352-4eeb-97ea-2184cb1543f2.jpg",1200,1200,false],"2048x2048":["https:\/\/pecpets.com\/wp-content\/uploads\/2025\/09\/e2547078-6352-4eeb-97ea-2184cb1543f2.jpg",1200,1200,false],"trp-custom-language-flag":["https:\/\/pecpets.com\/wp-content\/uploads\/2025\/09\/e2547078-6352-4eeb-97ea-2184cb1543f2-12x12.jpg",12,12,true],"woocommerce_thumbnail":["https:\/\/pecpets.com\/wp-content\/uploads\/2025\/09\/e2547078-6352-4eeb-97ea-2184cb1543f2-300x300.jpg",300,300,true],"woocommerce_single":["https:\/\/pecpets.com\/wp-content\/uploads\/2025\/09\/e2547078-6352-4eeb-97ea-2184cb1543f2-600x600.jpg",600,600,true],"woocommerce_gallery_thumbnail":["https:\/\/pecpets.com\/wp-content\/uploads\/2025\/09\/e2547078-6352-4eeb-97ea-2184cb1543f2-100x100.jpg",100,100,true]},"uagb_author_info":{"display_name":"Lawrence\u00a0\u52b3\u4f26\u65af","author_link":"https:\/\/pecpets.com\/fi\/author\/"},"uagb_comment_info":0,"uagb_excerpt":"Custom Pet T-Shirts\u200b Rugby-style pullover polo with a leash hole fits over your pet\u2019s head and has hook-and-loop fasteners for a secure fit. Features a screen-printed Mickey graphic on the back, sleeve details, and faux buttons. Machine-washable in cold water, so your pet\u2019s favorite look stays comfy and cute. Available in six sizes, so most&hellip;","_links":{"self":[{"href":"https:\/\/pecpets.com\/fi\/wp-json\/wp\/v2\/product\/22154","targetHints":{"allow":["GET"]}}],"collection":[{"href":"https:\/\/pecpets.com\/fi\/wp-json\/wp\/v2\/product"}],"about":[{"href":"https:\/\/pecpets.com\/fi\/wp-json\/wp\/v2\/types\/product"}],"wp:featuredmedia":[{"embeddable":true,"href":"https:\/\/pecpets.com\/fi\/wp-json\/wp\/v2\/media\/22165"}],"wp:attachment":[{"href":"https:\/\/pecpets.com\/fi\/wp-json\/wp\/v2\/media?parent=22154"}],"wp:term":[{"taxonomy":"product_brand","embeddable":true,"href":"https:\/\/pecpets.com\/fi\/wp-json\/wp\/v2\/product_brand?post=22154"},{"taxonomy":"product_cat","embeddable":true,"href":"https:\/\/pecpets.com\/fi\/wp-json\/wp\/v2\/product_cat?post=22154"},{"taxonomy":"product_tag","embeddable":true,"href":"https:\/\/pecpets.com\/fi\/wp-json\/wp\/v2\/product_tag?post=22154"}],"curies":[{"name":"wp","href":"https:\/\/api.w.org\/{rel}","templated":true}]}}