{"id":22298,"date":"2025-09-23T10:05:52","date_gmt":"2025-09-23T02:05:52","guid":{"rendered":"https:\/\/pecpets.com\/?post_type=product&#038;p=22298"},"modified":"2025-09-23T10:22:22","modified_gmt":"2025-09-23T02:22:22","slug":"chew-resistant-memory-foam-couch-dog-bed","status":"publish","type":"product","link":"https:\/\/pecpets.com\/fi\/product\/chew-resistant-memory-foam-couch-dog-bed\/","title":{"rendered":"Pureskelua kest\u00e4v\u00e4 muisti vaahto sohva koiran s\u00e4nkyyn"},"content":{"rendered":"<h2 data-start=\"193\" data-end=\"275\">Chew-Resistant Memory Foam Couch Dog Bed toimittaja | Luotettu Pet Bed valmistaja &amp; Luxury Bed Factory<\/h2>\n<p data-start=\"233\" data-end=\"657\">Etsitk\u00f6 kest\u00e4v\u00e4\u00e4 mutta mukavaa ratkaisua lemmikeille? Purunkest\u00e4v\u00e4 Memory Foam Couch -koiran s\u00e4nky on suunniteltu yhdist\u00e4m\u00e4\u00e4n ortopedinen tuki ja pitk\u00e4ik\u00e4iset materiaalit, joten se sopii t\u00e4ydellisesti tukku- ja v\u00e4hitt\u00e4ismarkkinoille.<\/p>\n<p data-start=\"233\" data-end=\"657\">Luotettavana koiran s\u00e4ngyn valmistajana ja johtavana koiran s\u00e4ngyn tehtaana Kiinassa tarjoamme korkealaatuisia malleja, jotka erottuvat sek\u00e4 mukavuudellaan ett\u00e4 kest\u00e4vyydell\u00e4\u00e4n.<\/p>\n<p data-start=\"659\" data-end=\"992\">Olitpa sitten koiras\u00e4nky-yritys, jakelija tai v\u00e4hitt\u00e4ismyyj\u00e4, olemme erikoistuneet yrityksellesi r\u00e4\u00e4t\u00e4l\u00f6ityihin irtotavarana myyt\u00e4viin koiras\u00e4nkyihin ja koiras\u00e4nkyjen vientiratkaisuihin.<\/p>\n<p data-start=\"659\" data-end=\"992\">Vahvan taustamme ansiosta Dog Bed ODM- ja Dog Bed OEM-palveluissa tuemme t\u00e4ydellist\u00e4 r\u00e4\u00e4t\u00e4l\u00f6inti\u00e4 koosta ja materiaalista Dog Bed -merkkiin.<\/p>\n<p data-start=\"994\" data-end=\"1308\">Ammattimaisena lemmikkiel\u00e4inten s\u00e4ngynvalmistajana ja luotettavana Luxury Bed Factory -tehtaana varmistamme, ett\u00e4 jokainen purukest\u00e4v\u00e4 Memory Foam Couch Dog Bed on valmistettu korkealaatuisesta muistivaahdosta, purukest\u00e4vist\u00e4 kansista ja tyylikk\u00e4ist\u00e4 sohvatyylisist\u00e4 malleista. T\u00e4m\u00e4 tekee s\u00e4ngyist\u00e4mme parhaan valinnan tukkukauppiaille, lemmikkiel\u00e4inkaupoille ja maailmanlaajuisille kumppaneille.<\/p>\n<p data-start=\"1310\" data-end=\"1330\"><strong>Miksi valita meid\u00e4t<\/strong>:<\/p>\n<ul data-start=\"1331\" data-end=\"1639\">\n<li data-start=\"1331\" data-end=\"1398\">\n<p data-start=\"1333\" data-end=\"1398\">Tehtaan suora koiras\u00e4ngyn irtotavarana hinnoittelu kilpailukykyisi\u00e4 marginaaleja varten.<\/p>\n<\/li>\n<li data-start=\"1399\" data-end=\"1459\">\n<p data-start=\"1401\" data-end=\"1459\">Joustava koiran s\u00e4nky OEM \/ ODM-tuki r\u00e4\u00e4t\u00e4l\u00f6ityihin projekteihin<\/p>\n<\/li>\n<li data-start=\"1460\" data-end=\"1528\">\n<p data-start=\"1462\" data-end=\"1528\">Nopea n\u00e4ytteenotto ja oikea-aikainen toimitus koiran s\u00e4ngyn vientitilauksiin<\/p>\n<\/li>\n<li data-start=\"1529\" data-end=\"1639\">\n<p data-start=\"1531\" data-end=\"1639\">Luotettava Dog Bed toimittaja, Dog Bed myyj\u00e4, ja Dog Bed tukkukauppias todistettu laadunvarmistus<\/p>\n<\/li>\n<\/ul>\n<p data-start=\"1641\" data-end=\"1841\">Laajenna lemmikkiel\u00e4inten tuotevalikoimaasi yhteisty\u00f6kumppaninamme premium-luokan purunkest\u00e4vill\u00e4 Memory Foam Couch Dog Bed -mallistoilla. Anna tehdasosaamisemme ja vientikokemuksemme auttaa br\u00e4ndi\u00e4nne kasvamaan maailmanlaajuisesti.<\/p>","protected":false},"excerpt":{"rendered":"<h3>Pureskelua kest\u00e4v\u00e4 muisti vaahto sohva koiran s\u00e4nkyyn<\/h3>\n<p>Uudessa ja parannetussa ToughChew\u00ae Memory Foam Couch Dog Bed -s\u00e4ngyss\u00e4mme on sama ortopedinen tuki ja mukavuus, jotka tekiv\u00e4t alkuper\u00e4isest\u00e4 bestsellerin, mutta nyt siin\u00e4 on pidempikestoinen vaahtomuovi, t\u00e4yskorkeat pehmusteet ja virtaviivainen muotoilu - ja siin\u00e4 on takuuvarmasti pureskelun kest\u00e4v\u00e4 p\u00e4\u00e4llinen.<\/p>\n<p>Koirasi rakastaa tukevaa tuntumaa, ja sin\u00e4 tulet rakastamaan sit\u00e4, ett\u00e4 se jakaa koiran painon tasaisesti ja auttaa lievitt\u00e4m\u00e4\u00e4n niveliin ja lihaksiin kohdistuvaa painetta ja edist\u00e4m\u00e4\u00e4n parempaa verenkiertoa. Pehme\u00e4 pehmustetyyny antaa koirallesi pehme\u00e4n paikan, johon se voi lepuuttaa p\u00e4\u00e4t\u00e4\u00e4n tai nojata, ja se on t\u00e4ytetty 100%-kierr\u00e4tysmateriaaleilla kevyemm\u00e4n jalanj\u00e4ljen vuoksi.<\/p>\n<p>P\u00e4\u00e4llinen kierr\u00e4tetty\u00e4 polyesteri\u00e4\/polyesteri\u00e4. Nailoninen selk\u00e4mys. Kierr\u00e4tetty polyesterivuori, joka on valmistettu kulutuksen j\u00e4lkeisest\u00e4 polyesterist\u00e4. P\u00e4\u00e4llinen konepest\u00e4v\u00e4. Tuonti.\u00a0<b>Tarvitaan kokoonpano.<\/b><\/p>\n<table width=\"288\">\n<tbody>\n<tr>\n<td width=\"137\"><span style=\"color: #333333;\">Tuotteen nimi<\/span><\/td>\n<td width=\"151\"><span style=\"color: #333333;\">Pet Bed<\/span><\/td>\n<\/tr>\n<tr>\n<td><span style=\"color: #333333;\">Tuotenro.<\/span><\/td>\n<td><span style=\"color: #333333;\">P-C3004<\/span><\/td>\n<\/tr>\n<tr>\n<td><span style=\"color: #333333;\">Materiaali<\/span><\/td>\n<td>Puuvilla, polyesteri, fleece<\/td>\n<\/tr>\n<tr>\n<td><span style=\"color: #333333;\">\u00a0Koko ja v\u00e4ri<\/span><\/td>\n<td><span style=\"color: #333333;\">R\u00e4\u00e4t\u00e4l\u00f6ity<\/span><\/td>\n<\/tr>\n<tr>\n<td><span style=\"color: #333333;\">\u00a0Toimitusaika<\/span><\/td>\n<td><span style=\"color: #333333;\">1 - 5 p\u00e4iv\u00e4\u00e4 pienten m\u00e4\u00e4rien osalta lentoteitse ja 30 - 35 p\u00e4iv\u00e4\u00e4 suurten m\u00e4\u00e4rien osalta meritse.<\/span><\/td>\n<\/tr>\n<\/tbody>\n<\/table>","protected":false},"featured_media":22299,"template":"","meta":{"_seopress_robots_primary_cat":"none","_seopress_titles_title":"Chew-Resistant Memory Foam Couch Dog Bed | China Factory","_seopress_titles_desc":"Looking for Chew-Resistant Memory Foam Couch Dog Bed? we design premium knitwear for pets worldwide. Bulk orders, OEM services. Request free cozy samples today!","_seopress_robots_index":"","_uag_custom_page_level_css":""},"product_brand":[],"product_cat":[349,22],"product_tag":[],"class_list":{"0":"post-22298","1":"product","2":"type-product","3":"status-publish","4":"has-post-thumbnail","6":"product_cat-memory-foam-dog-beds","7":"product_cat-pet-bed","9":"first","10":"instock","11":"shipping-taxable","12":"product-type-simple"},"uagb_featured_image_src":{"full":["https:\/\/pecpets.com\/wp-content\/uploads\/2025\/09\/a398e2d0-b7f6-477e-87dc-efb4e73b997c.jpeg",1280,1280,false],"thumbnail":["https:\/\/pecpets.com\/wp-content\/uploads\/2025\/09\/a398e2d0-b7f6-477e-87dc-efb4e73b997c-150x150.jpeg",150,150,true],"medium":["https:\/\/pecpets.com\/wp-content\/uploads\/2025\/09\/a398e2d0-b7f6-477e-87dc-efb4e73b997c-300x300.jpeg",300,300,true],"medium_large":["https:\/\/pecpets.com\/wp-content\/uploads\/2025\/09\/a398e2d0-b7f6-477e-87dc-efb4e73b997c-768x768.jpeg",768,768,true],"large":["https:\/\/pecpets.com\/wp-content\/uploads\/2025\/09\/a398e2d0-b7f6-477e-87dc-efb4e73b997c-1024x1024.jpeg",800,800,true],"1536x1536":["https:\/\/pecpets.com\/wp-content\/uploads\/2025\/09\/a398e2d0-b7f6-477e-87dc-efb4e73b997c.jpeg",1280,1280,false],"2048x2048":["https:\/\/pecpets.com\/wp-content\/uploads\/2025\/09\/a398e2d0-b7f6-477e-87dc-efb4e73b997c.jpeg",1280,1280,false],"trp-custom-language-flag":["https:\/\/pecpets.com\/wp-content\/uploads\/2025\/09\/a398e2d0-b7f6-477e-87dc-efb4e73b997c-12x12.jpeg",12,12,true],"woocommerce_thumbnail":["https:\/\/pecpets.com\/wp-content\/uploads\/2025\/09\/a398e2d0-b7f6-477e-87dc-efb4e73b997c-300x300.jpeg",300,300,true],"woocommerce_single":["https:\/\/pecpets.com\/wp-content\/uploads\/2025\/09\/a398e2d0-b7f6-477e-87dc-efb4e73b997c-600x600.jpeg",600,600,true],"woocommerce_gallery_thumbnail":["https:\/\/pecpets.com\/wp-content\/uploads\/2025\/09\/a398e2d0-b7f6-477e-87dc-efb4e73b997c-100x100.jpeg",100,100,true]},"uagb_author_info":{"display_name":"Lawrence\u00a0\u52b3\u4f26\u65af","author_link":"https:\/\/pecpets.com\/fi\/author\/"},"uagb_comment_info":0,"uagb_excerpt":"Chew-Resistant Memory Foam Couch Dog Bed With the same orthopedic support and comfort that made the original a best seller, our new and improved ToughChew\u00ae Memory Foam Couch Dog Bed now has a longer-lasting foam, full-height bolsters, and a streamlined design\u2014all with our guaranteed chew-resistant cover. Your dog will love the supportive feel, and you\u2019ll&hellip;","_links":{"self":[{"href":"https:\/\/pecpets.com\/fi\/wp-json\/wp\/v2\/product\/22298","targetHints":{"allow":["GET"]}}],"collection":[{"href":"https:\/\/pecpets.com\/fi\/wp-json\/wp\/v2\/product"}],"about":[{"href":"https:\/\/pecpets.com\/fi\/wp-json\/wp\/v2\/types\/product"}],"wp:featuredmedia":[{"embeddable":true,"href":"https:\/\/pecpets.com\/fi\/wp-json\/wp\/v2\/media\/22299"}],"wp:attachment":[{"href":"https:\/\/pecpets.com\/fi\/wp-json\/wp\/v2\/media?parent=22298"}],"wp:term":[{"taxonomy":"product_brand","embeddable":true,"href":"https:\/\/pecpets.com\/fi\/wp-json\/wp\/v2\/product_brand?post=22298"},{"taxonomy":"product_cat","embeddable":true,"href":"https:\/\/pecpets.com\/fi\/wp-json\/wp\/v2\/product_cat?post=22298"},{"taxonomy":"product_tag","embeddable":true,"href":"https:\/\/pecpets.com\/fi\/wp-json\/wp\/v2\/product_tag?post=22298"}],"curies":[{"name":"wp","href":"https:\/\/api.w.org\/{rel}","templated":true}]}}