{"id":22378,"date":"2025-09-28T10:04:14","date_gmt":"2025-09-28T02:04:14","guid":{"rendered":"https:\/\/pecpets.com\/?post_type=product&#038;p=22378"},"modified":"2025-10-07T09:32:57","modified_gmt":"2025-10-07T01:32:57","slug":"orthopaedic-large-dog-bed","status":"publish","type":"product","link":"https:\/\/pecpets.com\/fi\/product\/orthopaedic-large-dog-bed\/","title":{"rendered":"Orthopaedic Large Dog Bed"},"content":{"rendered":"<h2 data-start=\"107\" data-end=\"201\"><strong data-start=\"107\" data-end=\"199\">Orthopaedic Large Dog Bed \u2013 Premium Comfort by Pet Bed Manufacturer &amp; Luxury Bed Factory<\/strong><\/h2>\n<p data-start=\"222\" data-end=\"581\">Our Orthopaedic Large Dog Bed is designed for ultimate comfort and joint support, making it the ideal choice for senior dogs, large breeds, and pets that require extra care. As a professional Dog Bed manufacturer and experienced Luxury Bed Factory in Dog Bed China, we focus on delivering high-quality designs that combine durability with style.<\/p>\n<p data-start=\"583\" data-end=\"871\">With a solid reputation as a trusted Dog Bed company, we provide reliable solutions for Dog Bed bulk orders and global Dog Bed export. Every Dog Bed factory product is crafted with premium memory foam and supportive construction to ensure pets get the rest they deserve.<\/p>\n<p data-start=\"873\" data-end=\"1164\">We support Dog Bed ODM and Dog Bed OEM projects, helping businesses create custom Dog Bed private label lines with unique branding. Whether you\u2019re a Dog Bed supplier, Dog Bed vendor, or Dog Bed wholesaler, our factory is equipped to meet your market needs at scale.<\/p>\n<p data-start=\"1166\" data-end=\"1432\">Partner with a leading Dog Bed manufacturer that understands quality and consistency. From Dog Bed bulk supply to tailored OEM\/ODM services, our Orthopaedic Large Dog Bed range ensures comfort for pets and strong growth opportunities for your business.<\/p>","protected":false},"excerpt":{"rendered":"<h3>Orthopaedic Large Dog Bed<\/h3>\n<p>Dogs love this bed\u2019s double-stacked bolster\u2014it helps them feel secure and supported. And the super-cushioned sleeping area helps them sink into comfort. The removable cushion stays in place, no matter how much your dog moves around. Orthopaedic Large Dog Bed is springy and plush, ideal for dogs who like to nuzzle and nest to get comfortable\u2014and a chambered liner makes sure it won\u2019t flatten out or clump up. It\u2019s all wrapped in our velvety-soft, quilted cover with piping along the double bolster edges. Personalize with embroidery.<\/p>\n<p>Polyesterip\u00e4\u00e4llinen on irrotettava ja konepest\u00e4v\u00e4. Tuonti.<\/p>\n<table width=\"288\">\n<tbody>\n<tr>\n<td width=\"137\"><span style=\"color: #333333;\">Tuotteen nimi<\/span><\/td>\n<td width=\"151\"><span style=\"color: #333333;\">Pet Bed<\/span><\/td>\n<\/tr>\n<tr>\n<td><span style=\"color: #333333;\">Tuotenro.<\/span><\/td>\n<td><span style=\"color: #333333;\">P-C3012<\/span><\/td>\n<\/tr>\n<tr>\n<td><span style=\"color: #333333;\">Materiaali<\/span><\/td>\n<td>Puuvilla, polyesteri, fleece<\/td>\n<\/tr>\n<tr>\n<td><span style=\"color: #333333;\">\u00a0Koko ja v\u00e4ri<\/span><\/td>\n<td><span style=\"color: #333333;\">R\u00e4\u00e4t\u00e4l\u00f6ity<\/span><\/td>\n<\/tr>\n<tr>\n<td><span style=\"color: #333333;\">\u00a0Toimitusaika<\/span><\/td>\n<td><span style=\"color: #333333;\">1 - 5 p\u00e4iv\u00e4\u00e4 pienten m\u00e4\u00e4rien osalta lentoteitse ja 30 - 35 p\u00e4iv\u00e4\u00e4 suurten m\u00e4\u00e4rien osalta meritse.<\/span><\/td>\n<\/tr>\n<\/tbody>\n<\/table>","protected":false},"featured_media":22387,"template":"","meta":{"_seopress_robots_primary_cat":"none","_seopress_titles_title":"Orthopaedic Large Dog Bed | China Pet Bed Manufacturer","_seopress_titles_desc":"Looking for Orthopaedic Large Dog Bed? we design premium knitwear for pets worldwide. Bulk orders, OEM services. Request free cozy samples today!","_seopress_robots_index":"","_uag_custom_page_level_css":""},"product_brand":[],"product_cat":[348,22],"product_tag":[],"class_list":{"0":"post-22378","1":"product","2":"type-product","3":"status-publish","4":"has-post-thumbnail","6":"product_cat-chew-resistant-dog-beds","7":"product_cat-pet-bed","9":"first","10":"instock","11":"shipping-taxable","12":"product-type-simple"},"uagb_featured_image_src":{"full":["https:\/\/pecpets.com\/wp-content\/uploads\/2025\/09\/a8f3543e-1baa-4d0d-94a1-949b0c8396f4.jpg",1280,1280,false],"thumbnail":["https:\/\/pecpets.com\/wp-content\/uploads\/2025\/09\/a8f3543e-1baa-4d0d-94a1-949b0c8396f4-150x150.jpg",150,150,true],"medium":["https:\/\/pecpets.com\/wp-content\/uploads\/2025\/09\/a8f3543e-1baa-4d0d-94a1-949b0c8396f4-300x300.jpg",300,300,true],"medium_large":["https:\/\/pecpets.com\/wp-content\/uploads\/2025\/09\/a8f3543e-1baa-4d0d-94a1-949b0c8396f4-768x768.jpg",768,768,true],"large":["https:\/\/pecpets.com\/wp-content\/uploads\/2025\/09\/a8f3543e-1baa-4d0d-94a1-949b0c8396f4-1024x1024.jpg",800,800,true],"1536x1536":["https:\/\/pecpets.com\/wp-content\/uploads\/2025\/09\/a8f3543e-1baa-4d0d-94a1-949b0c8396f4.jpg",1280,1280,false],"2048x2048":["https:\/\/pecpets.com\/wp-content\/uploads\/2025\/09\/a8f3543e-1baa-4d0d-94a1-949b0c8396f4.jpg",1280,1280,false],"trp-custom-language-flag":["https:\/\/pecpets.com\/wp-content\/uploads\/2025\/09\/a8f3543e-1baa-4d0d-94a1-949b0c8396f4-12x12.jpg",12,12,true],"woocommerce_thumbnail":["https:\/\/pecpets.com\/wp-content\/uploads\/2025\/09\/a8f3543e-1baa-4d0d-94a1-949b0c8396f4-300x300.jpg",300,300,true],"woocommerce_single":["https:\/\/pecpets.com\/wp-content\/uploads\/2025\/09\/a8f3543e-1baa-4d0d-94a1-949b0c8396f4-600x600.jpg",600,600,true],"woocommerce_gallery_thumbnail":["https:\/\/pecpets.com\/wp-content\/uploads\/2025\/09\/a8f3543e-1baa-4d0d-94a1-949b0c8396f4-100x100.jpg",100,100,true]},"uagb_author_info":{"display_name":"Lawrence\u00a0\u52b3\u4f26\u65af","author_link":"https:\/\/pecpets.com\/fi\/author\/"},"uagb_comment_info":0,"uagb_excerpt":"Orthopaedic Large Dog Bed Dogs love this bed\u2019s double-stacked bolster\u2014it helps them feel secure and supported. And the super-cushioned sleeping area helps them sink into comfort. The removable cushion stays in place, no matter how much your dog moves around. Orthopaedic Large Dog Bed is springy and plush, ideal for dogs who like to nuzzle&hellip;","_links":{"self":[{"href":"https:\/\/pecpets.com\/fi\/wp-json\/wp\/v2\/product\/22378","targetHints":{"allow":["GET"]}}],"collection":[{"href":"https:\/\/pecpets.com\/fi\/wp-json\/wp\/v2\/product"}],"about":[{"href":"https:\/\/pecpets.com\/fi\/wp-json\/wp\/v2\/types\/product"}],"wp:featuredmedia":[{"embeddable":true,"href":"https:\/\/pecpets.com\/fi\/wp-json\/wp\/v2\/media\/22387"}],"wp:attachment":[{"href":"https:\/\/pecpets.com\/fi\/wp-json\/wp\/v2\/media?parent=22378"}],"wp:term":[{"taxonomy":"product_brand","embeddable":true,"href":"https:\/\/pecpets.com\/fi\/wp-json\/wp\/v2\/product_brand?post=22378"},{"taxonomy":"product_cat","embeddable":true,"href":"https:\/\/pecpets.com\/fi\/wp-json\/wp\/v2\/product_cat?post=22378"},{"taxonomy":"product_tag","embeddable":true,"href":"https:\/\/pecpets.com\/fi\/wp-json\/wp\/v2\/product_tag?post=22378"}],"curies":[{"name":"wp","href":"https:\/\/api.w.org\/{rel}","templated":true}]}}