{"id":22557,"date":"2026-02-11T14:52:11","date_gmt":"2026-02-11T06:52:11","guid":{"rendered":"https:\/\/pecpets.com\/?post_type=product&#038;p=22557"},"modified":"2026-02-11T15:19:23","modified_gmt":"2026-02-11T07:19:23","slug":"outdoor-dog-bed","status":"publish","type":"product","link":"https:\/\/pecpets.com\/fi\/product\/outdoor-dog-bed\/","title":{"rendered":"Ulkona koiran s\u00e4nky"},"content":{"rendered":"<h2 data-start=\"91\" data-end=\"196\">Ulkona koiran s\u00e4nky Pet Bed Valmistaja &amp; Luxury Bed Factory<\/h2>\n<p data-start=\"216\" data-end=\"496\">Etsitk\u00f6 kest\u00e4v\u00e4\u00e4 ulkokoirapeti\u00e4 tukkukauppaan?<\/p>\n<p data-start=\"216\" data-end=\"496\">Luotettavana koiran s\u00e4ngyn valmistajana ja Luxury Bed Factory -tehtaana olemme erikoistuneet korkealaatuisiin ulkotilojen lemmikkiel\u00e4inten s\u00e4nkyihin, jotka on suunniteltu mukavuuteen ja suorituskykyyn.<\/p>\n<p data-start=\"216\" data-end=\"496\">Koiran s\u00e4ngyn tehtaamme Kiinassa tarjoaa t\u00e4ydet OEM- ja ODM-palvelut, jotka tukevat maailmanlaajuisten tuotemerkkien r\u00e4\u00e4t\u00e4l\u00f6inti\u00e4.<\/p>\n<p data-start=\"216\" data-end=\"496\">Tarvitsitpa sitten koiras\u00e4ngyn irtotilauksia tai pieni\u00e4 eri\u00e4, koiras\u00e4ngyn toimittaja- ja tukkukauppapalvelumme takaavat joustavat ratkaisut.<\/p>\n<p data-start=\"216\" data-end=\"496\">Yhteisty\u00f6kumppanisi on johtava koiras\u00e4nkyyritys, joka vie koiras\u00e4nkyj\u00e4 luotettavasti ja tarjoaa pitk\u00e4ik\u00e4ist\u00e4 laatua, joka kest\u00e4\u00e4 kaikki ulkoseikkailut.<\/p>","protected":false},"excerpt":{"rendered":"<h3>Ulkona koiran s\u00e4nky<\/h3>\n<ul class=\"a-unordered-list a-vertical a-spacing-mini\">\n<li><strong>2-in-1 kokoontaitettava muotoilu<\/strong>: Sohva p\u00e4iv\u00e4ll\u00e4, s\u00e4nky y\u00f6ll\u00e4! Ainutlaatuisen kokoontaitettavan muotoilun ansiosta se on helppo vaihtaa makoilun ja nukkumisen v\u00e4lill\u00e4, ja se mukautuu t\u00e4ydellisesti lemmikkisi tarpeisiin.<\/li>\n<li><strong>Ymp\u00e4rist\u00f6yst\u00e4v\u00e4llinen innovaatio:\u00a0<\/strong>Koiran s\u00e4ngyt on valmistettu edistyksellisist\u00e4 kierr\u00e4tetyist\u00e4 nanoteknologian materiaaleista, joten ne ovat ekotietoisia ja vapaita haitallisista kemikaaleista.<\/li>\n<li><strong>High-Tech Vedenpit\u00e4v\u00e4 materiaali:\u00a0<\/strong>Vett\u00e4 hylkiv\u00e4st\u00e4 polyesterikankaasta valmistettu makuualusta kest\u00e4\u00e4 helposti roiskeet ja sotkut, joten lemmikkisi lepotila pysyy puhtaana ja mukavana.<\/li>\n<li><strong>Terve sieni tuki<\/strong>: T\u00e4m\u00e4 tuote on suunniteltu eritt\u00e4in tihe\u00e4ll\u00e4 sienipehmusteella, ja se tarjoaa erinomaisen niveltuen, joka tarjoaa koirallesi mukavan paikan venytell\u00e4 ja rentoutua leikkis\u00e4n p\u00e4iv\u00e4n j\u00e4lkeen.<\/li>\n<li><strong>Liukumaton vakaus<\/strong>: Liukastumisen est\u00e4v\u00e4 pohja takaa, ett\u00e4 s\u00e4nky pysyy tukevasti paikallaan my\u00f6s levottomien unien tai iloisten h\u00e4nn\u00e4nheilutteluhetkien aikana.<\/li>\n<li><strong>Helppo puhdistaa<\/strong>: Irrotettava, konepest\u00e4v\u00e4 p\u00e4\u00e4llinen tekee siivoamisesta vaivatonta, joten sinulla on enemm\u00e4n aikaa keskitty\u00e4 hauskanpitoon karvaisen yst\u00e4v\u00e4si kanssa.<\/li>\n<\/ul>\n<table width=\"288\">\n<tbody>\n<tr>\n<td width=\"137\"><span style=\"color: #333333;\">Tuotteen nimi<\/span><\/td>\n<td width=\"151\"><span style=\"color: #333333;\">Pet Bed<\/span><\/td>\n<\/tr>\n<tr>\n<td><span style=\"color: #333333;\">Tuotenro.<\/span><\/td>\n<td><span style=\"color: #333333;\">P-C3018<\/span><\/td>\n<\/tr>\n<tr>\n<td><span style=\"color: #333333;\">Materiaali<\/span><\/td>\n<td>Puuvilla, polyesteri, fleece<\/td>\n<\/tr>\n<tr>\n<td><span style=\"color: #333333;\">\u00a0Koko ja v\u00e4ri<\/span><\/td>\n<td><span style=\"color: #333333;\">R\u00e4\u00e4t\u00e4l\u00f6ity<\/span><\/td>\n<\/tr>\n<tr>\n<td><span style=\"color: #333333;\">\u00a0Toimitusaika<\/span><\/td>\n<td><span style=\"color: #333333;\">1 - 5 p\u00e4iv\u00e4\u00e4 pienten m\u00e4\u00e4rien osalta lentoteitse ja 30 - 35 p\u00e4iv\u00e4\u00e4 suurten m\u00e4\u00e4rien osalta meritse.<\/span><\/td>\n<\/tr>\n<\/tbody>\n<\/table>","protected":false},"featured_media":22567,"template":"","meta":{"_seopress_robots_primary_cat":"none","_seopress_titles_title":"Outdoor Dog Bed | China Pet Bed Manufacturer","_seopress_titles_desc":"Looking for Outdoor Dog Bed? we design premium knitwear for pets worldwide. Bulk orders, OEM services. Request free cozy samples today!","_seopress_robots_index":"","_uag_custom_page_level_css":""},"product_brand":[],"product_cat":[22,322],"product_tag":[],"class_list":{"0":"post-22557","1":"product","2":"type-product","3":"status-publish","4":"has-post-thumbnail","6":"product_cat-pet-bed","7":"product_cat-waterproof-dog-beds","9":"first","10":"instock","11":"shipping-taxable","12":"product-type-simple"},"uagb_featured_image_src":{"full":["https:\/\/pecpets.com\/wp-content\/uploads\/2025\/10\/ff5c1743-0729-466c-af33-fb356fc48e30.jpg",1000,1000,false],"thumbnail":["https:\/\/pecpets.com\/wp-content\/uploads\/2025\/10\/ff5c1743-0729-466c-af33-fb356fc48e30-150x150.jpg",150,150,true],"medium":["https:\/\/pecpets.com\/wp-content\/uploads\/2025\/10\/ff5c1743-0729-466c-af33-fb356fc48e30-300x300.jpg",300,300,true],"medium_large":["https:\/\/pecpets.com\/wp-content\/uploads\/2025\/10\/ff5c1743-0729-466c-af33-fb356fc48e30-768x768.jpg",768,768,true],"large":["https:\/\/pecpets.com\/wp-content\/uploads\/2025\/10\/ff5c1743-0729-466c-af33-fb356fc48e30.jpg",800,800,false],"1536x1536":["https:\/\/pecpets.com\/wp-content\/uploads\/2025\/10\/ff5c1743-0729-466c-af33-fb356fc48e30.jpg",1000,1000,false],"2048x2048":["https:\/\/pecpets.com\/wp-content\/uploads\/2025\/10\/ff5c1743-0729-466c-af33-fb356fc48e30.jpg",1000,1000,false],"trp-custom-language-flag":["https:\/\/pecpets.com\/wp-content\/uploads\/2025\/10\/ff5c1743-0729-466c-af33-fb356fc48e30-12x12.jpg",12,12,true],"woocommerce_thumbnail":["https:\/\/pecpets.com\/wp-content\/uploads\/2025\/10\/ff5c1743-0729-466c-af33-fb356fc48e30-300x300.jpg",300,300,true],"woocommerce_single":["https:\/\/pecpets.com\/wp-content\/uploads\/2025\/10\/ff5c1743-0729-466c-af33-fb356fc48e30-600x600.jpg",600,600,true],"woocommerce_gallery_thumbnail":["https:\/\/pecpets.com\/wp-content\/uploads\/2025\/10\/ff5c1743-0729-466c-af33-fb356fc48e30-100x100.jpg",100,100,true]},"uagb_author_info":{"display_name":"Lawrence\u00a0\u52b3\u4f26\u65af","author_link":"https:\/\/pecpets.com\/fi\/author\/"},"uagb_comment_info":0,"uagb_excerpt":"Outdoor Dog Bed 2-in-1 Foldable Design: A sofa by day, a bed by night! The unique foldable design makes it easy to switch between lounging and napping, perfectly adapting to your pet\u2019s needs. Eco-Friendly Innovation:\u00a0Crafted with advanced recycled nanotechnology materials, our dog beds are eco-conscious and free of harmful chemicals. High-Tech Waterproof Material:\u00a0Made with water-repellent&hellip;","_links":{"self":[{"href":"https:\/\/pecpets.com\/fi\/wp-json\/wp\/v2\/product\/22557","targetHints":{"allow":["GET"]}}],"collection":[{"href":"https:\/\/pecpets.com\/fi\/wp-json\/wp\/v2\/product"}],"about":[{"href":"https:\/\/pecpets.com\/fi\/wp-json\/wp\/v2\/types\/product"}],"wp:featuredmedia":[{"embeddable":true,"href":"https:\/\/pecpets.com\/fi\/wp-json\/wp\/v2\/media\/22567"}],"wp:attachment":[{"href":"https:\/\/pecpets.com\/fi\/wp-json\/wp\/v2\/media?parent=22557"}],"wp:term":[{"taxonomy":"product_brand","embeddable":true,"href":"https:\/\/pecpets.com\/fi\/wp-json\/wp\/v2\/product_brand?post=22557"},{"taxonomy":"product_cat","embeddable":true,"href":"https:\/\/pecpets.com\/fi\/wp-json\/wp\/v2\/product_cat?post=22557"},{"taxonomy":"product_tag","embeddable":true,"href":"https:\/\/pecpets.com\/fi\/wp-json\/wp\/v2\/product_tag?post=22557"}],"curies":[{"name":"wp","href":"https:\/\/api.w.org\/{rel}","templated":true}]}}