{"id":22596,"date":"2025-10-08T09:34:37","date_gmt":"2025-10-08T01:34:37","guid":{"rendered":"https:\/\/pecpets.com\/?post_type=product&#038;p=22596"},"modified":"2025-10-08T10:47:31","modified_gmt":"2025-10-08T02:47:31","slug":"dog-beds-for-large","status":"publish","type":"product","link":"https:\/\/pecpets.com\/fi\/product\/dog-beds-for-large\/","title":{"rendered":"Koiran s\u00e4ngyt suurille"},"content":{"rendered":"<h2 data-start=\"91\" data-end=\"196\">Premium koiran s\u00e4ngyt suurille roduille | Pet Bed Valmistaja &amp; Luxury Bed Factory Kiinassa<\/h2>\n<p data-start=\"216\" data-end=\"496\">Etsitk\u00f6 korkealaatuisia koiran s\u00e4nkyj\u00e4 suurille lemmikkiel\u00e4imille?<\/p>\n<p data-start=\"216\" data-end=\"496\">Luotettuna Pet Bed valmistaja ja Luxury Bed Factory Kiinassa, olemme erikoistuneet\u00a0<span style=\"box-sizing: border-box; margin: 0px; padding: 0px;\">irtotavarana tuotanto koiran s\u00e4ngyt, joka tarjoaa<\/span>\u00a0OEM-, ODM- ja private label -palvelut.<\/p>\n<p data-start=\"216\" data-end=\"496\">Koiranvuodetehtaamme takaa kest\u00e4v\u00e4t, kodikkaat ja tyylikk\u00e4\u00e4t vuoteet, jotka on suunniteltu mukavuutta ja pitk\u00e4ik\u00e4isyytt\u00e4 varten.<\/p>\n<p data-start=\"216\" data-end=\"496\">Olitpa sitten koiras\u00e4ngyn toimittaja, tukkukauppias, myyj\u00e4 tai kansainv\u00e4linen koiras\u00e4nky-yritys, me tuemme maailmanlaajuisia koiras\u00e4ngyn vientitilauksia.<\/p>\n<p data-start=\"216\" data-end=\"496\">Tee yhteisty\u00f6t\u00e4 johtavan koiras\u00e4ngyn valmistajan ja koiras\u00e4ngyn Kiina-asiantuntijan kanssa kasvattaaksesi lemmikkiel\u00e4inten tuotevalikoimaasi luottavaisesti.<\/p>","protected":false},"excerpt":{"rendered":"<h3>Koiran s\u00e4ngyt suurille<\/h3>\n<ul>\n<li>Koko s\u00e4ngyn peitt\u00e4v\u00e4, verhoilukelpoinen, korkeasti tikattu Velour-kangas. Kankaan tikkauksen lis\u00e4etuna on sen vahvistaminen k\u00e4\u00e4nt\u00f6puolella olevan 2. kangaskerroksen ansiosta.<\/li>\n<li>Paksu pehmustettu pehmustetyyny<\/li>\n<li>T\u00e4ysin konepest\u00e4v\u00e4 ulompi osa takaa maksimaalisen mukavuuden.<\/li>\n<li>T\u00e4ydellinen niille koirille, jotka halailevat, nipistelev\u00e4t peittoja, hiipiv\u00e4t s\u00e4nkyyn ja kaappaavat sohvan.<\/li>\n<li>Uusi ja parannettu muotoilu. Hupussa on irrotettava vaahtomuovipala, joka muodostaa karkaistun ulkokuoren.<\/li>\n<\/ul>\n<table width=\"288\">\n<tbody>\n<tr>\n<td width=\"137\"><span style=\"color: #333333;\">Tuotteen nimi<\/span><\/td>\n<td width=\"151\"><span style=\"color: #333333;\">Pet Bed<\/span><\/td>\n<\/tr>\n<tr>\n<td><span style=\"color: #333333;\">Tuotenro.<\/span><\/td>\n<td><span style=\"color: #333333;\">P-C3020<\/span><\/td>\n<\/tr>\n<tr>\n<td><span style=\"color: #333333;\">Materiaali<\/span><\/td>\n<td>Puuvilla, polyesteri, fleece<\/td>\n<\/tr>\n<tr>\n<td><span style=\"color: #333333;\">\u00a0Koko ja v\u00e4ri<\/span><\/td>\n<td><span style=\"color: #333333;\">Voidaan r\u00e4\u00e4t\u00e4l\u00f6id\u00e4<\/span><\/td>\n<\/tr>\n<tr>\n<td><span style=\"color: #333333;\">\u00a0Toimitusaika<\/span><\/td>\n<td><span style=\"color: #333333;\">1 - 5 p\u00e4iv\u00e4\u00e4 pienten m\u00e4\u00e4rien osalta lentoteitse ja 30 - 35 p\u00e4iv\u00e4\u00e4 suurten m\u00e4\u00e4rien osalta meritse.<\/span><\/td>\n<\/tr>\n<\/tbody>\n<\/table>","protected":false},"featured_media":22621,"template":"","meta":{"_seopress_robots_primary_cat":"none","_seopress_titles_title":"Dog Beds for Large | China Pet Bed Manufacturer","_seopress_titles_desc":"Looking for Dog Beds for Large? we design premium knitwear for pets worldwide. Bulk orders, OEM services. Request free cozy samples today!","_seopress_robots_index":"","_uag_custom_page_level_css":""},"product_brand":[],"product_cat":[349,22],"product_tag":[],"class_list":{"0":"post-22596","1":"product","2":"type-product","3":"status-publish","4":"has-post-thumbnail","6":"product_cat-memory-foam-dog-beds","7":"product_cat-pet-bed","9":"first","10":"instock","11":"shipping-taxable","12":"product-type-simple"},"uagb_featured_image_src":{"full":["https:\/\/pecpets.com\/wp-content\/uploads\/2025\/10\/69187c7a-7ab4-43ff-8ea9-6d000e2cb5d7.jpg",700,700,false],"thumbnail":["https:\/\/pecpets.com\/wp-content\/uploads\/2025\/10\/69187c7a-7ab4-43ff-8ea9-6d000e2cb5d7-150x150.jpg",150,150,true],"medium":["https:\/\/pecpets.com\/wp-content\/uploads\/2025\/10\/69187c7a-7ab4-43ff-8ea9-6d000e2cb5d7-300x300.jpg",300,300,true],"medium_large":["https:\/\/pecpets.com\/wp-content\/uploads\/2025\/10\/69187c7a-7ab4-43ff-8ea9-6d000e2cb5d7.jpg",700,700,false],"large":["https:\/\/pecpets.com\/wp-content\/uploads\/2025\/10\/69187c7a-7ab4-43ff-8ea9-6d000e2cb5d7.jpg",700,700,false],"1536x1536":["https:\/\/pecpets.com\/wp-content\/uploads\/2025\/10\/69187c7a-7ab4-43ff-8ea9-6d000e2cb5d7.jpg",700,700,false],"2048x2048":["https:\/\/pecpets.com\/wp-content\/uploads\/2025\/10\/69187c7a-7ab4-43ff-8ea9-6d000e2cb5d7.jpg",700,700,false],"trp-custom-language-flag":["https:\/\/pecpets.com\/wp-content\/uploads\/2025\/10\/69187c7a-7ab4-43ff-8ea9-6d000e2cb5d7-12x12.jpg",12,12,true],"woocommerce_thumbnail":["https:\/\/pecpets.com\/wp-content\/uploads\/2025\/10\/69187c7a-7ab4-43ff-8ea9-6d000e2cb5d7-300x300.jpg",300,300,true],"woocommerce_single":["https:\/\/pecpets.com\/wp-content\/uploads\/2025\/10\/69187c7a-7ab4-43ff-8ea9-6d000e2cb5d7-600x600.jpg",600,600,true],"woocommerce_gallery_thumbnail":["https:\/\/pecpets.com\/wp-content\/uploads\/2025\/10\/69187c7a-7ab4-43ff-8ea9-6d000e2cb5d7-100x100.jpg",100,100,true]},"uagb_author_info":{"display_name":"Lawrence\u00a0\u52b3\u4f26\u65af","author_link":"https:\/\/pecpets.com\/fi\/author\/"},"uagb_comment_info":0,"uagb_excerpt":"Dog Beds for Large High quilted Velour, upholstery-grade fabric covering the whole bed. Quilting the fabric has the added benefit of strengthening it due to the 2nd layer of fabric on the reverse Thick padded bolster pillow Fully machine-washable outer for maximum convenience Perfect for those dogs who snuggle, pinch blankets, sneak into bed, and&hellip;","_links":{"self":[{"href":"https:\/\/pecpets.com\/fi\/wp-json\/wp\/v2\/product\/22596","targetHints":{"allow":["GET"]}}],"collection":[{"href":"https:\/\/pecpets.com\/fi\/wp-json\/wp\/v2\/product"}],"about":[{"href":"https:\/\/pecpets.com\/fi\/wp-json\/wp\/v2\/types\/product"}],"wp:featuredmedia":[{"embeddable":true,"href":"https:\/\/pecpets.com\/fi\/wp-json\/wp\/v2\/media\/22621"}],"wp:attachment":[{"href":"https:\/\/pecpets.com\/fi\/wp-json\/wp\/v2\/media?parent=22596"}],"wp:term":[{"taxonomy":"product_brand","embeddable":true,"href":"https:\/\/pecpets.com\/fi\/wp-json\/wp\/v2\/product_brand?post=22596"},{"taxonomy":"product_cat","embeddable":true,"href":"https:\/\/pecpets.com\/fi\/wp-json\/wp\/v2\/product_cat?post=22596"},{"taxonomy":"product_tag","embeddable":true,"href":"https:\/\/pecpets.com\/fi\/wp-json\/wp\/v2\/product_tag?post=22596"}],"curies":[{"name":"wp","href":"https:\/\/api.w.org\/{rel}","templated":true}]}}