{"id":22622,"date":"2025-10-08T10:42:15","date_gmt":"2025-10-08T02:42:15","guid":{"rendered":"https:\/\/pecpets.com\/?post_type=product&#038;p=22622"},"modified":"2025-10-08T10:47:41","modified_gmt":"2025-10-08T02:47:41","slug":"big-dog-dog-beds","status":"publish","type":"product","link":"https:\/\/pecpets.com\/fi\/product\/big-dog-dog-beds\/","title":{"rendered":"Big Dog koiran s\u00e4ngyt"},"content":{"rendered":"<h2 data-start=\"91\" data-end=\"196\">Big Dog koiran s\u00e4ngyt Pet Bed Valmistaja &amp; Luxury Bed Factory<\/h2>\n<p data-start=\"216\" data-end=\"496\">Etsitk\u00f6 korkealuokkaisia Big Dog -koiran s\u00e4nkyj\u00e4, jotka on rakennettu mukavuutta ja lujuutta ajatellen?<\/p>\n<p data-start=\"216\" data-end=\"496\">Luotettavana lemmikkiel\u00e4inten s\u00e4ngynvalmistajana ja ylellisen s\u00e4ngyn tehtaana olemme erikoistuneet kest\u00e4vien ja tukevien s\u00e4nkyjen suunnitteluun suurille roduille.<\/p>\n<p data-start=\"216\" data-end=\"496\">Koiran s\u00e4ngyn tehtaamme Kiinassa tarjoaa OEM-, ODM- ja private label -palveluita maailmanlaajuisille tuotemerkeille.<\/p>\n<p data-start=\"216\" data-end=\"496\">Tarvitsitpa sitten koiranvuoteiden irtotilauksia tai r\u00e4\u00e4t\u00e4l\u00f6ityj\u00e4 malleja, koiranvuoteiden toimittajamme ja tukkukauppiaamme ratkaisut tarjoavat laatua ja arvoa.<\/p>\n<p data-start=\"216\" data-end=\"496\">Tee yhteisty\u00f6t\u00e4 ammattimaisen koiras\u00e4nky-yrityksen kanssa, jolla on kokemusta koiras\u00e4nkyjen viennist\u00e4 ja laajamittaisesta tuotannosta - me valmistamme isoja koiras\u00e4nkyj\u00e4, joissa yhdistyv\u00e4t kest\u00e4vyys, mukavuus ja tyyli.<\/p>","protected":false},"excerpt":{"rendered":"<h3>Big Dog koiran s\u00e4ngyt<\/h3>\n<p>Yksinkertaiset, selke\u00e4t linjat sopivat yht\u00e4 hyvin sek\u00e4 kaupunki- ett\u00e4 maalaiskoteihin.<\/p>\n<p>Eritt\u00e4in suuret puiset koiran s\u00e4ngyt ovat painavampia, vahvempia ja kest\u00e4v\u00e4mpi\u00e4 kuin halvemmat m\u00e4ntypuiset koiran s\u00e4ngyt. Jokainen niist\u00e4 on ammattitaitoisen puusep\u00e4n k\u00e4sity\u00f6n\u00e4 valmistama, ja ne on viimeistelty huolellisesti, jotta puun luonnollinen v\u00e4ri ja puunjuuri tulevat esiin.<\/p>\n<p>Puiset koiran s\u00e4ngyt on nostettu lattiasta sorvatuilla jaloilla, jotka on viimeistelty mattamustaksi, mik\u00e4 antaa miellytt\u00e4v\u00e4n kelluvan visuaalisen vaikutelman. Kummankin jalan alapuolelle on asennettu paksut huopatyynyt, jotta v\u00e4ltet\u00e4\u00e4n laattojen tai puulattioiden naarmuuntuminen.<\/p>\n<p>Ristikkoper\u00e4 mahdollistaa tehokkaan ilmanvaihdon ja helpon puhdistuksen.<\/p>\n<p>Vaikka se ei ole pureskelukest\u00e4v\u00e4, olemme pyrkineet \u2018muotoilemaan\u2019 pois kaikki herk\u00e4t ja helposti pureskeltavat alueet.<\/p>\n<p>Upea ja uskomattoman tyylik\u00e4s puinen koiran s\u00e4nky, joka kest\u00e4\u00e4 vuosia ja vuosia.<\/p>\n<table width=\"288\">\n<tbody>\n<tr>\n<td width=\"137\"><span style=\"color: #333333;\">Tuotteen nimi<\/span><\/td>\n<td width=\"151\"><span style=\"color: #333333;\">Pet Bed<\/span><\/td>\n<\/tr>\n<tr>\n<td><span style=\"color: #333333;\">Tuotenro.<\/span><\/td>\n<td><span style=\"color: #333333;\">P-C3019<\/span><\/td>\n<\/tr>\n<tr>\n<td><span style=\"color: #333333;\">Materiaali<\/span><\/td>\n<td>Puuvilla, polyesteri, fleece<\/td>\n<\/tr>\n<tr>\n<td><span style=\"color: #333333;\">\u00a0Koko ja v\u00e4ri<\/span><\/td>\n<td><span style=\"color: #333333;\">Voidaan r\u00e4\u00e4t\u00e4l\u00f6id\u00e4<\/span><\/td>\n<\/tr>\n<tr>\n<td><span style=\"color: #333333;\">\u00a0Toimitusaika<\/span><\/td>\n<td><span style=\"color: #333333;\">1 - 5 p\u00e4iv\u00e4\u00e4 pienten m\u00e4\u00e4rien osalta lentoteitse ja 30 - 35 p\u00e4iv\u00e4\u00e4 suurten m\u00e4\u00e4rien osalta meritse.<\/span><\/td>\n<\/tr>\n<\/tbody>\n<\/table>","protected":false},"featured_media":22607,"template":"","meta":{"_seopress_robots_primary_cat":"none","_seopress_titles_title":"Big Dog Dog Beds | China Pet Bed Manufacturer","_seopress_titles_desc":"Looking for Big Dog Dog Beds? we design premium knitwear for pets worldwide. Bulk orders, OEM services. Request free cozy samples today!","_seopress_robots_index":"","_uag_custom_page_level_css":""},"product_brand":[],"product_cat":[348,22],"product_tag":[],"class_list":{"0":"post-22622","1":"product","2":"type-product","3":"status-publish","4":"has-post-thumbnail","6":"product_cat-chew-resistant-dog-beds","7":"product_cat-pet-bed","9":"first","10":"instock","11":"shipping-taxable","12":"product-type-simple"},"uagb_featured_image_src":{"full":["https:\/\/pecpets.com\/wp-content\/uploads\/2025\/10\/79561f41-fb2b-4648-a3c4-a055d3c74c97.jpg",720,541,false],"thumbnail":["https:\/\/pecpets.com\/wp-content\/uploads\/2025\/10\/79561f41-fb2b-4648-a3c4-a055d3c74c97-150x150.jpg",150,150,true],"medium":["https:\/\/pecpets.com\/wp-content\/uploads\/2025\/10\/79561f41-fb2b-4648-a3c4-a055d3c74c97-300x225.jpg",300,225,true],"medium_large":["https:\/\/pecpets.com\/wp-content\/uploads\/2025\/10\/79561f41-fb2b-4648-a3c4-a055d3c74c97.jpg",720,541,false],"large":["https:\/\/pecpets.com\/wp-content\/uploads\/2025\/10\/79561f41-fb2b-4648-a3c4-a055d3c74c97.jpg",720,541,false],"1536x1536":["https:\/\/pecpets.com\/wp-content\/uploads\/2025\/10\/79561f41-fb2b-4648-a3c4-a055d3c74c97.jpg",720,541,false],"2048x2048":["https:\/\/pecpets.com\/wp-content\/uploads\/2025\/10\/79561f41-fb2b-4648-a3c4-a055d3c74c97.jpg",720,541,false],"trp-custom-language-flag":["https:\/\/pecpets.com\/wp-content\/uploads\/2025\/10\/79561f41-fb2b-4648-a3c4-a055d3c74c97-16x12.jpg",16,12,true],"woocommerce_thumbnail":["https:\/\/pecpets.com\/wp-content\/uploads\/2025\/10\/79561f41-fb2b-4648-a3c4-a055d3c74c97-300x300.jpg",300,300,true],"woocommerce_single":["https:\/\/pecpets.com\/wp-content\/uploads\/2025\/10\/79561f41-fb2b-4648-a3c4-a055d3c74c97-600x451.jpg",600,451,true],"woocommerce_gallery_thumbnail":["https:\/\/pecpets.com\/wp-content\/uploads\/2025\/10\/79561f41-fb2b-4648-a3c4-a055d3c74c97-100x100.jpg",100,100,true]},"uagb_author_info":{"display_name":"Lawrence\u00a0\u52b3\u4f26\u65af","author_link":"https:\/\/pecpets.com\/fi\/author\/"},"uagb_comment_info":0,"uagb_excerpt":"Big Dog Dog Beds The simple, clean lines will equally grace both town and country homes. Our extra-large wooden dog beds are heavier, stronger, and hard-wearing than cheaper pine wooden dog bed alternatives. Each is handmade by a highly skilled Cabinet Maker and painstakingly finished to bring out the natural colour and grain of the&hellip;","_links":{"self":[{"href":"https:\/\/pecpets.com\/fi\/wp-json\/wp\/v2\/product\/22622","targetHints":{"allow":["GET"]}}],"collection":[{"href":"https:\/\/pecpets.com\/fi\/wp-json\/wp\/v2\/product"}],"about":[{"href":"https:\/\/pecpets.com\/fi\/wp-json\/wp\/v2\/types\/product"}],"wp:featuredmedia":[{"embeddable":true,"href":"https:\/\/pecpets.com\/fi\/wp-json\/wp\/v2\/media\/22607"}],"wp:attachment":[{"href":"https:\/\/pecpets.com\/fi\/wp-json\/wp\/v2\/media?parent=22622"}],"wp:term":[{"taxonomy":"product_brand","embeddable":true,"href":"https:\/\/pecpets.com\/fi\/wp-json\/wp\/v2\/product_brand?post=22622"},{"taxonomy":"product_cat","embeddable":true,"href":"https:\/\/pecpets.com\/fi\/wp-json\/wp\/v2\/product_cat?post=22622"},{"taxonomy":"product_tag","embeddable":true,"href":"https:\/\/pecpets.com\/fi\/wp-json\/wp\/v2\/product_tag?post=22622"}],"curies":[{"name":"wp","href":"https:\/\/api.w.org\/{rel}","templated":true}]}}