{"id":22695,"date":"2025-10-10T09:21:52","date_gmt":"2025-10-10T01:21:52","guid":{"rendered":"https:\/\/pecpets.com\/?post_type=product&#038;p=22695"},"modified":"2025-10-13T16:58:40","modified_gmt":"2025-10-13T08:58:40","slug":"raised-dog-bed","status":"publish","type":"product","link":"https:\/\/pecpets.com\/fi\/product\/raised-dog-bed\/","title":{"rendered":"Raised Dog Bed"},"content":{"rendered":"<h2 data-start=\"91\" data-end=\"196\">Raised Dog Bed by Pet Bed Valmistaja &amp; Luxury Bed tehdas<\/h2>\n<p data-start=\"216\" data-end=\"496\">Paranna lemmikkisi mukavuutta korkealuokkaisella korotetulla koiras\u00e4ngyll\u00e4mme, joka on suunniteltu kest\u00e4v\u00e4ksi, tuulettuvaksi ja ymp\u00e4rivuotiseen k\u00e4ytt\u00f6\u00f6n.<\/p>\n<p data-start=\"216\" data-end=\"496\">Luotettavana lemmikkiel\u00e4inten s\u00e4ngynvalmistajana ja ylellisen\u00e4 s\u00e4ngyn tehtaana tuotamme korkealaatuisia korotettuja koiran s\u00e4nkyj\u00e4, jotka sopivat t\u00e4ydellisesti sis\u00e4- ja ulkotiloihin.<\/p>\n<p data-start=\"216\" data-end=\"496\">Koiranvuodetehtaamme Kiinassa on erikoistunut OEM-, ODM- ja private label -tuotantoon, mik\u00e4 auttaa tuotemerkkej\u00e4 ja j\u00e4lleenmyyji\u00e4 luomaan ainutlaatuisia lemmikkiel\u00e4inten s\u00e4nkylinjoja.<\/p>\n<p data-start=\"216\" data-end=\"496\">Olitpa sitten hankkimassa koiras\u00e4ngyn irtotilauksia tai tekem\u00e4ss\u00e4 yhteisty\u00f6t\u00e4 luotettavan koiras\u00e4ngyn toimittajan, koiras\u00e4ngyn valmistajan tai koiras\u00e4ngyn tukkukauppiaan kanssa, me toimitamme tasaista laatua ja oikea-aikaisia koiras\u00e4ngyn vientipalveluja maailmanlaajuisesti.<\/p>\n<p data-start=\"216\" data-end=\"496\">Valitse ammattimainen koiran s\u00e4nkyyritys ja koiran s\u00e4ngyn myyj\u00e4, joka keskittyy innovaatioihin, mukavuuteen ja ammattitaitoon - valitse Raised Dog Bed -mallistomme kohottaaksesi tuotevalikoimaasi.<\/p>","protected":false},"excerpt":{"rendered":"<h3>Raised Dog Bed<\/h3>\n<ul>\n<li><strong>Tukeva ristikkorunkorakenne:<\/strong>\u00a0T\u00e4m\u00e4 korotettu lemmikkis\u00e4nky on rakennettu kest\u00e4v\u00e4ll\u00e4 alumiiniseoksesta valmistetulla poikkirungolla, joka takaa pitk\u00e4aikaisen vakauden ja tuen. Liukumista est\u00e4vien jalkojen ansiosta se pysyy tukevasti paikallaan ja tarjoaa lemmikkisi turvallisen lepopaikan kotona tai matkalla.<\/li>\n<li><strong>Mukava ja hengitt\u00e4v\u00e4 kangas:<\/strong>\u00a0S\u00e4ngyn pehmoinen p\u00e4\u00e4llinen on valmistettu korkealaatuisesta karitsanvillan tekokuidusta, ja se tarjoaa erinomaisen l\u00e4mp\u00f6\u00e4 ja viihtyisyytt\u00e4 karvaiselle yst\u00e4v\u00e4llesi. Hengitt\u00e4v\u00e4 muotoilu est\u00e4\u00e4 ylikuumenemisen ja pit\u00e4\u00e4 lemmikkisi mukavana kaikkina vuodenaikoina.<\/li>\n<li><strong>Kest\u00e4v\u00e4 Oxford-kangas pohja:<\/strong>\u00a0Pohja on valmistettu naarmunkest\u00e4v\u00e4st\u00e4 600D Oxford-kankaasta, joka tarjoaa erinomaisen kest\u00e4vyyden ja suojan ter\u00e4vi\u00e4 kynsi\u00e4 ja puremia vastaan. Se on my\u00f6s vedenkest\u00e4v\u00e4, joten se sopii erinomaisesti sek\u00e4 sis\u00e4- ett\u00e4 ulkok\u00e4ytt\u00f6\u00f6n.<\/li>\n<li><strong>Kokoontaitettava ja kannettava muotoilu:<\/strong>\u00a0T\u00e4m\u00e4 s\u00e4nky on suunniteltu k\u00e4tev\u00e4ksi, ja se taittuu helposti kokoon pieneen tilaan s\u00e4ilytyst\u00e4 tai kuljetusta varten. Olitpa sitten menossa puistoon, retkeilem\u00e4\u00e4n tai vain siirt\u00e4m\u00e4ss\u00e4 sit\u00e4 sis\u00e4tiloihin, pystytys ja purkaminen on nopeaa ja vaivatonta.<\/li>\n<li><strong>T\u00e4ydellinen sis\u00e4- ja ulkok\u00e4ytt\u00f6\u00f6n:<\/strong>\u00a0T\u00e4m\u00e4 s\u00e4nky tarjoaa lemmikillesi viihtyis\u00e4n ja turvallisen paikan, jossa se voi rentoutua ja rauhoittua, olipa se sitten olohuoneessa tai leirint\u00e4alueella.<\/li>\n<\/ul>\n<table width=\"288\">\n<tbody>\n<tr>\n<td width=\"137\"><span style=\"color: #333333;\">Tuotteen nimi<\/span><\/td>\n<td width=\"151\"><span style=\"color: #333333;\">Pet Bed<\/span><\/td>\n<\/tr>\n<tr>\n<td><span style=\"color: #333333;\">Tuotenro.<\/span><\/td>\n<td><span style=\"color: #333333;\">P-C3023<\/span><\/td>\n<\/tr>\n<tr>\n<td><span style=\"color: #333333;\">Materiaali<\/span><\/td>\n<td>Puuvilla, polyesteri, fleece<\/td>\n<\/tr>\n<tr>\n<td><span style=\"color: #333333;\">\u00a0Koko ja v\u00e4ri<\/span><\/td>\n<td><span style=\"color: #333333;\">Voidaan r\u00e4\u00e4t\u00e4l\u00f6id\u00e4<\/span><\/td>\n<\/tr>\n<tr>\n<td><span style=\"color: #333333;\">\u00a0Toimitusaika<\/span><\/td>\n<td><span style=\"color: #333333;\">1 - 5 p\u00e4iv\u00e4\u00e4 pienten m\u00e4\u00e4rien osalta lentoteitse ja 30 - 35 p\u00e4iv\u00e4\u00e4 suurten m\u00e4\u00e4rien osalta meritse.<\/span><\/td>\n<\/tr>\n<\/tbody>\n<\/table>","protected":false},"featured_media":22703,"template":"","meta":{"_seopress_robots_primary_cat":"none","_seopress_titles_title":"Raised Dog Bed | China Pet Bed Manufacturer","_seopress_titles_desc":"Looking for Raised Dog Bed? we design premium knitwear for pets worldwide. Bulk orders, OEM services. Request free cozy samples today!","_seopress_robots_index":"","_uag_custom_page_level_css":""},"product_brand":[],"product_cat":[22,350],"product_tag":[],"class_list":{"0":"post-22695","1":"product","2":"type-product","3":"status-publish","4":"has-post-thumbnail","6":"product_cat-pet-bed","7":"product_cat-portable-dog-beds","9":"first","10":"instock","11":"shipping-taxable","12":"product-type-simple"},"uagb_featured_image_src":{"full":["https:\/\/pecpets.com\/wp-content\/uploads\/2025\/10\/SDFSADFASDF-1.jpeg",1000,1000,false],"thumbnail":["https:\/\/pecpets.com\/wp-content\/uploads\/2025\/10\/SDFSADFASDF-1-150x150.jpeg",150,150,true],"medium":["https:\/\/pecpets.com\/wp-content\/uploads\/2025\/10\/SDFSADFASDF-1-300x300.jpeg",300,300,true],"medium_large":["https:\/\/pecpets.com\/wp-content\/uploads\/2025\/10\/SDFSADFASDF-1-768x768.jpeg",768,768,true],"large":["https:\/\/pecpets.com\/wp-content\/uploads\/2025\/10\/SDFSADFASDF-1.jpeg",800,800,false],"1536x1536":["https:\/\/pecpets.com\/wp-content\/uploads\/2025\/10\/SDFSADFASDF-1.jpeg",1000,1000,false],"2048x2048":["https:\/\/pecpets.com\/wp-content\/uploads\/2025\/10\/SDFSADFASDF-1.jpeg",1000,1000,false],"trp-custom-language-flag":["https:\/\/pecpets.com\/wp-content\/uploads\/2025\/10\/SDFSADFASDF-1-12x12.jpeg",12,12,true],"woocommerce_thumbnail":["https:\/\/pecpets.com\/wp-content\/uploads\/2025\/10\/SDFSADFASDF-1-300x300.jpeg",300,300,true],"woocommerce_single":["https:\/\/pecpets.com\/wp-content\/uploads\/2025\/10\/SDFSADFASDF-1-600x600.jpeg",600,600,true],"woocommerce_gallery_thumbnail":["https:\/\/pecpets.com\/wp-content\/uploads\/2025\/10\/SDFSADFASDF-1-100x100.jpeg",100,100,true]},"uagb_author_info":{"display_name":"Lawrence\u00a0\u52b3\u4f26\u65af","author_link":"https:\/\/pecpets.com\/fi\/author\/"},"uagb_comment_info":0,"uagb_excerpt":"Raised Dog Bed Sturdy Cross-Frame Structure:\u00a0This elevated pet bed is built with a durable aluminum alloy cross-frame, ensuring long-lasting stability and support. The anti-slip feet design keeps it securely in place, offering a safe resting spot for your pet, whether at home or on the go. Comfortable &amp; Breathable Fabric:\u00a0Featuring a plush top made with&hellip;","_links":{"self":[{"href":"https:\/\/pecpets.com\/fi\/wp-json\/wp\/v2\/product\/22695","targetHints":{"allow":["GET"]}}],"collection":[{"href":"https:\/\/pecpets.com\/fi\/wp-json\/wp\/v2\/product"}],"about":[{"href":"https:\/\/pecpets.com\/fi\/wp-json\/wp\/v2\/types\/product"}],"wp:featuredmedia":[{"embeddable":true,"href":"https:\/\/pecpets.com\/fi\/wp-json\/wp\/v2\/media\/22703"}],"wp:attachment":[{"href":"https:\/\/pecpets.com\/fi\/wp-json\/wp\/v2\/media?parent=22695"}],"wp:term":[{"taxonomy":"product_brand","embeddable":true,"href":"https:\/\/pecpets.com\/fi\/wp-json\/wp\/v2\/product_brand?post=22695"},{"taxonomy":"product_cat","embeddable":true,"href":"https:\/\/pecpets.com\/fi\/wp-json\/wp\/v2\/product_cat?post=22695"},{"taxonomy":"product_tag","embeddable":true,"href":"https:\/\/pecpets.com\/fi\/wp-json\/wp\/v2\/product_tag?post=22695"}],"curies":[{"name":"wp","href":"https:\/\/api.w.org\/{rel}","templated":true}]}}