{"id":2971,"date":"2023-08-31T16:41:16","date_gmt":"2023-08-31T08:41:16","guid":{"rendered":"https:\/\/pecpets.com\/?post_type=product&#038;p=2971"},"modified":"2024-10-30T10:11:50","modified_gmt":"2024-10-30T02:11:50","slug":"designer-dog-collars","status":"publish","type":"product","link":"https:\/\/pecpets.com\/fi\/product\/designer-dog-collars\/","title":{"rendered":"Designer Dog Collars"},"content":{"rendered":"<h2 data-immersive-translate-walked=\"e7004b1f-2e8f-4436-a121-9fbf271e51c9\"><strong data-immersive-translate-walked=\"e7004b1f-2e8f-4436-a121-9fbf271e51c9\" data-immersive-translate-paragraph=\"1\">Tukku Factory Pet Collar - Suunnittelija koiran kaulukset, joissa on s\u00e4\u00e4dett\u00e4v\u00e4t ja pureskelun kest\u00e4v\u00e4t ominaisuudet<span class=\"notranslate immersive-translate-target-wrapper\" lang=\"zh-CN\" translate=\"no\" data-immersive-translate-loading-id=\"1\">\u00a0<\/span><\/strong><\/h2>\n<p data-immersive-translate-walked=\"e7004b1f-2e8f-4436-a121-9fbf271e51c9\" data-immersive-translate-paragraph=\"1\">Paranna lemmikkisi tyyli\u00e4 ja turvallisuutta tukkutehtaamme yksinoikeudella valmistamien lemmikkikaulusten valikoimalla.<\/p>\n<table style=\"border-collapse: collapse; background-color: #ffffff; width: 329px; height: 273px;\" border=\"1\">\n<tbody>\n<tr>\n<td style=\"font-family: Verdana, Arial, Helvetica, sans-serif; font-size: 12px; color: #000000; margin: 8px; width: 187px; text-align: center;\"><span style=\"line-height: 21px; font-size: 14px;\">Tuotteiden nimi<\/span><\/td>\n<td style=\"font-family: Verdana, Arial, Helvetica, sans-serif; font-size: 12px; color: #000000; margin: 8px; width: 526px; text-align: center;\"><span style=\"font-size: 14px;\">Lemmikkiel\u00e4inten kaulapanta<\/span><\/td>\n<\/tr>\n<tr>\n<td style=\"font-family: Verdana, Arial, Helvetica, sans-serif; font-size: 12px; color: #000000; margin: 8px; width: 187px; text-align: center;\"><span style=\"line-height: 21px; font-size: 14px;\">Tuotenro.<\/span><\/td>\n<td style=\"font-family: Verdana, Arial, Helvetica, sans-serif; font-size: 12px; color: #000000; margin: 8px; width: 526px; text-align: center;\"><span style=\"line-height: 21px; font-size: 14px;\">P-C1005<\/span><\/td>\n<\/tr>\n<tr>\n<td style=\"font-family: Verdana, Arial, Helvetica, sans-serif; font-size: 12px; color: #000000; margin: 8px; width: 187px; text-align: center;\"><span style=\"line-height: 21px; color: #333333; font-family: Arial, Helvetica; font-size: 14px; font-style: normal; font-weight: 400; background-color: #ffffff; float: none; display: inline !important;\">Materiaali<\/span><\/td>\n<td style=\"font-family: Verdana, Arial, Helvetica, sans-serif; font-size: 12px; color: #000000; margin: 8px; width: 526px; text-align: center;\"><span style=\"color: #333333; font-family: Helvetica,Tahoma,Arial; font-size: 12px; font-style: normal; font-weight: 400; background-color: #fcfcfc; display: inline !important; float: none;\">Oxford Fabric<\/span><\/td>\n<\/tr>\n<tr>\n<td style=\"font-family: Verdana, Arial, Helvetica, sans-serif; font-size: 12px; color: #000000; margin: 8px; width: 187px; text-align: center;\"><span style=\"line-height: 21px; font-size: 14px;\">\u00a0Koko<\/span><\/td>\n<td style=\"margin: 8px; width: 526px; text-align: center;\"><span style=\"color: #222222; font-family: Helvetica, Tahoma, Arial;\"><span style=\"font-size: 14px;\">Mukautettu koko<\/span><\/span><\/td>\n<\/tr>\n<tr>\n<td style=\"font-family: Verdana, Arial, Helvetica, sans-serif; font-size: 12px; color: #000000; margin: 8px; width: 187px; text-align: center;\"><span style=\"line-height: 21px; font-size: 14px;\">\u00a0V\u00e4ri<\/span><\/td>\n<td style=\"font-family: Verdana, Arial, Helvetica, sans-serif; font-size: 12px; color: #000000; margin: 8px; width: 526px; text-align: center;\"><span style=\"font-size: 14px;\">R\u00e4\u00e4t\u00e4l\u00f6ity v\u00e4ri<\/span><\/td>\n<\/tr>\n<tr>\n<td style=\"font-family: Verdana, Arial, Helvetica, sans-serif; font-size: 12px; color: #000000; margin: 8px; width: 187px; text-align: center;\"><span style=\"line-height: 21px; font-size: 14px;\">\u00a0<span style=\"line-height: 21px; color: #333333; font-family: Arial, Helvetica; font-size: 14px; font-style: normal; font-weight: 400; background-color: #ffffff; float: none; display: inline !important;\">Lemmikkiel\u00e4intyyppi<\/span><\/span><\/td>\n<td style=\"font-family: Verdana, Arial, Helvetica, sans-serif; font-size: 12px; color: #000000; margin: 8px; width: 526px; text-align: center;\"><span style=\"line-height: 21px; font-size: 14px;\">\u00a0Kaikki koirat<\/span><\/td>\n<\/tr>\n<tr>\n<td style=\"font-family: Verdana, Arial, Helvetica, sans-serif; font-size: 12px; color: #000000; margin: 8px; width: 187px; text-align: center;\"><span style=\"line-height: 21px; font-size: 14px;\">\u00a0<span style=\"line-height: 21px; color: #333333; font-family: Arial, Helvetica; font-size: 14px; font-style: normal; font-weight: 400; background-color: #ffffff; float: none; display: inline !important;\">Toimitusaika<\/span><\/span><\/td>\n<td style=\"font-family: Verdana, Arial, Helvetica, sans-serif; font-size: 12px; color: #000000; margin: 8px; width: 526px; text-align: center;\"><span style=\"line-height: 21px; font-size: 14px;\"><span style=\"line-height: 21px; color: #000000; font-family: Verdana, Arial, Helvetica, sans-serif; font-size: 14px; font-style: normal; font-weight: 400; background-color: #ffffff; float: none; display: inline !important;\">1-5 p\u00e4iv\u00e4\u00e4 pienille m\u00e4\u00e4rille lentoteitse ja 30-35 p\u00e4iv\u00e4\u00e4 suurille m\u00e4\u00e4rille meritse.<\/span>\u00a0<\/span><\/td>\n<\/tr>\n<tr>\n<td style=\"font-family: Verdana, Arial, Helvetica, sans-serif; font-size: 12px; color: #000000; margin: 8px; width: 187px; text-align: center;\"><span style=\"line-height: 21px; font-size: 14px;\">\u00a0<span style=\"line-height: 21px; color: #333333; font-family: Arial, Helvetica; font-size: 14px; font-style: normal; font-weight: 400; background-color: #ffffff; float: none; display: inline !important;\">L\u00e4hetyssatama<\/span><\/span><\/td>\n<td style=\"font-family: Verdana, Arial, Helvetica, sans-serif; font-size: 12px; color: #000000; margin: 8px; width: 526px; text-align: center;\"><span style=\"line-height: 21px; font-size: 14px;\">Xiamen\u00a0<\/span><\/td>\n<\/tr>\n<tr>\n<td style=\"font-family: Verdana, Arial, Helvetica, sans-serif; font-size: 12px; color: #000000; margin: 8px; width: 187px; text-align: center;\"><span style=\"line-height: 21px; font-size: 14px;\">\u00a0<span style=\"line-height: 21px; color: #333333; font-family: Arial, Helvetica; font-size: 14px; font-style: normal; font-weight: 400; background-color: #ffffff; float: none; display: inline !important;\">OEM\/ODM<\/span><\/span><\/td>\n<td style=\"font-family: Verdana, Arial, Helvetica, sans-serif; font-size: 12px; color: #000000; margin: 8px; width: 526px; text-align: center;\"><span style=\"line-height: 21px; font-size: 14px;\">\u00a0<span style=\"line-height: 21px; color: #333333; font-family: Arial, Helvetica; font-size: 14px; font-style: normal; font-weight: 400; background-color: #ffffff; float: none; display: inline !important;\">Saatavilla<\/span><\/span><\/td>\n<\/tr>\n<tr>\n<td style=\"font-family: Verdana, Arial, Helvetica, sans-serif; font-size: 12px; color: #000000; margin: 8px; width: 187px; text-align: center;\"><span style=\"line-height: 21px; font-size: 14px;\">\u00a0<span style=\"line-height: 21px; color: #333333; font-family: Arial, Helvetica; font-size: 14px; font-style: normal; font-weight: 400; background-color: #ffffff; float: none; display: inline !important;\">Paketti<\/span><\/span><\/td>\n<td style=\"font-family: Verdana, Arial, Helvetica, sans-serif; font-size: 12px; color: #000000; margin: 8px; width: 526px; text-align: center;\"><span style=\"line-height: 21px; font-size: 14px;\"><span style=\"line-height: 21px; color: #333333; font-family: Arial, Helvetica; font-size: 14px; font-style: normal; font-weight: 400; background-color: #ffffff; float: none; display: inline !important;\">Kukin pakattu PPB:hen ja sitten kartonkiin tai tarpeen mukaan.<\/span><\/span><\/td>\n<\/tr>\n<\/tbody>\n<\/table>\n<p data-immersive-translate-walked=\"e7004b1f-2e8f-4436-a121-9fbf271e51c9\" data-immersive-translate-paragraph=\"1\">Tutustu suunnittelija koiran kaulapantoihin, jotka on valmistettu s\u00e4\u00e4dett\u00e4vist\u00e4 ja pureskelunkest\u00e4vist\u00e4 materiaaleista kest\u00e4vyyden ja toimivuuden takaamiseksi.<\/p>\n<p data-immersive-translate-walked=\"e7004b1f-2e8f-4436-a121-9fbf271e51c9\" data-immersive-translate-paragraph=\"1\">Pid\u00e4 karvainen kumppanisi tyylikk\u00e4\u00e4n\u00e4 ja turvallisena n\u00e4ill\u00e4 <span style=\"color: #ff0000;\"><a style=\"color: #ff0000;\" href=\"https:\/\/pecpets.com\/fi\/tuoteryhma\/pet-collars\/\">korkealaatuiset kaulukset<\/a><\/span>.<\/p>\n<p data-immersive-translate-walked=\"e7004b1f-2e8f-4436-a121-9fbf271e51c9\" data-immersive-translate-paragraph=\"1\">Hanki n\u00e4m\u00e4 v\u00e4ltt\u00e4m\u00e4tt\u00f6m\u00e4t tarvikkeet kaikkiin tukkumyyntitarpeisiisi jo t\u00e4n\u00e4\u00e4n!<span class=\"notranslate immersive-translate-target-wrapper\" lang=\"zh-CN\" translate=\"no\" data-immersive-translate-loading-id=\"1\">\u00a0<\/span><\/p>","protected":false},"excerpt":{"rendered":"<div class=\"structure-row\">\n<h2><strong><b>Tukku suunnittelija koiran kaulukset<\/b><\/strong><\/h2>\n<p>Tutustu suunnittelija koiran kaulapannat.<\/p>\n<p>Pid\u00e4 lemmikkisi tyylikk\u00e4\u00e4n\u00e4 laadukkailla malleillamme.<\/p>\n<\/div>","protected":false},"featured_media":2975,"template":"","meta":{"_seopress_robots_primary_cat":"none","_seopress_titles_title":"Pet Collar: Designer Dog Collars - Pet Product Manufacturers","_seopress_titles_desc":"Shop Designer Dog Collars. Our designer dog collars offer style and durability. Available at wholesale factory prices.","_seopress_robots_index":"","_uag_custom_page_level_css":""},"product_brand":[],"product_cat":[362,211],"product_tag":[215,216,214,213],"class_list":{"0":"post-2971","1":"product","2":"type-product","3":"status-publish","4":"has-post-thumbnail","6":"product_cat-daily-wear-collars","7":"product_cat-pet-collars","8":"product_tag-adjustable-collar","9":"product_tag-collar-and-leash-set","10":"product_tag-custom-color-dog-collar","11":"product_tag-dog-collar","13":"first","14":"instock","15":"shipping-taxable","16":"product-type-simple"},"uagb_featured_image_src":{"full":["https:\/\/pecpets.com\/wp-content\/uploads\/2023\/08\/SKU-04-\u788e\u82b1\u84dd.jpg",800,800,false],"thumbnail":["https:\/\/pecpets.com\/wp-content\/uploads\/2023\/08\/SKU-04-\u788e\u82b1\u84dd.jpg",150,150,false],"medium":["https:\/\/pecpets.com\/wp-content\/uploads\/2023\/08\/SKU-04-\u788e\u82b1\u84dd.jpg",300,300,false],"medium_large":["https:\/\/pecpets.com\/wp-content\/uploads\/2023\/08\/SKU-04-\u788e\u82b1\u84dd.jpg",768,768,false],"large":["https:\/\/pecpets.com\/wp-content\/uploads\/2023\/08\/SKU-04-\u788e\u82b1\u84dd.jpg",800,800,false],"1536x1536":["https:\/\/pecpets.com\/wp-content\/uploads\/2023\/08\/SKU-04-\u788e\u82b1\u84dd.jpg",800,800,false],"2048x2048":["https:\/\/pecpets.com\/wp-content\/uploads\/2023\/08\/SKU-04-\u788e\u82b1\u84dd.jpg",800,800,false],"trp-custom-language-flag":["https:\/\/pecpets.com\/wp-content\/uploads\/2023\/08\/SKU-04-\u788e\u82b1\u84dd.jpg",12,12,false],"woocommerce_thumbnail":["https:\/\/pecpets.com\/wp-content\/uploads\/2023\/08\/SKU-04-\u788e\u82b1\u84dd.jpg",300,300,false],"woocommerce_single":["https:\/\/pecpets.com\/wp-content\/uploads\/2023\/08\/SKU-04-\u788e\u82b1\u84dd.jpg",600,600,false],"woocommerce_gallery_thumbnail":["https:\/\/pecpets.com\/wp-content\/uploads\/2023\/08\/SKU-04-\u788e\u82b1\u84dd.jpg",100,100,false]},"uagb_author_info":{"display_name":"Lawrence\u00a0\u52b3\u4f26\u65af","author_link":"https:\/\/pecpets.com\/fi\/author\/"},"uagb_comment_info":0,"uagb_excerpt":"Wholesale Designer Dog Collars Discover Designer Dog Collars. Keep your pets stylish with our high-quality designs.","_links":{"self":[{"href":"https:\/\/pecpets.com\/fi\/wp-json\/wp\/v2\/product\/2971","targetHints":{"allow":["GET"]}}],"collection":[{"href":"https:\/\/pecpets.com\/fi\/wp-json\/wp\/v2\/product"}],"about":[{"href":"https:\/\/pecpets.com\/fi\/wp-json\/wp\/v2\/types\/product"}],"wp:featuredmedia":[{"embeddable":true,"href":"https:\/\/pecpets.com\/fi\/wp-json\/wp\/v2\/media\/2975"}],"wp:attachment":[{"href":"https:\/\/pecpets.com\/fi\/wp-json\/wp\/v2\/media?parent=2971"}],"wp:term":[{"taxonomy":"product_brand","embeddable":true,"href":"https:\/\/pecpets.com\/fi\/wp-json\/wp\/v2\/product_brand?post=2971"},{"taxonomy":"product_cat","embeddable":true,"href":"https:\/\/pecpets.com\/fi\/wp-json\/wp\/v2\/product_cat?post=2971"},{"taxonomy":"product_tag","embeddable":true,"href":"https:\/\/pecpets.com\/fi\/wp-json\/wp\/v2\/product_tag?post=2971"}],"curies":[{"name":"wp","href":"https:\/\/api.w.org\/{rel}","templated":true}]}}