{"id":3643,"date":"2023-09-05T17:51:51","date_gmt":"2023-09-05T09:51:51","guid":{"rendered":"https:\/\/pecpets.com\/?post_type=product&#038;p=3643"},"modified":"2025-08-19T14:51:48","modified_gmt":"2025-08-19T06:51:48","slug":"luxury-pet-dog-jacket-big-dog","status":"publish","type":"product","link":"https:\/\/pecpets.com\/fi\/product\/luxury-pet-dog-jacket-big-dog\/","title":{"rendered":"Ylellinen lemmikkikoira takki iso koira"},"content":{"rendered":"<h2 data-immersive-translate-walked=\"4d8d5f5d-02b7-4704-85e3-4753af6287a1\" data-immersive-translate-paragraph=\"1\">Tehtaan tukkumyynti s\u00e4\u00e4dett\u00e4v\u00e4t koiran vaatteet - ylellinen lemmikkikoira takki iso koira<span class=\"notranslate immersive-translate-target-wrapper\" lang=\"zh-CN\" data-immersive-translate-translation-element-mark=\"1\"><br \/>\n<\/span><\/h2>\n<p data-immersive-translate-walked=\"4d8d5f5d-02b7-4704-85e3-4753af6287a1\" data-immersive-translate-paragraph=\"1\">Pid\u00e4 karvaiset yst\u00e4v\u00e4si l\u00e4mpimin\u00e4 ja tyylikk\u00e4in\u00e4 suurille koirille suunnitellulla ylellisell\u00e4 lemmikkikoiratakillamme.<\/p>\n<table width=\"288\">\n<tbody>\n<tr>\n<td width=\"137\"><span style=\"color: #333333;\">Tuotteen nimi<\/span><\/td>\n<td width=\"151\"><span style=\"color: #333333;\">Pet Clothes<\/span><\/td>\n<\/tr>\n<tr>\n<td><span style=\"color: #333333;\">Tuotenro.<\/span><\/td>\n<td><span style=\"color: #333333;\">P-C2101<\/span><\/td>\n<\/tr>\n<tr>\n<td><span style=\"color: #333333;\">Materiaali<\/span><\/td>\n<td>Puuvilla, polyesteri, fleece<\/td>\n<\/tr>\n<tr>\n<td><span style=\"color: #333333;\">\u00a0Koko ja v\u00e4ri<\/span><\/td>\n<td><span style=\"color: #333333;\">R\u00e4\u00e4t\u00e4l\u00f6ity<\/span><\/td>\n<\/tr>\n<tr>\n<td><span style=\"color: #333333;\">\u00a0Toimitusaika<\/span><\/td>\n<td><span style=\"color: #333333;\">1 - 5 p\u00e4iv\u00e4\u00e4 pienten m\u00e4\u00e4rien osalta lentoteitse ja 30 - 35 p\u00e4iv\u00e4\u00e4 suurten m\u00e4\u00e4rien osalta meritse.<\/span><\/td>\n<\/tr>\n<\/tbody>\n<\/table>\n<p data-immersive-translate-walked=\"4d8d5f5d-02b7-4704-85e3-4753af6287a1\" data-immersive-translate-paragraph=\"1\">Tutustu mallistoomme koirien talvivaatteita, jotka tarjoavat sek\u00e4 l\u00e4mp\u00f6\u00e4 ett\u00e4 mukavuutta.<\/p>\n<p data-immersive-translate-walked=\"4d8d5f5d-02b7-4704-85e3-4753af6287a1\" data-immersive-translate-paragraph=\"1\">S\u00e4\u00e4dett\u00e4v\u00e4t koiranvaatteet takaavat t\u00e4ydellisen istuvuuden kaikenkokoisille lemmikeille.<\/p>\n<p data-immersive-translate-walked=\"4d8d5f5d-02b7-4704-85e3-4753af6287a1\" data-immersive-translate-paragraph=\"1\">Tutustu <span style=\"color: #ff0000;\"><a style=\"color: #ff0000;\" href=\"https:\/\/pecpets.com\/fi\/tuoteryhma\/pet-clothing\/\" target=\"_blank\" rel=\"noopener\">tukkumyyntivaihtoehdot<\/a><\/span> ensiluokkaisista koirien vaatteista, joissa yhdistyv\u00e4t toiminnallisuus ja muoti.<\/p>\n<p data-immersive-translate-walked=\"4d8d5f5d-02b7-4704-85e3-4753af6287a1\" data-immersive-translate-paragraph=\"1\">Hemmottele asiakkaidesi isoja koiria talviasun ylellisyydell\u00e4 laadukkailla, tehtaalla valmistetuilla koiratakeillamme.<\/p>","protected":false},"excerpt":{"rendered":"<h2>Tukku ylellisyytt\u00e4 lemmikkiel\u00e4inten koiran takki iso koira<\/h2>\n<p>Tutustu ylelliseen lemmikkikoiran takkiin Big Dog.<\/p>\n<p>Pid\u00e4 lemmikkisi tyylikk\u00e4\u00e4n\u00e4 laadukkailla malleillamme.<\/p>","protected":false},"featured_media":3653,"template":"","meta":{"_seopress_robots_primary_cat":"none","_seopress_titles_title":"Luxury Pet Dog Jacket Big Dog - Professional Manufacturers","_seopress_titles_desc":"Discover our Luxury Pet Dog Jacket Big Dog. Comfortable and durable pet costumes available for wholesale. Ideal for B2B buyers seeking quality dog apparel.","_seopress_robots_index":"","_uag_custom_page_level_css":""},"product_brand":[],"product_cat":[364,341,23],"product_tag":[],"class_list":{"0":"post-3643","1":"product","2":"type-product","3":"status-publish","4":"has-post-thumbnail","6":"product_cat-basic-dog-clothing","7":"product_cat-dog-jacket","8":"product_cat-pet-clothing","10":"first","11":"instock","12":"shipping-taxable","13":"product-type-simple"},"uagb_featured_image_src":{"full":["https:\/\/pecpets.com\/wp-content\/uploads\/2023\/09\/Main-01-6.jpg",800,800,false],"thumbnail":["https:\/\/pecpets.com\/wp-content\/uploads\/2023\/09\/Main-01-6.jpg",150,150,false],"medium":["https:\/\/pecpets.com\/wp-content\/uploads\/2023\/09\/Main-01-6.jpg",300,300,false],"medium_large":["https:\/\/pecpets.com\/wp-content\/uploads\/2023\/09\/Main-01-6.jpg",768,768,false],"large":["https:\/\/pecpets.com\/wp-content\/uploads\/2023\/09\/Main-01-6.jpg",800,800,false],"1536x1536":["https:\/\/pecpets.com\/wp-content\/uploads\/2023\/09\/Main-01-6.jpg",800,800,false],"2048x2048":["https:\/\/pecpets.com\/wp-content\/uploads\/2023\/09\/Main-01-6.jpg",800,800,false],"trp-custom-language-flag":["https:\/\/pecpets.com\/wp-content\/uploads\/2023\/09\/Main-01-6.jpg",12,12,false],"woocommerce_thumbnail":["https:\/\/pecpets.com\/wp-content\/uploads\/2023\/09\/Main-01-6.jpg",300,300,false],"woocommerce_single":["https:\/\/pecpets.com\/wp-content\/uploads\/2023\/09\/Main-01-6.jpg",600,600,false],"woocommerce_gallery_thumbnail":["https:\/\/pecpets.com\/wp-content\/uploads\/2023\/09\/Main-01-6.jpg",100,100,false]},"uagb_author_info":{"display_name":"Lawrence\u00a0\u52b3\u4f26\u65af","author_link":"https:\/\/pecpets.com\/fi\/author\/"},"uagb_comment_info":0,"uagb_excerpt":"Wholesale Luxury Pet Dog Jacket Big Dog Discover Luxury Pet Dog Jacket Big Dog. Keep your pets stylish with our high-quality designs.","_links":{"self":[{"href":"https:\/\/pecpets.com\/fi\/wp-json\/wp\/v2\/product\/3643","targetHints":{"allow":["GET"]}}],"collection":[{"href":"https:\/\/pecpets.com\/fi\/wp-json\/wp\/v2\/product"}],"about":[{"href":"https:\/\/pecpets.com\/fi\/wp-json\/wp\/v2\/types\/product"}],"wp:featuredmedia":[{"embeddable":true,"href":"https:\/\/pecpets.com\/fi\/wp-json\/wp\/v2\/media\/3653"}],"wp:attachment":[{"href":"https:\/\/pecpets.com\/fi\/wp-json\/wp\/v2\/media?parent=3643"}],"wp:term":[{"taxonomy":"product_brand","embeddable":true,"href":"https:\/\/pecpets.com\/fi\/wp-json\/wp\/v2\/product_brand?post=3643"},{"taxonomy":"product_cat","embeddable":true,"href":"https:\/\/pecpets.com\/fi\/wp-json\/wp\/v2\/product_cat?post=3643"},{"taxonomy":"product_tag","embeddable":true,"href":"https:\/\/pecpets.com\/fi\/wp-json\/wp\/v2\/product_tag?post=3643"}],"curies":[{"name":"wp","href":"https:\/\/api.w.org\/{rel}","templated":true}]}}