{"id":5035,"date":"2024-04-29T10:16:33","date_gmt":"2024-04-29T02:16:33","guid":{"rendered":"https:\/\/pecpets.com\/?post_type=product&#038;p=5035"},"modified":"2024-10-29T15:43:05","modified_gmt":"2024-10-29T07:43:05","slug":"straw-mattress-pet-bed","status":"publish","type":"product","link":"https:\/\/pecpets.com\/fi\/product\/straw-mattress-pet-bed\/","title":{"rendered":"Olkipatja Pet Bed"},"content":{"rendered":"<div class=\"elementor-element elementor-element-36a3285 elementor-widget elementor-widget-woocommerce-product-title elementor-page-title elementor-widget-heading\" data-id=\"36a3285\" data-element_type=\"widget\" data-widget_type=\"woocommerce-product-title.default\">\n<div class=\"elementor-widget-container\">\n<h1 class=\"product_title entry-title elementor-heading-title elementor-size-default\">Olki patja koiran s\u00e4nky tukkukaupalle| Factory-Direct<\/h1>\n<\/div>\n<\/div>\n<div class=\"elementor-element elementor-element-f148377 elementor-widget elementor-widget-woocommerce-product-content\" data-id=\"f148377\" data-element_type=\"widget\" data-widget_type=\"woocommerce-product-content.default\">\n<div class=\"elementor-widget-container\">\n<p>\ud83d\udc96MAAILMAN MUKAVIN, 100% SOTKUVAPAA HUONEKALUSUOJA. TAKUU.\ud83d\udc36 \ud83d\udc31 \ud83d\udc31<br \/>\n\ud83d\udc8e Suojaa huonekalusi ja pysyy samalla mukavana<br \/>\n\ud83d\udc8e Mukava lemmikkiyst\u00e4v\u00e4llinen materiaali<br \/>\n\ud83d\udc8e V\u00e4lit\u00f6n ilma vapaa sohva<br \/>\n\ud83d\udc8e Konepest\u00e4v\u00e4 irrotettava kansi<\/p>\n<p>Koko S Mitat:<br \/>\n60 x 42cm<\/p>\n<p>Koko M Mitat:<br \/>\n80 x 60cm<\/p>\n<p>Koko L Mitat:<br \/>\n100 x70cm<\/p>\n<p>MIKSI JOKAINEN KOIRANOMISTAJA TARVITSEE RAUHOITTAVAN HUONEKALUSUOJAN?<\/p>\n<p>\u2714\ufe0f VERTAANSA VAILLA OLEVA MUKAVUUS JA NIVELTUKI.<br \/>\nRunsaasti t\u00e4ytetty tyyny tarjoaa erinomaista tukea ja mahdollisuuksia pesimiseen ja turvallisuuden tunteeseen. Toisin kuin muut halvat koiran s\u00e4ngyt, meid\u00e4n premium-patjamme ovat tiukkoja eiv\u00e4tk\u00e4 putoa...<br \/>\nSofe Fur luo turvallisuuden tunnetta ja aktivoi hermostoa positiivisella tavalla, mink\u00e4 ansiosta turkisel\u00e4imesi rauhoittuvat nopeammin, rentoutuvat helpommin ja nukkuvat rauhallisemmin.<\/p>\n<table style=\"border-collapse: collapse; background-color: #ffffff; width: 335px; height: 242px;\" border=\"1\">\n<tbody>\n<tr>\n<td style=\"font-family: Verdana, Arial, Helvetica, sans-serif; font-size: 12px; color: #000000; margin: 8px; width: 187px; text-align: center;\"><span style=\"line-height: 21px; font-size: 14px;\">Tuotteiden nimi<\/span><\/td>\n<td style=\"font-family: Verdana, Arial, Helvetica, sans-serif; font-size: 12px; color: #000000; margin: 8px; width: 526px; text-align: center;\"><span style=\"color: #ff0000;\"><a style=\"color: #ff0000;\" href=\"https:\/\/pecpets.com\/fi\/tuoteryhma\/pet-bed\/\" target=\"_blank\" rel=\"noopener\">Pet Bed<\/a><\/span><\/td>\n<\/tr>\n<tr>\n<td style=\"font-family: Verdana, Arial, Helvetica, sans-serif; font-size: 12px; color: #000000; margin: 8px; width: 187px; text-align: center;\"><span style=\"line-height: 21px; font-size: 14px;\">Tuotenro.<\/span><\/td>\n<td style=\"font-family: Verdana, Arial, Helvetica, sans-serif; font-size: 12px; color: #000000; margin: 8px; width: 526px; text-align: center;\"><span style=\"line-height: 21px; font-size: 14px;\">P-B2005<\/span><\/td>\n<\/tr>\n<tr>\n<td style=\"font-family: Verdana, Arial, Helvetica, sans-serif; font-size: 12px; color: #000000; margin: 8px; width: 187px; text-align: center;\"><span style=\"line-height: 21px; color: #333333; font-family: Arial, Helvetica; font-size: 14px; font-style: normal; font-weight: 400; background-color: #ffffff; float: none; display: inline !important;\">Materiaali<\/span><\/td>\n<td style=\"font-family: Verdana, Arial, Helvetica, sans-serif; font-size: 12px; color: #000000; margin: 8px; width: 526px; text-align: center;\"><span style=\"color: #151515; font-family: Arial,Helvetica,sans-serif; font-size: 14px; font-style: normal; font-weight: 400; text-align: left; display: inline !important; float: none;\">Coral Fleece<\/span><\/td>\n<\/tr>\n<tr>\n<td style=\"font-family: Verdana, Arial, Helvetica, sans-serif; font-size: 12px; color: #000000; margin: 8px; width: 187px; text-align: center;\"><span style=\"line-height: 21px; font-size: 14px;\">\u00a0Koko<\/span><\/td>\n<td style=\"font-family: Verdana, Arial, Helvetica, sans-serif; font-size: 12px; color: #000000; margin: 8px; width: 526px; text-align: center;\"><span style=\"font-size: 14px;\">Mukautettu koko<\/span><\/td>\n<\/tr>\n<tr>\n<td style=\"font-family: Verdana, Arial, Helvetica, sans-serif; font-size: 12px; color: #000000; margin: 8px; width: 187px; text-align: center;\"><span style=\"line-height: 21px; font-size: 14px;\">\u00a0V\u00e4ri<\/span><\/td>\n<td style=\"font-family: Verdana, Arial, Helvetica, sans-serif; font-size: 12px; color: #000000; margin: 8px; width: 526px; text-align: center;\"><span style=\"color: #000000; font-family: Verdana, Arial, Helvetica, sans-serif; font-size: 14px; font-style: normal; font-weight: 400; text-align: center; background-color: #ffffff; float: none; display: inline !important;\">R\u00e4\u00e4t\u00e4l\u00f6ity v\u00e4ri<\/span><\/td>\n<\/tr>\n<tr>\n<td style=\"font-family: Verdana, Arial, Helvetica, sans-serif; font-size: 12px; color: #000000; margin: 8px; width: 187px; text-align: center;\"><span style=\"line-height: 21px; font-size: 14px;\">\u00a0<span style=\"line-height: 21px; color: #333333; font-family: Arial, Helvetica; font-size: 14px; font-style: normal; font-weight: 400; background-color: #ffffff; float: none; display: inline !important;\">Lemmikkiel\u00e4intyyppi<\/span><\/span><\/td>\n<td style=\"font-family: Verdana, Arial, Helvetica, sans-serif; font-size: 12px; color: #000000; margin: 8px; width: 526px; text-align: center;\"><span style=\"line-height: 21px; font-size: 14px;\">\u00a0Kaikki koirat<\/span><\/td>\n<\/tr>\n<tr>\n<td style=\"font-family: Verdana, Arial, Helvetica, sans-serif; font-size: 12px; color: #000000; margin: 8px; width: 187px; text-align: center;\"><span style=\"line-height: 21px; font-size: 14px;\">\u00a0<span style=\"line-height: 21px; color: #333333; font-family: Arial, Helvetica; font-size: 14px; font-style: normal; font-weight: 400; background-color: #ffffff; float: none; display: inline !important;\">Toimitusaika<\/span><\/span><\/td>\n<td style=\"font-family: Verdana, Arial, Helvetica, sans-serif; font-size: 12px; color: #000000; margin: 8px; width: 526px; text-align: center;\"><span style=\"line-height: 21px; font-size: 14px;\"><span style=\"line-height: 21px; color: #000000; font-family: Verdana, Arial, Helvetica, sans-serif; font-size: 14px; font-style: normal; font-weight: 400; background-color: #ffffff; float: none; display: inline !important;\">1-5 p\u00e4iv\u00e4\u00e4 pienille m\u00e4\u00e4rille lentoteitse ja 30-35 p\u00e4iv\u00e4\u00e4 suurille m\u00e4\u00e4rille meritse.<\/span>\u00a0<\/span><\/td>\n<\/tr>\n<tr>\n<td style=\"font-family: Verdana, Arial, Helvetica, sans-serif; font-size: 12px; color: #000000; margin: 8px; width: 187px; text-align: center;\"><span style=\"line-height: 21px; font-size: 14px;\">\u00a0<span style=\"line-height: 21px; color: #333333; font-family: Arial, Helvetica; font-size: 14px; font-style: normal; font-weight: 400; background-color: #ffffff; float: none; display: inline !important;\">L\u00e4hetyssatama<\/span><\/span><\/td>\n<td style=\"font-family: Verdana, Arial, Helvetica, sans-serif; font-size: 12px; color: #000000; margin: 8px; width: 526px; text-align: center;\"><span style=\"line-height: 21px; font-size: 14px;\">Xiamen\u00a0<\/span><\/td>\n<\/tr>\n<tr>\n<td style=\"font-family: Verdana, Arial, Helvetica, sans-serif; font-size: 12px; color: #000000; margin: 8px; width: 187px; text-align: center;\"><span style=\"line-height: 21px; font-size: 14px;\">\u00a0<span style=\"line-height: 21px; color: #333333; font-family: Arial, Helvetica; font-size: 14px; font-style: normal; font-weight: 400; background-color: #ffffff; float: none; display: inline !important;\">OEM\/ODM<\/span><\/span><\/td>\n<td style=\"font-family: Verdana, Arial, Helvetica, sans-serif; font-size: 12px; color: #000000; margin: 8px; width: 526px; text-align: center;\"><span style=\"line-height: 21px; font-size: 14px;\">\u00a0<span style=\"line-height: 21px; color: #333333; font-family: Arial, Helvetica; font-size: 14px; font-style: normal; font-weight: 400; background-color: #ffffff; float: none; display: inline !important;\">Saatavilla<\/span><\/span><\/td>\n<\/tr>\n<tr>\n<td style=\"font-family: Verdana, Arial, Helvetica, sans-serif; font-size: 12px; color: #000000; margin: 8px; width: 187px; text-align: center;\"><span style=\"line-height: 21px; font-size: 14px;\">\u00a0<span style=\"line-height: 21px; color: #333333; font-family: Arial, Helvetica; font-size: 14px; font-style: normal; font-weight: 400; background-color: #ffffff; float: none; display: inline !important;\">Paketti<\/span><\/span><\/td>\n<td style=\"font-family: Verdana, Arial, Helvetica, sans-serif; font-size: 12px; color: #000000; margin: 8px; width: 526px; text-align: center;\"><span style=\"line-height: 21px; font-size: 14px;\"><span style=\"line-height: 21px; color: #333333; font-family: Arial, Helvetica; font-size: 14px; font-style: normal; font-weight: 400; background-color: #ffffff; float: none; display: inline !important;\">Kukin pakattu PPB:hen ja sitten kartonkiin tai tarpeen mukaan.<\/span><\/span><\/td>\n<\/tr>\n<\/tbody>\n<\/table>\n<p>\ud83d\udcd0 Koon opas<br \/>\n- Valitse koko koirasi nukkumistyylin mukaan. esim. k\u00e4pertyneen\u00e4 tai levitettyn\u00e4.<br \/>\n- Salli 3-4cm virhe kussakin koossa, koska n\u00e4m\u00e4 ovat k\u00e4sintehtyj\u00e4.<br \/>\nVaikka yrit\u00e4mme parhaan kykymme mukaan mitoittaa ne tarkasti, koot voivat vaihdella hieman.<\/p>\n<\/div>\n<\/div>","protected":false},"excerpt":{"rendered":"<div class=\"elementor-element elementor-element-36a3285 elementor-widget elementor-widget-woocommerce-product-title elementor-page-title elementor-widget-heading\" data-id=\"36a3285\" data-element_type=\"widget\" data-widget_type=\"woocommerce-product-title.default\">\n<div class=\"elementor-widget-container\">\n<h2><strong><b>Tukku olki patja Pet Bed<\/b><\/strong><\/h2>\n<p>Tutustu olkipatjaan Pet Bed.<\/p>\n<p>Pid\u00e4 lemmikkisi tyylikk\u00e4\u00e4n\u00e4 laadukkailla malleillamme.<\/p>\n<\/div>\n<\/div>","protected":false},"featured_media":5036,"template":"","meta":{"_seopress_robots_primary_cat":"none","_seopress_titles_title":"Straw Mattress Pet Bed - Professional Pet Product Manufaccturer","_seopress_titles_desc":"Explore our straw mattress pet bed, offering a natural style. Factory-direct, it&#039;s the perfect pet bed for comfort and durability, ideal for B2B buyers.","_seopress_robots_index":"","_uag_custom_page_level_css":""},"product_brand":[],"product_cat":[348,22],"product_tag":[71,69],"class_list":{"0":"post-5035","1":"product","2":"type-product","3":"status-publish","4":"has-post-thumbnail","6":"product_cat-chew-resistant-dog-beds","7":"product_cat-pet-bed","8":"product_tag-cat-bed","9":"product_tag-dog-bed","11":"first","12":"instock","13":"shipping-taxable","14":"product-type-simple"},"uagb_featured_image_src":{"full":["https:\/\/pecpets.com\/wp-content\/uploads\/2024\/04\/\u4e3b\u56fe-06.jpg",800,800,false],"thumbnail":["https:\/\/pecpets.com\/wp-content\/uploads\/2024\/04\/\u4e3b\u56fe-06.jpg",150,150,false],"medium":["https:\/\/pecpets.com\/wp-content\/uploads\/2024\/04\/\u4e3b\u56fe-06.jpg",300,300,false],"medium_large":["https:\/\/pecpets.com\/wp-content\/uploads\/2024\/04\/\u4e3b\u56fe-06.jpg",768,768,false],"large":["https:\/\/pecpets.com\/wp-content\/uploads\/2024\/04\/\u4e3b\u56fe-06.jpg",800,800,false],"1536x1536":["https:\/\/pecpets.com\/wp-content\/uploads\/2024\/04\/\u4e3b\u56fe-06.jpg",800,800,false],"2048x2048":["https:\/\/pecpets.com\/wp-content\/uploads\/2024\/04\/\u4e3b\u56fe-06.jpg",800,800,false],"trp-custom-language-flag":["https:\/\/pecpets.com\/wp-content\/uploads\/2024\/04\/\u4e3b\u56fe-06.jpg",12,12,false],"woocommerce_thumbnail":["https:\/\/pecpets.com\/wp-content\/uploads\/2024\/04\/\u4e3b\u56fe-06.jpg",300,300,false],"woocommerce_single":["https:\/\/pecpets.com\/wp-content\/uploads\/2024\/04\/\u4e3b\u56fe-06.jpg",600,600,false],"woocommerce_gallery_thumbnail":["https:\/\/pecpets.com\/wp-content\/uploads\/2024\/04\/\u4e3b\u56fe-06.jpg",100,100,false]},"uagb_author_info":{"display_name":"Lawrence\u00a0\u52b3\u4f26\u65af","author_link":"https:\/\/pecpets.com\/fi\/author\/"},"uagb_comment_info":0,"uagb_excerpt":"Wholesale Straw Mattress Pet Bed Discover Straw Mattress Pet Bed. Keep your pets stylish with our high-quality designs.","_links":{"self":[{"href":"https:\/\/pecpets.com\/fi\/wp-json\/wp\/v2\/product\/5035","targetHints":{"allow":["GET"]}}],"collection":[{"href":"https:\/\/pecpets.com\/fi\/wp-json\/wp\/v2\/product"}],"about":[{"href":"https:\/\/pecpets.com\/fi\/wp-json\/wp\/v2\/types\/product"}],"wp:featuredmedia":[{"embeddable":true,"href":"https:\/\/pecpets.com\/fi\/wp-json\/wp\/v2\/media\/5036"}],"wp:attachment":[{"href":"https:\/\/pecpets.com\/fi\/wp-json\/wp\/v2\/media?parent=5035"}],"wp:term":[{"taxonomy":"product_brand","embeddable":true,"href":"https:\/\/pecpets.com\/fi\/wp-json\/wp\/v2\/product_brand?post=5035"},{"taxonomy":"product_cat","embeddable":true,"href":"https:\/\/pecpets.com\/fi\/wp-json\/wp\/v2\/product_cat?post=5035"},{"taxonomy":"product_tag","embeddable":true,"href":"https:\/\/pecpets.com\/fi\/wp-json\/wp\/v2\/product_tag?post=5035"}],"curies":[{"name":"wp","href":"https:\/\/api.w.org\/{rel}","templated":true}]}}