{"id":5289,"date":"2024-05-08T15:59:52","date_gmt":"2024-05-08T07:59:52","guid":{"rendered":"https:\/\/pecpets.com\/?post_type=product&#038;p=5289"},"modified":"2024-06-12T15:12:46","modified_gmt":"2024-06-12T07:12:46","slug":"dog-leash-custom-color","status":"publish","type":"product","link":"https:\/\/pecpets.com\/fi\/product\/dog-leash-custom-color\/","title":{"rendered":"Dog Leash Custom Color"},"content":{"rendered":"<h2 data-immersive-translate-walked=\"a31ad6ab-e45e-43ba-80ae-f8cca86f0c4e\"><strong data-immersive-translate-walked=\"a31ad6ab-e45e-43ba-80ae-f8cca86f0c4e\">Ylellinen Heavy-Duty Big Dog Leash Factory | Pet Training Rope toimittaja<\/strong><\/h2>\n<p data-immersive-translate-walked=\"a31ad6ab-e45e-43ba-80ae-f8cca86f0c4e\" data-immersive-translate-paragraph=\"1\">Tervetuloa tutustumaan suurten koirien hihnavalikoimaamme, joka on t\u00e4ydellinen lemmikkien koulutukseen ja p\u00e4ivitt\u00e4isiin k\u00e4velylenkkeihin. Tehtaalla valmistamamme lemmikkien koulutusk\u00f6ydet on suunniteltu kest\u00e4viksi ja mukaviksi, joten ne sopivat erinomaisesti isoille koirille. Olitpa sitten lemmikin omistaja tai j\u00e4lleenmyyj\u00e4, ylelliset hihnamme ovat t\u00e4ydellinen valinta niille, jotka etsiv\u00e4t laatua ja tyyli\u00e4 lemmikkitarvikkeissa.<\/p>\n<p data-immersive-translate-walked=\"a31ad6ab-e45e-43ba-80ae-f8cca86f0c4e\" data-immersive-translate-paragraph=\"1\">Tutustu raskaiden koirahihnojen valikoimaamme jo t\u00e4n\u00e4\u00e4n ja selvit\u00e4, miksi tuotteemme erottuvat muista. Tehtaamme keskittyy laadukkaaseen k\u00e4sity\u00f6h\u00f6n ja kest\u00e4vyyteen ja varmistaa, ett\u00e4 jokainen hihna t\u00e4ytt\u00e4\u00e4 korkeimmat vaatimukset. Sano hyv\u00e4stit hauraille lemmikkitarvikkeille ja vaihda ylellisiin isojen koirien hihnoihimme saadaksesi erinomaisen k\u00e4velykokemuksen.<\/p>\n<p data-immersive-translate-walked=\"a31ad6ab-e45e-43ba-80ae-f8cca86f0c4e\" data-immersive-translate-paragraph=\"1\">Valitse tehtaamme kaikkiin lemmikkisi koulutusk\u00f6ysien tarpeisiin ja koe ero laadussa ja suorituskyvyss\u00e4. Osta nyt ja hemmottele karvaista yst\u00e4v\u00e4\u00e4si lemmikkitarvikkeiden parhaimmistolla!<\/p>","protected":false},"excerpt":{"rendered":"<div class=\"elementor-element elementor-element-36a3285 elementor-widget elementor-widget-woocommerce-product-title elementor-page-title elementor-widget-heading\" data-id=\"36a3285\" data-element_type=\"widget\" data-widget_type=\"woocommerce-product-title.default\">\n<div class=\"elementor-widget-container\">\n<h1 class=\"product_title entry-title elementor-heading-title elementor-size-default\">Dog Leash Custom Color and Low MOQ<\/h1>\n<\/div>\n<\/div>\n<div class=\"elementor-element elementor-element-f148377 elementor-widget elementor-widget-woocommerce-product-content\" data-id=\"f148377\" data-element_type=\"widget\" data-widget_type=\"woocommerce-product-content.default\">\n<div class=\"elementor-widget-container\">\n<table class=\"is-zebra all magic-1\" style=\"height: 309px;\" width=\"390\">\n<tbody>\n<tr>\n<td colspan=\"1\" rowspan=\"1\">\n<div class=\"magic-2\">Tuotteen tyyppi<\/div>\n<\/td>\n<td colspan=\"1\" rowspan=\"1\">\n<div class=\"magic-3\">Tukku Pet Leash<\/div>\n<\/td>\n<\/tr>\n<tr>\n<td colspan=\"1\" rowspan=\"1\">\n<div class=\"magic-2\">Materiaali<\/div>\n<\/td>\n<td colspan=\"1\" rowspan=\"1\">\n<div class=\"magic-3\">Nylon<\/div>\n<\/td>\n<\/tr>\n<tr>\n<td colspan=\"1\" rowspan=\"1\">\n<div class=\"magic-2\">Suunnittelu<\/div>\n<\/td>\n<td colspan=\"1\" rowspan=\"1\">\n<div class=\"magic-3\">Varastossa suunnittelu<\/div>\n<\/td>\n<\/tr>\n<tr>\n<td colspan=\"1\" rowspan=\"1\">\n<div class=\"magic-2\">K\u00e4ytt\u00f6<\/div>\n<\/td>\n<td colspan=\"1\" rowspan=\"1\">\n<div class=\"magic-3\">K\u00e4vele koiria<\/div>\n<\/td>\n<\/tr>\n<tr>\n<td colspan=\"1\" rowspan=\"1\">\n<div class=\"magic-2\">Ominaisuus<\/div>\n<\/td>\n<td colspan=\"1\" rowspan=\"1\">\n<div class=\"magic-3\">Kest\u00e4v\u00e4<\/div>\n<\/td>\n<\/tr>\n<tr>\n<td colspan=\"1\" rowspan=\"1\">\n<div class=\"magic-2\">MOQ<\/div>\n<\/td>\n<td colspan=\"1\" rowspan=\"1\">\n<div class=\"magic-3\">100 kappaletta<\/div>\n<\/td>\n<\/tr>\n<tr>\n<td colspan=\"1\" rowspan=\"1\">\n<div class=\"magic-2\">N\u00e4ytteenottoaika<\/div>\n<\/td>\n<td colspan=\"1\" rowspan=\"1\">\n<div class=\"magic-3\">5-7 ty\u00f6p\u00e4iv\u00e4\u00e4<\/div>\n<\/td>\n<\/tr>\n<tr>\n<td colspan=\"1\" rowspan=\"1\">\n<div class=\"magic-2\">OEM-palvelu<\/div>\n<\/td>\n<td colspan=\"1\" rowspan=\"1\">\n<div class=\"magic-3\">Saatavilla<\/div>\n<\/td>\n<\/tr>\n<\/tbody>\n<\/table>\n<\/div>\n<\/div>","protected":false},"featured_media":5285,"template":"","meta":{"_seopress_robots_primary_cat":"none","_seopress_titles_title":"","_seopress_titles_desc":"Explore our Dog Leash custom color, combining durability and comfort. Ideal for manufacturers seeking high-quality, customizable pet leashes for wholesale.\u00a0","_seopress_robots_index":"","_uag_custom_page_level_css":""},"product_brand":[],"product_cat":[325,28],"product_tag":[],"class_list":{"0":"post-5289","1":"product","2":"type-product","3":"status-publish","4":"has-post-thumbnail","6":"product_cat-chew-resistant-dog-leashes","7":"product_cat-pet-leash","9":"first","10":"instock","11":"shipping-taxable","12":"product-type-simple"},"uagb_featured_image_src":{"full":["https:\/\/pecpets.com\/wp-content\/uploads\/2024\/05\/pet-dog-leash4.jpg",1000,1000,false],"thumbnail":["https:\/\/pecpets.com\/wp-content\/uploads\/2024\/05\/pet-dog-leash4.jpg",150,150,false],"medium":["https:\/\/pecpets.com\/wp-content\/uploads\/2024\/05\/pet-dog-leash4.jpg",300,300,false],"medium_large":["https:\/\/pecpets.com\/wp-content\/uploads\/2024\/05\/pet-dog-leash4.jpg",768,768,false],"large":["https:\/\/pecpets.com\/wp-content\/uploads\/2024\/05\/pet-dog-leash4.jpg",800,800,false],"1536x1536":["https:\/\/pecpets.com\/wp-content\/uploads\/2024\/05\/pet-dog-leash4.jpg",1000,1000,false],"2048x2048":["https:\/\/pecpets.com\/wp-content\/uploads\/2024\/05\/pet-dog-leash4.jpg",1000,1000,false],"trp-custom-language-flag":["https:\/\/pecpets.com\/wp-content\/uploads\/2024\/05\/pet-dog-leash4.jpg",12,12,false],"woocommerce_thumbnail":["https:\/\/pecpets.com\/wp-content\/uploads\/2024\/05\/pet-dog-leash4.jpg",300,300,false],"woocommerce_single":["https:\/\/pecpets.com\/wp-content\/uploads\/2024\/05\/pet-dog-leash4.jpg",600,600,false],"woocommerce_gallery_thumbnail":["https:\/\/pecpets.com\/wp-content\/uploads\/2024\/05\/pet-dog-leash4.jpg",100,100,false]},"uagb_author_info":{"display_name":"Lawrence\u00a0\u52b3\u4f26\u65af","author_link":"https:\/\/pecpets.com\/fi\/author\/"},"uagb_comment_info":0,"uagb_excerpt":"Dog Leash Custom Color and Low MOQ Product Type Wholesale Pet Leash Material Nylon Design In Stock Design Usage Walk Dogs Feature Sustainable MOQ 100 Pieces Sample Time 5-7 working days OEM Service Available","_links":{"self":[{"href":"https:\/\/pecpets.com\/fi\/wp-json\/wp\/v2\/product\/5289","targetHints":{"allow":["GET"]}}],"collection":[{"href":"https:\/\/pecpets.com\/fi\/wp-json\/wp\/v2\/product"}],"about":[{"href":"https:\/\/pecpets.com\/fi\/wp-json\/wp\/v2\/types\/product"}],"wp:featuredmedia":[{"embeddable":true,"href":"https:\/\/pecpets.com\/fi\/wp-json\/wp\/v2\/media\/5285"}],"wp:attachment":[{"href":"https:\/\/pecpets.com\/fi\/wp-json\/wp\/v2\/media?parent=5289"}],"wp:term":[{"taxonomy":"product_brand","embeddable":true,"href":"https:\/\/pecpets.com\/fi\/wp-json\/wp\/v2\/product_brand?post=5289"},{"taxonomy":"product_cat","embeddable":true,"href":"https:\/\/pecpets.com\/fi\/wp-json\/wp\/v2\/product_cat?post=5289"},{"taxonomy":"product_tag","embeddable":true,"href":"https:\/\/pecpets.com\/fi\/wp-json\/wp\/v2\/product_tag?post=5289"}],"curies":[{"name":"wp","href":"https:\/\/api.w.org\/{rel}","templated":true}]}}