{"id":5760,"date":"2024-05-28T17:35:01","date_gmt":"2024-05-28T09:35:01","guid":{"rendered":"https:\/\/pecpets.com\/?post_type=product&#038;p=5760"},"modified":"2025-08-18T17:13:14","modified_gmt":"2025-08-18T09:13:14","slug":"dog-shoes-waterproof-dog-shoes","status":"publish","type":"product","link":"https:\/\/pecpets.com\/fi\/product\/dog-shoes-waterproof-dog-shoes\/","title":{"rendered":"Koiran keng\u00e4t Vedenpit\u00e4v\u00e4t koiran keng\u00e4t"},"content":{"rendered":"<h2 data-immersive-translate-walked=\"b535e8cb-4fa8-4755-a6c9-df7ac573832a\"><strong data-immersive-translate-walked=\"b535e8cb-4fa8-4755-a6c9-df7ac573832a\" data-immersive-translate-paragraph=\"1\">Tukku vedenpit\u00e4v\u00e4 hengitt\u00e4v\u00e4 Dog keng\u00e4t - Pet Dog keng\u00e4t kaikkina vuodenaikoina<\/strong><\/h2>\n<p data-immersive-translate-walked=\"b535e8cb-4fa8-4755-a6c9-df7ac573832a\" data-immersive-translate-paragraph=\"1\">Tutustu kokoelmaamme tukku vedenpit\u00e4vi\u00e4 hengitt\u00e4vi\u00e4 koiran kenki\u00e4, mukaan lukien erilaisia lemmikkikoiran kenki\u00e4, jotka on suunniteltu kaikkiin vuodenaikoihin.<\/p>\n<table width=\"288\">\n<tbody>\n<tr>\n<td width=\"137\"><span style=\"color: #333333;\">Tuotteiden nimi<\/span><\/td>\n<td width=\"151\"><span style=\"color: #333333;\">Lemmikkiel\u00e4inten keng\u00e4t<\/span><\/td>\n<\/tr>\n<tr>\n<td><span style=\"color: #333333;\">Tuotenro.<\/span><\/td>\n<td><span style=\"color: #333333;\">PA-S2016<\/span><\/td>\n<\/tr>\n<tr>\n<td><span style=\"color: #333333;\">Materiaali<\/span><\/td>\n<td><span style=\"color: #333333;\">Kumi<\/span><\/td>\n<\/tr>\n<tr>\n<td><span style=\"color: #333333;\">\u00a0Koko ja v\u00e4ri<\/span><\/td>\n<td><span style=\"color: #333333;\">R\u00e4\u00e4t\u00e4l\u00f6ity<\/span><\/td>\n<\/tr>\n<tr>\n<td><span style=\"color: #333333;\">\u00a0Toimitusaika<\/span><\/td>\n<td><span style=\"color: #333333;\">1-5 p\u00e4iv\u00e4\u00e4 pienille m\u00e4\u00e4rille lentoteitse ja 30-35 p\u00e4iv\u00e4\u00e4 suurille m\u00e4\u00e4rille meritse.<\/span><\/td>\n<\/tr>\n<\/tbody>\n<\/table>\n<p data-immersive-translate-walked=\"b535e8cb-4fa8-4755-a6c9-df7ac573832a\" data-immersive-translate-paragraph=\"1\">Erilaisia olosuhteita kest\u00e4v\u00e4t tuotteemme tarjoavat sek\u00e4 tyyli\u00e4 ett\u00e4 toiminnallisuutta koiranomistajille, jotka haluavat suojella karvaisten yst\u00e4viens\u00e4 tassuja.<\/p>\n<p data-immersive-translate-walked=\"b535e8cb-4fa8-4755-a6c9-df7ac573832a\" data-immersive-translate-paragraph=\"1\">Koiran keng\u00e4t on rakennettu tarjoamaan mukavuutta ja suojaa vedenpit\u00e4vist\u00e4 ominaisuuksista hengitt\u00e4vyyteen.<\/p>\n<p data-immersive-translate-walked=\"b535e8cb-4fa8-4755-a6c9-df7ac573832a\" data-immersive-translate-paragraph=\"1\">Tutustu tukkukoirien kenkien valikoimaan jo t\u00e4n\u00e4\u00e4n varmistaaksesi, ett\u00e4 asiakkaidesi lemmikit k\u00e4velev\u00e4t tyylill\u00e4 ja turvallisesti.<\/p>","protected":false},"excerpt":{"rendered":"<h2>Koiran keng\u00e4t Vedenpit\u00e4v\u00e4t koiran keng\u00e4t<\/h2>\n<p>Tutustu Koiran keng\u00e4t Vedenpit\u00e4v\u00e4t koiran keng\u00e4t.<\/p>\n<p>Shop tukku lemmikkiel\u00e4inten keng\u00e4t tehtaalta ly\u00f6m\u00e4tt\u00f6miin hintoihin ja laatuun.<\/p>","protected":false},"featured_media":5765,"template":"","meta":{"_seopress_robots_primary_cat":"none","_seopress_titles_title":"Top Pet Accessory Manufacturers: Breathable, Waterproof Dog Shoes","_seopress_titles_desc":"Discover top Waterproof Dog Shoes manufacturers offering waterproof, breathable, dog shoes. Perfect for all weather, our products make sure your pets comfort.","_seopress_robots_index":"","_uag_custom_page_level_css":""},"product_brand":[],"product_cat":[330],"product_tag":[],"class_list":{"0":"post-5760","1":"product","2":"type-product","3":"status-publish","4":"has-post-thumbnail","6":"product_cat-dog-shoes","8":"first","9":"instock","10":"shipping-taxable","11":"product-type-simple"},"uagb_featured_image_src":{"full":["https:\/\/pecpets.com\/wp-content\/uploads\/2024\/05\/Waterproof-Dog-Shoes.png",1500,1432,false],"thumbnail":["https:\/\/pecpets.com\/wp-content\/uploads\/2024\/05\/Waterproof-Dog-Shoes-150x150.png",150,150,true],"medium":["https:\/\/pecpets.com\/wp-content\/uploads\/2024\/05\/Waterproof-Dog-Shoes-300x286.png",300,286,true],"medium_large":["https:\/\/pecpets.com\/wp-content\/uploads\/2024\/05\/Waterproof-Dog-Shoes-768x733.png",768,733,true],"large":["https:\/\/pecpets.com\/wp-content\/uploads\/2024\/05\/Waterproof-Dog-Shoes-1024x978.png",800,764,true],"1536x1536":["https:\/\/pecpets.com\/wp-content\/uploads\/2024\/05\/Waterproof-Dog-Shoes.png",1500,1432,false],"2048x2048":["https:\/\/pecpets.com\/wp-content\/uploads\/2024\/05\/Waterproof-Dog-Shoes.png",1500,1432,false],"trp-custom-language-flag":["https:\/\/pecpets.com\/wp-content\/uploads\/2024\/05\/Waterproof-Dog-Shoes.png",13,12,false],"woocommerce_thumbnail":["https:\/\/pecpets.com\/wp-content\/uploads\/2024\/05\/Waterproof-Dog-Shoes-300x300.png",300,300,true],"woocommerce_single":["https:\/\/pecpets.com\/wp-content\/uploads\/2024\/05\/Waterproof-Dog-Shoes-600x573.png",600,573,true],"woocommerce_gallery_thumbnail":["https:\/\/pecpets.com\/wp-content\/uploads\/2024\/05\/Waterproof-Dog-Shoes-100x100.png",100,100,true]},"uagb_author_info":{"display_name":"Lawrence\u00a0\u52b3\u4f26\u65af","author_link":"https:\/\/pecpets.com\/fi\/author\/"},"uagb_comment_info":0,"uagb_excerpt":"Dog Shoes Waterproof Dog Shoes Explore Dog Shoes Waterproof Dog Shoes. Shop wholesale pet Shoes from the factory for unbeatable prices and quality.","_links":{"self":[{"href":"https:\/\/pecpets.com\/fi\/wp-json\/wp\/v2\/product\/5760","targetHints":{"allow":["GET"]}}],"collection":[{"href":"https:\/\/pecpets.com\/fi\/wp-json\/wp\/v2\/product"}],"about":[{"href":"https:\/\/pecpets.com\/fi\/wp-json\/wp\/v2\/types\/product"}],"wp:featuredmedia":[{"embeddable":true,"href":"https:\/\/pecpets.com\/fi\/wp-json\/wp\/v2\/media\/5765"}],"wp:attachment":[{"href":"https:\/\/pecpets.com\/fi\/wp-json\/wp\/v2\/media?parent=5760"}],"wp:term":[{"taxonomy":"product_brand","embeddable":true,"href":"https:\/\/pecpets.com\/fi\/wp-json\/wp\/v2\/product_brand?post=5760"},{"taxonomy":"product_cat","embeddable":true,"href":"https:\/\/pecpets.com\/fi\/wp-json\/wp\/v2\/product_cat?post=5760"},{"taxonomy":"product_tag","embeddable":true,"href":"https:\/\/pecpets.com\/fi\/wp-json\/wp\/v2\/product_tag?post=5760"}],"curies":[{"name":"wp","href":"https:\/\/api.w.org\/{rel}","templated":true}]}}