{"id":6959,"date":"2024-06-25T15:50:41","date_gmt":"2024-06-25T07:50:41","guid":{"rendered":"https:\/\/pecpets.com\/?post_type=product&#038;p=6959"},"modified":"2025-08-19T11:01:24","modified_gmt":"2025-08-19T03:01:24","slug":"dog-waterproof-outdoor-clothes","status":"publish","type":"product","link":"https:\/\/pecpets.com\/fi\/product\/dog-waterproof-outdoor-clothes\/","title":{"rendered":"Koiran vedenpit\u00e4v\u00e4t ulkovaatteet"},"content":{"rendered":"<h2 data-immersive-translate-walked=\"7a0058e1-a44f-4dca-9e53-0c6459c72304\" data-immersive-translate-paragraph=\"1\">Ylellinen koira vedenpit\u00e4v\u00e4 ulkoiluvaatteet - t\u00e4ydellinen koiran hoito Clean | Tukku &amp; Factory Direct<\/h2>\n<p>Tutustu ylellisiin koirien vedenpit\u00e4viin ulkoiluvaatteisiimme, jotka ovat ihanteellisia pit\u00e4m\u00e4\u00e4n lemmikkisi puhtaana koiran hoidon ja ulkoiluseikkailujen aikana. Saatavana tukkumyyntiin suoraan tehtaaltamme, mik\u00e4 takaa huippulaadun ja kilpailukykyisen hinnoittelun yrityksellesi.<\/p>\n<table width=\"288\">\n<tbody>\n<tr>\n<td width=\"137\"><span style=\"color: #333333;\">Tuotteiden nimi<\/span><\/td>\n<td width=\"151\"><span style=\"color: #333333;\">Pet Clothes<\/span><\/td>\n<\/tr>\n<tr>\n<td><span style=\"color: #333333;\">Tuotenro.<\/span><\/td>\n<td><span style=\"color: #333333;\">PC-1001<\/span><\/td>\n<\/tr>\n<tr>\n<td><span style=\"color: #333333;\">Materiaali<\/span><\/td>\n<td><span style=\"color: #333333;\">Cotton, Polyester, Fiber<\/span><\/td>\n<\/tr>\n<tr>\n<td><span style=\"color: #333333;\">\u00a0Koko ja v\u00e4ri<\/span><\/td>\n<td><span style=\"color: #333333;\">Mukautettu koko<\/span><\/td>\n<\/tr>\n<tr>\n<td><span style=\"color: #333333;\">\u00a0Toimitusaika<\/span><\/td>\n<td><span style=\"color: #333333;\">1-5 p\u00e4iv\u00e4\u00e4 pienille m\u00e4\u00e4rille lentoteitse ja 30-35 p\u00e4iv\u00e4\u00e4 suurille m\u00e4\u00e4rille meritse.<\/span><\/td>\n<\/tr>\n<\/tbody>\n<\/table>\n<ul>\n<li data-immersive-translate-walked=\"85fa5479-e3d0-4913-81cd-8463fb71838d\"><strong data-immersive-translate-walked=\"85fa5479-e3d0-4913-81cd-8463fb71838d\">Vedenpit\u00e4v\u00e4 suojaus:<\/strong> Valmistettu korkealaatuisista vedenpit\u00e4vist\u00e4 materiaaleista, jotka takaavat, ett\u00e4 koirasi pysyy kuivana ja mukavana kaikissa s\u00e4\u00e4olosuhteissa.<\/li>\n<li><strong>Luxury Design:<\/strong> N\u00e4m\u00e4 vaatteet on valmistettu yksityiskohtaisesti, ja ne tarjoavat ylellisen ulkon\u00e4\u00f6n ja tuntuman, joka saa lemmikkisi erottumaan edukseen.<\/li>\n<li><strong>Koiranhoito Puhdas:<\/strong> Ihanteellinen koiran pit\u00e4miseen puhtaana hoitokertojen aikana, v\u00e4hent\u00e4\u00e4 sotkua ja tehostaa prosessia.<\/li>\n<li><strong>Durable Construction:<\/strong> Rakennettu kest\u00e4m\u00e4\u00e4n kest\u00e4vill\u00e4 materiaaleilla, jotka kest\u00e4v\u00e4t ulkoilman kulutusta ja takaavat pitk\u00e4aikaisen k\u00e4yt\u00f6n.<\/li>\n<li><strong>Mukava istuvuus:<\/strong> Suunniteltu tiukkaan mutta mukavaan istuvuuteen, jotta koirasi voi liikkua vapaasti ilman rajoituksia.<\/li>\n<li><strong>Helppo puhdistaa:<\/strong> Vaatteet voidaan pest\u00e4 koneessa, mik\u00e4 takaa vaivattoman yll\u00e4pidon ja varmistaa, ett\u00e4 ne pysyv\u00e4t raikkaina ja k\u00e4ytt\u00f6valmiina.<\/li>\n<li data-immersive-translate-walked=\"85fa5479-e3d0-4913-81cd-8463fb71838d\"><strong data-immersive-translate-walked=\"85fa5479-e3d0-4913-81cd-8463fb71838d\">Wholesale &amp; Factory Direct:<\/strong> Osta suoraan tehtaaltamme ja nauti parhaista tukkuhinnoista, jotka sopivat erinomaisesti lemmikkiel\u00e4inkaupoille, hoitoloille ja lemmikkiel\u00e4inten hoitajille.<\/li>\n<\/ul>\n<p data-immersive-translate-walked=\"85fa5479-e3d0-4913-81cd-8463fb71838d\">Paranna tuotetarjontaasi ylellisill\u00e4 koiran vedenpit\u00e4vill\u00e4 ulkoiluvaatteillamme. Ihanteellinen lemmikinomistajille, jotka arvostavat sek\u00e4 tyyli\u00e4 ett\u00e4 toiminnallisuutta, ja loistava lis\u00e4 yrityksesi varastoon. Ota meihin yhteytt\u00e4 jo t\u00e4n\u00e4\u00e4n tukkumyyntitiedustelujen ja tehtaan suoran hinnoittelun vuoksi!<\/p>","protected":false},"excerpt":{"rendered":"<h2>Koiran vedenpit\u00e4v\u00e4t ulkovaatteet<\/h2>\n<p>Explore Dog Waterproof Outdoor Clothes.<\/p>\n<p>Osta tukku lemmikkiel\u00e4inten hoitotuotteita tehtaalta ly\u00f6m\u00e4tt\u00f6miin hintoihin ja laadukkaasti.<\/p>","protected":false},"featured_media":6970,"template":"","meta":{"_seopress_robots_primary_cat":"none","_seopress_titles_title":"Pet Clean: Dog Waterproof Outdoor Clothes -Manufacterurs","_seopress_titles_desc":"Introducing our Luxury Dog Waterproof Outdoor Clothes, designed to provide comfort, and style for your pet during outdoor activities and grooming sessions.","_seopress_robots_index":"","_uag_custom_page_level_css":""},"product_brand":[],"product_cat":[365,23],"product_tag":[165,337],"class_list":{"0":"post-6959","1":"product","2":"type-product","3":"status-publish","4":"has-post-thumbnail","6":"product_cat-functional-dog-clothing","7":"product_cat-pet-clothing","8":"product_tag-pet-accessories","9":"product_tag-pet-clean","11":"first","12":"instock","13":"shipping-taxable","14":"product-type-simple"},"uagb_featured_image_src":{"full":["https:\/\/pecpets.com\/wp-content\/uploads\/2024\/06\/\u4e3b\u56fe-01-21.jpg",800,800,false],"thumbnail":["https:\/\/pecpets.com\/wp-content\/uploads\/2024\/06\/\u4e3b\u56fe-01-21-150x150.jpg",150,150,true],"medium":["https:\/\/pecpets.com\/wp-content\/uploads\/2024\/06\/\u4e3b\u56fe-01-21-300x300.jpg",300,300,true],"medium_large":["https:\/\/pecpets.com\/wp-content\/uploads\/2024\/06\/\u4e3b\u56fe-01-21-768x768.jpg",768,768,true],"large":["https:\/\/pecpets.com\/wp-content\/uploads\/2024\/06\/\u4e3b\u56fe-01-21.jpg",800,800,false],"1536x1536":["https:\/\/pecpets.com\/wp-content\/uploads\/2024\/06\/\u4e3b\u56fe-01-21.jpg",800,800,false],"2048x2048":["https:\/\/pecpets.com\/wp-content\/uploads\/2024\/06\/\u4e3b\u56fe-01-21.jpg",800,800,false],"trp-custom-language-flag":["https:\/\/pecpets.com\/wp-content\/uploads\/2024\/06\/\u4e3b\u56fe-01-21.jpg",12,12,false],"woocommerce_thumbnail":["https:\/\/pecpets.com\/wp-content\/uploads\/2024\/06\/\u4e3b\u56fe-01-21-300x300.jpg",300,300,true],"woocommerce_single":["https:\/\/pecpets.com\/wp-content\/uploads\/2024\/06\/\u4e3b\u56fe-01-21-600x600.jpg",600,600,true],"woocommerce_gallery_thumbnail":["https:\/\/pecpets.com\/wp-content\/uploads\/2024\/06\/\u4e3b\u56fe-01-21-100x100.jpg",100,100,true]},"uagb_author_info":{"display_name":"Lawrence\u00a0\u52b3\u4f26\u65af","author_link":"https:\/\/pecpets.com\/fi\/author\/"},"uagb_comment_info":0,"uagb_excerpt":"Dog Waterproof Outdoor Clothes Explore Dog Waterproof Outdoor Clothes. Shop wholesale pet grooming from the factory for unbeatable prices and quality.","_links":{"self":[{"href":"https:\/\/pecpets.com\/fi\/wp-json\/wp\/v2\/product\/6959","targetHints":{"allow":["GET"]}}],"collection":[{"href":"https:\/\/pecpets.com\/fi\/wp-json\/wp\/v2\/product"}],"about":[{"href":"https:\/\/pecpets.com\/fi\/wp-json\/wp\/v2\/types\/product"}],"wp:featuredmedia":[{"embeddable":true,"href":"https:\/\/pecpets.com\/fi\/wp-json\/wp\/v2\/media\/6970"}],"wp:attachment":[{"href":"https:\/\/pecpets.com\/fi\/wp-json\/wp\/v2\/media?parent=6959"}],"wp:term":[{"taxonomy":"product_brand","embeddable":true,"href":"https:\/\/pecpets.com\/fi\/wp-json\/wp\/v2\/product_brand?post=6959"},{"taxonomy":"product_cat","embeddable":true,"href":"https:\/\/pecpets.com\/fi\/wp-json\/wp\/v2\/product_cat?post=6959"},{"taxonomy":"product_tag","embeddable":true,"href":"https:\/\/pecpets.com\/fi\/wp-json\/wp\/v2\/product_tag?post=6959"}],"curies":[{"name":"wp","href":"https:\/\/api.w.org\/{rel}","templated":true}]}}