{"id":6973,"date":"2024-06-25T16:10:30","date_gmt":"2024-06-25T08:10:30","guid":{"rendered":"https:\/\/pecpets.com\/?post_type=product&#038;p=6973"},"modified":"2025-08-19T10:53:14","modified_gmt":"2025-08-19T02:53:14","slug":"pet-hair-brush-3-in1-steamer-brush","status":"publish","type":"product","link":"https:\/\/pecpets.com\/fi\/product\/pet-hair-brush-3-in1-steamer-brush\/","title":{"rendered":"Lemmikkiel\u00e4inten karvaharja 3 in1 h\u00f6yrystinharja"},"content":{"rendered":"<h2 data-immersive-translate-walked=\"7a0058e1-a44f-4dca-9e53-0c6459c72304\" data-immersive-translate-paragraph=\"1\">Lemmikkiel\u00e4inten karvaharja 3 in 1 h\u00f6yrystinharja - Koiranhoito Clean &amp; Massage | Tukku &amp; Factory Direct<\/h2>\n<p>Tutustu lemmikkiel\u00e4inten karvaharjaan 3 in 1 h\u00f6yryharjaan, joka sopii t\u00e4ydellisesti koiran hoitoon, puhdistukseen, hierontaan sek\u00e4 sotkeutuneiden ja irtokarvojen poistoon. Saatavana tukkumyyntiin suoraan tehtaaltamme, joka tarjoaa huippulaatua ja kilpailukykyist\u00e4 hinnoittelua yrityksesi tarpeisiin.<\/p>\n<table width=\"288\">\n<tbody>\n<tr>\n<td width=\"137\"><span style=\"color: #333333;\">Tuotteiden nimi<\/span><\/td>\n<td width=\"151\"><span style=\"color: #333333;\">Lemmikkiel\u00e4inten hoito Puhdas<\/span><\/td>\n<\/tr>\n<tr>\n<td><span style=\"color: #333333;\">Tuotenro.<\/span><\/td>\n<td><span style=\"color: #333333;\">PA-PGC2004<\/span><\/td>\n<\/tr>\n<tr>\n<td><span style=\"color: #333333;\">Materiaali<\/span><\/td>\n<td><span style=\"color: #333333;\">Silikoni<\/span><\/td>\n<\/tr>\n<tr>\n<td><span style=\"color: #333333;\">\u00a0Koko ja v\u00e4ri<\/span><\/td>\n<td><span style=\"color: #333333;\">7,7 x 12,5 x 6 cm.<\/span><\/td>\n<\/tr>\n<tr>\n<td><span style=\"color: #333333;\">\u00a0Toimitusaika<\/span><\/td>\n<td><span style=\"color: #333333;\">1-5 p\u00e4iv\u00e4\u00e4 pienille m\u00e4\u00e4rille lentoteitse ja 30-35 p\u00e4iv\u00e4\u00e4 suurille m\u00e4\u00e4rille meritse.<\/span><\/td>\n<\/tr>\n<\/tbody>\n<\/table>\n<ul>\n<li data-immersive-translate-walked=\"85fa5479-e3d0-4913-81cd-8463fb71838d\"><strong data-immersive-translate-walked=\"85fa5479-e3d0-4913-81cd-8463fb71838d\">3 in 1 -toiminnallisuus:<\/strong> T\u00e4ss\u00e4 harjassa yhdistyv\u00e4t hoito, hieronta ja h\u00f6yrytys, jotta lemmikkisi saa kokonaisvaltaista hoitoa. H\u00f6yrystin auttaa pehment\u00e4m\u00e4\u00e4n karvoja ja ihoa, jolloin lemmikkisi hoitaminen on helpompaa ja miellytt\u00e4v\u00e4mp\u00e4\u00e4.<\/li>\n<li><strong>Koiranhoito Puhdas:<\/strong> Poistaa tehokkaasti lian, irtonaiset karvat ja karvap\u00f6rr\u00f6t ja varmistaa, ett\u00e4 koirasi pysyy puhtaana ja hyvin hoidettuna.<\/li>\n<li data-immersive-translate-walked=\"85fa5479-e3d0-4913-81cd-8463fb71838d\"><strong data-immersive-translate-walked=\"85fa5479-e3d0-4913-81cd-8463fb71838d\">Hieronta Lemmikkiel\u00e4inten hoito:<\/strong> Harja hieroo hell\u00e4varaisesti, mik\u00e4 edist\u00e4\u00e4 verenkiertoa ja terveemp\u00e4\u00e4 turkkia.<\/li>\n<li><strong>K\u00e4hertyneiden ja irtoavien hiusten poistaminen:<\/strong> Suunniteltu helposti irrottamaan ja poistamaan irtokarvat, v\u00e4hent\u00e4m\u00e4\u00e4n irtoamista ja pit\u00e4m\u00e4\u00e4n lemmikkisi turkki huippukunnossa.<\/li>\n<li><strong>Kest\u00e4v\u00e4 ja korkealaatuinen:<\/strong> Valmistettu tukevista, korkealaatuisista materiaaleista, jotka takaavat pitk\u00e4aikaisen k\u00e4yt\u00f6n ja luotettavuuden.<\/li>\n<li><strong>Helppo k\u00e4ytt\u00e4\u00e4 ja puhdistaa:<\/strong> Harja on k\u00e4ytt\u00e4j\u00e4yst\u00e4v\u00e4llinen ja helppo puhdistaa, joten se on nopea ja vaivaton.<\/li>\n<li data-immersive-translate-walked=\"85fa5479-e3d0-4913-81cd-8463fb71838d\"><strong data-immersive-translate-walked=\"85fa5479-e3d0-4913-81cd-8463fb71838d\">Wholesale &amp; Factory Direct:<\/strong> Osta suoraan tehtaaltamme ja hy\u00f6dy parhaista tukkuhinnoista, jotka sopivat erinomaisesti lemmikkiel\u00e4inkaupoille, hoitoloille ja lemmikkiel\u00e4inten hoitajille.<\/li>\n<\/ul>\n<p data-immersive-translate-walked=\"85fa5479-e3d0-4913-81cd-8463fb71838d\">P\u00e4ivit\u00e4 hoitoty\u00f6kalupakkiasi lemmikkikarvaharjalla 3 in 1 h\u00f6yrystinharjalla. Ihanteellinen lemmikkiel\u00e4inten omistajille ja hoitoalan ammattilaisille, jotka etsiv\u00e4t kattavaa ja ylellist\u00e4 hoitoratkaisua. Ota meihin yhteytt\u00e4 jo t\u00e4n\u00e4\u00e4n tukkumyyntitiedustelujen ja tehtaan suoran hinnoittelun vuoksi!<\/p>","protected":false},"excerpt":{"rendered":"<h2>Lemmikkiel\u00e4inten karvaharja 3 in1 h\u00f6yrystinharja<\/h2>\n<p>Tutustu lemmikkiel\u00e4inten karvaharjaan 3 in1 h\u00f6yrystinharja.<\/p>\n<p>Osta tukku lemmikkiel\u00e4inten hoitotuotteita tehtaalta ly\u00f6m\u00e4tt\u00f6miin hintoihin ja laadukkaasti.<\/p>","protected":false},"featured_media":6974,"template":"","meta":{"_seopress_robots_primary_cat":"none","_seopress_titles_title":"Pet Clean: 3 in1 Steamer Brush - Pet Manufacterurs","_seopress_titles_desc":"This Pet Hair Brush 3 in1 Steamer Brush combines three functionalities in one, making it an essential tool for pet care professionals and pet owners alike.","_seopress_robots_index":"","_uag_custom_page_level_css":""},"product_brand":[],"product_cat":[324,331],"product_tag":[165,337],"class_list":{"0":"post-6973","1":"product","2":"type-product","3":"status-publish","4":"has-post-thumbnail","6":"product_cat-pet-accessory","7":"product_cat-pet-grooming-clean","8":"product_tag-pet-accessories","9":"product_tag-pet-clean","11":"first","12":"instock","13":"shipping-taxable","14":"product-type-simple"},"uagb_featured_image_src":{"full":["https:\/\/pecpets.com\/wp-content\/uploads\/2024\/06\/\u4e3b\u56fe-01-22.jpg",1600,1600,false],"thumbnail":["https:\/\/pecpets.com\/wp-content\/uploads\/2024\/06\/\u4e3b\u56fe-01-22-150x150.jpg",150,150,true],"medium":["https:\/\/pecpets.com\/wp-content\/uploads\/2024\/06\/\u4e3b\u56fe-01-22-300x300.jpg",300,300,true],"medium_large":["https:\/\/pecpets.com\/wp-content\/uploads\/2024\/06\/\u4e3b\u56fe-01-22-768x768.jpg",768,768,true],"large":["https:\/\/pecpets.com\/wp-content\/uploads\/2024\/06\/\u4e3b\u56fe-01-22-1024x1024.jpg",800,800,true],"1536x1536":["https:\/\/pecpets.com\/wp-content\/uploads\/2024\/06\/\u4e3b\u56fe-01-22-1536x1536.jpg",1536,1536,true],"2048x2048":["https:\/\/pecpets.com\/wp-content\/uploads\/2024\/06\/\u4e3b\u56fe-01-22.jpg",1600,1600,false],"trp-custom-language-flag":["https:\/\/pecpets.com\/wp-content\/uploads\/2024\/06\/\u4e3b\u56fe-01-22.jpg",12,12,false],"woocommerce_thumbnail":["https:\/\/pecpets.com\/wp-content\/uploads\/2024\/06\/\u4e3b\u56fe-01-22-300x300.jpg",300,300,true],"woocommerce_single":["https:\/\/pecpets.com\/wp-content\/uploads\/2024\/06\/\u4e3b\u56fe-01-22-600x600.jpg",600,600,true],"woocommerce_gallery_thumbnail":["https:\/\/pecpets.com\/wp-content\/uploads\/2024\/06\/\u4e3b\u56fe-01-22-100x100.jpg",100,100,true]},"uagb_author_info":{"display_name":"Lawrence\u00a0\u52b3\u4f26\u65af","author_link":"https:\/\/pecpets.com\/fi\/author\/"},"uagb_comment_info":0,"uagb_excerpt":"Pet Hair Brush 3 in1 Steamer Brush Explore Pet Hair Brush 3 in1 Steamer Brush. Shop wholesale pet grooming from the factory for unbeatable prices and quality.","_links":{"self":[{"href":"https:\/\/pecpets.com\/fi\/wp-json\/wp\/v2\/product\/6973","targetHints":{"allow":["GET"]}}],"collection":[{"href":"https:\/\/pecpets.com\/fi\/wp-json\/wp\/v2\/product"}],"about":[{"href":"https:\/\/pecpets.com\/fi\/wp-json\/wp\/v2\/types\/product"}],"wp:featuredmedia":[{"embeddable":true,"href":"https:\/\/pecpets.com\/fi\/wp-json\/wp\/v2\/media\/6974"}],"wp:attachment":[{"href":"https:\/\/pecpets.com\/fi\/wp-json\/wp\/v2\/media?parent=6973"}],"wp:term":[{"taxonomy":"product_brand","embeddable":true,"href":"https:\/\/pecpets.com\/fi\/wp-json\/wp\/v2\/product_brand?post=6973"},{"taxonomy":"product_cat","embeddable":true,"href":"https:\/\/pecpets.com\/fi\/wp-json\/wp\/v2\/product_cat?post=6973"},{"taxonomy":"product_tag","embeddable":true,"href":"https:\/\/pecpets.com\/fi\/wp-json\/wp\/v2\/product_tag?post=6973"}],"curies":[{"name":"wp","href":"https:\/\/api.w.org\/{rel}","templated":true}]}}