{"id":7005,"date":"2024-06-25T16:36:40","date_gmt":"2024-06-25T08:36:40","guid":{"rendered":"https:\/\/pecpets.com\/?post_type=product&#038;p=7005"},"modified":"2025-08-19T10:20:43","modified_gmt":"2025-08-19T02:20:43","slug":"dog-grooming-scissors-kit","status":"publish","type":"product","link":"https:\/\/pecpets.com\/fi\/product\/dog-grooming-scissors-kit\/","title":{"rendered":"Koiranhoitosakset Kit"},"content":{"rendered":"<h2 data-immersive-translate-walked=\"7a0058e1-a44f-4dca-9e53-0c6459c72304\" data-immersive-translate-paragraph=\"1\">Professional Dog Grooming sakset Kit - Dog Grooming Clean Tool Set | Tukku &amp; Factory Direct<\/h2>\n<p>Explore our Professional Dog Grooming Scissors Kit, designed for achieving clean dog grooming results. This pet cleaning and grooming tool set is available for wholesale directly from our factory, ensuring top quality and competitive pricing for your business needs.<\/p>\n<table width=\"288\">\n<tbody>\n<tr>\n<td width=\"137\"><span style=\"color: #333333;\">Tuotteiden nimi<\/span><\/td>\n<td width=\"151\"><span style=\"color: #333333;\">Lemmikkiel\u00e4inten hoito Puhdas<\/span><\/td>\n<\/tr>\n<tr>\n<td><span style=\"color: #333333;\">Tuotenro.<\/span><\/td>\n<td><span style=\"color: #333333;\">PGC-2001<\/span><\/td>\n<\/tr>\n<tr>\n<td><span style=\"color: #333333;\">Materiaali<\/span><\/td>\n<td><span style=\"color: #333333;\">Ruostumattomat ter\u00e4kset<\/span><\/td>\n<\/tr>\n<tr>\n<td><span style=\"color: #333333;\">\u00a0Koko ja v\u00e4ri<\/span><\/td>\n<td><span style=\"color: #333333;\">18 x 6 x 5 cm<\/span><\/td>\n<\/tr>\n<tr>\n<td><span style=\"color: #333333;\">\u00a0Toimitusaika<\/span><\/td>\n<td><span style=\"color: #333333;\">1-5 p\u00e4iv\u00e4\u00e4 pienille m\u00e4\u00e4rille lentoteitse ja 30-35 p\u00e4iv\u00e4\u00e4 suurille m\u00e4\u00e4rille meritse.<\/span><\/td>\n<\/tr>\n<\/tbody>\n<\/table>\n<ul>\n<li><strong>Koiranhoito Puhdas:<\/strong> Saavuta t\u00e4ydellisesti hoidettu ulkon\u00e4k\u00f6 tarkkuus saksilla, jotka on suunniteltu antamaan puhdas ja siisti lopputulos.<\/li>\n<li><strong>Ammattimainen lemmikkiel\u00e4inten puhdistus- ja hoitoty\u00f6kalusarja:<\/strong> This kit includes a variety of grooming scissors, such as straight scissors, thinning scissors, curved scissors, and a grooming comb, making it a complete solution for all grooming needs.<\/li>\n<li><strong>Korkealaatuiset materiaalit:<\/strong> Valmistettu kest\u00e4v\u00e4st\u00e4, ruostumattomasta ruostumattomasta ter\u00e4ksest\u00e4, joka takaa pitk\u00e4aikaisen ter\u00e4vyyden ja luotettavuuden.<\/li>\n<li><strong>Ergonominen muotoilu:<\/strong> Mukavat, ergonomiset kahvat tarjoavat turvallisen otteen ja v\u00e4hent\u00e4v\u00e4t k\u00e4sien v\u00e4symist\u00e4 pitkien hoitosessioiden aikana.<\/li>\n<li><strong>Turvallinen ja hell\u00e4varainen:<\/strong> Suunniteltu py\u00f6ristetyill\u00e4 k\u00e4rjill\u00e4 lemmikkisi turvallisuuden takaamiseksi, mik\u00e4 est\u00e4\u00e4 vahingossa tapahtuvat naarmut ja viillot.<\/li>\n<li><strong>Monipuolinen k\u00e4ytt\u00f6:<\/strong> Soveltuu karvojen leikkaamiseen koiran kaikissa osissa, mukaan lukien kasvot, tassut ja vartalo.<\/li>\n<li><strong>Helppo puhdistaa ja huoltaa:<\/strong> Sakset on helppo puhdistaa ja huoltaa, joten ne pysyv\u00e4t huippukunnossa toistuvassa k\u00e4yt\u00f6ss\u00e4.<\/li>\n<li data-immersive-translate-walked=\"85fa5479-e3d0-4913-81cd-8463fb71838d\"><strong data-immersive-translate-walked=\"85fa5479-e3d0-4913-81cd-8463fb71838d\">Wholesale &amp; Factory Direct:<\/strong> Osta suoraan tehtaaltamme ja hy\u00f6dy parhaista tukkuhinnoista, jotka sopivat erinomaisesti lemmikkiel\u00e4inkaupoille, hoitoloille ja lemmikkiel\u00e4inten hoitajille.<\/li>\n<\/ul>\n<p data-immersive-translate-walked=\"85fa5479-e3d0-4913-81cd-8463fb71838d\">T\u00e4ydenn\u00e4 hoitotarvikkeitasi Professional Dog Grooming Scissors Kitill\u00e4. Ihanteellinen lemmikkiel\u00e4inten omistajille ja ammattimaisille groomereille, jotka etsiv\u00e4t laadukasta ja luotettavaa grooming-ratkaisua. Ota meihin yhteytt\u00e4 jo t\u00e4n\u00e4\u00e4n tukkumyyntitiedustelujen ja tehtaan suoran hinnoittelun vuoksi!<\/p>","protected":false},"excerpt":{"rendered":"<h2>Koiranhoitosakset Kit<\/h2>\n<p>Explore Dog Grooming Scissors Kit.<\/p>\n<p>Osta tukku lemmikkiel\u00e4inten kenki\u00e4 tehtaalta ly\u00f6m\u00e4tt\u00f6m\u00e4\u00e4n hintaan ja laadulla.<\/p>","protected":false},"featured_media":7006,"template":"","meta":{"_seopress_robots_primary_cat":"none","_seopress_titles_title":"Pet Clean: Dog Grooming Scissors Kit - Pet Manufacterurs","_seopress_titles_desc":"Introducing the Professional Dog Grooming Scissors Kit, designed to provide dog grooming clean results for both professional groomers and pet owners.","_seopress_robots_index":"","_uag_custom_page_level_css":""},"product_brand":[],"product_cat":[324,331],"product_tag":[165,337],"class_list":{"0":"post-7005","1":"product","2":"type-product","3":"status-publish","4":"has-post-thumbnail","6":"product_cat-pet-accessory","7":"product_cat-pet-grooming-clean","8":"product_tag-pet-accessories","9":"product_tag-pet-clean","11":"first","12":"instock","13":"shipping-taxable","14":"product-type-simple"},"uagb_featured_image_src":{"full":["https:\/\/pecpets.com\/wp-content\/uploads\/2024\/06\/\u4e3b\u56fe-01-25.jpg",800,800,false],"thumbnail":["https:\/\/pecpets.com\/wp-content\/uploads\/2024\/06\/\u4e3b\u56fe-01-25-150x150.jpg",150,150,true],"medium":["https:\/\/pecpets.com\/wp-content\/uploads\/2024\/06\/\u4e3b\u56fe-01-25-300x300.jpg",300,300,true],"medium_large":["https:\/\/pecpets.com\/wp-content\/uploads\/2024\/06\/\u4e3b\u56fe-01-25-768x768.jpg",768,768,true],"large":["https:\/\/pecpets.com\/wp-content\/uploads\/2024\/06\/\u4e3b\u56fe-01-25.jpg",800,800,false],"1536x1536":["https:\/\/pecpets.com\/wp-content\/uploads\/2024\/06\/\u4e3b\u56fe-01-25.jpg",800,800,false],"2048x2048":["https:\/\/pecpets.com\/wp-content\/uploads\/2024\/06\/\u4e3b\u56fe-01-25.jpg",800,800,false],"trp-custom-language-flag":["https:\/\/pecpets.com\/wp-content\/uploads\/2024\/06\/\u4e3b\u56fe-01-25.jpg",12,12,false],"woocommerce_thumbnail":["https:\/\/pecpets.com\/wp-content\/uploads\/2024\/06\/\u4e3b\u56fe-01-25-300x300.jpg",300,300,true],"woocommerce_single":["https:\/\/pecpets.com\/wp-content\/uploads\/2024\/06\/\u4e3b\u56fe-01-25-600x600.jpg",600,600,true],"woocommerce_gallery_thumbnail":["https:\/\/pecpets.com\/wp-content\/uploads\/2024\/06\/\u4e3b\u56fe-01-25-100x100.jpg",100,100,true]},"uagb_author_info":{"display_name":"Lawrence\u00a0\u52b3\u4f26\u65af","author_link":"https:\/\/pecpets.com\/fi\/author\/"},"uagb_comment_info":0,"uagb_excerpt":"Dog Grooming Scissors Kit Explore Dog Grooming Scissors Kit. Shop wholesale pet shoes from the factory for unbeatable prices and quality.","_links":{"self":[{"href":"https:\/\/pecpets.com\/fi\/wp-json\/wp\/v2\/product\/7005","targetHints":{"allow":["GET"]}}],"collection":[{"href":"https:\/\/pecpets.com\/fi\/wp-json\/wp\/v2\/product"}],"about":[{"href":"https:\/\/pecpets.com\/fi\/wp-json\/wp\/v2\/types\/product"}],"wp:featuredmedia":[{"embeddable":true,"href":"https:\/\/pecpets.com\/fi\/wp-json\/wp\/v2\/media\/7006"}],"wp:attachment":[{"href":"https:\/\/pecpets.com\/fi\/wp-json\/wp\/v2\/media?parent=7005"}],"wp:term":[{"taxonomy":"product_brand","embeddable":true,"href":"https:\/\/pecpets.com\/fi\/wp-json\/wp\/v2\/product_brand?post=7005"},{"taxonomy":"product_cat","embeddable":true,"href":"https:\/\/pecpets.com\/fi\/wp-json\/wp\/v2\/product_cat?post=7005"},{"taxonomy":"product_tag","embeddable":true,"href":"https:\/\/pecpets.com\/fi\/wp-json\/wp\/v2\/product_tag?post=7005"}],"curies":[{"name":"wp","href":"https:\/\/api.w.org\/{rel}","templated":true}]}}