{"id":7041,"date":"2024-06-26T11:11:06","date_gmt":"2024-06-26T03:11:06","guid":{"rendered":"https:\/\/pecpets.com\/?post_type=product&#038;p=7041"},"modified":"2025-08-20T10:43:06","modified_gmt":"2025-08-20T02:43:06","slug":"pet-dog-solid-vest-basic-clothing","status":"publish","type":"product","link":"https:\/\/pecpets.com\/fi\/product\/pet-dog-solid-vest-basic-clothing\/","title":{"rendered":"Pet Dog Solid Vest Basic Clothing"},"content":{"rendered":"<h2>Tukku lemmikkiel\u00e4inten koiran kiinte\u00e4t liivit perusvaatteet - halvat, mukavat, kest\u00e4v\u00e4t koiran paidat<\/h2>\n<p>Tutustu Pet Dog Solid Vest Basic -vaatteisiimme, jotka tarjoavat yhdistelm\u00e4n mukavuutta ja kest\u00e4vyytt\u00e4 edulliseen hintaan. T\u00e4ydellinen jokap\u00e4iv\u00e4iseen k\u00e4ytt\u00f6\u00f6n, meid\u00e4n koiran paidat ovat saatavilla tukku tehtaalta.<\/p>\n<table style=\"height: 269px;\" width=\"287\">\n<tbody>\n<tr>\n<td width=\"137\"><span style=\"color: #333333;\">Tuotteen nimi<\/span><\/td>\n<td width=\"151\"><span style=\"color: #333333;\">Pet Clothes<\/span><\/td>\n<\/tr>\n<tr>\n<td><span style=\"color: #333333;\">Tuotenro.<\/span><\/td>\n<td><span style=\"color: #333333;\">P-C2166<\/span><\/td>\n<\/tr>\n<tr>\n<td><span style=\"color: #333333;\">Materiaali<\/span><\/td>\n<td>Puuvilla, polyesteri, fleece<\/td>\n<\/tr>\n<tr>\n<td><span style=\"color: #333333;\">\u00a0Koko ja v\u00e4ri<\/span><\/td>\n<td><span style=\"color: #333333;\">R\u00e4\u00e4t\u00e4l\u00f6ity<\/span><\/td>\n<\/tr>\n<tr>\n<td><span style=\"color: #333333;\">\u00a0Toimitusaika<\/span><\/td>\n<td><span style=\"color: #333333;\">1 - 5 p\u00e4iv\u00e4\u00e4 pienten m\u00e4\u00e4rien osalta lentoteitse ja 30 - 35 p\u00e4iv\u00e4\u00e4 suurten m\u00e4\u00e4rien osalta meritse.<\/span><\/td>\n<\/tr>\n<\/tbody>\n<\/table>\n<ul>\n<li><strong>Edullinen hinnoittelu<\/strong>: Kiinte\u00e4t liivimme tarjoavat suuren arvon, sill\u00e4 ne tarjoavat korkealaatuisia koiranvaatteita edulliseen hintaan, joten ne ovat kaikkien lemmikkiel\u00e4inten omistajien saatavilla.<\/li>\n<li data-immersive-translate-walked=\"74886ed9-3c57-4843-8350-d06a3e28483f\" data-immersive-translate-paragraph=\"1\"><strong data-immersive-translate-walked=\"74886ed9-3c57-4843-8350-d06a3e28483f\">Comfortable Fit<\/strong>: Pehmeist\u00e4, hengitt\u00e4vist\u00e4 materiaaleista valmistettu liivimme takaa koirille miellytt\u00e4v\u00e4n istuvuuden, jolloin ne voivat liikkua vapaasti ja pysy\u00e4 viilein\u00e4.<\/li>\n<li data-immersive-translate-walked=\"74886ed9-3c57-4843-8350-d06a3e28483f\" data-immersive-translate-paragraph=\"1\"><strong data-immersive-translate-walked=\"74886ed9-3c57-4843-8350-d06a3e28483f\">Durable Construction<\/strong>: Valmistettu kest\u00e4vist\u00e4 kankaista, t\u00e4m\u00e4 koira liivi kest\u00e4\u00e4 s\u00e4\u00e4nn\u00f6llist\u00e4 kulutusta, mik\u00e4 takaa pitk\u00e4ik\u00e4isyyden ja tyytyv\u00e4isyyden.<\/li>\n<li data-immersive-translate-walked=\"74886ed9-3c57-4843-8350-d06a3e28483f\" data-immersive-translate-paragraph=\"1\"><strong data-immersive-translate-walked=\"74886ed9-3c57-4843-8350-d06a3e28483f\">Wholesale Opportunities<\/strong>: Tehtaan suorana toimittajana tarjoamme kilpailukykyisi\u00e4 tukkuhintoja ja lis\u00e4etuja irtotilauksille.<\/li>\n<\/ul>\n<p>Ota yhteytt\u00e4 jo t\u00e4n\u00e4\u00e4n saadaksesi lis\u00e4tietoja tukkumahdollisuuksistamme ja tehtaan suorasta hinnoittelusta Pet Dog Solid Vest Basic Clothing -vaatteiden osalta. Varmista, ett\u00e4 asiakkaidesi koirat nauttivat mukavuudesta ja kest\u00e4vyydest\u00e4 edulliseen hintaan.<\/p>","protected":false},"excerpt":{"rendered":"<h2>Pet Dog Solid Vest Basic Clothing<\/h2>\n<p>Explore Pet Dog Solid Vest Basic Clothing.<\/p>\n<p>Osta tukku lemmikkiel\u00e4inten vaatteita tehtaalta ly\u00f6m\u00e4tt\u00f6miin hintoihin ja laadukkaasti.<\/p>","protected":false},"featured_media":7049,"template":"","meta":{"_seopress_robots_primary_cat":"none","_seopress_titles_title":"Pet Clothes: Pet Dog Solid Vest Basic Clothing - Manufacturers","_seopress_titles_desc":"Introduce our Pet Dog Solid Vest Basic Clothing, the ideal choice for everyday dog apparel that combines affordability, comfort, and durability.","_seopress_robots_index":"","_uag_custom_page_level_css":""},"product_brand":[],"product_cat":[364,343,23],"product_tag":[],"class_list":{"0":"post-7041","1":"product","2":"type-product","3":"status-publish","4":"has-post-thumbnail","6":"product_cat-basic-dog-clothing","7":"product_cat-pet-shirts","8":"product_cat-pet-clothing","10":"first","11":"instock","12":"shipping-taxable","13":"product-type-simple"},"uagb_featured_image_src":{"full":["https:\/\/pecpets.com\/wp-content\/uploads\/2024\/06\/H13187fdb20fe4f16ad3e4ab920008f63R.jpeg",1000,1000,false],"thumbnail":["https:\/\/pecpets.com\/wp-content\/uploads\/2024\/06\/H13187fdb20fe4f16ad3e4ab920008f63R-150x150.jpeg",150,150,true],"medium":["https:\/\/pecpets.com\/wp-content\/uploads\/2024\/06\/H13187fdb20fe4f16ad3e4ab920008f63R-300x300.jpeg",300,300,true],"medium_large":["https:\/\/pecpets.com\/wp-content\/uploads\/2024\/06\/H13187fdb20fe4f16ad3e4ab920008f63R-768x768.jpeg",768,768,true],"large":["https:\/\/pecpets.com\/wp-content\/uploads\/2024\/06\/H13187fdb20fe4f16ad3e4ab920008f63R.jpeg",800,800,false],"1536x1536":["https:\/\/pecpets.com\/wp-content\/uploads\/2024\/06\/H13187fdb20fe4f16ad3e4ab920008f63R.jpeg",1000,1000,false],"2048x2048":["https:\/\/pecpets.com\/wp-content\/uploads\/2024\/06\/H13187fdb20fe4f16ad3e4ab920008f63R.jpeg",1000,1000,false],"trp-custom-language-flag":["https:\/\/pecpets.com\/wp-content\/uploads\/2024\/06\/H13187fdb20fe4f16ad3e4ab920008f63R.jpeg",12,12,false],"woocommerce_thumbnail":["https:\/\/pecpets.com\/wp-content\/uploads\/2024\/06\/H13187fdb20fe4f16ad3e4ab920008f63R-300x300.jpeg",300,300,true],"woocommerce_single":["https:\/\/pecpets.com\/wp-content\/uploads\/2024\/06\/H13187fdb20fe4f16ad3e4ab920008f63R-600x600.jpeg",600,600,true],"woocommerce_gallery_thumbnail":["https:\/\/pecpets.com\/wp-content\/uploads\/2024\/06\/H13187fdb20fe4f16ad3e4ab920008f63R-100x100.jpeg",100,100,true]},"uagb_author_info":{"display_name":"Lawrence\u00a0\u52b3\u4f26\u65af","author_link":"https:\/\/pecpets.com\/fi\/author\/"},"uagb_comment_info":0,"uagb_excerpt":"Pet Dog Solid Vest Basic Clothing Explore Pet Dog Solid Vest Basic Clothing. Shop wholesale pet clothes from the factory for unbeatable prices and quality.","_links":{"self":[{"href":"https:\/\/pecpets.com\/fi\/wp-json\/wp\/v2\/product\/7041","targetHints":{"allow":["GET"]}}],"collection":[{"href":"https:\/\/pecpets.com\/fi\/wp-json\/wp\/v2\/product"}],"about":[{"href":"https:\/\/pecpets.com\/fi\/wp-json\/wp\/v2\/types\/product"}],"wp:featuredmedia":[{"embeddable":true,"href":"https:\/\/pecpets.com\/fi\/wp-json\/wp\/v2\/media\/7049"}],"wp:attachment":[{"href":"https:\/\/pecpets.com\/fi\/wp-json\/wp\/v2\/media?parent=7041"}],"wp:term":[{"taxonomy":"product_brand","embeddable":true,"href":"https:\/\/pecpets.com\/fi\/wp-json\/wp\/v2\/product_brand?post=7041"},{"taxonomy":"product_cat","embeddable":true,"href":"https:\/\/pecpets.com\/fi\/wp-json\/wp\/v2\/product_cat?post=7041"},{"taxonomy":"product_tag","embeddable":true,"href":"https:\/\/pecpets.com\/fi\/wp-json\/wp\/v2\/product_tag?post=7041"}],"curies":[{"name":"wp","href":"https:\/\/api.w.org\/{rel}","templated":true}]}}