{"id":7052,"date":"2024-06-26T11:33:08","date_gmt":"2024-06-26T03:33:08","guid":{"rendered":"https:\/\/pecpets.com\/?post_type=product&#038;p=7052"},"modified":"2024-10-29T09:15:04","modified_gmt":"2024-10-29T01:15:04","slug":"pet-dog-physiological-recovery-surgery-clothes-suit","status":"publish","type":"product","link":"https:\/\/pecpets.com\/fi\/product\/pet-dog-physiological-recovery-surgery-clothes-suit\/","title":{"rendered":"Lemmikkikoira fysiologinen elpyminen leikkaus vaatteet puku puku"},"content":{"rendered":"<h2>Lemmikkikoira Fysiologinen elpyminen leikkaus vaatteet puku - mukava, kest\u00e4v\u00e4 toiminnallinen koiran vaatteet Factory Direct<\/h2>\n<p>Tutustu lemmikkikoirien fysiologiseen palautumispukuun, joka on suunniteltu \u00e4\u00e4rimm\u00e4iseen mukavuuteen ja kest\u00e4vyyteen. Toiminnallinen koiran vaatteemme tukee leikkauksen j\u00e4lkeist\u00e4 toipumista. Osta tukkukauppa tehtaalta saadaksesi lis\u00e4etuja ja kilpailukykyiset hinnat.<\/p>\n<ul>\n<li data-immersive-translate-walked=\"74886ed9-3c57-4843-8350-d06a3e28483f\" data-immersive-translate-paragraph=\"1\"><strong data-immersive-translate-walked=\"74886ed9-3c57-4843-8350-d06a3e28483f\">Perimm\u00e4inen mukavuus<\/strong>: Toipumispukumme on valmistettu pehmeist\u00e4, hengitt\u00e4vist\u00e4 materiaaleista, jotka takaavat miellytt\u00e4v\u00e4n istuvuuden, joka auttaa lemmikkej\u00e4 tuntemaan olonsa mukavaksi toipumisjakson aikana.<\/li>\n<li><strong>Durable Construction<\/strong>: Korkealaatuisista ja kest\u00e4vist\u00e4 kankaista valmistettu puku kest\u00e4\u00e4 s\u00e4\u00e4nn\u00f6llist\u00e4 k\u00e4ytt\u00f6\u00e4 ja pesua, joten se on luotettava valinta leikkauksen j\u00e4lkeiseen hoitoon.<\/li>\n<li data-immersive-translate-walked=\"74886ed9-3c57-4843-8350-d06a3e28483f\" data-immersive-translate-paragraph=\"1\"><strong data-immersive-translate-walked=\"74886ed9-3c57-4843-8350-d06a3e28483f\">Toiminnallinen suunnittelu<\/strong>: Puku on suunniteltu suojaamaan leikkausalueita ja est\u00e4m\u00e4\u00e4n lemmikkiel\u00e4imi\u00e4 nuolemasta tai raapimasta, mik\u00e4 nopeuttaa ja parantaa toipumista.<\/li>\n<li data-immersive-translate-walked=\"74886ed9-3c57-4843-8350-d06a3e28483f\" data-immersive-translate-paragraph=\"1\"><strong data-immersive-translate-walked=\"74886ed9-3c57-4843-8350-d06a3e28483f\">Wholesale Opportunities<\/strong>: Tehtaiden suorana toimittajana tarjoamme kilpailukykyisi\u00e4 tukkuhintoja ja lis\u00e4etuja irtotilauksille, mik\u00e4 takaa arvoa yrityksellesi.<\/li>\n<\/ul>\n<table style=\"border-collapse: collapse; background-color: #ffffff; width: 333px; height: 250px;\" border=\"1\">\n<tbody>\n<tr>\n<td style=\"font-family: Verdana, Arial, Helvetica, sans-serif; font-size: 12px; color: #000000; margin: 8px; width: 187px; text-align: center;\"><span style=\"line-height: 21px; font-size: 14px;\">Tuotteiden nimi<\/span><\/td>\n<td style=\"font-family: Verdana, Arial, Helvetica, sans-serif; font-size: 12px; color: #000000; margin: 8px; width: 526px; text-align: center;\">Lemmikkiel\u00e4inten leikkausvaatteet<\/td>\n<\/tr>\n<tr>\n<td style=\"font-family: Verdana, Arial, Helvetica, sans-serif; font-size: 12px; color: #000000; margin: 8px; width: 187px; text-align: center;\"><span style=\"line-height: 21px; font-size: 14px;\">Tuotenro.<\/span><\/td>\n<td style=\"font-family: Verdana, Arial, Helvetica, sans-serif; font-size: 12px; color: #000000; margin: 8px; width: 526px; text-align: center;\"><span style=\"line-height: 21px; font-size: 14px;\">P-S2006<\/span><\/td>\n<\/tr>\n<tr>\n<td style=\"font-family: Verdana, Arial, Helvetica, sans-serif; font-size: 12px; color: #000000; margin: 8px; width: 187px; text-align: center;\"><span style=\"line-height: 21px; color: #333333; font-family: Arial, Helvetica; font-size: 14px; font-style: normal; font-weight: 400; background-color: #ffffff; float: none; display: inline !important;\">Materiaali<\/span><\/td>\n<td style=\"font-family: Verdana, Arial, Helvetica, sans-serif; font-size: 12px; color: #000000; margin: 8px; width: 526px; text-align: center;\">Cotton, Polyester<\/td>\n<\/tr>\n<tr>\n<td style=\"font-family: Verdana, Arial, Helvetica, sans-serif; font-size: 12px; color: #000000; margin: 8px; width: 187px; text-align: center;\"><span style=\"line-height: 21px; font-size: 14px;\">\u00a0Koko<\/span><\/td>\n<td style=\"font-family: Verdana, Arial, Helvetica, sans-serif; font-size: 12px; color: #000000; margin: 8px; width: 526px; text-align: center;\"><span style=\"font-size: 14px;\">Mukautettu koko<\/span><\/td>\n<\/tr>\n<tr>\n<td style=\"font-family: Verdana, Arial, Helvetica, sans-serif; font-size: 12px; color: #000000; margin: 8px; width: 187px; text-align: center;\"><span style=\"line-height: 21px; font-size: 14px;\">\u00a0V\u00e4ri<\/span><\/td>\n<td style=\"font-family: Verdana, Arial, Helvetica, sans-serif; font-size: 12px; color: #000000; margin: 8px; width: 526px; text-align: center;\"><span style=\"line-height: 21px; font-size: 14px;\">Mukautettu v\u00e4ri\u00a0<\/span><\/td>\n<\/tr>\n<tr>\n<td style=\"font-family: Verdana, Arial, Helvetica, sans-serif; font-size: 12px; color: #000000; margin: 8px; width: 187px; text-align: center;\"><span style=\"line-height: 21px; font-size: 14px;\">\u00a0<span style=\"line-height: 21px; color: #333333; font-family: Arial, Helvetica; font-size: 14px; font-style: normal; font-weight: 400; background-color: #ffffff; float: none; display: inline !important;\">Lemmikkiel\u00e4intyyppi<\/span><\/span><\/td>\n<td style=\"font-family: Verdana, Arial, Helvetica, sans-serif; font-size: 12px; color: #000000; margin: 8px; width: 526px; text-align: center;\"><span style=\"line-height: 21px; font-size: 14px;\">\u00a0Kaikki koirat<\/span><\/td>\n<\/tr>\n<tr>\n<td style=\"font-family: Verdana, Arial, Helvetica, sans-serif; font-size: 12px; color: #000000; margin: 8px; width: 187px; text-align: center;\"><span style=\"line-height: 21px; font-size: 14px;\">\u00a0<span style=\"line-height: 21px; color: #333333; font-family: Arial, Helvetica; font-size: 14px; font-style: normal; font-weight: 400; background-color: #ffffff; float: none; display: inline !important;\">Toimitusaika<\/span><\/span><\/td>\n<td style=\"font-family: Verdana, Arial, Helvetica, sans-serif; font-size: 12px; color: #000000; margin: 8px; width: 526px; text-align: center;\"><span style=\"line-height: 21px; font-size: 14px;\"><span style=\"line-height: 21px; color: #000000; font-family: Verdana, Arial, Helvetica, sans-serif; font-size: 14px; font-style: normal; font-weight: 400; background-color: #ffffff; float: none; display: inline !important;\">1-5 p\u00e4iv\u00e4\u00e4 pienille m\u00e4\u00e4rille lentoteitse ja 30-35 p\u00e4iv\u00e4\u00e4 suurille m\u00e4\u00e4rille meritse.<\/span>\u00a0<\/span><\/td>\n<\/tr>\n<tr>\n<td style=\"font-family: Verdana, Arial, Helvetica, sans-serif; font-size: 12px; color: #000000; margin: 8px; width: 187px; text-align: center;\"><span style=\"line-height: 21px; font-size: 14px;\">\u00a0<span style=\"line-height: 21px; color: #333333; font-family: Arial, Helvetica; font-size: 14px; font-style: normal; font-weight: 400; background-color: #ffffff; float: none; display: inline !important;\">L\u00e4hetyssatama<\/span><\/span><\/td>\n<td style=\"font-family: Verdana, Arial, Helvetica, sans-serif; font-size: 12px; color: #000000; margin: 8px; width: 526px; text-align: center;\"><span style=\"line-height: 21px; font-size: 14px;\">Xiamen\u00a0<\/span><\/td>\n<\/tr>\n<tr>\n<td style=\"font-family: Verdana, Arial, Helvetica, sans-serif; font-size: 12px; color: #000000; margin: 8px; width: 187px; text-align: center;\"><span style=\"line-height: 21px; font-size: 14px;\">\u00a0<span style=\"line-height: 21px; color: #333333; font-family: Arial, Helvetica; font-size: 14px; font-style: normal; font-weight: 400; background-color: #ffffff; float: none; display: inline !important;\">OEM\/ODM<\/span><\/span><\/td>\n<td style=\"font-family: Verdana, Arial, Helvetica, sans-serif; font-size: 12px; color: #000000; margin: 8px; width: 526px; text-align: center;\"><span style=\"line-height: 21px; font-size: 14px;\">\u00a0<span style=\"line-height: 21px; color: #333333; font-family: Arial, Helvetica; font-size: 14px; font-style: normal; font-weight: 400; background-color: #ffffff; float: none; display: inline !important;\">Saatavilla<\/span><\/span><\/td>\n<\/tr>\n<tr>\n<td style=\"font-family: Verdana, Arial, Helvetica, sans-serif; font-size: 12px; color: #000000; margin: 8px; width: 187px; text-align: center;\"><span style=\"line-height: 21px; font-size: 14px;\">\u00a0<span style=\"line-height: 21px; color: #333333; font-family: Arial, Helvetica; font-size: 14px; font-style: normal; font-weight: 400; background-color: #ffffff; float: none; display: inline !important;\">Paketti<\/span><\/span><\/td>\n<td style=\"font-family: Verdana, Arial, Helvetica, sans-serif; font-size: 12px; color: #000000; margin: 8px; width: 526px; text-align: center;\"><span style=\"line-height: 21px; font-size: 14px;\"><span style=\"line-height: 21px; color: #333333; font-family: Arial, Helvetica; font-size: 14px; font-style: normal; font-weight: 400; background-color: #ffffff; float: none; display: inline !important;\">Kukin pakattu PPB:hen ja sitten kartonkiin tai tarpeen mukaan.<\/span><\/span><\/td>\n<\/tr>\n<\/tbody>\n<\/table>\n<p>Ota meihin yhteytt\u00e4 jo t\u00e4n\u00e4\u00e4n saadaksesi lis\u00e4tietoja <span style=\"color: #ff0000;\"><a style=\"color: #ff0000;\" href=\"https:\/\/pecpets.com\/fi\/tuoteryhma\/pet-clothing\/\" target=\"_blank\" rel=\"noopener\">tukkumahdollisuudet<\/a><\/span> ja tehtaan suora hinnoittelu lemmikkikoiran fysiologiselle palautumispuvulle. Varmista asiakkaidesi lemmikkiel\u00e4imille mukavuus ja suoja, jota ne tarvitsevat nopeaan toipumiseen.<\/p>","protected":false},"excerpt":{"rendered":"<h2><strong><b>Tukku lemmikkiel\u00e4inten koira fysiologinen elpyminen leikkaus vaatteet puku puku<\/b><\/strong><\/h2>\n<p>Tutustu lemmikkikoira fysiologinen toipuminen leikkaus vaatteet puku.<\/p>\n<p>Pid\u00e4 lemmikkisi tyylikk\u00e4\u00e4n\u00e4 laadukkailla malleillamme.<\/p>","protected":false},"featured_media":7060,"template":"","meta":{"_seopress_robots_primary_cat":"none","_seopress_titles_title":"Pet Dog Physiological Recovery Surgery Clothes Suit","_seopress_titles_desc":"Provide your clients with the best in post-surgery pet care with our Pet Dog Physiological Recovery Surgery Clothes Suit.","_seopress_robots_index":"","_seopress_analysis_target_kw":"Pet Dog Physiological Recovery Surgery Clothes Suit","_uag_custom_page_level_css":""},"product_brand":[],"product_cat":[366,365,23],"product_tag":[],"class_list":{"0":"post-7052","1":"product","2":"type-product","3":"status-publish","4":"has-post-thumbnail","6":"product_cat-dog-surgery-clothes","7":"product_cat-functional-dog-clothing","8":"product_cat-pet-clothing","10":"first","11":"instock","12":"shipping-taxable","13":"product-type-simple"},"uagb_featured_image_src":{"full":["https:\/\/pecpets.com\/wp-content\/uploads\/2024\/06\/\u4e3b\u56fe-05-33.jpg",1600,1600,false],"thumbnail":["https:\/\/pecpets.com\/wp-content\/uploads\/2024\/06\/\u4e3b\u56fe-05-33-150x150.jpg",150,150,true],"medium":["https:\/\/pecpets.com\/wp-content\/uploads\/2024\/06\/\u4e3b\u56fe-05-33-300x300.jpg",300,300,true],"medium_large":["https:\/\/pecpets.com\/wp-content\/uploads\/2024\/06\/\u4e3b\u56fe-05-33-768x768.jpg",768,768,true],"large":["https:\/\/pecpets.com\/wp-content\/uploads\/2024\/06\/\u4e3b\u56fe-05-33-1024x1024.jpg",800,800,true],"1536x1536":["https:\/\/pecpets.com\/wp-content\/uploads\/2024\/06\/\u4e3b\u56fe-05-33-1536x1536.jpg",1536,1536,true],"2048x2048":["https:\/\/pecpets.com\/wp-content\/uploads\/2024\/06\/\u4e3b\u56fe-05-33.jpg",1600,1600,false],"trp-custom-language-flag":["https:\/\/pecpets.com\/wp-content\/uploads\/2024\/06\/\u4e3b\u56fe-05-33.jpg",12,12,false],"woocommerce_thumbnail":["https:\/\/pecpets.com\/wp-content\/uploads\/2024\/06\/\u4e3b\u56fe-05-33-300x300.jpg",300,300,true],"woocommerce_single":["https:\/\/pecpets.com\/wp-content\/uploads\/2024\/06\/\u4e3b\u56fe-05-33-600x600.jpg",600,600,true],"woocommerce_gallery_thumbnail":["https:\/\/pecpets.com\/wp-content\/uploads\/2024\/06\/\u4e3b\u56fe-05-33-100x100.jpg",100,100,true]},"uagb_author_info":{"display_name":"Lawrence\u00a0\u52b3\u4f26\u65af","author_link":"https:\/\/pecpets.com\/fi\/author\/"},"uagb_comment_info":0,"uagb_excerpt":"Wholesale Pet Dog Physiological Recovery Surgery Clothes Suit Discover Pet Dog Physiological Recovery Surgery Clothes Suit. Keep your pets stylish with our high-quality designs.","_links":{"self":[{"href":"https:\/\/pecpets.com\/fi\/wp-json\/wp\/v2\/product\/7052","targetHints":{"allow":["GET"]}}],"collection":[{"href":"https:\/\/pecpets.com\/fi\/wp-json\/wp\/v2\/product"}],"about":[{"href":"https:\/\/pecpets.com\/fi\/wp-json\/wp\/v2\/types\/product"}],"wp:featuredmedia":[{"embeddable":true,"href":"https:\/\/pecpets.com\/fi\/wp-json\/wp\/v2\/media\/7060"}],"wp:attachment":[{"href":"https:\/\/pecpets.com\/fi\/wp-json\/wp\/v2\/media?parent=7052"}],"wp:term":[{"taxonomy":"product_brand","embeddable":true,"href":"https:\/\/pecpets.com\/fi\/wp-json\/wp\/v2\/product_brand?post=7052"},{"taxonomy":"product_cat","embeddable":true,"href":"https:\/\/pecpets.com\/fi\/wp-json\/wp\/v2\/product_cat?post=7052"},{"taxonomy":"product_tag","embeddable":true,"href":"https:\/\/pecpets.com\/fi\/wp-json\/wp\/v2\/product_tag?post=7052"}],"curies":[{"name":"wp","href":"https:\/\/api.w.org\/{rel}","templated":true}]}}