{"id":7070,"date":"2024-06-26T15:46:07","date_gmt":"2024-06-26T07:46:07","guid":{"rendered":"https:\/\/pecpets.com\/?post_type=product&#038;p=7070"},"modified":"2025-08-20T11:17:43","modified_gmt":"2025-08-20T03:17:43","slug":"blank-raglan-large-clothes-for-dogs","status":"publish","type":"product","link":"https:\/\/pecpets.com\/fi\/product\/blank-raglan-large-clothes-for-dogs\/","title":{"rendered":"Blank Raglan Large Clothes For Dogs"},"content":{"rendered":"<h2>Tukkukauppa Tyhj\u00e4 Raglan Suuri vaatteet koirille - Mukava, kest\u00e4v\u00e4 perus koiran vaatteet Factory Direct<\/h2>\n<p>Tutustu Blank Raglan Large -vaatteisiimme koirille, jotka tarjoavat mukavuutta ja kest\u00e4vyytt\u00e4.<\/p>\n<p>T\u00e4ydellinen jokaiselle koiralle, meid\u00e4n DOG paita on saatavana tukku tehtaalta kilpailukykyiseen hintaan.<\/p>\n<table style=\"height: 269px;\" width=\"287\">\n<tbody>\n<tr>\n<td width=\"137\"><span style=\"color: #333333;\">Tuotteen nimi<\/span><\/td>\n<td width=\"151\"><span style=\"color: #333333;\">Pet Clothes<\/span><\/td>\n<\/tr>\n<tr>\n<td><span style=\"color: #333333;\">Tuotenro.<\/span><\/td>\n<td><span style=\"color: #333333;\">P-C2167<\/span><\/td>\n<\/tr>\n<tr>\n<td><span style=\"color: #333333;\">Materiaali<\/span><\/td>\n<td>Puuvilla, polyesteri, fleece<\/td>\n<\/tr>\n<tr>\n<td><span style=\"color: #333333;\">\u00a0Koko ja v\u00e4ri<\/span><\/td>\n<td><span style=\"color: #333333;\">R\u00e4\u00e4t\u00e4l\u00f6ity<\/span><\/td>\n<\/tr>\n<tr>\n<td><span style=\"color: #333333;\">\u00a0Toimitusaika<\/span><\/td>\n<td><span style=\"color: #333333;\">1 - 5 p\u00e4iv\u00e4\u00e4 pienten m\u00e4\u00e4rien osalta lentoteitse ja 30 - 35 p\u00e4iv\u00e4\u00e4 suurten m\u00e4\u00e4rien osalta meritse.<\/span><\/td>\n<\/tr>\n<\/tbody>\n<\/table>\n<ul>\n<li data-immersive-translate-walked=\"74886ed9-3c57-4843-8350-d06a3e28483f\" data-immersive-translate-paragraph=\"1\"><strong data-immersive-translate-walked=\"74886ed9-3c57-4843-8350-d06a3e28483f\">Versatile Design<\/strong>: The blank raglan design provides a classic look that can be customized or worn as is, making it suitable for various occasions.<\/li>\n<li><strong>Comfortable Fit<\/strong>: Made from soft, breathable materials, our DOG shirt ensures a comfortable fit for large dogs, allowing them to move freely and stay comfortable.<\/li>\n<li><strong>Durable Construction<\/strong>: Crafted from high-quality, durable fabrics, this dog shirt can withstand regular wear and washing, ensuring long-lasting use.<\/li>\n<li data-immersive-translate-walked=\"74886ed9-3c57-4843-8350-d06a3e28483f\" data-immersive-translate-paragraph=\"1\"><strong data-immersive-translate-walked=\"74886ed9-3c57-4843-8350-d06a3e28483f\">Wholesale Opportunities<\/strong>: Tehtaiden suorana toimittajana tarjoamme kilpailukykyisi\u00e4 tukkuhintoja ja lis\u00e4etuja irtotilauksille, mik\u00e4 takaa yrityksellesi suuren arvon.<\/li>\n<\/ul>\n<p>Ota yhteytt\u00e4 jo t\u00e4n\u00e4\u00e4n saadaksesi lis\u00e4tietoja Blank Raglan Large Clothes for Dogs -vaatteiden tukkumyyntimahdollisuuksista ja tehtaan suorahinnoittelusta.<\/p>\n<p>Varmista asiakkaidesi suurikokoisten koirien mukavuus ja kest\u00e4vyys koirien perusvaatteiden avulla.<\/p>","protected":false},"excerpt":{"rendered":"<h2 data-immersive-translate-walked=\"f36f68ab-127d-4e10-955b-f6ada5d45339\">Tukku tyhj\u00e4 Raglan suuret vaatteet koirille<\/h2>\n<p>Tutustu Blank Raglan Suuret vaatteet koirille.<\/p>\n<p>Osta tukku lemmikkiel\u00e4inten vaatteita tehtaalta ly\u00f6m\u00e4tt\u00f6miin hintoihin ja laadukkaasti.<\/p>","protected":false},"featured_media":7072,"template":"","meta":{"_seopress_robots_primary_cat":"none","_seopress_titles_title":"Pet Clothes: Blank Large Clothes For Dogs- Top Manufacturers","_seopress_titles_desc":"Equip your customers with our Blank Raglan Large Clothes For Dogs, the perfect choice for basic dog clothing that ensures both comfort and durability.","_seopress_robots_index":"","_uag_custom_page_level_css":""},"product_brand":[],"product_cat":[364,343,23],"product_tag":[],"class_list":{"0":"post-7070","1":"product","2":"type-product","3":"status-publish","4":"has-post-thumbnail","6":"product_cat-basic-dog-clothing","7":"product_cat-pet-shirts","8":"product_cat-pet-clothing","10":"first","11":"instock","12":"shipping-taxable","13":"product-type-simple"},"uagb_featured_image_src":{"full":["https:\/\/pecpets.com\/wp-content\/uploads\/2024\/06\/Main-01-1.jpg",800,800,false],"thumbnail":["https:\/\/pecpets.com\/wp-content\/uploads\/2024\/06\/Main-01-1-150x150.jpg",150,150,true],"medium":["https:\/\/pecpets.com\/wp-content\/uploads\/2024\/06\/Main-01-1-300x300.jpg",300,300,true],"medium_large":["https:\/\/pecpets.com\/wp-content\/uploads\/2024\/06\/Main-01-1-768x768.jpg",768,768,true],"large":["https:\/\/pecpets.com\/wp-content\/uploads\/2024\/06\/Main-01-1.jpg",800,800,false],"1536x1536":["https:\/\/pecpets.com\/wp-content\/uploads\/2024\/06\/Main-01-1.jpg",800,800,false],"2048x2048":["https:\/\/pecpets.com\/wp-content\/uploads\/2024\/06\/Main-01-1.jpg",800,800,false],"trp-custom-language-flag":["https:\/\/pecpets.com\/wp-content\/uploads\/2024\/06\/Main-01-1.jpg",12,12,false],"woocommerce_thumbnail":["https:\/\/pecpets.com\/wp-content\/uploads\/2024\/06\/Main-01-1-300x300.jpg",300,300,true],"woocommerce_single":["https:\/\/pecpets.com\/wp-content\/uploads\/2024\/06\/Main-01-1-600x600.jpg",600,600,true],"woocommerce_gallery_thumbnail":["https:\/\/pecpets.com\/wp-content\/uploads\/2024\/06\/Main-01-1-100x100.jpg",100,100,true]},"uagb_author_info":{"display_name":"Lawrence\u00a0\u52b3\u4f26\u65af","author_link":"https:\/\/pecpets.com\/fi\/author\/"},"uagb_comment_info":0,"uagb_excerpt":"Wholesale Blank Raglan Large Clothes For Dogs Explore Blank Raglan Large Clothes For Dogs. Shop wholesale pet clothes from the factory for unbeatable prices and quality.","_links":{"self":[{"href":"https:\/\/pecpets.com\/fi\/wp-json\/wp\/v2\/product\/7070","targetHints":{"allow":["GET"]}}],"collection":[{"href":"https:\/\/pecpets.com\/fi\/wp-json\/wp\/v2\/product"}],"about":[{"href":"https:\/\/pecpets.com\/fi\/wp-json\/wp\/v2\/types\/product"}],"wp:featuredmedia":[{"embeddable":true,"href":"https:\/\/pecpets.com\/fi\/wp-json\/wp\/v2\/media\/7072"}],"wp:attachment":[{"href":"https:\/\/pecpets.com\/fi\/wp-json\/wp\/v2\/media?parent=7070"}],"wp:term":[{"taxonomy":"product_brand","embeddable":true,"href":"https:\/\/pecpets.com\/fi\/wp-json\/wp\/v2\/product_brand?post=7070"},{"taxonomy":"product_cat","embeddable":true,"href":"https:\/\/pecpets.com\/fi\/wp-json\/wp\/v2\/product_cat?post=7070"},{"taxonomy":"product_tag","embeddable":true,"href":"https:\/\/pecpets.com\/fi\/wp-json\/wp\/v2\/product_tag?post=7070"}],"curies":[{"name":"wp","href":"https:\/\/api.w.org\/{rel}","templated":true}]}}