{"id":7104,"date":"2024-06-26T17:38:02","date_gmt":"2024-06-26T09:38:02","guid":{"rendered":"https:\/\/pecpets.com\/?post_type=product&#038;p=7104"},"modified":"2024-10-28T17:11:55","modified_gmt":"2024-10-28T09:11:55","slug":"summer-dog-and-human-matching-clothes","status":"publish","type":"product","link":"https:\/\/pecpets.com\/fi\/product\/summer-dog-and-human-matching-clothes\/","title":{"rendered":"Summer Dog And Human Matching Clothes"},"content":{"rendered":"<h2>Tukku kes\u00e4 koiran ja ihmisen vastaavia vaatteita - mukavat, kest\u00e4v\u00e4t lemmikkiel\u00e4inten vaatteet tehdas suoraan<\/h2>\n<p>Explore our Customized Dog And Human Matching Clothes, designed for ultimate comfort and durability. Our pet apparel offers a unique bonding experience. Shop wholesale from the factory for competitive prices.<\/p>\n<table style=\"border-collapse: collapse; background-color: #ffffff; width: 331px; height: 255px;\" border=\"1\">\n<tbody>\n<tr>\n<td style=\"font-family: Verdana, Arial, Helvetica, sans-serif; font-size: 12px; color: #000000; margin: 8px; width: 187px; text-align: center;\"><span style=\"line-height: 21px; font-size: 14px;\">Tuotteiden nimi<\/span><\/td>\n<td style=\"font-family: Verdana, Arial, Helvetica, sans-serif; font-size: 12px; color: #000000; margin: 8px; width: 526px; text-align: center;\">Lemmikkiel\u00e4inten paita<\/td>\n<\/tr>\n<tr>\n<td style=\"font-family: Verdana, Arial, Helvetica, sans-serif; font-size: 12px; color: #000000; margin: 8px; width: 187px; text-align: center;\"><span style=\"line-height: 21px; font-size: 14px;\">Tuotenro.<\/span><\/td>\n<td style=\"font-family: Verdana, Arial, Helvetica, sans-serif; font-size: 12px; color: #000000; margin: 8px; width: 526px; text-align: center;\"><span style=\"line-height: 21px; font-size: 14px;\">P-S2004<\/span><\/td>\n<\/tr>\n<tr>\n<td style=\"font-family: Verdana, Arial, Helvetica, sans-serif; font-size: 12px; color: #000000; margin: 8px; width: 187px; text-align: center;\"><span style=\"line-height: 21px; color: #333333; font-family: Arial, Helvetica; font-size: 14px; font-style: normal; font-weight: 400; background-color: #ffffff; float: none; display: inline !important;\">Materiaali<\/span><\/td>\n<td style=\"font-family: Verdana, Arial, Helvetica, sans-serif; font-size: 12px; color: #000000; margin: 8px; width: 526px; text-align: center;\">Cotton, Polyester<\/td>\n<\/tr>\n<tr>\n<td style=\"font-family: Verdana, Arial, Helvetica, sans-serif; font-size: 12px; color: #000000; margin: 8px; width: 187px; text-align: center;\"><span style=\"line-height: 21px; font-size: 14px;\">\u00a0Koko<\/span><\/td>\n<td style=\"font-family: Verdana, Arial, Helvetica, sans-serif; font-size: 12px; color: #000000; margin: 8px; width: 526px; text-align: center;\"><span style=\"font-size: 14px;\">Mukautettu koko<\/span><\/td>\n<\/tr>\n<tr>\n<td style=\"font-family: Verdana, Arial, Helvetica, sans-serif; font-size: 12px; color: #000000; margin: 8px; width: 187px; text-align: center;\"><span style=\"line-height: 21px; font-size: 14px;\">\u00a0V\u00e4ri<\/span><\/td>\n<td style=\"font-family: Verdana, Arial, Helvetica, sans-serif; font-size: 12px; color: #000000; margin: 8px; width: 526px; text-align: center;\"><span style=\"line-height: 21px; font-size: 14px;\">Mukautettu v\u00e4ri\u00a0<\/span><\/td>\n<\/tr>\n<tr>\n<td style=\"font-family: Verdana, Arial, Helvetica, sans-serif; font-size: 12px; color: #000000; margin: 8px; width: 187px; text-align: center;\"><span style=\"line-height: 21px; font-size: 14px;\">\u00a0<span style=\"line-height: 21px; color: #333333; font-family: Arial, Helvetica; font-size: 14px; font-style: normal; font-weight: 400; background-color: #ffffff; float: none; display: inline !important;\">Lemmikkiel\u00e4intyyppi<\/span><\/span><\/td>\n<td style=\"font-family: Verdana, Arial, Helvetica, sans-serif; font-size: 12px; color: #000000; margin: 8px; width: 526px; text-align: center;\"><span style=\"line-height: 21px; font-size: 14px;\">\u00a0Kaikki koirat<\/span><\/td>\n<\/tr>\n<tr>\n<td style=\"font-family: Verdana, Arial, Helvetica, sans-serif; font-size: 12px; color: #000000; margin: 8px; width: 187px; text-align: center;\"><span style=\"line-height: 21px; font-size: 14px;\">\u00a0<span style=\"line-height: 21px; color: #333333; font-family: Arial, Helvetica; font-size: 14px; font-style: normal; font-weight: 400; background-color: #ffffff; float: none; display: inline !important;\">Toimitusaika<\/span><\/span><\/td>\n<td style=\"font-family: Verdana, Arial, Helvetica, sans-serif; font-size: 12px; color: #000000; margin: 8px; width: 526px; text-align: center;\"><span style=\"line-height: 21px; font-size: 14px;\"><span style=\"line-height: 21px; color: #000000; font-family: Verdana, Arial, Helvetica, sans-serif; font-size: 14px; font-style: normal; font-weight: 400; background-color: #ffffff; float: none; display: inline !important;\">1-5 p\u00e4iv\u00e4\u00e4 pienille m\u00e4\u00e4rille lentoteitse ja 30-35 p\u00e4iv\u00e4\u00e4 suurille m\u00e4\u00e4rille meritse.<\/span>\u00a0<\/span><\/td>\n<\/tr>\n<tr>\n<td style=\"font-family: Verdana, Arial, Helvetica, sans-serif; font-size: 12px; color: #000000; margin: 8px; width: 187px; text-align: center;\"><span style=\"line-height: 21px; font-size: 14px;\">\u00a0<span style=\"line-height: 21px; color: #333333; font-family: Arial, Helvetica; font-size: 14px; font-style: normal; font-weight: 400; background-color: #ffffff; float: none; display: inline !important;\">L\u00e4hetyssatama<\/span><\/span><\/td>\n<td style=\"font-family: Verdana, Arial, Helvetica, sans-serif; font-size: 12px; color: #000000; margin: 8px; width: 526px; text-align: center;\"><span style=\"line-height: 21px; font-size: 14px;\">Xiamen\u00a0<\/span><\/td>\n<\/tr>\n<tr>\n<td style=\"font-family: Verdana, Arial, Helvetica, sans-serif; font-size: 12px; color: #000000; margin: 8px; width: 187px; text-align: center;\"><span style=\"line-height: 21px; font-size: 14px;\">\u00a0<span style=\"line-height: 21px; color: #333333; font-family: Arial, Helvetica; font-size: 14px; font-style: normal; font-weight: 400; background-color: #ffffff; float: none; display: inline !important;\">OEM\/ODM<\/span><\/span><\/td>\n<td style=\"font-family: Verdana, Arial, Helvetica, sans-serif; font-size: 12px; color: #000000; margin: 8px; width: 526px; text-align: center;\"><span style=\"line-height: 21px; font-size: 14px;\">\u00a0<span style=\"line-height: 21px; color: #333333; font-family: Arial, Helvetica; font-size: 14px; font-style: normal; font-weight: 400; background-color: #ffffff; float: none; display: inline !important;\">Saatavilla<\/span><\/span><\/td>\n<\/tr>\n<tr>\n<td style=\"font-family: Verdana, Arial, Helvetica, sans-serif; font-size: 12px; color: #000000; margin: 8px; width: 187px; text-align: center;\"><span style=\"line-height: 21px; font-size: 14px;\">\u00a0<span style=\"line-height: 21px; color: #333333; font-family: Arial, Helvetica; font-size: 14px; font-style: normal; font-weight: 400; background-color: #ffffff; float: none; display: inline !important;\">Paketti<\/span><\/span><\/td>\n<td style=\"font-family: Verdana, Arial, Helvetica, sans-serif; font-size: 12px; color: #000000; margin: 8px; width: 526px; text-align: center;\"><span style=\"line-height: 21px; font-size: 14px;\"><span style=\"line-height: 21px; color: #333333; font-family: Arial, Helvetica; font-size: 14px; font-style: normal; font-weight: 400; background-color: #ffffff; float: none; display: inline !important;\">Kukin pakattu PPB:hen ja sitten kartonkiin tai tarpeen mukaan.<\/span><\/span><\/td>\n<\/tr>\n<\/tbody>\n<\/table>\n<ul>\n<li data-immersive-translate-walked=\"74886ed9-3c57-4843-8350-d06a3e28483f\" data-immersive-translate-paragraph=\"1\"><strong data-immersive-translate-walked=\"74886ed9-3c57-4843-8350-d06a3e28483f\">Unique Design<\/strong>: Our matching clothes for dogs and humans are customizable, offering a personalized touch that strengthens the bond between pet and owner.<\/li>\n<li><strong>Comfortable Fit<\/strong>: Made from soft, breathable materials, our pet apparel ensures a comfortable fit for both dogs and humans, allowing them to enjoy their time together in style.<\/li>\n<li><strong>Durable Construction<\/strong>: Crafted from high-quality, durable fabrics, these matching outfits are designed to withstand regular wear and washing, ensuring long-lasting use.<\/li>\n<li data-immersive-translate-walked=\"74886ed9-3c57-4843-8350-d06a3e28483f\" data-immersive-translate-paragraph=\"1\"><strong data-immersive-translate-walked=\"74886ed9-3c57-4843-8350-d06a3e28483f\">Wholesale Opportunities<\/strong>: As a factory direct supplier, we offer competitive wholesale prices and added benefits for bulk orders, providing excellent value for your business.<\/li>\n<\/ul>\n<p>Ota meihin yhteytt\u00e4 jo t\u00e4n\u00e4\u00e4n saadaksesi lis\u00e4tietoja <span style=\"color: #ff0000;\"><a style=\"color: #ff0000;\" href=\"https:\/\/pecpets.com\/fi\/tuoteryhma\/pet-clothing\/\" target=\"_blank\" rel=\"noopener\">tukkumahdollisuudet<\/a><\/span> ja tehtaan suora hinnoittelu r\u00e4\u00e4t\u00e4l\u00f6ityjen koiran ja ihmisen vastaavien vaatteiden osalta. Varmista, ett\u00e4 asiakkaasi ja heid\u00e4n lemmikkins\u00e4 nauttivat tyylikk\u00e4ist\u00e4, mukavista ja kest\u00e4vist\u00e4 yhteensopivista asuista.<\/p>","protected":false},"excerpt":{"rendered":"<h2><strong><b>Tukku Summer Dog ja ihmisen matching vaatteet<\/b><\/strong><\/h2>\n<p>Tutustu kes\u00e4ll\u00e4 koiran ja ihmisen yhteensopiviin vaatteisiin.<\/p>\n<p>Pid\u00e4 lemmikkisi tyylikk\u00e4\u00e4n\u00e4 laadukkailla malleillamme.<\/p>","protected":false},"featured_media":7107,"template":"","meta":{"_seopress_robots_primary_cat":"none","_seopress_titles_title":" Summer Dog And Human Matching Clothes - Top Manufacturers","_seopress_titles_desc":"Introduce our Summer Dog And Human Matching Clothes. Perfect for pet owners, this matching apparel is designed for both comfort and durability.","_seopress_robots_index":"","_uag_custom_page_level_css":""},"product_brand":[],"product_cat":[332],"product_tag":[],"class_list":{"0":"post-7104","1":"product","2":"type-product","3":"status-publish","4":"has-post-thumbnail","6":"product_cat-dog-and-human-matching-clothes","8":"first","9":"instock","10":"shipping-taxable","11":"product-type-simple"},"uagb_featured_image_src":{"full":["https:\/\/pecpets.com\/wp-content\/uploads\/2024\/06\/H6a35d82f0e014e8bbfe772fbcbc67392M.jpg",750,898,false],"thumbnail":["https:\/\/pecpets.com\/wp-content\/uploads\/2024\/06\/H6a35d82f0e014e8bbfe772fbcbc67392M-150x150.jpg",150,150,true],"medium":["https:\/\/pecpets.com\/wp-content\/uploads\/2024\/06\/H6a35d82f0e014e8bbfe772fbcbc67392M-251x300.jpg",251,300,true],"medium_large":["https:\/\/pecpets.com\/wp-content\/uploads\/2024\/06\/H6a35d82f0e014e8bbfe772fbcbc67392M.jpg",750,898,false],"large":["https:\/\/pecpets.com\/wp-content\/uploads\/2024\/06\/H6a35d82f0e014e8bbfe772fbcbc67392M.jpg",750,898,false],"1536x1536":["https:\/\/pecpets.com\/wp-content\/uploads\/2024\/06\/H6a35d82f0e014e8bbfe772fbcbc67392M.jpg",750,898,false],"2048x2048":["https:\/\/pecpets.com\/wp-content\/uploads\/2024\/06\/H6a35d82f0e014e8bbfe772fbcbc67392M.jpg",750,898,false],"trp-custom-language-flag":["https:\/\/pecpets.com\/wp-content\/uploads\/2024\/06\/H6a35d82f0e014e8bbfe772fbcbc67392M.jpg",10,12,false],"woocommerce_thumbnail":["https:\/\/pecpets.com\/wp-content\/uploads\/2024\/06\/H6a35d82f0e014e8bbfe772fbcbc67392M-300x300.jpg",300,300,true],"woocommerce_single":["https:\/\/pecpets.com\/wp-content\/uploads\/2024\/06\/H6a35d82f0e014e8bbfe772fbcbc67392M-600x718.jpg",600,718,true],"woocommerce_gallery_thumbnail":["https:\/\/pecpets.com\/wp-content\/uploads\/2024\/06\/H6a35d82f0e014e8bbfe772fbcbc67392M-100x100.jpg",100,100,true]},"uagb_author_info":{"display_name":"Lawrence\u00a0\u52b3\u4f26\u65af","author_link":"https:\/\/pecpets.com\/fi\/author\/"},"uagb_comment_info":0,"uagb_excerpt":"Wholesale Summer Dog And Human Matching Clothes Discover Summer Dog And Human Matching Clothes. Keep your pets stylish with our high-quality designs.","_links":{"self":[{"href":"https:\/\/pecpets.com\/fi\/wp-json\/wp\/v2\/product\/7104","targetHints":{"allow":["GET"]}}],"collection":[{"href":"https:\/\/pecpets.com\/fi\/wp-json\/wp\/v2\/product"}],"about":[{"href":"https:\/\/pecpets.com\/fi\/wp-json\/wp\/v2\/types\/product"}],"wp:featuredmedia":[{"embeddable":true,"href":"https:\/\/pecpets.com\/fi\/wp-json\/wp\/v2\/media\/7107"}],"wp:attachment":[{"href":"https:\/\/pecpets.com\/fi\/wp-json\/wp\/v2\/media?parent=7104"}],"wp:term":[{"taxonomy":"product_brand","embeddable":true,"href":"https:\/\/pecpets.com\/fi\/wp-json\/wp\/v2\/product_brand?post=7104"},{"taxonomy":"product_cat","embeddable":true,"href":"https:\/\/pecpets.com\/fi\/wp-json\/wp\/v2\/product_cat?post=7104"},{"taxonomy":"product_tag","embeddable":true,"href":"https:\/\/pecpets.com\/fi\/wp-json\/wp\/v2\/product_tag?post=7104"}],"curies":[{"name":"wp","href":"https:\/\/api.w.org\/{rel}","templated":true}]}}