{"id":7140,"date":"2024-06-27T08:53:29","date_gmt":"2024-06-27T00:53:29","guid":{"rendered":"https:\/\/pecpets.com\/?post_type=product&#038;p=7140"},"modified":"2024-10-29T09:10:33","modified_gmt":"2024-10-29T01:10:33","slug":"dogs-anti-licking-pet-onesies-vest","status":"publish","type":"product","link":"https:\/\/pecpets.com\/fi\/product\/dogs-anti-licking-pet-onesies-vest\/","title":{"rendered":"Dogs Anti-Licking Pet Onesies Vest"},"content":{"rendered":"<h2>Toiminnalliset koiran vaatteet: Koirat Anti-Licking Pet Onesies Vest - mukavat koiran leikkausvaatteet - tukkukauppa Factory<\/h2>\n<p>L\u00f6yd\u00e4 lopullinen ratkaisu leikkauksen j\u00e4lkeiseen hoitoon Koirien Anti-Licking Pet Onesies -liivin avulla. Liivimme on suunniteltu erityisesti optimaalista mukavuutta ja toimivuutta varten, ja se varmistaa, ett\u00e4 karvaisen yst\u00e4v\u00e4si toipuminen on sujuvaa ja stressit\u00f6nt\u00e4. Toiminnalliset koiranvaatteet on valmistettu korkealaatuisista, hengitt\u00e4vist\u00e4 materiaaleista, jotka pit\u00e4v\u00e4t lemmikkisi mukavana ja est\u00e4v\u00e4t samalla nuolemisen ja raapimisen.<\/p>\n<table style=\"border-collapse: collapse; background-color: #ffffff; width: 331px; height: 255px;\" border=\"1\">\n<tbody>\n<tr>\n<td style=\"font-family: Verdana, Arial, Helvetica, sans-serif; font-size: 12px; color: #000000; margin: 8px; width: 187px; text-align: center;\"><span style=\"line-height: 21px; font-size: 14px;\">Tuotteiden nimi<\/span><\/td>\n<td style=\"font-family: Verdana, Arial, Helvetica, sans-serif; font-size: 12px; color: #000000; margin: 8px; width: 526px; text-align: center;\">Lemmikkiel\u00e4inten paita<\/td>\n<\/tr>\n<tr>\n<td style=\"font-family: Verdana, Arial, Helvetica, sans-serif; font-size: 12px; color: #000000; margin: 8px; width: 187px; text-align: center;\"><span style=\"line-height: 21px; font-size: 14px;\">Tuotenro.<\/span><\/td>\n<td style=\"font-family: Verdana, Arial, Helvetica, sans-serif; font-size: 12px; color: #000000; margin: 8px; width: 526px; text-align: center;\"><span style=\"line-height: 21px; font-size: 14px;\">P-S2004<\/span><\/td>\n<\/tr>\n<tr>\n<td style=\"font-family: Verdana, Arial, Helvetica, sans-serif; font-size: 12px; color: #000000; margin: 8px; width: 187px; text-align: center;\"><span style=\"line-height: 21px; color: #333333; font-family: Arial, Helvetica; font-size: 14px; font-style: normal; font-weight: 400; background-color: #ffffff; float: none; display: inline !important;\">Materiaali<\/span><\/td>\n<td style=\"font-family: Verdana, Arial, Helvetica, sans-serif; font-size: 12px; color: #000000; margin: 8px; width: 526px; text-align: center;\">Cotton, Polyester<\/td>\n<\/tr>\n<tr>\n<td style=\"font-family: Verdana, Arial, Helvetica, sans-serif; font-size: 12px; color: #000000; margin: 8px; width: 187px; text-align: center;\"><span style=\"line-height: 21px; font-size: 14px;\">\u00a0Koko<\/span><\/td>\n<td style=\"font-family: Verdana, Arial, Helvetica, sans-serif; font-size: 12px; color: #000000; margin: 8px; width: 526px; text-align: center;\"><span style=\"font-size: 14px;\">Mukautettu koko<\/span><\/td>\n<\/tr>\n<tr>\n<td style=\"font-family: Verdana, Arial, Helvetica, sans-serif; font-size: 12px; color: #000000; margin: 8px; width: 187px; text-align: center;\"><span style=\"line-height: 21px; font-size: 14px;\">\u00a0V\u00e4ri<\/span><\/td>\n<td style=\"font-family: Verdana, Arial, Helvetica, sans-serif; font-size: 12px; color: #000000; margin: 8px; width: 526px; text-align: center;\"><span style=\"line-height: 21px; font-size: 14px;\">Mukautettu v\u00e4ri\u00a0<\/span><\/td>\n<\/tr>\n<tr>\n<td style=\"font-family: Verdana, Arial, Helvetica, sans-serif; font-size: 12px; color: #000000; margin: 8px; width: 187px; text-align: center;\"><span style=\"line-height: 21px; font-size: 14px;\">\u00a0<span style=\"line-height: 21px; color: #333333; font-family: Arial, Helvetica; font-size: 14px; font-style: normal; font-weight: 400; background-color: #ffffff; float: none; display: inline !important;\">Lemmikkiel\u00e4intyyppi<\/span><\/span><\/td>\n<td style=\"font-family: Verdana, Arial, Helvetica, sans-serif; font-size: 12px; color: #000000; margin: 8px; width: 526px; text-align: center;\"><span style=\"line-height: 21px; font-size: 14px;\">\u00a0Kaikki koirat<\/span><\/td>\n<\/tr>\n<tr>\n<td style=\"font-family: Verdana, Arial, Helvetica, sans-serif; font-size: 12px; color: #000000; margin: 8px; width: 187px; text-align: center;\"><span style=\"line-height: 21px; font-size: 14px;\">\u00a0<span style=\"line-height: 21px; color: #333333; font-family: Arial, Helvetica; font-size: 14px; font-style: normal; font-weight: 400; background-color: #ffffff; float: none; display: inline !important;\">Toimitusaika<\/span><\/span><\/td>\n<td style=\"font-family: Verdana, Arial, Helvetica, sans-serif; font-size: 12px; color: #000000; margin: 8px; width: 526px; text-align: center;\"><span style=\"line-height: 21px; font-size: 14px;\"><span style=\"line-height: 21px; color: #000000; font-family: Verdana, Arial, Helvetica, sans-serif; font-size: 14px; font-style: normal; font-weight: 400; background-color: #ffffff; float: none; display: inline !important;\">1-5 p\u00e4iv\u00e4\u00e4 pienille m\u00e4\u00e4rille lentoteitse ja 30-35 p\u00e4iv\u00e4\u00e4 suurille m\u00e4\u00e4rille meritse.<\/span>\u00a0<\/span><\/td>\n<\/tr>\n<tr>\n<td style=\"font-family: Verdana, Arial, Helvetica, sans-serif; font-size: 12px; color: #000000; margin: 8px; width: 187px; text-align: center;\"><span style=\"line-height: 21px; font-size: 14px;\">\u00a0<span style=\"line-height: 21px; color: #333333; font-family: Arial, Helvetica; font-size: 14px; font-style: normal; font-weight: 400; background-color: #ffffff; float: none; display: inline !important;\">L\u00e4hetyssatama<\/span><\/span><\/td>\n<td style=\"font-family: Verdana, Arial, Helvetica, sans-serif; font-size: 12px; color: #000000; margin: 8px; width: 526px; text-align: center;\"><span style=\"line-height: 21px; font-size: 14px;\">Xiamen\u00a0<\/span><\/td>\n<\/tr>\n<tr>\n<td style=\"font-family: Verdana, Arial, Helvetica, sans-serif; font-size: 12px; color: #000000; margin: 8px; width: 187px; text-align: center;\"><span style=\"line-height: 21px; font-size: 14px;\">\u00a0<span style=\"line-height: 21px; color: #333333; font-family: Arial, Helvetica; font-size: 14px; font-style: normal; font-weight: 400; background-color: #ffffff; float: none; display: inline !important;\">OEM\/ODM<\/span><\/span><\/td>\n<td style=\"font-family: Verdana, Arial, Helvetica, sans-serif; font-size: 12px; color: #000000; margin: 8px; width: 526px; text-align: center;\"><span style=\"line-height: 21px; font-size: 14px;\">\u00a0<span style=\"line-height: 21px; color: #333333; font-family: Arial, Helvetica; font-size: 14px; font-style: normal; font-weight: 400; background-color: #ffffff; float: none; display: inline !important;\">Saatavilla<\/span><\/span><\/td>\n<\/tr>\n<tr>\n<td style=\"font-family: Verdana, Arial, Helvetica, sans-serif; font-size: 12px; color: #000000; margin: 8px; width: 187px; text-align: center;\"><span style=\"line-height: 21px; font-size: 14px;\">\u00a0<span style=\"line-height: 21px; color: #333333; font-family: Arial, Helvetica; font-size: 14px; font-style: normal; font-weight: 400; background-color: #ffffff; float: none; display: inline !important;\">Paketti<\/span><\/span><\/td>\n<td style=\"font-family: Verdana, Arial, Helvetica, sans-serif; font-size: 12px; color: #000000; margin: 8px; width: 526px; text-align: center;\"><span style=\"line-height: 21px; font-size: 14px;\"><span style=\"line-height: 21px; color: #333333; font-family: Arial, Helvetica; font-size: 14px; font-style: normal; font-weight: 400; background-color: #ffffff; float: none; display: inline !important;\">Kukin pakattu PPB:hen ja sitten kartonkiin tai tarpeen mukaan.<\/span><\/span><\/td>\n<\/tr>\n<\/tbody>\n<\/table>\n<ul>\n<li><strong>Toiminnalliset koiran vaatteet<\/strong>: Suunniteltu tarjoamaan tehokas suoja nuolemista ja raapimista vastaan, mik\u00e4 takaa nopeamman toipumisen.<\/li>\n<li><strong>Koiran leikkaus vaatteet<\/strong>: Ihanteellinen leikkauksen j\u00e4lkeiseen hoitoon, sill\u00e4 se takaa turvallisen ja mukavan istuvuuden, joka est\u00e4\u00e4 lemmikkiel\u00e4imi\u00e4 h\u00e4iritsem\u00e4st\u00e4 haavoja tai tikkej\u00e4.<\/li>\n<li><strong>Mukava muotoilu<\/strong>: Valmistettu pehme\u00e4st\u00e4, hengitt\u00e4v\u00e4st\u00e4 kankaasta, joka takaa, ett\u00e4 koirasi pysyy viihtyis\u00e4n\u00e4 ja \u00e4rsytyksest\u00e4 vapaana.<\/li>\n<li data-immersive-translate-walked=\"dccba797-3b74-4de3-9466-e3eeeb22814a\" data-immersive-translate-paragraph=\"1\"><strong data-immersive-translate-walked=\"dccba797-3b74-4de3-9466-e3eeeb22814a\">Tukkuhinnat ja tehdashinnat<\/strong>: Saatavana irtotilauksina, nuoleskelunestoliivimme tarjoavat ly\u00f6m\u00e4t\u00f6nt\u00e4 arvoa el\u00e4inl\u00e4\u00e4k\u00e4reille, lemmikkiklinikoille ja v\u00e4hitt\u00e4iskauppiaille.<\/li>\n<\/ul>\n<p data-immersive-translate-walked=\"dccba797-3b74-4de3-9466-e3eeeb22814a\" data-immersive-translate-paragraph=\"1\">Kun teet yhteisty\u00f6t\u00e4 kanssamme, saat k\u00e4ytt\u00f6\u00f6si ensiluokkaisia koiran leikkausvaatteita tukkuhintaan, mik\u00e4 tekee siit\u00e4 kustannustehokkaan valinnan yrityksellesi.<\/p>\n<p data-immersive-translate-walked=\"dccba797-3b74-4de3-9466-e3eeeb22814a\" data-immersive-translate-paragraph=\"1\">Varusta myym\u00e4l\u00e4si parhaalla <span style=\"color: #ff0000;\"><a style=\"color: #ff0000;\" href=\"https:\/\/pecpets.com\/fi\/tuoteryhma\/pet-clothing\/\" target=\"_blank\" rel=\"noopener\">toiminnalliset koiran vaatteet<\/a><\/span> saatavilla. Tilaa Koirat Anti-Licking Pet Onesies Vest -liivimme irtotavarana ja tarjoa asiakkaillesi leikkauksen j\u00e4lkeist\u00e4 erinomaista hoitoa, jota heid\u00e4n lemmikkins\u00e4 ansaitsevat. Ota meihin yhteytt\u00e4 jo t\u00e4n\u00e4\u00e4n saadaksesi lis\u00e4tietoja tukkuhinnoittelustamme ja tehtaan suorista tarjouksista.<span class=\"notranslate immersive-translate-target-wrapper\" lang=\"zh-CN\" translate=\"no\" data-immersive-translate-loading-id=\"1\">\u00a0<\/span><\/p>","protected":false},"excerpt":{"rendered":"<h2><strong><b>Tukku Koirat Anti-Licking Pet Onesies liivi Liivi<\/b><\/strong><\/h2>\n<p>Discover Dogs Anti-Licking Pet Onesies Vest.<\/p>\n<p>Pid\u00e4 lemmikkisi tyylikk\u00e4\u00e4n\u00e4 laadukkailla malleillamme.<\/p>","protected":false},"featured_media":7148,"template":"","meta":{"_seopress_robots_primary_cat":"none","_seopress_titles_title":"\u00a0Dogs Anti-Licking Pet Onesies Vest - Top Manufacturers","_seopress_titles_desc":"Our Dogs Anti-Licking Pet Onesies Vest stands out in the market for its unique blend of comfort. The design makes dressing and undressing simple,","_seopress_robots_index":"","_seopress_analysis_target_kw":"Dogs Anti-Licking Pet Onesies Vest","_uag_custom_page_level_css":""},"product_brand":[],"product_cat":[366,365],"product_tag":[],"class_list":{"0":"post-7140","1":"product","2":"type-product","3":"status-publish","4":"has-post-thumbnail","6":"product_cat-dog-surgery-clothes","7":"product_cat-functional-dog-clothing","9":"first","10":"instock","11":"shipping-taxable","12":"product-type-simple"},"uagb_featured_image_src":{"full":["https:\/\/pecpets.com\/wp-content\/uploads\/2024\/06\/0ced2d36-c2b1-4435-8fab-8f5acb8c8a07.jpeg",800,800,false],"thumbnail":["https:\/\/pecpets.com\/wp-content\/uploads\/2024\/06\/0ced2d36-c2b1-4435-8fab-8f5acb8c8a07-150x150.jpeg",150,150,true],"medium":["https:\/\/pecpets.com\/wp-content\/uploads\/2024\/06\/0ced2d36-c2b1-4435-8fab-8f5acb8c8a07-300x300.jpeg",300,300,true],"medium_large":["https:\/\/pecpets.com\/wp-content\/uploads\/2024\/06\/0ced2d36-c2b1-4435-8fab-8f5acb8c8a07-768x768.jpeg",768,768,true],"large":["https:\/\/pecpets.com\/wp-content\/uploads\/2024\/06\/0ced2d36-c2b1-4435-8fab-8f5acb8c8a07.jpeg",800,800,false],"1536x1536":["https:\/\/pecpets.com\/wp-content\/uploads\/2024\/06\/0ced2d36-c2b1-4435-8fab-8f5acb8c8a07.jpeg",800,800,false],"2048x2048":["https:\/\/pecpets.com\/wp-content\/uploads\/2024\/06\/0ced2d36-c2b1-4435-8fab-8f5acb8c8a07.jpeg",800,800,false],"trp-custom-language-flag":["https:\/\/pecpets.com\/wp-content\/uploads\/2024\/06\/0ced2d36-c2b1-4435-8fab-8f5acb8c8a07.jpeg",12,12,false],"woocommerce_thumbnail":["https:\/\/pecpets.com\/wp-content\/uploads\/2024\/06\/0ced2d36-c2b1-4435-8fab-8f5acb8c8a07-300x300.jpeg",300,300,true],"woocommerce_single":["https:\/\/pecpets.com\/wp-content\/uploads\/2024\/06\/0ced2d36-c2b1-4435-8fab-8f5acb8c8a07-600x600.jpeg",600,600,true],"woocommerce_gallery_thumbnail":["https:\/\/pecpets.com\/wp-content\/uploads\/2024\/06\/0ced2d36-c2b1-4435-8fab-8f5acb8c8a07-100x100.jpeg",100,100,true]},"uagb_author_info":{"display_name":"Lawrence\u00a0\u52b3\u4f26\u65af","author_link":"https:\/\/pecpets.com\/fi\/author\/"},"uagb_comment_info":0,"uagb_excerpt":"Wholesale Dogs Anti-Licking Pet Onesies Vest Discover Dogs Anti-Licking Pet Onesies Vest. Keep your pets stylish with our high-quality designs.","_links":{"self":[{"href":"https:\/\/pecpets.com\/fi\/wp-json\/wp\/v2\/product\/7140","targetHints":{"allow":["GET"]}}],"collection":[{"href":"https:\/\/pecpets.com\/fi\/wp-json\/wp\/v2\/product"}],"about":[{"href":"https:\/\/pecpets.com\/fi\/wp-json\/wp\/v2\/types\/product"}],"wp:featuredmedia":[{"embeddable":true,"href":"https:\/\/pecpets.com\/fi\/wp-json\/wp\/v2\/media\/7148"}],"wp:attachment":[{"href":"https:\/\/pecpets.com\/fi\/wp-json\/wp\/v2\/media?parent=7140"}],"wp:term":[{"taxonomy":"product_brand","embeddable":true,"href":"https:\/\/pecpets.com\/fi\/wp-json\/wp\/v2\/product_brand?post=7140"},{"taxonomy":"product_cat","embeddable":true,"href":"https:\/\/pecpets.com\/fi\/wp-json\/wp\/v2\/product_cat?post=7140"},{"taxonomy":"product_tag","embeddable":true,"href":"https:\/\/pecpets.com\/fi\/wp-json\/wp\/v2\/product_tag?post=7140"}],"curies":[{"name":"wp","href":"https:\/\/api.w.org\/{rel}","templated":true}]}}