{"id":7348,"date":"2024-06-29T12:03:23","date_gmt":"2024-06-29T04:03:23","guid":{"rendered":"https:\/\/pecpets.com\/?post_type=product&#038;p=7348"},"modified":"2024-10-30T10:14:10","modified_gmt":"2024-10-30T02:14:10","slug":"2-in-1-high-quality-pet-dog-training-collar","status":"publish","type":"product","link":"https:\/\/pecpets.com\/fi\/product\/2-in-1-high-quality-pet-dog-training-collar\/","title":{"rendered":"2 in 1 korkealaatuinen lemmikkikoiran koulutuskaulus"},"content":{"rendered":"<h2 data-immersive-translate-walked=\"e7004b1f-2e8f-4436-a121-9fbf271e51c9\">2 in 1 korkealaatuinen lemmikkikoiran koulutuskaulus | Koulutus- ja turvakaulukset | Mukava ja kest\u00e4v\u00e4 | Tukku tehdas<\/h2>\n<p>Tervetuloa B2B-foorumillemme, joka on ykk\u00f6svalinta premium 2 in 1 korkealaatuisille lemmikkikoirien koulutuskauluksille. Koiran kaulapantamme on suunniteltu tarjoamaan tehokasta koulutusta ja turvallisuutta, mik\u00e4 takaa sek\u00e4 mukavuuden ett\u00e4 kest\u00e4vyyden. Tarjoamme korkealaatuisia tuotteita, jotka t\u00e4ytt\u00e4v\u00e4t korkeimmat standardit ja jotka ovat ihanteellisia lemmikkiel\u00e4inten v\u00e4hitt\u00e4ismyyjille, kouluttajille ja jakelijoille.<\/p>\n<table style=\"border-collapse: collapse; background-color: #ffffff; width: 329px; height: 273px;\" border=\"1\">\n<tbody>\n<tr>\n<td style=\"font-family: Verdana, Arial, Helvetica, sans-serif; font-size: 12px; color: #000000; margin: 8px; width: 187px; text-align: center;\"><span style=\"line-height: 21px; font-size: 14px;\">Tuotteiden nimi<\/span><\/td>\n<td style=\"font-family: Verdana, Arial, Helvetica, sans-serif; font-size: 12px; color: #000000; margin: 8px; width: 526px; text-align: center;\"><span style=\"font-size: 14px;\">Lemmikkiel\u00e4inten kaulapanta<\/span><\/td>\n<\/tr>\n<tr>\n<td style=\"font-family: Verdana, Arial, Helvetica, sans-serif; font-size: 12px; color: #000000; margin: 8px; width: 187px; text-align: center;\"><span style=\"line-height: 21px; font-size: 14px;\">Tuotenro.<\/span><\/td>\n<td style=\"font-family: Verdana, Arial, Helvetica, sans-serif; font-size: 12px; color: #000000; margin: 8px; width: 526px; text-align: center;\"><span style=\"line-height: 21px; font-size: 14px;\">P-C1006<\/span><\/td>\n<\/tr>\n<tr>\n<td style=\"font-family: Verdana, Arial, Helvetica, sans-serif; font-size: 12px; color: #000000; margin: 8px; width: 187px; text-align: center;\"><span style=\"line-height: 21px; color: #333333; font-family: Arial, Helvetica; font-size: 14px; font-style: normal; font-weight: 400; background-color: #ffffff; float: none; display: inline !important;\">Materiaali<\/span><\/td>\n<td style=\"font-family: Verdana, Arial, Helvetica, sans-serif; font-size: 12px; color: #000000; margin: 8px; width: 526px; text-align: center;\"><span style=\"color: #333333; font-family: Helvetica,Tahoma,Arial; font-size: 12px; font-style: normal; font-weight: 400; background-color: #fcfcfc; display: inline !important; float: none;\">Oxford Fabric<\/span><\/td>\n<\/tr>\n<tr>\n<td style=\"font-family: Verdana, Arial, Helvetica, sans-serif; font-size: 12px; color: #000000; margin: 8px; width: 187px; text-align: center;\"><span style=\"line-height: 21px; font-size: 14px;\">\u00a0Koko<\/span><\/td>\n<td style=\"margin: 8px; width: 526px; text-align: center;\"><span style=\"color: #222222; font-family: Helvetica, Tahoma, Arial;\"><span style=\"font-size: 14px;\">Mukautettu koko<\/span><\/span><\/td>\n<\/tr>\n<tr>\n<td style=\"font-family: Verdana, Arial, Helvetica, sans-serif; font-size: 12px; color: #000000; margin: 8px; width: 187px; text-align: center;\"><span style=\"line-height: 21px; font-size: 14px;\">\u00a0V\u00e4ri<\/span><\/td>\n<td style=\"font-family: Verdana, Arial, Helvetica, sans-serif; font-size: 12px; color: #000000; margin: 8px; width: 526px; text-align: center;\"><span style=\"font-size: 14px;\">R\u00e4\u00e4t\u00e4l\u00f6ity v\u00e4ri<\/span><\/td>\n<\/tr>\n<tr>\n<td style=\"font-family: Verdana, Arial, Helvetica, sans-serif; font-size: 12px; color: #000000; margin: 8px; width: 187px; text-align: center;\"><span style=\"line-height: 21px; font-size: 14px;\">\u00a0<span style=\"line-height: 21px; color: #333333; font-family: Arial, Helvetica; font-size: 14px; font-style: normal; font-weight: 400; background-color: #ffffff; float: none; display: inline !important;\">Lemmikkiel\u00e4intyyppi<\/span><\/span><\/td>\n<td style=\"font-family: Verdana, Arial, Helvetica, sans-serif; font-size: 12px; color: #000000; margin: 8px; width: 526px; text-align: center;\"><span style=\"line-height: 21px; font-size: 14px;\">\u00a0Kaikki koirat<\/span><\/td>\n<\/tr>\n<tr>\n<td style=\"font-family: Verdana, Arial, Helvetica, sans-serif; font-size: 12px; color: #000000; margin: 8px; width: 187px; text-align: center;\"><span style=\"line-height: 21px; font-size: 14px;\">\u00a0<span style=\"line-height: 21px; color: #333333; font-family: Arial, Helvetica; font-size: 14px; font-style: normal; font-weight: 400; background-color: #ffffff; float: none; display: inline !important;\">Toimitusaika<\/span><\/span><\/td>\n<td style=\"font-family: Verdana, Arial, Helvetica, sans-serif; font-size: 12px; color: #000000; margin: 8px; width: 526px; text-align: center;\"><span style=\"line-height: 21px; font-size: 14px;\"><span style=\"line-height: 21px; color: #000000; font-family: Verdana, Arial, Helvetica, sans-serif; font-size: 14px; font-style: normal; font-weight: 400; background-color: #ffffff; float: none; display: inline !important;\">1-5 p\u00e4iv\u00e4\u00e4 pienille m\u00e4\u00e4rille lentoteitse ja 30-35 p\u00e4iv\u00e4\u00e4 suurille m\u00e4\u00e4rille meritse.<\/span>\u00a0<\/span><\/td>\n<\/tr>\n<tr>\n<td style=\"font-family: Verdana, Arial, Helvetica, sans-serif; font-size: 12px; color: #000000; margin: 8px; width: 187px; text-align: center;\"><span style=\"line-height: 21px; font-size: 14px;\">\u00a0<span style=\"line-height: 21px; color: #333333; font-family: Arial, Helvetica; font-size: 14px; font-style: normal; font-weight: 400; background-color: #ffffff; float: none; display: inline !important;\">L\u00e4hetyssatama<\/span><\/span><\/td>\n<td style=\"font-family: Verdana, Arial, Helvetica, sans-serif; font-size: 12px; color: #000000; margin: 8px; width: 526px; text-align: center;\"><span style=\"line-height: 21px; font-size: 14px;\">Xiamen\u00a0<\/span><\/td>\n<\/tr>\n<tr>\n<td style=\"font-family: Verdana, Arial, Helvetica, sans-serif; font-size: 12px; color: #000000; margin: 8px; width: 187px; text-align: center;\"><span style=\"line-height: 21px; font-size: 14px;\">\u00a0<span style=\"line-height: 21px; color: #333333; font-family: Arial, Helvetica; font-size: 14px; font-style: normal; font-weight: 400; background-color: #ffffff; float: none; display: inline !important;\">OEM\/ODM<\/span><\/span><\/td>\n<td style=\"font-family: Verdana, Arial, Helvetica, sans-serif; font-size: 12px; color: #000000; margin: 8px; width: 526px; text-align: center;\"><span style=\"line-height: 21px; font-size: 14px;\">\u00a0<span style=\"line-height: 21px; color: #333333; font-family: Arial, Helvetica; font-size: 14px; font-style: normal; font-weight: 400; background-color: #ffffff; float: none; display: inline !important;\">Saatavilla<\/span><\/span><\/td>\n<\/tr>\n<tr>\n<td style=\"font-family: Verdana, Arial, Helvetica, sans-serif; font-size: 12px; color: #000000; margin: 8px; width: 187px; text-align: center;\"><span style=\"line-height: 21px; font-size: 14px;\">\u00a0<span style=\"line-height: 21px; color: #333333; font-family: Arial, Helvetica; font-size: 14px; font-style: normal; font-weight: 400; background-color: #ffffff; float: none; display: inline !important;\">Paketti<\/span><\/span><\/td>\n<td style=\"font-family: Verdana, Arial, Helvetica, sans-serif; font-size: 12px; color: #000000; margin: 8px; width: 526px; text-align: center;\"><span style=\"line-height: 21px; font-size: 14px;\"><span style=\"line-height: 21px; color: #333333; font-family: Arial, Helvetica; font-size: 14px; font-style: normal; font-weight: 400; background-color: #ffffff; float: none; display: inline !important;\">Kukin pakattu PPB:hen ja sitten kartonkiin tai tarpeen mukaan.<\/span><\/span><\/td>\n<\/tr>\n<\/tbody>\n<\/table>\n<ul>\n<li>\n<p data-immersive-translate-walked=\"8b5afd8b-1b58-4d39-bfba-c28d7f2dd9b7\" data-immersive-translate-paragraph=\"1\"><strong data-immersive-translate-walked=\"8b5afd8b-1b58-4d39-bfba-c28d7f2dd9b7\">Monipuolinen 2 in 1 muotoilu<\/strong>: 2 in 1 korkealaatuinen lemmikkikoiran koulutuskaulus yhdist\u00e4\u00e4 perinteisen kaulapannan ja koulutuskaulapannan, mik\u00e4 tarjoaa monipuolisen toiminnallisuuden. T\u00e4m\u00e4 kaksik\u00e4ytt\u00f6inen muotoilu mahdollistaa tehokkaan harjoittelun s\u00e4ilytt\u00e4en jokap\u00e4iv\u00e4isen k\u00e4yt\u00f6n.<\/p>\n<\/li>\n<li>\n<p data-immersive-translate-walked=\"8b5afd8b-1b58-4d39-bfba-c28d7f2dd9b7\" data-immersive-translate-paragraph=\"1\"><strong data-immersive-translate-walked=\"8b5afd8b-1b58-4d39-bfba-c28d7f2dd9b7\">Tehokas koulutus<\/strong>: Kehittyneill\u00e4 koulutusominaisuuksilla varustettu kaulapantamme auttaa korjaamaan ei-toivottua k\u00e4ytt\u00e4ytymist\u00e4 ja edist\u00e4m\u00e4\u00e4n lemmikkisi parempaa k\u00e4ytt\u00e4ytymist\u00e4. Se sopii erilaisiin koulutustarpeisiin, perustottelevaisuudesta edistyneeseen koulutukseen.<\/p>\n<\/li>\n<li><strong>Turvallisuus etusijalla<\/strong>: Turvallisuus on etusijalla. Pannassamme k\u00e4ytet\u00e4\u00e4n hell\u00e4varaisia ja inhimillisi\u00e4 menetelmi\u00e4, joilla varmistetaan, ett\u00e4 lemmikkisi ei vahingoitu koulutuksen aikana. Ominaisuudet, kuten s\u00e4\u00e4dett\u00e4v\u00e4t stimulaatiotasot ja turvalukko, est\u00e4v\u00e4t tahattoman ylistimulaation.<\/li>\n<li><strong>Comfortable Fit<\/strong>: Valmistettu ensiluokkaisista, pehmeist\u00e4 materiaaleista, koiran kaulapannat takaavat mukavan istuvuuden kaikenkokoisille koirille. S\u00e4\u00e4dett\u00e4v\u00e4 muotoilu ja kevyt rakenne mahdollistavat pidemm\u00e4nkin k\u00e4yt\u00f6n aiheuttamatta ep\u00e4mukavuutta.<\/li>\n<li>\n<p data-immersive-translate-walked=\"8b5afd8b-1b58-4d39-bfba-c28d7f2dd9b7\" data-immersive-translate-paragraph=\"1\"><strong data-immersive-translate-walked=\"8b5afd8b-1b58-4d39-bfba-c28d7f2dd9b7\">Kest\u00e4vyys<\/strong>: Harjoituskauluksemme on rakennettu kest\u00e4m\u00e4\u00e4n kovaa k\u00e4ytt\u00f6\u00e4, ja ne on valmistettu kest\u00e4vist\u00e4 materiaaleista, jotka takaavat pitk\u00e4aikaisen suorituskyvyn. N\u00e4m\u00e4 kaulapannat on suunniteltu kest\u00e4m\u00e4\u00e4n, olivatpa ne sitten harjoituksia tai p\u00e4ivitt\u00e4ist\u00e4 k\u00e4ytt\u00f6\u00e4 varten.<\/p>\n<\/li>\n<li>\n<p data-immersive-translate-walked=\"8b5afd8b-1b58-4d39-bfba-c28d7f2dd9b7\" data-immersive-translate-paragraph=\"1\"><strong data-immersive-translate-walked=\"8b5afd8b-1b58-4d39-bfba-c28d7f2dd9b7\">Wholesale Availability<\/strong>: Tehtaiden suorana toimittajana tarjoamme kilpailukykyisi\u00e4 tukkuhintoja irtotilauksille. Tehokas tuotanto- ja jakeluj\u00e4rjestelm\u00e4mme takaa oikea-aikaisen toimituksen ja poikkeuksellisen asiakaspalvelun.<\/p>\n<\/li>\n<\/ul>\n<p data-immersive-translate-walked=\"8b5afd8b-1b58-4d39-bfba-c28d7f2dd9b7\"><strong data-immersive-translate-walked=\"8b5afd8b-1b58-4d39-bfba-c28d7f2dd9b7\" data-immersive-translate-paragraph=\"1\">Miksi valita meid\u00e4t?<\/strong><\/p>\n<ul>\n<li>\n<p data-immersive-translate-walked=\"8b5afd8b-1b58-4d39-bfba-c28d7f2dd9b7\" data-immersive-translate-paragraph=\"1\"><strong data-immersive-translate-walked=\"8b5afd8b-1b58-4d39-bfba-c28d7f2dd9b7\">Factory Direct<\/strong>: Kun ostat suoraan tehtaaltamme, voit hy\u00f6ty\u00e4 alhaisemmista kustannuksista ja nopeutetuista toimitusajoista. Poistamme v\u00e4lik\u00e4det ja tarjoamme sinulle parhaan mahdollisen arvon.<\/p>\n<\/li>\n<li><strong>Laadunvarmistus<\/strong>: Jokaiselle kaulukselle tehd\u00e4\u00e4n tiukat laadunvalvontatarkastukset sen varmistamiseksi, ett\u00e4 se t\u00e4ytt\u00e4\u00e4 korkeat standardimme. Voit luottaa siihen, ett\u00e4 tuotteemme tuottavat yrityksesi vaatiman suorituskyvyn ja luotettavuuden.<\/li>\n<li>\n<p data-immersive-translate-walked=\"8b5afd8b-1b58-4d39-bfba-c28d7f2dd9b7\" data-immersive-translate-paragraph=\"1\"><strong data-immersive-translate-walked=\"8b5afd8b-1b58-4d39-bfba-c28d7f2dd9b7\">Customizable Options<\/strong>: Tarjoamme useita r\u00e4\u00e4t\u00e4l\u00f6intivaihtoehtoja vastaamaan erityistarpeitasi. Br\u00e4nd\u00e4yksest\u00e4 muotoilumuutoksiin, teemme kanssasi yhteisty\u00f6t\u00e4 luodaksemme tuotteita, jotka vastaavat br\u00e4ndisi identiteetti\u00e4.<\/p>\n<\/li>\n<\/ul>\n<p><span style=\"color: #ff0000;\"><a style=\"color: #ff0000;\" href=\"https:\/\/pecpets.com\/fi\/tuoteryhma\/pet-collars\/\" target=\"_blank\" rel=\"noopener\"><strong>Tilaa nyt!<\/strong><\/a><\/span><\/p>\n<p data-immersive-translate-walked=\"8b5afd8b-1b58-4d39-bfba-c28d7f2dd9b7\" data-immersive-translate-paragraph=\"1\">Kumppani kanssamme kaikki 2 in 1 korkealaatuinen lemmikkikoira koulutus kaulapanta tarpeet. Koe monipuolisuuden, mukavuuden ja kest\u00e4vyyden t\u00e4ydellinen yhdistelm\u00e4. Ota meihin yhteytt\u00e4 jo t\u00e4n\u00e4\u00e4n saadaksesi tarjouksen ja hy\u00f6dynn\u00e4 tukkuhintojamme.<\/p>","protected":false},"excerpt":{"rendered":"<h2><strong><b>Tukkukauppa 2 in 1 korkealaatuinen lemmikkikoira koulutuskaulus<\/b><\/strong><\/h2>\n<p>Tutustu 2 in 1 korkealaatuiseen lemmikkikoiran koulutuskaulukseen.<\/p>\n<p>Pid\u00e4 lemmikkisi tyylikk\u00e4\u00e4n\u00e4 laadukkailla malleillamme.<\/p>","protected":false},"featured_media":7349,"template":"","meta":{"_seopress_robots_primary_cat":"none","_seopress_titles_title":"2 in 1 High Quality Pet Dog Training Collar - Manufacturers","_seopress_titles_desc":"Discover 2 in 1 High Quality Pet Dog Training Collar for training and safety. Shop high-quality collars at wholesale factory prices. Perfect for pet dogs.","_seopress_robots_index":"","_uag_custom_page_level_css":""},"product_brand":[],"product_cat":[211,363],"product_tag":[215,216,214,213],"class_list":{"0":"post-7348","1":"product","2":"type-product","3":"status-publish","4":"has-post-thumbnail","6":"product_cat-pet-collars","7":"product_cat-training-safety-collars","8":"product_tag-adjustable-collar","9":"product_tag-collar-and-leash-set","10":"product_tag-custom-color-dog-collar","11":"product_tag-dog-collar","13":"first","14":"instock","15":"shipping-taxable","16":"product-type-simple"},"uagb_featured_image_src":{"full":["https:\/\/pecpets.com\/wp-content\/uploads\/2024\/06\/\u4e3b\u56fe-01-36.jpg",1000,1000,false],"thumbnail":["https:\/\/pecpets.com\/wp-content\/uploads\/2024\/06\/\u4e3b\u56fe-01-36-150x150.jpg",150,150,true],"medium":["https:\/\/pecpets.com\/wp-content\/uploads\/2024\/06\/\u4e3b\u56fe-01-36-300x300.jpg",300,300,true],"medium_large":["https:\/\/pecpets.com\/wp-content\/uploads\/2024\/06\/\u4e3b\u56fe-01-36-768x768.jpg",768,768,true],"large":["https:\/\/pecpets.com\/wp-content\/uploads\/2024\/06\/\u4e3b\u56fe-01-36.jpg",800,800,false],"1536x1536":["https:\/\/pecpets.com\/wp-content\/uploads\/2024\/06\/\u4e3b\u56fe-01-36.jpg",1000,1000,false],"2048x2048":["https:\/\/pecpets.com\/wp-content\/uploads\/2024\/06\/\u4e3b\u56fe-01-36.jpg",1000,1000,false],"trp-custom-language-flag":["https:\/\/pecpets.com\/wp-content\/uploads\/2024\/06\/\u4e3b\u56fe-01-36.jpg",12,12,false],"woocommerce_thumbnail":["https:\/\/pecpets.com\/wp-content\/uploads\/2024\/06\/\u4e3b\u56fe-01-36-300x300.jpg",300,300,true],"woocommerce_single":["https:\/\/pecpets.com\/wp-content\/uploads\/2024\/06\/\u4e3b\u56fe-01-36-600x600.jpg",600,600,true],"woocommerce_gallery_thumbnail":["https:\/\/pecpets.com\/wp-content\/uploads\/2024\/06\/\u4e3b\u56fe-01-36-100x100.jpg",100,100,true]},"uagb_author_info":{"display_name":"Lawrence\u00a0\u52b3\u4f26\u65af","author_link":"https:\/\/pecpets.com\/fi\/author\/"},"uagb_comment_info":0,"uagb_excerpt":"Wholesale 2 in 1 High Quality Pet Dog Training Collar Discover 2 in 1 High Quality Pet Dog Training Collar. Keep your pets stylish with our high-quality designs.","_links":{"self":[{"href":"https:\/\/pecpets.com\/fi\/wp-json\/wp\/v2\/product\/7348","targetHints":{"allow":["GET"]}}],"collection":[{"href":"https:\/\/pecpets.com\/fi\/wp-json\/wp\/v2\/product"}],"about":[{"href":"https:\/\/pecpets.com\/fi\/wp-json\/wp\/v2\/types\/product"}],"wp:featuredmedia":[{"embeddable":true,"href":"https:\/\/pecpets.com\/fi\/wp-json\/wp\/v2\/media\/7349"}],"wp:attachment":[{"href":"https:\/\/pecpets.com\/fi\/wp-json\/wp\/v2\/media?parent=7348"}],"wp:term":[{"taxonomy":"product_brand","embeddable":true,"href":"https:\/\/pecpets.com\/fi\/wp-json\/wp\/v2\/product_brand?post=7348"},{"taxonomy":"product_cat","embeddable":true,"href":"https:\/\/pecpets.com\/fi\/wp-json\/wp\/v2\/product_cat?post=7348"},{"taxonomy":"product_tag","embeddable":true,"href":"https:\/\/pecpets.com\/fi\/wp-json\/wp\/v2\/product_tag?post=7348"}],"curies":[{"name":"wp","href":"https:\/\/api.w.org\/{rel}","templated":true}]}}