{"id":7371,"date":"2024-06-29T13:13:21","date_gmt":"2024-06-29T05:13:21","guid":{"rendered":"https:\/\/pecpets.com\/?post_type=product&#038;p=7371"},"modified":"2024-11-04T18:00:55","modified_gmt":"2024-11-04T10:00:55","slug":"outdoor-training-explosion-proof-dog-harness","status":"publish","type":"product","link":"https:\/\/pecpets.com\/fi\/product\/outdoor-training-explosion-proof-dog-harness\/","title":{"rendered":"Outdoor Training Explosion-proof Dog Harness"},"content":{"rendered":"<h2 data-immersive-translate-walked=\"016756d5-39df-48b1-ae55-3948c534da60\" data-immersive-translate-paragraph=\"1\">Ulkouima koulutus r\u00e4j\u00e4hdyssuojattu koira valjaat | Heavy-Duty koira valjaat | Mukava ja kest\u00e4v\u00e4 | Tukku tehdas<\/h2>\n<p data-immersive-translate-walked=\"016756d5-39df-48b1-ae55-3948c534da60\" data-immersive-translate-paragraph=\"1\">Tervetuloa B2B-foorumillemme, joka on ensisijainen m\u00e4\u00e4r\u00e4np\u00e4\u00e4si korkealaatuisille ulkokoulutuksen r\u00e4j\u00e4hdyssuojatuille koiravaljaille. Lemmikkivaljaamme on suunniteltu maksimaaliseen turvallisuuteen, mukavuuteen ja kest\u00e4vyyteen, joten ne sopivat erinomaisesti ulkokoulutukseen ja p\u00e4ivitt\u00e4iseen k\u00e4ytt\u00f6\u00f6n. Tarjoamme huippuluokan tuotteita, jotka t\u00e4ytt\u00e4v\u00e4t korkeimmat standardit ja jotka sopivat erinomaisesti lemmikkiel\u00e4inten j\u00e4lleenmyyjille, kouluttajille ja jakelijoille.<\/p>\n<table style=\"border-collapse: collapse; background-color: #ffffff; width: 329px; height: 273px;\" border=\"1\">\n<tbody>\n<tr>\n<td style=\"font-family: Verdana, Arial, Helvetica, sans-serif; font-size: 12px; color: #000000; margin: 8px; width: 187px; text-align: center;\"><span style=\"line-height: 21px; font-size: 14px;\">Tuotteiden nimi<\/span><\/td>\n<td style=\"font-family: Verdana, Arial, Helvetica, sans-serif; font-size: 12px; color: #000000; margin: 8px; width: 526px; text-align: center;\"><span style=\"font-size: 14px;\">Lemmikin valjaat<\/span><\/td>\n<\/tr>\n<tr>\n<td style=\"font-family: Verdana, Arial, Helvetica, sans-serif; font-size: 12px; color: #000000; margin: 8px; width: 187px; text-align: center;\"><span style=\"line-height: 21px; font-size: 14px;\">Tuotenro.<\/span><\/td>\n<td style=\"font-family: Verdana, Arial, Helvetica, sans-serif; font-size: 12px; color: #000000; margin: 8px; width: 526px; text-align: center;\"><span style=\"line-height: 21px; font-size: 14px;\">P-H2015<\/span><\/td>\n<\/tr>\n<tr>\n<td style=\"font-family: Verdana, Arial, Helvetica, sans-serif; font-size: 12px; color: #000000; margin: 8px; width: 187px; text-align: center;\"><span style=\"line-height: 21px; color: #333333; font-family: Arial, Helvetica; font-size: 14px; font-style: normal; font-weight: 400; background-color: #ffffff; float: none; display: inline !important;\">Materiaali<\/span><\/td>\n<td style=\"font-family: Verdana, Arial, Helvetica, sans-serif; font-size: 12px; color: #000000; margin: 8px; width: 526px; text-align: center;\"><span style=\"color: #333333; font-family: Helvetica,Tahoma,Arial; font-size: 12px; font-style: normal; font-weight: 400; background-color: #fcfcfc; display: inline !important; float: none;\">Oxford Fabric<\/span><\/td>\n<\/tr>\n<tr>\n<td style=\"font-family: Verdana, Arial, Helvetica, sans-serif; font-size: 12px; color: #000000; margin: 8px; width: 187px; text-align: center;\"><span style=\"line-height: 21px; font-size: 14px;\">\u00a0Koko<\/span><\/td>\n<td style=\"margin: 8px; width: 526px; text-align: center;\"><span style=\"color: #222222; font-family: Helvetica, Tahoma, Arial;\"><span style=\"font-size: 14px;\">Mukautettu koko<\/span><\/span><\/td>\n<\/tr>\n<tr>\n<td style=\"font-family: Verdana, Arial, Helvetica, sans-serif; font-size: 12px; color: #000000; margin: 8px; width: 187px; text-align: center;\"><span style=\"line-height: 21px; font-size: 14px;\">\u00a0V\u00e4ri<\/span><\/td>\n<td style=\"font-family: Verdana, Arial, Helvetica, sans-serif; font-size: 12px; color: #000000; margin: 8px; width: 526px; text-align: center;\"><span style=\"font-size: 14px;\">R\u00e4\u00e4t\u00e4l\u00f6ity v\u00e4ri<\/span><\/td>\n<\/tr>\n<tr>\n<td style=\"font-family: Verdana, Arial, Helvetica, sans-serif; font-size: 12px; color: #000000; margin: 8px; width: 187px; text-align: center;\"><span style=\"line-height: 21px; font-size: 14px;\">\u00a0<span style=\"line-height: 21px; color: #333333; font-family: Arial, Helvetica; font-size: 14px; font-style: normal; font-weight: 400; background-color: #ffffff; float: none; display: inline !important;\">Lemmikkiel\u00e4intyyppi<\/span><\/span><\/td>\n<td style=\"font-family: Verdana, Arial, Helvetica, sans-serif; font-size: 12px; color: #000000; margin: 8px; width: 526px; text-align: center;\"><span style=\"line-height: 21px; font-size: 14px;\">\u00a0Kaikki koirat<\/span><\/td>\n<\/tr>\n<tr>\n<td style=\"font-family: Verdana, Arial, Helvetica, sans-serif; font-size: 12px; color: #000000; margin: 8px; width: 187px; text-align: center;\"><span style=\"line-height: 21px; font-size: 14px;\">\u00a0<span style=\"line-height: 21px; color: #333333; font-family: Arial, Helvetica; font-size: 14px; font-style: normal; font-weight: 400; background-color: #ffffff; float: none; display: inline !important;\">Toimitusaika<\/span><\/span><\/td>\n<td style=\"font-family: Verdana, Arial, Helvetica, sans-serif; font-size: 12px; color: #000000; margin: 8px; width: 526px; text-align: center;\"><span style=\"line-height: 21px; font-size: 14px;\"><span style=\"line-height: 21px; color: #000000; font-family: Verdana, Arial, Helvetica, sans-serif; font-size: 14px; font-style: normal; font-weight: 400; background-color: #ffffff; float: none; display: inline !important;\">1-5 p\u00e4iv\u00e4\u00e4 pienille m\u00e4\u00e4rille lentoteitse ja 30-35 p\u00e4iv\u00e4\u00e4 suurille m\u00e4\u00e4rille meritse.<\/span>\u00a0<\/span><\/td>\n<\/tr>\n<tr>\n<td style=\"font-family: Verdana, Arial, Helvetica, sans-serif; font-size: 12px; color: #000000; margin: 8px; width: 187px; text-align: center;\"><span style=\"line-height: 21px; font-size: 14px;\">\u00a0<span style=\"line-height: 21px; color: #333333; font-family: Arial, Helvetica; font-size: 14px; font-style: normal; font-weight: 400; background-color: #ffffff; float: none; display: inline !important;\">L\u00e4hetyssatama<\/span><\/span><\/td>\n<td style=\"font-family: Verdana, Arial, Helvetica, sans-serif; font-size: 12px; color: #000000; margin: 8px; width: 526px; text-align: center;\"><span style=\"line-height: 21px; font-size: 14px;\">Xiamen\u00a0<\/span><\/td>\n<\/tr>\n<tr>\n<td style=\"font-family: Verdana, Arial, Helvetica, sans-serif; font-size: 12px; color: #000000; margin: 8px; width: 187px; text-align: center;\"><span style=\"line-height: 21px; font-size: 14px;\">\u00a0<span style=\"line-height: 21px; color: #333333; font-family: Arial, Helvetica; font-size: 14px; font-style: normal; font-weight: 400; background-color: #ffffff; float: none; display: inline !important;\">OEM\/ODM<\/span><\/span><\/td>\n<td style=\"font-family: Verdana, Arial, Helvetica, sans-serif; font-size: 12px; color: #000000; margin: 8px; width: 526px; text-align: center;\"><span style=\"line-height: 21px; font-size: 14px;\">\u00a0<span style=\"line-height: 21px; color: #333333; font-family: Arial, Helvetica; font-size: 14px; font-style: normal; font-weight: 400; background-color: #ffffff; float: none; display: inline !important;\">Saatavilla<\/span><\/span><\/td>\n<\/tr>\n<tr>\n<td style=\"font-family: Verdana, Arial, Helvetica, sans-serif; font-size: 12px; color: #000000; margin: 8px; width: 187px; text-align: center;\"><span style=\"line-height: 21px; font-size: 14px;\">\u00a0<span style=\"line-height: 21px; color: #333333; font-family: Arial, Helvetica; font-size: 14px; font-style: normal; font-weight: 400; background-color: #ffffff; float: none; display: inline !important;\">Paketti<\/span><\/span><\/td>\n<td style=\"font-family: Verdana, Arial, Helvetica, sans-serif; font-size: 12px; color: #000000; margin: 8px; width: 526px; text-align: center;\"><span style=\"line-height: 21px; font-size: 14px;\"><span style=\"line-height: 21px; color: #333333; font-family: Arial, Helvetica; font-size: 14px; font-style: normal; font-weight: 400; background-color: #ffffff; float: none; display: inline !important;\">Kukin pakattu PPB:hen ja sitten kartonkiin tai tarpeen mukaan.<\/span><\/span><\/td>\n<\/tr>\n<\/tbody>\n<\/table>\n<p><strong>Key Features:<\/strong><\/p>\n<ul>\n<li>\n<p data-immersive-translate-walked=\"8b5afd8b-1b58-4d39-bfba-c28d7f2dd9b7\" data-immersive-translate-paragraph=\"1\"><strong data-immersive-translate-walked=\"8b5afd8b-1b58-4d39-bfba-c28d7f2dd9b7\">R\u00e4j\u00e4hdyssuojattu rakenne<\/strong>: R\u00e4j\u00e4hdyssuojatut koiravaljaat on rakennettu vankalla r\u00e4j\u00e4hdyssuojalla rakenteella, joka kest\u00e4\u00e4 jopa kaikkein energisimm\u00e4tkin koirat. Se takaa maksimaalisen hallinnan ja turvallisuuden ulkoilun ja harjoittelun aikana.<strong>Raskasrakenteinen rakenne<\/strong>: Korkealaatuisista materiaaleista valmistetut, raskaat koiravaljaat on suunniteltu kest\u00e4m\u00e4\u00e4n kovaa k\u00e4ytt\u00f6\u00e4. Kest\u00e4v\u00e4 rakenne takaa pitk\u00e4kestoisen suorituskyvyn, joten ne soveltuvat kaikenlaisiin ulkoseikkailuihin.<\/p>\n<\/li>\n<li>\n<p data-immersive-translate-walked=\"8b5afd8b-1b58-4d39-bfba-c28d7f2dd9b7\" data-immersive-translate-paragraph=\"1\"><strong data-immersive-translate-walked=\"8b5afd8b-1b58-4d39-bfba-c28d7f2dd9b7\">Comfortable Fit<\/strong>: Valjaissamme on s\u00e4\u00e4dett\u00e4v\u00e4t hihnat ja pehmustetut sis\u00e4tilat, jotka on suunniteltu lemmikkisi mukavuutta ajatellen. T\u00e4m\u00e4 takaa turvallisen ja miellytt\u00e4v\u00e4n istuvuuden, joka est\u00e4\u00e4 hankautumisen ja \u00e4rsytyksen my\u00f6s pidemm\u00e4n k\u00e4yt\u00f6n aikana.<strong>Kest\u00e4vyys<\/strong>: Valjaamme on suunniteltu kest\u00e4m\u00e4\u00e4n kovia olosuhteita. Laadukkaat materiaalit ja vahvistetut ompeleet takaavat poikkeuksellisen kest\u00e4vyyden, mik\u00e4 takaa, ett\u00e4 ne kest\u00e4v\u00e4t aktiivisten koirien ja ulkoilmaolosuhteiden vaatimukset.<\/p>\n<\/li>\n<li><strong>Wholesale Availability<\/strong>: Tehtaiden suorana toimittajana tarjoamme kilpailukykyisi\u00e4 tukkuhintoja irtotilauksille. Tehokas tuotanto- ja jakeluj\u00e4rjestelm\u00e4mme takaa oikea-aikaisen toimituksen ja poikkeuksellisen asiakaspalvelun.<\/li>\n<\/ul>\n<p><strong>Miksi valita meid\u00e4t?<\/strong><\/p>\n<ul>\n<li><strong>Factory Direct<\/strong>: Kun ostat suoraan tehtaaltamme, voit hy\u00f6ty\u00e4 alhaisemmista kustannuksista ja nopeammista toimitusajoista. Poistamme v\u00e4lik\u00e4det ja tarjoamme sinulle parhaan mahdollisen arvon.<\/li>\n<li><strong>Laadunvarmistus<\/strong>: Jokaiselle valjaalle tehd\u00e4\u00e4n tiukat laadunvalvontatarkastukset sen varmistamiseksi, ett\u00e4 se t\u00e4ytt\u00e4\u00e4 korkeat standardimme. Voit luottaa siihen, ett\u00e4 tuotteemme tarjoavat yrityksesi tarvitsemaa suorituskyky\u00e4 ja luotettavuutta.<\/li>\n<li><strong>Customizable Options<\/strong>: Tarjoamme useita r\u00e4\u00e4t\u00e4l\u00f6intivaihtoehtoja vastaamaan erityisvaatimuksiasi. Teemme kanssasi yhteisty\u00f6t\u00e4 tuotemerkkien suunnittelusta muotoilumuutoksiin, jotta voimme luoda tuotteita, jotka vastaavat br\u00e4ndisi identiteetti\u00e4.<\/li>\n<\/ul>\n<p><strong>Tilaa nyt!<\/strong><\/p>\n<p data-immersive-translate-walked=\"8b5afd8b-1b58-4d39-bfba-c28d7f2dd9b7\" data-immersive-translate-paragraph=\"1\">Yhteisty\u00f6kumppani meille kaikki ulkokoulutuksesi R\u00e4j\u00e4hdyssuojattu <span style=\"color: #ff0000;\"><a style=\"color: #ff0000;\" href=\"https:\/\/pecpets.com\/fi\/tuoteryhma\/pet-harness\/\" target=\"_blank\" rel=\"noopener\">Koiran valjaat<\/a><\/span> tarpeet. Koe turvallisuuden, mukavuuden ja kest\u00e4vyyden t\u00e4ydellinen yhdistelm\u00e4. Ota yhteytt\u00e4 jo t\u00e4n\u00e4\u00e4n ja pyyd\u00e4 tarjous ja hy\u00f6dynn\u00e4 tukkuhintojamme.<span class=\"notranslate immersive-translate-target-wrapper\" lang=\"zh-CN\" translate=\"no\" data-immersive-translate-loading-id=\"1\">\u00a0<\/span><\/p>","protected":false},"excerpt":{"rendered":"<h2><strong><b>Tukku Outdoor Training r\u00e4j\u00e4hdyssuojattu koiran valjaat<\/b><\/strong><\/h2>\n<p>Tutustu ulkoilukoulutukseen R\u00e4j\u00e4hdyssuojatut koiravaljaat.<\/p>\n<p>Pid\u00e4 lemmikkisi tyylikk\u00e4\u00e4n\u00e4 laadukkailla malleillamme.<\/p>","protected":false},"featured_media":7372,"template":"","meta":{"_seopress_robots_primary_cat":"none","_seopress_titles_title":"Pet Harness: Explosion-proof Dog Harness - Top Manufacturers","_seopress_titles_desc":"Explore our Explosion-proof Dog Harness, comfortable dog harness. Ideal for manufacturers seeking high-quality, durable pet gear. Perfect for wholesale.","_seopress_robots_index":"","_seopress_analysis_target_kw":"Explosion-proof Dog Harness","_uag_custom_page_level_css":""},"product_brand":[],"product_cat":[353,212,323,413,359],"product_tag":[],"class_list":{"0":"post-7371","1":"product","2":"type-product","3":"status-publish","4":"has-post-thumbnail","6":"product_cat-no-pull-dog-harnesses","7":"product_cat-pet-harness","8":"product_cat-standard-harnesses","9":"product_cat-training-clothes","10":"product_cat-waterproof-dog-harnesses","12":"first","13":"instock","14":"shipping-taxable","15":"product-type-simple"},"uagb_featured_image_src":{"full":["https:\/\/pecpets.com\/wp-content\/uploads\/2024\/06\/\u4e3b\u56fe-01-38.jpg",800,800,false],"thumbnail":["https:\/\/pecpets.com\/wp-content\/uploads\/2024\/06\/\u4e3b\u56fe-01-38-150x150.jpg",150,150,true],"medium":["https:\/\/pecpets.com\/wp-content\/uploads\/2024\/06\/\u4e3b\u56fe-01-38-300x300.jpg",300,300,true],"medium_large":["https:\/\/pecpets.com\/wp-content\/uploads\/2024\/06\/\u4e3b\u56fe-01-38-768x768.jpg",768,768,true],"large":["https:\/\/pecpets.com\/wp-content\/uploads\/2024\/06\/\u4e3b\u56fe-01-38.jpg",800,800,false],"1536x1536":["https:\/\/pecpets.com\/wp-content\/uploads\/2024\/06\/\u4e3b\u56fe-01-38.jpg",800,800,false],"2048x2048":["https:\/\/pecpets.com\/wp-content\/uploads\/2024\/06\/\u4e3b\u56fe-01-38.jpg",800,800,false],"trp-custom-language-flag":["https:\/\/pecpets.com\/wp-content\/uploads\/2024\/06\/\u4e3b\u56fe-01-38.jpg",12,12,false],"woocommerce_thumbnail":["https:\/\/pecpets.com\/wp-content\/uploads\/2024\/06\/\u4e3b\u56fe-01-38-300x300.jpg",300,300,true],"woocommerce_single":["https:\/\/pecpets.com\/wp-content\/uploads\/2024\/06\/\u4e3b\u56fe-01-38-600x600.jpg",600,600,true],"woocommerce_gallery_thumbnail":["https:\/\/pecpets.com\/wp-content\/uploads\/2024\/06\/\u4e3b\u56fe-01-38-100x100.jpg",100,100,true]},"uagb_author_info":{"display_name":"Lawrence\u00a0\u52b3\u4f26\u65af","author_link":"https:\/\/pecpets.com\/fi\/author\/"},"uagb_comment_info":0,"uagb_excerpt":"Wholesale Outdoor Training Explosion-proof Dog Harness Discover Outdoor Training Explosion-proof Dog Harness. Keep your pets stylish with our high-quality designs.","_links":{"self":[{"href":"https:\/\/pecpets.com\/fi\/wp-json\/wp\/v2\/product\/7371","targetHints":{"allow":["GET"]}}],"collection":[{"href":"https:\/\/pecpets.com\/fi\/wp-json\/wp\/v2\/product"}],"about":[{"href":"https:\/\/pecpets.com\/fi\/wp-json\/wp\/v2\/types\/product"}],"wp:featuredmedia":[{"embeddable":true,"href":"https:\/\/pecpets.com\/fi\/wp-json\/wp\/v2\/media\/7372"}],"wp:attachment":[{"href":"https:\/\/pecpets.com\/fi\/wp-json\/wp\/v2\/media?parent=7371"}],"wp:term":[{"taxonomy":"product_brand","embeddable":true,"href":"https:\/\/pecpets.com\/fi\/wp-json\/wp\/v2\/product_brand?post=7371"},{"taxonomy":"product_cat","embeddable":true,"href":"https:\/\/pecpets.com\/fi\/wp-json\/wp\/v2\/product_cat?post=7371"},{"taxonomy":"product_tag","embeddable":true,"href":"https:\/\/pecpets.com\/fi\/wp-json\/wp\/v2\/product_tag?post=7371"}],"curies":[{"name":"wp","href":"https:\/\/api.w.org\/{rel}","templated":true}]}}